{"id":730,"date":"2023-10-17T19:42:51","date_gmt":"2023-10-17T19:42:51","guid":{"rendered":"https:\/\/lj-collections.com\/?post_type=product&#038;p=730"},"modified":"2024-04-23T20:27:30","modified_gmt":"2024-04-23T20:27:30","slug":"5-centimes-dupre-lan-5-limoges","status":"publish","type":"product","link":"https:\/\/lj-collections.com\/en\/product\/5-centimes-dupre-lan-5-limoges\/","title":{"rendered":"FRANCE &#8211; 5 centimes Dupr\u00e9 l&rsquo;an 5 Limoges"},"content":{"rendered":"<p>5 centimes l&rsquo;an 5 I Limoges<\/p>\n<div class=\"col-6 col-md-3 attr_name\"><strong>Year: <\/strong>1796<\/div>\n<div class=\"col-6 col-md-3 attr_name\"><strong>Mint: <\/strong>Limoges<\/div>\n<div class=\"col-6 col-md-3 attr_name\"><strong>Diameter (mm): <\/strong>28<\/div>\n<div class=\"col-6 col-md-3 attr_name\"><strong>Metal: <\/strong>Copper<\/div>\n<div class=\"col-6 col-md-3 attr_name\"><strong>Country: <\/strong>France<\/div>\n<div class=\"col-6 col-md-3 attr_name\"><strong>Weight (grams): <\/strong>9.03<\/div>\n<div class=\"col-6 col-md-3 attr_name\"><strong>Condition: <\/strong>F<\/div>","protected":false},"excerpt":{"rendered":"5 centimes l&rsquo;an 5 I Limoges Ann\u00e9e: 1796 Atelier: Limoges Diam\u00e8tre (mm): 28 M\u00e9tal: Cuivre&hellip;","protected":false},"featured_media":694,"comment_status":"open","ping_status":"closed","template":"","meta":{"_acf_changed":false},"product_brand":[],"product_cat":[41,18,17],"product_tag":[],"class_list":{"0":"post-730","1":"product","2":"type-product","3":"status-publish","4":"has-post-thumbnail","6":"product_cat-monnaies-europe","7":"product_cat-monnaies-francaises","8":"product_cat-monnaies","9":"pa_annee-421","10":"pa_atelier-limoges","11":"pa_diametre-mm-347","12":"pa_metal-cuivre","13":"pa_pays-france","14":"pa_poids-9-03","15":"pa_qualite-b","17":"first","18":"instock","19":"shipping-taxable","20":"purchasable","21":"product-type-simple"},"acf":[],"yoast_head":"<!-- This site is optimized with the Yoast SEO plugin v27.2 - https:\/\/yoast.com\/product\/yoast-seo-wordpress\/ -->\n<title>FRANCE - 5 centimes Dupr\u00e9 l&#039;an 5 Limoges - LJ Collections<\/title>\n<meta name=\"robots\" content=\"index, follow, max-snippet:-1, max-image-preview:large, max-video-preview:-1\" \/>\n<link rel=\"canonical\" href=\"https:\/\/lj-collections.com\/en\/product\/5-centimes-dupre-lan-5-limoges\/\" \/>\n<meta property=\"og:locale\" content=\"en_US\" \/>\n<meta property=\"og:type\" content=\"article\" \/>\n<meta property=\"og:title\" content=\"FRANCE - 5 centimes Dupr\u00e9 l&#039;an 5 Limoges - LJ Collections\" \/>\n<meta property=\"og:url\" content=\"https:\/\/lj-collections.com\/en\/product\/5-centimes-dupre-lan-5-limoges\/\" \/>\n<meta property=\"og:site_name\" content=\"LJ Collections\" \/>\n<meta property=\"article:modified_time\" content=\"2024-04-23T20:27:30+00:00\" \/>\n<meta property=\"og:image\" content=\"https:\/\/lj-collections.com\/wp-content\/uploads\/2023\/10\/20231016_233229-scaled.jpg\" \/>\n\t<meta property=\"og:image:width\" content=\"2560\" \/>\n\t<meta property=\"og:image:height\" content=\"2560\" \/>\n\t<meta property=\"og:image:type\" content=\"image\/jpeg\" \/>\n<meta name=\"twitter:card\" content=\"summary_large_image\" \/>\n<meta name=\"twitter:label1\" content=\"Est. reading time\" \/>\n\t<meta name=\"twitter:data1\" content=\"1 minute\" \/>\n<script type=\"application\/ld+json\" class=\"yoast-schema-graph\">{\"@context\":\"https:\/\/schema.org\",\"@graph\":[{\"@type\":\"WebPage\",\"@id\":\"https:\/\/lj-collections.com\/produit\/5-centimes-dupre-lan-5-limoges\/\",\"url\":\"https:\/\/lj-collections.com\/produit\/5-centimes-dupre-lan-5-limoges\/\",\"name\":\"FRANCE - 5 centimes Dupr\u00e9 l'an 5 Limoges - LJ Collections\",\"isPartOf\":{\"@id\":\"https:\/\/lj-collections.com\/#website\"},\"primaryImageOfPage\":{\"@id\":\"https:\/\/lj-collections.com\/produit\/5-centimes-dupre-lan-5-limoges\/#primaryimage\"},\"image\":{\"@id\":\"https:\/\/lj-collections.com\/produit\/5-centimes-dupre-lan-5-limoges\/#primaryimage\"},\"thumbnailUrl\":\"https:\/\/lj-collections.com\/wp-content\/uploads\/2023\/10\/20231016_233229-scaled.jpg\",\"datePublished\":\"2023-10-17T19:42:51+00:00\",\"dateModified\":\"2024-04-23T20:27:30+00:00\",\"breadcrumb\":{\"@id\":\"https:\/\/lj-collections.com\/produit\/5-centimes-dupre-lan-5-limoges\/#breadcrumb\"},\"inLanguage\":\"en-US\",\"potentialAction\":[{\"@type\":\"ReadAction\",\"target\":[\"https:\/\/lj-collections.com\/produit\/5-centimes-dupre-lan-5-limoges\/\"]}]},{\"@type\":\"ImageObject\",\"inLanguage\":\"en-US\",\"@id\":\"https:\/\/lj-collections.com\/produit\/5-centimes-dupre-lan-5-limoges\/#primaryimage\",\"url\":\"https:\/\/lj-collections.com\/wp-content\/uploads\/2023\/10\/20231016_233229-scaled.jpg\",\"contentUrl\":\"https:\/\/lj-collections.com\/wp-content\/uploads\/2023\/10\/20231016_233229-scaled.jpg\",\"width\":2560,\"height\":2560,\"caption\":\"Revers cinq centimes l'an 5 I Limoges\"},{\"@type\":\"BreadcrumbList\",\"@id\":\"https:\/\/lj-collections.com\/produit\/5-centimes-dupre-lan-5-limoges\/#breadcrumb\",\"itemListElement\":[{\"@type\":\"ListItem\",\"position\":1,\"name\":\"Accueil\",\"item\":\"https:\/\/lj-collections.com\/\"},{\"@type\":\"ListItem\",\"position\":2,\"name\":\"Boutique\",\"item\":\"https:\/\/lj-collections.com\/boutique\/\"},{\"@type\":\"ListItem\",\"position\":3,\"name\":\"FRANCE &#8211; 5 centimes Dupr\u00e9 l&#8217;an 5 Limoges\"}]},{\"@type\":\"WebSite\",\"@id\":\"https:\/\/lj-collections.com\/#website\",\"url\":\"https:\/\/lj-collections.com\/\",\"name\":\"LJ Collections\",\"description\":\"Monnaies, billets et tr\u00e9sors d&#039;hier, disponibles aujourd&#039;hui \u00e0 Valence dans la Dr\u00f4me.\",\"publisher\":{\"@id\":\"https:\/\/lj-collections.com\/#organization\"},\"potentialAction\":[{\"@type\":\"SearchAction\",\"target\":{\"@type\":\"EntryPoint\",\"urlTemplate\":\"https:\/\/lj-collections.com\/?s={search_term_string}\"},\"query-input\":{\"@type\":\"PropertyValueSpecification\",\"valueRequired\":true,\"valueName\":\"search_term_string\"}}],\"inLanguage\":\"en-US\"},{\"@type\":\"Organization\",\"@id\":\"https:\/\/lj-collections.com\/#organization\",\"name\":\"LJcollections\",\"alternateName\":\"LJcollections\",\"url\":\"https:\/\/lj-collections.com\/\",\"logo\":{\"@type\":\"ImageObject\",\"inLanguage\":\"en-US\",\"@id\":\"https:\/\/lj-collections.com\/#\/schema\/logo\/image\/\",\"url\":\"https:\/\/lj-collections.com\/wp-content\/uploads\/2023\/09\/favicon-1.png\",\"contentUrl\":\"https:\/\/lj-collections.com\/wp-content\/uploads\/2023\/09\/favicon-1.png\",\"width\":337,\"height\":267,\"caption\":\"LJcollections\"},\"image\":{\"@id\":\"https:\/\/lj-collections.com\/#\/schema\/logo\/image\/\"}}]}<\/script>\n<!-- \/ Yoast SEO plugin. -->","yoast_head_json":{"title":"FRANCE - 5 centimes Dupr\u00e9 l'an 5 Limoges - LJ Collections","robots":{"index":"index","follow":"follow","max-snippet":"max-snippet:-1","max-image-preview":"max-image-preview:large","max-video-preview":"max-video-preview:-1"},"canonical":"https:\/\/lj-collections.com\/en\/product\/5-centimes-dupre-lan-5-limoges\/","og_locale":"en_US","og_type":"article","og_title":"FRANCE - 5 centimes Dupr\u00e9 l'an 5 Limoges - LJ Collections","og_url":"https:\/\/lj-collections.com\/en\/product\/5-centimes-dupre-lan-5-limoges\/","og_site_name":"LJ Collections","article_modified_time":"2024-04-23T20:27:30+00:00","og_image":[{"width":2560,"height":2560,"url":"https:\/\/lj-collections.com\/wp-content\/uploads\/2023\/10\/20231016_233229-scaled.jpg","type":"image\/jpeg"}],"twitter_card":"summary_large_image","twitter_misc":{"Est. reading time":"1 minute"},"schema":{"@context":"https:\/\/schema.org","@graph":[{"@type":"WebPage","@id":"https:\/\/lj-collections.com\/produit\/5-centimes-dupre-lan-5-limoges\/","url":"https:\/\/lj-collections.com\/produit\/5-centimes-dupre-lan-5-limoges\/","name":"FRANCE - 5 centimes Dupr\u00e9 l'an 5 Limoges - LJ Collections","isPartOf":{"@id":"https:\/\/lj-collections.com\/#website"},"primaryImageOfPage":{"@id":"https:\/\/lj-collections.com\/produit\/5-centimes-dupre-lan-5-limoges\/#primaryimage"},"image":{"@id":"https:\/\/lj-collections.com\/produit\/5-centimes-dupre-lan-5-limoges\/#primaryimage"},"thumbnailUrl":"https:\/\/lj-collections.com\/wp-content\/uploads\/2023\/10\/20231016_233229-scaled.jpg","datePublished":"2023-10-17T19:42:51+00:00","dateModified":"2024-04-23T20:27:30+00:00","breadcrumb":{"@id":"https:\/\/lj-collections.com\/produit\/5-centimes-dupre-lan-5-limoges\/#breadcrumb"},"inLanguage":"en-US","potentialAction":[{"@type":"ReadAction","target":["https:\/\/lj-collections.com\/produit\/5-centimes-dupre-lan-5-limoges\/"]}]},{"@type":"ImageObject","inLanguage":"en-US","@id":"https:\/\/lj-collections.com\/produit\/5-centimes-dupre-lan-5-limoges\/#primaryimage","url":"https:\/\/lj-collections.com\/wp-content\/uploads\/2023\/10\/20231016_233229-scaled.jpg","contentUrl":"https:\/\/lj-collections.com\/wp-content\/uploads\/2023\/10\/20231016_233229-scaled.jpg","width":2560,"height":2560,"caption":"Revers cinq centimes l'an 5 I Limoges"},{"@type":"BreadcrumbList","@id":"https:\/\/lj-collections.com\/produit\/5-centimes-dupre-lan-5-limoges\/#breadcrumb","itemListElement":[{"@type":"ListItem","position":1,"name":"Accueil","item":"https:\/\/lj-collections.com\/"},{"@type":"ListItem","position":2,"name":"Boutique","item":"https:\/\/lj-collections.com\/boutique\/"},{"@type":"ListItem","position":3,"name":"FRANCE &#8211; 5 centimes Dupr\u00e9 l&#8217;an 5 Limoges"}]},{"@type":"WebSite","@id":"https:\/\/lj-collections.com\/#website","url":"https:\/\/lj-collections.com\/","name":"LJ Collections","description":"Monnaies, billets et tr\u00e9sors d&#039;hier, disponibles aujourd&#039;hui \u00e0 Valence dans la Dr\u00f4me.","publisher":{"@id":"https:\/\/lj-collections.com\/#organization"},"potentialAction":[{"@type":"SearchAction","target":{"@type":"EntryPoint","urlTemplate":"https:\/\/lj-collections.com\/?s={search_term_string}"},"query-input":{"@type":"PropertyValueSpecification","valueRequired":true,"valueName":"search_term_string"}}],"inLanguage":"en-US"},{"@type":"Organization","@id":"https:\/\/lj-collections.com\/#organization","name":"LJcollections","alternateName":"LJcollections","url":"https:\/\/lj-collections.com\/","logo":{"@type":"ImageObject","inLanguage":"en-US","@id":"https:\/\/lj-collections.com\/#\/schema\/logo\/image\/","url":"https:\/\/lj-collections.com\/wp-content\/uploads\/2023\/09\/favicon-1.png","contentUrl":"https:\/\/lj-collections.com\/wp-content\/uploads\/2023\/09\/favicon-1.png","width":337,"height":267,"caption":"LJcollections"},"image":{"@id":"https:\/\/lj-collections.com\/#\/schema\/logo\/image\/"}}]}},"_links":{"self":[{"href":"https:\/\/lj-collections.com\/en\/wp-json\/wp\/v2\/product\/730","targetHints":{"allow":["GET"]}}],"collection":[{"href":"https:\/\/lj-collections.com\/en\/wp-json\/wp\/v2\/product"}],"about":[{"href":"https:\/\/lj-collections.com\/en\/wp-json\/wp\/v2\/types\/product"}],"replies":[{"embeddable":true,"href":"https:\/\/lj-collections.com\/en\/wp-json\/wp\/v2\/comments?post=730"}],"wp:featuredmedia":[{"embeddable":true,"href":"https:\/\/lj-collections.com\/en\/wp-json\/wp\/v2\/media\/694"}],"wp:attachment":[{"href":"https:\/\/lj-collections.com\/en\/wp-json\/wp\/v2\/media?parent=730"}],"wp:term":[{"taxonomy":"product_brand","embeddable":true,"href":"https:\/\/lj-collections.com\/en\/wp-json\/wp\/v2\/product_brand?post=730"},{"taxonomy":"product_cat","embeddable":true,"href":"https:\/\/lj-collections.com\/en\/wp-json\/wp\/v2\/product_cat?post=730"},{"taxonomy":"product_tag","embeddable":true,"href":"https:\/\/lj-collections.com\/en\/wp-json\/wp\/v2\/product_tag?post=730"}],"curies":[{"name":"wp","href":"https:\/\/api.w.org\/{rel}","templated":true}]}}