{"id":5127,"date":"2026-03-30T20:20:23","date_gmt":"2026-03-30T20:20:23","guid":{"rendered":"https:\/\/lj-collections.com\/?post_type=product&#038;p=5127"},"modified":"2026-03-30T20:28:14","modified_gmt":"2026-03-30T20:28:14","slug":"booster-pokemon-s9-star-birth-stars-etincelantes-coreen","status":"publish","type":"product","link":"https:\/\/lj-collections.com\/en\/product\/booster-pokemon-s9-star-birth-stars-etincelantes-coreen\/","title":{"rendered":"Booster pok\u00e9mon S9 Star Birth ( Stars \u00e9tincelantes ) Cor\u00e9en"},"content":{"rendered":"<p>Booster pok\u00e9mon S9 Star Birth ( Stars \u00e9tincelantes ) Cor\u00e9en<\/p>\n<p><strong>\u26a0 Les boosters Cor\u00e9ens ne contiennent que 5 cartes \u26a0<\/strong><\/p>\n<p>Star Birth est une extension incontournable pour tous les collectionneurs Pok\u00e9mon. Elle met en avant des Pok\u00e9mon embl\u00e9matiques comme Arceus et Dracaufeu, tout en proposant une belle s\u00e9lection de cartes Rainbow, Gold et Alternatives. Une s\u00e9rie parfaite pour enrichir votre collection et partir \u00e0 la recherche du tr\u00e8s convoit\u00e9 Arceus V Alternative.<\/p>\n<p><a href=\"https:\/\/www.pokecardex.com\/series\/jp\/S9\">Cliquez ici pour voir le contenu de l&rsquo;extension<\/a><\/p>","protected":false},"excerpt":{"rendered":"Booster pok\u00e9mon S9 Star Birth ( Stars \u00e9tincelantes ) Cor\u00e9en \u26a0 Les boosters Cor\u00e9ens ne&hellip;","protected":false},"featured_media":4920,"comment_status":"open","ping_status":"closed","template":"","meta":{"_acf_changed":false},"product_brand":[],"product_cat":[1136,1161],"product_tag":[],"class_list":{"0":"post-5127","1":"product","2":"type-product","3":"status-publish","4":"has-post-thumbnail","6":"product_cat-pokemon-cards","7":"product_cat-displays-et-boosters","9":"first","10":"instock","11":"shipping-taxable","12":"purchasable","13":"product-type-simple"},"acf":[],"yoast_head":"<!-- This site is optimized with the Yoast SEO plugin v27.2 - https:\/\/yoast.com\/product\/yoast-seo-wordpress\/ -->\n<title>Booster pok\u00e9mon S9 Star Birth ( Stars \u00e9tincelantes ) Cor\u00e9en - LJ Collections<\/title>\n<meta name=\"robots\" content=\"index, follow, max-snippet:-1, max-image-preview:large, max-video-preview:-1\" \/>\n<link rel=\"canonical\" href=\"https:\/\/lj-collections.com\/en\/product\/booster-pokemon-s9-star-birth-stars-etincelantes-coreen\/\" \/>\n<meta property=\"og:locale\" content=\"en_US\" \/>\n<meta property=\"og:type\" content=\"article\" \/>\n<meta property=\"og:title\" content=\"Booster pok\u00e9mon S9 Star Birth ( Stars \u00e9tincelantes ) Cor\u00e9en - LJ Collections\" \/>\n<meta property=\"og:url\" content=\"https:\/\/lj-collections.com\/en\/product\/booster-pokemon-s9-star-birth-stars-etincelantes-coreen\/\" \/>\n<meta property=\"og:site_name\" content=\"LJ Collections\" \/>\n<meta property=\"article:modified_time\" content=\"2026-03-30T20:28:14+00:00\" \/>\n<meta property=\"og:image\" content=\"https:\/\/lj-collections.com\/wp-content\/uploads\/2026\/03\/1000031183.jpg\" \/>\n\t<meta property=\"og:image:width\" content=\"2560\" \/>\n\t<meta property=\"og:image:height\" content=\"2560\" \/>\n\t<meta property=\"og:image:type\" content=\"image\/jpeg\" \/>\n<meta name=\"twitter:card\" content=\"summary_large_image\" \/>\n<meta name=\"twitter:label1\" content=\"Est. reading time\" \/>\n\t<meta name=\"twitter:data1\" content=\"1 minute\" \/>\n<script type=\"application\/ld+json\" class=\"yoast-schema-graph\">{\"@context\":\"https:\/\/schema.org\",\"@graph\":[{\"@type\":\"WebPage\",\"@id\":\"https:\/\/lj-collections.com\/produit\/booster-pokemon-s9-star-birth-stars-etincelantes-coreen\/\",\"url\":\"https:\/\/lj-collections.com\/produit\/booster-pokemon-s9-star-birth-stars-etincelantes-coreen\/\",\"name\":\"Booster pok\u00e9mon S9 Star Birth ( Stars \u00e9tincelantes ) Cor\u00e9en - LJ Collections\",\"isPartOf\":{\"@id\":\"https:\/\/lj-collections.com\/#website\"},\"primaryImageOfPage\":{\"@id\":\"https:\/\/lj-collections.com\/produit\/booster-pokemon-s9-star-birth-stars-etincelantes-coreen\/#primaryimage\"},\"image\":{\"@id\":\"https:\/\/lj-collections.com\/produit\/booster-pokemon-s9-star-birth-stars-etincelantes-coreen\/#primaryimage\"},\"thumbnailUrl\":\"https:\/\/lj-collections.com\/wp-content\/uploads\/2026\/03\/1000031183.jpg\",\"datePublished\":\"2026-03-30T20:20:23+00:00\",\"dateModified\":\"2026-03-30T20:28:14+00:00\",\"breadcrumb\":{\"@id\":\"https:\/\/lj-collections.com\/produit\/booster-pokemon-s9-star-birth-stars-etincelantes-coreen\/#breadcrumb\"},\"inLanguage\":\"en-US\",\"potentialAction\":[{\"@type\":\"ReadAction\",\"target\":[\"https:\/\/lj-collections.com\/produit\/booster-pokemon-s9-star-birth-stars-etincelantes-coreen\/\"]}]},{\"@type\":\"ImageObject\",\"inLanguage\":\"en-US\",\"@id\":\"https:\/\/lj-collections.com\/produit\/booster-pokemon-s9-star-birth-stars-etincelantes-coreen\/#primaryimage\",\"url\":\"https:\/\/lj-collections.com\/wp-content\/uploads\/2026\/03\/1000031183.jpg\",\"contentUrl\":\"https:\/\/lj-collections.com\/wp-content\/uploads\/2026\/03\/1000031183.jpg\",\"width\":2560,\"height\":2560},{\"@type\":\"BreadcrumbList\",\"@id\":\"https:\/\/lj-collections.com\/produit\/booster-pokemon-s9-star-birth-stars-etincelantes-coreen\/#breadcrumb\",\"itemListElement\":[{\"@type\":\"ListItem\",\"position\":1,\"name\":\"Accueil\",\"item\":\"https:\/\/lj-collections.com\/\"},{\"@type\":\"ListItem\",\"position\":2,\"name\":\"Boutique\",\"item\":\"https:\/\/lj-collections.com\/boutique\/\"},{\"@type\":\"ListItem\",\"position\":3,\"name\":\"Booster pok\u00e9mon S9 Star Birth ( Stars \u00e9tincelantes ) Cor\u00e9en\"}]},{\"@type\":\"WebSite\",\"@id\":\"https:\/\/lj-collections.com\/#website\",\"url\":\"https:\/\/lj-collections.com\/\",\"name\":\"LJ Collections\",\"description\":\"Monnaies, billets et tr\u00e9sors d&#039;hier, disponibles aujourd&#039;hui \u00e0 Valence dans la Dr\u00f4me.\",\"publisher\":{\"@id\":\"https:\/\/lj-collections.com\/#organization\"},\"potentialAction\":[{\"@type\":\"SearchAction\",\"target\":{\"@type\":\"EntryPoint\",\"urlTemplate\":\"https:\/\/lj-collections.com\/?s={search_term_string}\"},\"query-input\":{\"@type\":\"PropertyValueSpecification\",\"valueRequired\":true,\"valueName\":\"search_term_string\"}}],\"inLanguage\":\"en-US\"},{\"@type\":\"Organization\",\"@id\":\"https:\/\/lj-collections.com\/#organization\",\"name\":\"LJcollections\",\"alternateName\":\"LJcollections\",\"url\":\"https:\/\/lj-collections.com\/\",\"logo\":{\"@type\":\"ImageObject\",\"inLanguage\":\"en-US\",\"@id\":\"https:\/\/lj-collections.com\/#\/schema\/logo\/image\/\",\"url\":\"https:\/\/lj-collections.com\/wp-content\/uploads\/2023\/09\/favicon-1.png\",\"contentUrl\":\"https:\/\/lj-collections.com\/wp-content\/uploads\/2023\/09\/favicon-1.png\",\"width\":337,\"height\":267,\"caption\":\"LJcollections\"},\"image\":{\"@id\":\"https:\/\/lj-collections.com\/#\/schema\/logo\/image\/\"}}]}<\/script>\n<!-- \/ Yoast SEO plugin. -->","yoast_head_json":{"title":"Booster pok\u00e9mon S9 Star Birth ( Stars \u00e9tincelantes ) Cor\u00e9en - LJ Collections","robots":{"index":"index","follow":"follow","max-snippet":"max-snippet:-1","max-image-preview":"max-image-preview:large","max-video-preview":"max-video-preview:-1"},"canonical":"https:\/\/lj-collections.com\/en\/product\/booster-pokemon-s9-star-birth-stars-etincelantes-coreen\/","og_locale":"en_US","og_type":"article","og_title":"Booster pok\u00e9mon S9 Star Birth ( Stars \u00e9tincelantes ) Cor\u00e9en - LJ Collections","og_url":"https:\/\/lj-collections.com\/en\/product\/booster-pokemon-s9-star-birth-stars-etincelantes-coreen\/","og_site_name":"LJ Collections","article_modified_time":"2026-03-30T20:28:14+00:00","og_image":[{"width":2560,"height":2560,"url":"https:\/\/lj-collections.com\/wp-content\/uploads\/2026\/03\/1000031183.jpg","type":"image\/jpeg"}],"twitter_card":"summary_large_image","twitter_misc":{"Est. reading time":"1 minute"},"schema":{"@context":"https:\/\/schema.org","@graph":[{"@type":"WebPage","@id":"https:\/\/lj-collections.com\/produit\/booster-pokemon-s9-star-birth-stars-etincelantes-coreen\/","url":"https:\/\/lj-collections.com\/produit\/booster-pokemon-s9-star-birth-stars-etincelantes-coreen\/","name":"Booster pok\u00e9mon S9 Star Birth ( Stars \u00e9tincelantes ) Cor\u00e9en - LJ Collections","isPartOf":{"@id":"https:\/\/lj-collections.com\/#website"},"primaryImageOfPage":{"@id":"https:\/\/lj-collections.com\/produit\/booster-pokemon-s9-star-birth-stars-etincelantes-coreen\/#primaryimage"},"image":{"@id":"https:\/\/lj-collections.com\/produit\/booster-pokemon-s9-star-birth-stars-etincelantes-coreen\/#primaryimage"},"thumbnailUrl":"https:\/\/lj-collections.com\/wp-content\/uploads\/2026\/03\/1000031183.jpg","datePublished":"2026-03-30T20:20:23+00:00","dateModified":"2026-03-30T20:28:14+00:00","breadcrumb":{"@id":"https:\/\/lj-collections.com\/produit\/booster-pokemon-s9-star-birth-stars-etincelantes-coreen\/#breadcrumb"},"inLanguage":"en-US","potentialAction":[{"@type":"ReadAction","target":["https:\/\/lj-collections.com\/produit\/booster-pokemon-s9-star-birth-stars-etincelantes-coreen\/"]}]},{"@type":"ImageObject","inLanguage":"en-US","@id":"https:\/\/lj-collections.com\/produit\/booster-pokemon-s9-star-birth-stars-etincelantes-coreen\/#primaryimage","url":"https:\/\/lj-collections.com\/wp-content\/uploads\/2026\/03\/1000031183.jpg","contentUrl":"https:\/\/lj-collections.com\/wp-content\/uploads\/2026\/03\/1000031183.jpg","width":2560,"height":2560},{"@type":"BreadcrumbList","@id":"https:\/\/lj-collections.com\/produit\/booster-pokemon-s9-star-birth-stars-etincelantes-coreen\/#breadcrumb","itemListElement":[{"@type":"ListItem","position":1,"name":"Accueil","item":"https:\/\/lj-collections.com\/"},{"@type":"ListItem","position":2,"name":"Boutique","item":"https:\/\/lj-collections.com\/boutique\/"},{"@type":"ListItem","position":3,"name":"Booster pok\u00e9mon S9 Star Birth ( Stars \u00e9tincelantes ) Cor\u00e9en"}]},{"@type":"WebSite","@id":"https:\/\/lj-collections.com\/#website","url":"https:\/\/lj-collections.com\/","name":"LJ Collections","description":"Monnaies, billets et tr\u00e9sors d&#039;hier, disponibles aujourd&#039;hui \u00e0 Valence dans la Dr\u00f4me.","publisher":{"@id":"https:\/\/lj-collections.com\/#organization"},"potentialAction":[{"@type":"SearchAction","target":{"@type":"EntryPoint","urlTemplate":"https:\/\/lj-collections.com\/?s={search_term_string}"},"query-input":{"@type":"PropertyValueSpecification","valueRequired":true,"valueName":"search_term_string"}}],"inLanguage":"en-US"},{"@type":"Organization","@id":"https:\/\/lj-collections.com\/#organization","name":"LJcollections","alternateName":"LJcollections","url":"https:\/\/lj-collections.com\/","logo":{"@type":"ImageObject","inLanguage":"en-US","@id":"https:\/\/lj-collections.com\/#\/schema\/logo\/image\/","url":"https:\/\/lj-collections.com\/wp-content\/uploads\/2023\/09\/favicon-1.png","contentUrl":"https:\/\/lj-collections.com\/wp-content\/uploads\/2023\/09\/favicon-1.png","width":337,"height":267,"caption":"LJcollections"},"image":{"@id":"https:\/\/lj-collections.com\/#\/schema\/logo\/image\/"}}]}},"_links":{"self":[{"href":"https:\/\/lj-collections.com\/en\/wp-json\/wp\/v2\/product\/5127","targetHints":{"allow":["GET"]}}],"collection":[{"href":"https:\/\/lj-collections.com\/en\/wp-json\/wp\/v2\/product"}],"about":[{"href":"https:\/\/lj-collections.com\/en\/wp-json\/wp\/v2\/types\/product"}],"replies":[{"embeddable":true,"href":"https:\/\/lj-collections.com\/en\/wp-json\/wp\/v2\/comments?post=5127"}],"wp:featuredmedia":[{"embeddable":true,"href":"https:\/\/lj-collections.com\/en\/wp-json\/wp\/v2\/media\/4920"}],"wp:attachment":[{"href":"https:\/\/lj-collections.com\/en\/wp-json\/wp\/v2\/media?parent=5127"}],"wp:term":[{"taxonomy":"product_brand","embeddable":true,"href":"https:\/\/lj-collections.com\/en\/wp-json\/wp\/v2\/product_brand?post=5127"},{"taxonomy":"product_cat","embeddable":true,"href":"https:\/\/lj-collections.com\/en\/wp-json\/wp\/v2\/product_cat?post=5127"},{"taxonomy":"product_tag","embeddable":true,"href":"https:\/\/lj-collections.com\/en\/wp-json\/wp\/v2\/product_tag?post=5127"}],"curies":[{"name":"wp","href":"https:\/\/api.w.org\/{rel}","templated":true}]}}