{"id":4021,"date":"2025-10-21T14:35:16","date_gmt":"2025-10-21T14:35:16","guid":{"rendered":"https:\/\/lj-collections.com\/?post_type=product&#038;p=4021"},"modified":"2025-12-15T22:27:10","modified_gmt":"2025-12-15T22:27:10","slug":"zoroark-ex-de-n-alt-185-159-ecarlate-et-violet-aventure-ensemble","status":"publish","type":"product","link":"https:\/\/lj-collections.com\/en\/product\/zoroark-ex-de-n-alt-185-159-ecarlate-et-violet-aventure-ensemble\/","title":{"rendered":"Zoroark ex de N alt 185\/159 Ecarlate et Violet Aventure Ensemble"},"content":{"rendered":"<p>Zoroark ex de N alt 185\/159 Ecarlate et Violet Aventure Ensemble<\/p>","protected":false},"excerpt":{"rendered":"Zoroark ex de N alt 185\/159 Ecarlate et Violet Aventure Ensemble","protected":false},"featured_media":3995,"comment_status":"open","ping_status":"closed","template":"","meta":{"_acf_changed":false},"product_brand":[],"product_cat":[1162,1136],"product_tag":[],"class_list":{"0":"post-4021","1":"product","2":"type-product","3":"status-publish","4":"has-post-thumbnail","6":"product_cat-cartes-a-lunite","7":"product_cat-pokemon-cards","8":"pa_qualite-near-mint","10":"first","11":"outofstock","12":"shipping-taxable","13":"purchasable","14":"product-type-simple"},"acf":[],"yoast_head":"<!-- This site is optimized with the Yoast SEO plugin v27.2 - https:\/\/yoast.com\/product\/yoast-seo-wordpress\/ -->\n<title>Zoroark ex de N alt 185\/159 Ecarlate et Violet Aventure Ensemble - LJ Collections<\/title>\n<meta name=\"robots\" content=\"index, follow, max-snippet:-1, max-image-preview:large, max-video-preview:-1\" \/>\n<link rel=\"canonical\" href=\"https:\/\/lj-collections.com\/en\/product\/zoroark-ex-de-n-alt-185-159-ecarlate-et-violet-aventure-ensemble\/\" \/>\n<meta property=\"og:locale\" content=\"en_US\" \/>\n<meta property=\"og:type\" content=\"article\" \/>\n<meta property=\"og:title\" content=\"Zoroark ex de N alt 185\/159 Ecarlate et Violet Aventure Ensemble - LJ Collections\" \/>\n<meta property=\"og:url\" content=\"https:\/\/lj-collections.com\/en\/product\/zoroark-ex-de-n-alt-185-159-ecarlate-et-violet-aventure-ensemble\/\" \/>\n<meta property=\"og:site_name\" content=\"LJ Collections\" \/>\n<meta property=\"article:modified_time\" content=\"2025-12-15T22:27:10+00:00\" \/>\n<meta property=\"og:image\" content=\"https:\/\/lj-collections.com\/wp-content\/uploads\/2025\/10\/P1010412.jpg\" \/>\n\t<meta property=\"og:image:width\" content=\"2560\" \/>\n\t<meta property=\"og:image:height\" content=\"2560\" \/>\n\t<meta property=\"og:image:type\" content=\"image\/jpeg\" \/>\n<meta name=\"twitter:card\" content=\"summary_large_image\" \/>\n<meta name=\"twitter:label1\" content=\"Est. reading time\" \/>\n\t<meta name=\"twitter:data1\" content=\"1 minute\" \/>\n<script type=\"application\/ld+json\" class=\"yoast-schema-graph\">{\"@context\":\"https:\/\/schema.org\",\"@graph\":[{\"@type\":\"WebPage\",\"@id\":\"https:\/\/lj-collections.com\/produit\/zoroark-ex-de-n-alt-185-159-ecarlate-et-violet-aventure-ensemble\/\",\"url\":\"https:\/\/lj-collections.com\/produit\/zoroark-ex-de-n-alt-185-159-ecarlate-et-violet-aventure-ensemble\/\",\"name\":\"Zoroark ex de N alt 185\/159 Ecarlate et Violet Aventure Ensemble - LJ Collections\",\"isPartOf\":{\"@id\":\"https:\/\/lj-collections.com\/#website\"},\"primaryImageOfPage\":{\"@id\":\"https:\/\/lj-collections.com\/produit\/zoroark-ex-de-n-alt-185-159-ecarlate-et-violet-aventure-ensemble\/#primaryimage\"},\"image\":{\"@id\":\"https:\/\/lj-collections.com\/produit\/zoroark-ex-de-n-alt-185-159-ecarlate-et-violet-aventure-ensemble\/#primaryimage\"},\"thumbnailUrl\":\"https:\/\/lj-collections.com\/wp-content\/uploads\/2025\/10\/P1010412.jpg\",\"datePublished\":\"2025-10-21T14:35:16+00:00\",\"dateModified\":\"2025-12-15T22:27:10+00:00\",\"breadcrumb\":{\"@id\":\"https:\/\/lj-collections.com\/produit\/zoroark-ex-de-n-alt-185-159-ecarlate-et-violet-aventure-ensemble\/#breadcrumb\"},\"inLanguage\":\"en-US\",\"potentialAction\":[{\"@type\":\"ReadAction\",\"target\":[\"https:\/\/lj-collections.com\/produit\/zoroark-ex-de-n-alt-185-159-ecarlate-et-violet-aventure-ensemble\/\"]}]},{\"@type\":\"ImageObject\",\"inLanguage\":\"en-US\",\"@id\":\"https:\/\/lj-collections.com\/produit\/zoroark-ex-de-n-alt-185-159-ecarlate-et-violet-aventure-ensemble\/#primaryimage\",\"url\":\"https:\/\/lj-collections.com\/wp-content\/uploads\/2025\/10\/P1010412.jpg\",\"contentUrl\":\"https:\/\/lj-collections.com\/wp-content\/uploads\/2025\/10\/P1010412.jpg\",\"width\":2560,\"height\":2560},{\"@type\":\"BreadcrumbList\",\"@id\":\"https:\/\/lj-collections.com\/produit\/zoroark-ex-de-n-alt-185-159-ecarlate-et-violet-aventure-ensemble\/#breadcrumb\",\"itemListElement\":[{\"@type\":\"ListItem\",\"position\":1,\"name\":\"Accueil\",\"item\":\"https:\/\/lj-collections.com\/\"},{\"@type\":\"ListItem\",\"position\":2,\"name\":\"Boutique\",\"item\":\"https:\/\/lj-collections.com\/boutique\/\"},{\"@type\":\"ListItem\",\"position\":3,\"name\":\"Zoroark ex de N alt 185\/159 Ecarlate et Violet Aventure Ensemble\"}]},{\"@type\":\"WebSite\",\"@id\":\"https:\/\/lj-collections.com\/#website\",\"url\":\"https:\/\/lj-collections.com\/\",\"name\":\"LJ Collections\",\"description\":\"Monnaies, billets et tr\u00e9sors d&#039;hier, disponibles aujourd&#039;hui \u00e0 Valence dans la Dr\u00f4me.\",\"publisher\":{\"@id\":\"https:\/\/lj-collections.com\/#organization\"},\"potentialAction\":[{\"@type\":\"SearchAction\",\"target\":{\"@type\":\"EntryPoint\",\"urlTemplate\":\"https:\/\/lj-collections.com\/?s={search_term_string}\"},\"query-input\":{\"@type\":\"PropertyValueSpecification\",\"valueRequired\":true,\"valueName\":\"search_term_string\"}}],\"inLanguage\":\"en-US\"},{\"@type\":\"Organization\",\"@id\":\"https:\/\/lj-collections.com\/#organization\",\"name\":\"LJcollections\",\"alternateName\":\"LJcollections\",\"url\":\"https:\/\/lj-collections.com\/\",\"logo\":{\"@type\":\"ImageObject\",\"inLanguage\":\"en-US\",\"@id\":\"https:\/\/lj-collections.com\/#\/schema\/logo\/image\/\",\"url\":\"https:\/\/lj-collections.com\/wp-content\/uploads\/2023\/09\/favicon-1.png\",\"contentUrl\":\"https:\/\/lj-collections.com\/wp-content\/uploads\/2023\/09\/favicon-1.png\",\"width\":337,\"height\":267,\"caption\":\"LJcollections\"},\"image\":{\"@id\":\"https:\/\/lj-collections.com\/#\/schema\/logo\/image\/\"}}]}<\/script>\n<!-- \/ Yoast SEO plugin. -->","yoast_head_json":{"title":"Zoroark ex de N alt 185\/159 Ecarlate et Violet Aventure Ensemble - LJ Collections","robots":{"index":"index","follow":"follow","max-snippet":"max-snippet:-1","max-image-preview":"max-image-preview:large","max-video-preview":"max-video-preview:-1"},"canonical":"https:\/\/lj-collections.com\/en\/product\/zoroark-ex-de-n-alt-185-159-ecarlate-et-violet-aventure-ensemble\/","og_locale":"en_US","og_type":"article","og_title":"Zoroark ex de N alt 185\/159 Ecarlate et Violet Aventure Ensemble - LJ Collections","og_url":"https:\/\/lj-collections.com\/en\/product\/zoroark-ex-de-n-alt-185-159-ecarlate-et-violet-aventure-ensemble\/","og_site_name":"LJ Collections","article_modified_time":"2025-12-15T22:27:10+00:00","og_image":[{"width":2560,"height":2560,"url":"https:\/\/lj-collections.com\/wp-content\/uploads\/2025\/10\/P1010412.jpg","type":"image\/jpeg"}],"twitter_card":"summary_large_image","twitter_misc":{"Est. reading time":"1 minute"},"schema":{"@context":"https:\/\/schema.org","@graph":[{"@type":"WebPage","@id":"https:\/\/lj-collections.com\/produit\/zoroark-ex-de-n-alt-185-159-ecarlate-et-violet-aventure-ensemble\/","url":"https:\/\/lj-collections.com\/produit\/zoroark-ex-de-n-alt-185-159-ecarlate-et-violet-aventure-ensemble\/","name":"Zoroark ex de N alt 185\/159 Ecarlate et Violet Aventure Ensemble - LJ Collections","isPartOf":{"@id":"https:\/\/lj-collections.com\/#website"},"primaryImageOfPage":{"@id":"https:\/\/lj-collections.com\/produit\/zoroark-ex-de-n-alt-185-159-ecarlate-et-violet-aventure-ensemble\/#primaryimage"},"image":{"@id":"https:\/\/lj-collections.com\/produit\/zoroark-ex-de-n-alt-185-159-ecarlate-et-violet-aventure-ensemble\/#primaryimage"},"thumbnailUrl":"https:\/\/lj-collections.com\/wp-content\/uploads\/2025\/10\/P1010412.jpg","datePublished":"2025-10-21T14:35:16+00:00","dateModified":"2025-12-15T22:27:10+00:00","breadcrumb":{"@id":"https:\/\/lj-collections.com\/produit\/zoroark-ex-de-n-alt-185-159-ecarlate-et-violet-aventure-ensemble\/#breadcrumb"},"inLanguage":"en-US","potentialAction":[{"@type":"ReadAction","target":["https:\/\/lj-collections.com\/produit\/zoroark-ex-de-n-alt-185-159-ecarlate-et-violet-aventure-ensemble\/"]}]},{"@type":"ImageObject","inLanguage":"en-US","@id":"https:\/\/lj-collections.com\/produit\/zoroark-ex-de-n-alt-185-159-ecarlate-et-violet-aventure-ensemble\/#primaryimage","url":"https:\/\/lj-collections.com\/wp-content\/uploads\/2025\/10\/P1010412.jpg","contentUrl":"https:\/\/lj-collections.com\/wp-content\/uploads\/2025\/10\/P1010412.jpg","width":2560,"height":2560},{"@type":"BreadcrumbList","@id":"https:\/\/lj-collections.com\/produit\/zoroark-ex-de-n-alt-185-159-ecarlate-et-violet-aventure-ensemble\/#breadcrumb","itemListElement":[{"@type":"ListItem","position":1,"name":"Accueil","item":"https:\/\/lj-collections.com\/"},{"@type":"ListItem","position":2,"name":"Boutique","item":"https:\/\/lj-collections.com\/boutique\/"},{"@type":"ListItem","position":3,"name":"Zoroark ex de N alt 185\/159 Ecarlate et Violet Aventure Ensemble"}]},{"@type":"WebSite","@id":"https:\/\/lj-collections.com\/#website","url":"https:\/\/lj-collections.com\/","name":"LJ Collections","description":"Monnaies, billets et tr\u00e9sors d&#039;hier, disponibles aujourd&#039;hui \u00e0 Valence dans la Dr\u00f4me.","publisher":{"@id":"https:\/\/lj-collections.com\/#organization"},"potentialAction":[{"@type":"SearchAction","target":{"@type":"EntryPoint","urlTemplate":"https:\/\/lj-collections.com\/?s={search_term_string}"},"query-input":{"@type":"PropertyValueSpecification","valueRequired":true,"valueName":"search_term_string"}}],"inLanguage":"en-US"},{"@type":"Organization","@id":"https:\/\/lj-collections.com\/#organization","name":"LJcollections","alternateName":"LJcollections","url":"https:\/\/lj-collections.com\/","logo":{"@type":"ImageObject","inLanguage":"en-US","@id":"https:\/\/lj-collections.com\/#\/schema\/logo\/image\/","url":"https:\/\/lj-collections.com\/wp-content\/uploads\/2023\/09\/favicon-1.png","contentUrl":"https:\/\/lj-collections.com\/wp-content\/uploads\/2023\/09\/favicon-1.png","width":337,"height":267,"caption":"LJcollections"},"image":{"@id":"https:\/\/lj-collections.com\/#\/schema\/logo\/image\/"}}]}},"_links":{"self":[{"href":"https:\/\/lj-collections.com\/en\/wp-json\/wp\/v2\/product\/4021","targetHints":{"allow":["GET"]}}],"collection":[{"href":"https:\/\/lj-collections.com\/en\/wp-json\/wp\/v2\/product"}],"about":[{"href":"https:\/\/lj-collections.com\/en\/wp-json\/wp\/v2\/types\/product"}],"replies":[{"embeddable":true,"href":"https:\/\/lj-collections.com\/en\/wp-json\/wp\/v2\/comments?post=4021"}],"wp:featuredmedia":[{"embeddable":true,"href":"https:\/\/lj-collections.com\/en\/wp-json\/wp\/v2\/media\/3995"}],"wp:attachment":[{"href":"https:\/\/lj-collections.com\/en\/wp-json\/wp\/v2\/media?parent=4021"}],"wp:term":[{"taxonomy":"product_brand","embeddable":true,"href":"https:\/\/lj-collections.com\/en\/wp-json\/wp\/v2\/product_brand?post=4021"},{"taxonomy":"product_cat","embeddable":true,"href":"https:\/\/lj-collections.com\/en\/wp-json\/wp\/v2\/product_cat?post=4021"},{"taxonomy":"product_tag","embeddable":true,"href":"https:\/\/lj-collections.com\/en\/wp-json\/wp\/v2\/product_tag?post=4021"}],"curies":[{"name":"wp","href":"https:\/\/api.w.org\/{rel}","templated":true}]}}