{"id":377,"date":"2023-10-10T21:53:20","date_gmt":"2023-10-10T21:53:20","guid":{"rendered":"https:\/\/lj-collections.com\/?post_type=product&#038;p=377"},"modified":"2023-12-03T19:36:51","modified_gmt":"2023-12-03T19:36:51","slug":"100-francs-cfa-1965-niger","status":"publish","type":"product","link":"https:\/\/lj-collections.com\/en\/product\/100-francs-cfa-1965-niger\/","title":{"rendered":"100 francs CFA 1965 niger"},"content":{"rendered":"<p>100 francs CFA 1965 niger<\/p>\n<div class=\"col-6 col-md-3 attr_name\"><strong>Year: <\/strong>1965<\/div>\n<div class=\"col-6 col-md-3 attr_name\"><strong>Country: <\/strong>Afrique de l&rsquo;ouest<\/div>\n<div class=\"col-6 col-md-3 attr_name\"><strong>Condition: <\/strong>AU<\/div>\n<div class=\"col-6 col-md-3 attr_name\"><strong>Size ( mm ): <\/strong>130 \u00d7 85<\/div>\n<div class=\"col-6 col-md-3 attr_name\"><strong>Valeur faciale: <\/strong>100 francs CFA<\/div>","protected":false},"excerpt":{"rendered":"100 francs CFA 1965 niger Ann\u00e9e: 1965 Pays: Afrique de l&rsquo;ouest Qualit\u00e9: SUP Taille (&hellip;","protected":false},"featured_media":369,"comment_status":"open","ping_status":"closed","template":"","meta":{"_acf_changed":false},"product_brand":[],"product_cat":[178,172],"product_tag":[],"class_list":{"0":"post-377","1":"product","2":"type-product","3":"status-publish","4":"has-post-thumbnail","6":"product_cat-billets-afrique","7":"product_cat-billets","8":"pa_annee-246","9":"pa_pays-afrique-de-louest","10":"pa_qualite-sup","12":"first","13":"outofstock","14":"shipping-taxable","15":"purchasable","16":"product-type-simple"},"acf":[],"yoast_head":"<!-- This site is optimized with the Yoast SEO plugin v27.2 - https:\/\/yoast.com\/product\/yoast-seo-wordpress\/ -->\n<title>100 francs CFA 1965 niger - LJ Collections<\/title>\n<meta name=\"robots\" content=\"index, follow, max-snippet:-1, max-image-preview:large, max-video-preview:-1\" \/>\n<link rel=\"canonical\" href=\"https:\/\/lj-collections.com\/en\/product\/100-francs-cfa-1965-niger\/\" \/>\n<meta property=\"og:locale\" content=\"en_US\" \/>\n<meta property=\"og:type\" content=\"article\" \/>\n<meta property=\"og:title\" content=\"100 francs CFA 1965 niger - LJ Collections\" \/>\n<meta property=\"og:url\" content=\"https:\/\/lj-collections.com\/en\/product\/100-francs-cfa-1965-niger\/\" \/>\n<meta property=\"og:site_name\" content=\"LJ Collections\" \/>\n<meta property=\"article:modified_time\" content=\"2023-12-03T19:36:51+00:00\" \/>\n<meta property=\"og:image\" content=\"https:\/\/lj-collections.com\/wp-content\/uploads\/2023\/10\/20231010_220734-scaled.jpg\" \/>\n\t<meta property=\"og:image:width\" content=\"2560\" \/>\n\t<meta property=\"og:image:height\" content=\"2560\" \/>\n\t<meta property=\"og:image:type\" content=\"image\/jpeg\" \/>\n<meta name=\"twitter:card\" content=\"summary_large_image\" \/>\n<meta name=\"twitter:label1\" content=\"Est. reading time\" \/>\n\t<meta name=\"twitter:data1\" content=\"1 minute\" \/>\n<script type=\"application\/ld+json\" class=\"yoast-schema-graph\">{\"@context\":\"https:\/\/schema.org\",\"@graph\":[{\"@type\":\"WebPage\",\"@id\":\"https:\/\/lj-collections.com\/produit\/100-francs-cfa-1965-niger\/\",\"url\":\"https:\/\/lj-collections.com\/produit\/100-francs-cfa-1965-niger\/\",\"name\":\"100 francs CFA 1965 niger - LJ Collections\",\"isPartOf\":{\"@id\":\"https:\/\/lj-collections.com\/#website\"},\"primaryImageOfPage\":{\"@id\":\"https:\/\/lj-collections.com\/produit\/100-francs-cfa-1965-niger\/#primaryimage\"},\"image\":{\"@id\":\"https:\/\/lj-collections.com\/produit\/100-francs-cfa-1965-niger\/#primaryimage\"},\"thumbnailUrl\":\"https:\/\/lj-collections.com\/wp-content\/uploads\/2023\/10\/20231010_220734-scaled.jpg\",\"datePublished\":\"2023-10-10T21:53:20+00:00\",\"dateModified\":\"2023-12-03T19:36:51+00:00\",\"breadcrumb\":{\"@id\":\"https:\/\/lj-collections.com\/produit\/100-francs-cfa-1965-niger\/#breadcrumb\"},\"inLanguage\":\"en-US\",\"potentialAction\":[{\"@type\":\"ReadAction\",\"target\":[\"https:\/\/lj-collections.com\/produit\/100-francs-cfa-1965-niger\/\"]}]},{\"@type\":\"ImageObject\",\"inLanguage\":\"en-US\",\"@id\":\"https:\/\/lj-collections.com\/produit\/100-francs-cfa-1965-niger\/#primaryimage\",\"url\":\"https:\/\/lj-collections.com\/wp-content\/uploads\/2023\/10\/20231010_220734-scaled.jpg\",\"contentUrl\":\"https:\/\/lj-collections.com\/wp-content\/uploads\/2023\/10\/20231010_220734-scaled.jpg\",\"width\":2560,\"height\":2560,\"caption\":\"Recto 100 francs afrique de l'ouest 1965 niger\"},{\"@type\":\"BreadcrumbList\",\"@id\":\"https:\/\/lj-collections.com\/produit\/100-francs-cfa-1965-niger\/#breadcrumb\",\"itemListElement\":[{\"@type\":\"ListItem\",\"position\":1,\"name\":\"Accueil\",\"item\":\"https:\/\/lj-collections.com\/\"},{\"@type\":\"ListItem\",\"position\":2,\"name\":\"Boutique\",\"item\":\"https:\/\/lj-collections.com\/boutique\/\"},{\"@type\":\"ListItem\",\"position\":3,\"name\":\"100 francs CFA 1965 niger\"}]},{\"@type\":\"WebSite\",\"@id\":\"https:\/\/lj-collections.com\/#website\",\"url\":\"https:\/\/lj-collections.com\/\",\"name\":\"LJ Collections\",\"description\":\"Monnaies, billets et tr\u00e9sors d&#039;hier, disponibles aujourd&#039;hui \u00e0 Valence dans la Dr\u00f4me.\",\"publisher\":{\"@id\":\"https:\/\/lj-collections.com\/#organization\"},\"potentialAction\":[{\"@type\":\"SearchAction\",\"target\":{\"@type\":\"EntryPoint\",\"urlTemplate\":\"https:\/\/lj-collections.com\/?s={search_term_string}\"},\"query-input\":{\"@type\":\"PropertyValueSpecification\",\"valueRequired\":true,\"valueName\":\"search_term_string\"}}],\"inLanguage\":\"en-US\"},{\"@type\":\"Organization\",\"@id\":\"https:\/\/lj-collections.com\/#organization\",\"name\":\"LJcollections\",\"alternateName\":\"LJcollections\",\"url\":\"https:\/\/lj-collections.com\/\",\"logo\":{\"@type\":\"ImageObject\",\"inLanguage\":\"en-US\",\"@id\":\"https:\/\/lj-collections.com\/#\/schema\/logo\/image\/\",\"url\":\"https:\/\/lj-collections.com\/wp-content\/uploads\/2023\/09\/favicon-1.png\",\"contentUrl\":\"https:\/\/lj-collections.com\/wp-content\/uploads\/2023\/09\/favicon-1.png\",\"width\":337,\"height\":267,\"caption\":\"LJcollections\"},\"image\":{\"@id\":\"https:\/\/lj-collections.com\/#\/schema\/logo\/image\/\"}}]}<\/script>\n<!-- \/ Yoast SEO plugin. -->","yoast_head_json":{"title":"100 francs CFA 1965 niger - LJ Collections","robots":{"index":"index","follow":"follow","max-snippet":"max-snippet:-1","max-image-preview":"max-image-preview:large","max-video-preview":"max-video-preview:-1"},"canonical":"https:\/\/lj-collections.com\/en\/product\/100-francs-cfa-1965-niger\/","og_locale":"en_US","og_type":"article","og_title":"100 francs CFA 1965 niger - LJ Collections","og_url":"https:\/\/lj-collections.com\/en\/product\/100-francs-cfa-1965-niger\/","og_site_name":"LJ Collections","article_modified_time":"2023-12-03T19:36:51+00:00","og_image":[{"width":2560,"height":2560,"url":"https:\/\/lj-collections.com\/wp-content\/uploads\/2023\/10\/20231010_220734-scaled.jpg","type":"image\/jpeg"}],"twitter_card":"summary_large_image","twitter_misc":{"Est. reading time":"1 minute"},"schema":{"@context":"https:\/\/schema.org","@graph":[{"@type":"WebPage","@id":"https:\/\/lj-collections.com\/produit\/100-francs-cfa-1965-niger\/","url":"https:\/\/lj-collections.com\/produit\/100-francs-cfa-1965-niger\/","name":"100 francs CFA 1965 niger - LJ Collections","isPartOf":{"@id":"https:\/\/lj-collections.com\/#website"},"primaryImageOfPage":{"@id":"https:\/\/lj-collections.com\/produit\/100-francs-cfa-1965-niger\/#primaryimage"},"image":{"@id":"https:\/\/lj-collections.com\/produit\/100-francs-cfa-1965-niger\/#primaryimage"},"thumbnailUrl":"https:\/\/lj-collections.com\/wp-content\/uploads\/2023\/10\/20231010_220734-scaled.jpg","datePublished":"2023-10-10T21:53:20+00:00","dateModified":"2023-12-03T19:36:51+00:00","breadcrumb":{"@id":"https:\/\/lj-collections.com\/produit\/100-francs-cfa-1965-niger\/#breadcrumb"},"inLanguage":"en-US","potentialAction":[{"@type":"ReadAction","target":["https:\/\/lj-collections.com\/produit\/100-francs-cfa-1965-niger\/"]}]},{"@type":"ImageObject","inLanguage":"en-US","@id":"https:\/\/lj-collections.com\/produit\/100-francs-cfa-1965-niger\/#primaryimage","url":"https:\/\/lj-collections.com\/wp-content\/uploads\/2023\/10\/20231010_220734-scaled.jpg","contentUrl":"https:\/\/lj-collections.com\/wp-content\/uploads\/2023\/10\/20231010_220734-scaled.jpg","width":2560,"height":2560,"caption":"Recto 100 francs afrique de l'ouest 1965 niger"},{"@type":"BreadcrumbList","@id":"https:\/\/lj-collections.com\/produit\/100-francs-cfa-1965-niger\/#breadcrumb","itemListElement":[{"@type":"ListItem","position":1,"name":"Accueil","item":"https:\/\/lj-collections.com\/"},{"@type":"ListItem","position":2,"name":"Boutique","item":"https:\/\/lj-collections.com\/boutique\/"},{"@type":"ListItem","position":3,"name":"100 francs CFA 1965 niger"}]},{"@type":"WebSite","@id":"https:\/\/lj-collections.com\/#website","url":"https:\/\/lj-collections.com\/","name":"LJ Collections","description":"Monnaies, billets et tr\u00e9sors d&#039;hier, disponibles aujourd&#039;hui \u00e0 Valence dans la Dr\u00f4me.","publisher":{"@id":"https:\/\/lj-collections.com\/#organization"},"potentialAction":[{"@type":"SearchAction","target":{"@type":"EntryPoint","urlTemplate":"https:\/\/lj-collections.com\/?s={search_term_string}"},"query-input":{"@type":"PropertyValueSpecification","valueRequired":true,"valueName":"search_term_string"}}],"inLanguage":"en-US"},{"@type":"Organization","@id":"https:\/\/lj-collections.com\/#organization","name":"LJcollections","alternateName":"LJcollections","url":"https:\/\/lj-collections.com\/","logo":{"@type":"ImageObject","inLanguage":"en-US","@id":"https:\/\/lj-collections.com\/#\/schema\/logo\/image\/","url":"https:\/\/lj-collections.com\/wp-content\/uploads\/2023\/09\/favicon-1.png","contentUrl":"https:\/\/lj-collections.com\/wp-content\/uploads\/2023\/09\/favicon-1.png","width":337,"height":267,"caption":"LJcollections"},"image":{"@id":"https:\/\/lj-collections.com\/#\/schema\/logo\/image\/"}}]}},"_links":{"self":[{"href":"https:\/\/lj-collections.com\/en\/wp-json\/wp\/v2\/product\/377","targetHints":{"allow":["GET"]}}],"collection":[{"href":"https:\/\/lj-collections.com\/en\/wp-json\/wp\/v2\/product"}],"about":[{"href":"https:\/\/lj-collections.com\/en\/wp-json\/wp\/v2\/types\/product"}],"replies":[{"embeddable":true,"href":"https:\/\/lj-collections.com\/en\/wp-json\/wp\/v2\/comments?post=377"}],"wp:featuredmedia":[{"embeddable":true,"href":"https:\/\/lj-collections.com\/en\/wp-json\/wp\/v2\/media\/369"}],"wp:attachment":[{"href":"https:\/\/lj-collections.com\/en\/wp-json\/wp\/v2\/media?parent=377"}],"wp:term":[{"taxonomy":"product_brand","embeddable":true,"href":"https:\/\/lj-collections.com\/en\/wp-json\/wp\/v2\/product_brand?post=377"},{"taxonomy":"product_cat","embeddable":true,"href":"https:\/\/lj-collections.com\/en\/wp-json\/wp\/v2\/product_cat?post=377"},{"taxonomy":"product_tag","embeddable":true,"href":"https:\/\/lj-collections.com\/en\/wp-json\/wp\/v2\/product_tag?post=377"}],"curies":[{"name":"wp","href":"https:\/\/api.w.org\/{rel}","templated":true}]}}