{"id":2965,"date":"2025-06-11T05:22:58","date_gmt":"2025-06-11T05:22:58","guid":{"rendered":"https:\/\/lj-collections.com\/?post_type=product&#038;p=2965"},"modified":"2025-09-08T08:49:17","modified_gmt":"2025-09-08T08:49:17","slug":"lot-100-cartes-pokemon-ultra-rares-japonaises-ex-v-vmax-vstar","status":"publish","type":"product","link":"https:\/\/lj-collections.com\/en\/product\/lot-100-cartes-pokemon-ultra-rares-japonaises-ex-v-vmax-vstar\/","title":{"rendered":"Lot 100 Cartes Pokemon Ultra rares Japonaises EX, V, VMAX, VSTAR"},"content":{"rendered":"<p dir=\"ltr\"><b>Lot de 100 cartes pokemon ultra rares neuves Japonaises !<\/b><\/p>\n<p dir=\"ltr\"><b>Chaque lot contient 100 cartes Ultra rares japonaises , qui peuvent \u00eatre des cartes EX , V , VMAX ou VSTAR . ( 20 vmax et vstar et 80 v et ex )<\/b><\/p>\n<p dir=\"ltr\"><b>Cadeau id\u00e9al pour un enfant , jeune collectionneur ou revendeur !<\/b><\/p>\n<p dir=\"ltr\"><b>La totalit\u00e9 des cartes viennent des blocs Ecarlate et violet et Epee bouclier .<\/b><\/p>","protected":false},"excerpt":{"rendered":"Lot de 100 cartes pokemon ultra rares neuves Japonaises ! Chaque lot contient 100 cartes&hellip;","protected":false},"featured_media":2966,"comment_status":"open","ping_status":"closed","template":"","meta":{"_acf_changed":false},"product_brand":[],"product_cat":[1162,1136],"product_tag":[],"class_list":{"0":"post-2965","1":"product","2":"type-product","3":"status-publish","4":"has-post-thumbnail","6":"product_cat-cartes-a-lunite","7":"product_cat-pokemon-cards","9":"first","10":"outofstock","11":"shipping-taxable","12":"purchasable","13":"product-type-simple"},"acf":[],"yoast_head":"<!-- This site is optimized with the Yoast SEO plugin v27.2 - https:\/\/yoast.com\/product\/yoast-seo-wordpress\/ -->\n<title>Lot 100 Cartes Pokemon Ultra rares Japonaises EX, V, VMAX, VSTAR - LJ Collections<\/title>\n<meta name=\"robots\" content=\"index, follow, max-snippet:-1, max-image-preview:large, max-video-preview:-1\" \/>\n<link rel=\"canonical\" href=\"https:\/\/lj-collections.com\/en\/product\/lot-100-cartes-pokemon-ultra-rares-japonaises-ex-v-vmax-vstar\/\" \/>\n<meta property=\"og:locale\" content=\"en_US\" \/>\n<meta property=\"og:type\" content=\"article\" \/>\n<meta property=\"og:title\" content=\"Lot 100 Cartes Pokemon Ultra rares Japonaises EX, V, VMAX, VSTAR - LJ Collections\" \/>\n<meta property=\"og:url\" content=\"https:\/\/lj-collections.com\/en\/product\/lot-100-cartes-pokemon-ultra-rares-japonaises-ex-v-vmax-vstar\/\" \/>\n<meta property=\"og:site_name\" content=\"LJ Collections\" \/>\n<meta property=\"article:modified_time\" content=\"2025-09-08T08:49:17+00:00\" \/>\n<meta property=\"og:image\" content=\"https:\/\/lj-collections.com\/wp-content\/uploads\/2025\/06\/20250404_204211.jpg\" \/>\n\t<meta property=\"og:image:width\" content=\"1915\" \/>\n\t<meta property=\"og:image:height\" content=\"2560\" \/>\n\t<meta property=\"og:image:type\" content=\"image\/jpeg\" \/>\n<meta name=\"twitter:card\" content=\"summary_large_image\" \/>\n<meta name=\"twitter:label1\" content=\"Est. reading time\" \/>\n\t<meta name=\"twitter:data1\" content=\"1 minute\" \/>\n<script type=\"application\/ld+json\" class=\"yoast-schema-graph\">{\"@context\":\"https:\/\/schema.org\",\"@graph\":[{\"@type\":\"WebPage\",\"@id\":\"https:\/\/lj-collections.com\/produit\/lot-100-cartes-pokemon-ultra-rares-japonaises-ex-v-vmax-vstar\/\",\"url\":\"https:\/\/lj-collections.com\/produit\/lot-100-cartes-pokemon-ultra-rares-japonaises-ex-v-vmax-vstar\/\",\"name\":\"Lot 100 Cartes Pokemon Ultra rares Japonaises EX, V, VMAX, VSTAR - LJ Collections\",\"isPartOf\":{\"@id\":\"https:\/\/lj-collections.com\/#website\"},\"primaryImageOfPage\":{\"@id\":\"https:\/\/lj-collections.com\/produit\/lot-100-cartes-pokemon-ultra-rares-japonaises-ex-v-vmax-vstar\/#primaryimage\"},\"image\":{\"@id\":\"https:\/\/lj-collections.com\/produit\/lot-100-cartes-pokemon-ultra-rares-japonaises-ex-v-vmax-vstar\/#primaryimage\"},\"thumbnailUrl\":\"https:\/\/lj-collections.com\/wp-content\/uploads\/2025\/06\/20250404_204211.jpg\",\"datePublished\":\"2025-06-11T05:22:58+00:00\",\"dateModified\":\"2025-09-08T08:49:17+00:00\",\"breadcrumb\":{\"@id\":\"https:\/\/lj-collections.com\/produit\/lot-100-cartes-pokemon-ultra-rares-japonaises-ex-v-vmax-vstar\/#breadcrumb\"},\"inLanguage\":\"en-US\",\"potentialAction\":[{\"@type\":\"ReadAction\",\"target\":[\"https:\/\/lj-collections.com\/produit\/lot-100-cartes-pokemon-ultra-rares-japonaises-ex-v-vmax-vstar\/\"]}]},{\"@type\":\"ImageObject\",\"inLanguage\":\"en-US\",\"@id\":\"https:\/\/lj-collections.com\/produit\/lot-100-cartes-pokemon-ultra-rares-japonaises-ex-v-vmax-vstar\/#primaryimage\",\"url\":\"https:\/\/lj-collections.com\/wp-content\/uploads\/2025\/06\/20250404_204211.jpg\",\"contentUrl\":\"https:\/\/lj-collections.com\/wp-content\/uploads\/2025\/06\/20250404_204211.jpg\",\"width\":1915,\"height\":2560},{\"@type\":\"BreadcrumbList\",\"@id\":\"https:\/\/lj-collections.com\/produit\/lot-100-cartes-pokemon-ultra-rares-japonaises-ex-v-vmax-vstar\/#breadcrumb\",\"itemListElement\":[{\"@type\":\"ListItem\",\"position\":1,\"name\":\"Accueil\",\"item\":\"https:\/\/lj-collections.com\/\"},{\"@type\":\"ListItem\",\"position\":2,\"name\":\"Boutique\",\"item\":\"https:\/\/lj-collections.com\/boutique\/\"},{\"@type\":\"ListItem\",\"position\":3,\"name\":\"Lot 100 Cartes Pokemon Ultra rares Japonaises EX, V, VMAX, VSTAR\"}]},{\"@type\":\"WebSite\",\"@id\":\"https:\/\/lj-collections.com\/#website\",\"url\":\"https:\/\/lj-collections.com\/\",\"name\":\"LJ Collections\",\"description\":\"Monnaies, billets et tr\u00e9sors d&#039;hier, disponibles aujourd&#039;hui \u00e0 Valence dans la Dr\u00f4me.\",\"publisher\":{\"@id\":\"https:\/\/lj-collections.com\/#organization\"},\"potentialAction\":[{\"@type\":\"SearchAction\",\"target\":{\"@type\":\"EntryPoint\",\"urlTemplate\":\"https:\/\/lj-collections.com\/?s={search_term_string}\"},\"query-input\":{\"@type\":\"PropertyValueSpecification\",\"valueRequired\":true,\"valueName\":\"search_term_string\"}}],\"inLanguage\":\"en-US\"},{\"@type\":\"Organization\",\"@id\":\"https:\/\/lj-collections.com\/#organization\",\"name\":\"LJcollections\",\"alternateName\":\"LJcollections\",\"url\":\"https:\/\/lj-collections.com\/\",\"logo\":{\"@type\":\"ImageObject\",\"inLanguage\":\"en-US\",\"@id\":\"https:\/\/lj-collections.com\/#\/schema\/logo\/image\/\",\"url\":\"https:\/\/lj-collections.com\/wp-content\/uploads\/2023\/09\/favicon-1.png\",\"contentUrl\":\"https:\/\/lj-collections.com\/wp-content\/uploads\/2023\/09\/favicon-1.png\",\"width\":337,\"height\":267,\"caption\":\"LJcollections\"},\"image\":{\"@id\":\"https:\/\/lj-collections.com\/#\/schema\/logo\/image\/\"}}]}<\/script>\n<!-- \/ Yoast SEO plugin. -->","yoast_head_json":{"title":"Lot 100 Cartes Pokemon Ultra rares Japonaises EX, V, VMAX, VSTAR - LJ Collections","robots":{"index":"index","follow":"follow","max-snippet":"max-snippet:-1","max-image-preview":"max-image-preview:large","max-video-preview":"max-video-preview:-1"},"canonical":"https:\/\/lj-collections.com\/en\/product\/lot-100-cartes-pokemon-ultra-rares-japonaises-ex-v-vmax-vstar\/","og_locale":"en_US","og_type":"article","og_title":"Lot 100 Cartes Pokemon Ultra rares Japonaises EX, V, VMAX, VSTAR - LJ Collections","og_url":"https:\/\/lj-collections.com\/en\/product\/lot-100-cartes-pokemon-ultra-rares-japonaises-ex-v-vmax-vstar\/","og_site_name":"LJ Collections","article_modified_time":"2025-09-08T08:49:17+00:00","og_image":[{"width":1915,"height":2560,"url":"https:\/\/lj-collections.com\/wp-content\/uploads\/2025\/06\/20250404_204211.jpg","type":"image\/jpeg"}],"twitter_card":"summary_large_image","twitter_misc":{"Est. reading time":"1 minute"},"schema":{"@context":"https:\/\/schema.org","@graph":[{"@type":"WebPage","@id":"https:\/\/lj-collections.com\/produit\/lot-100-cartes-pokemon-ultra-rares-japonaises-ex-v-vmax-vstar\/","url":"https:\/\/lj-collections.com\/produit\/lot-100-cartes-pokemon-ultra-rares-japonaises-ex-v-vmax-vstar\/","name":"Lot 100 Cartes Pokemon Ultra rares Japonaises EX, V, VMAX, VSTAR - LJ Collections","isPartOf":{"@id":"https:\/\/lj-collections.com\/#website"},"primaryImageOfPage":{"@id":"https:\/\/lj-collections.com\/produit\/lot-100-cartes-pokemon-ultra-rares-japonaises-ex-v-vmax-vstar\/#primaryimage"},"image":{"@id":"https:\/\/lj-collections.com\/produit\/lot-100-cartes-pokemon-ultra-rares-japonaises-ex-v-vmax-vstar\/#primaryimage"},"thumbnailUrl":"https:\/\/lj-collections.com\/wp-content\/uploads\/2025\/06\/20250404_204211.jpg","datePublished":"2025-06-11T05:22:58+00:00","dateModified":"2025-09-08T08:49:17+00:00","breadcrumb":{"@id":"https:\/\/lj-collections.com\/produit\/lot-100-cartes-pokemon-ultra-rares-japonaises-ex-v-vmax-vstar\/#breadcrumb"},"inLanguage":"en-US","potentialAction":[{"@type":"ReadAction","target":["https:\/\/lj-collections.com\/produit\/lot-100-cartes-pokemon-ultra-rares-japonaises-ex-v-vmax-vstar\/"]}]},{"@type":"ImageObject","inLanguage":"en-US","@id":"https:\/\/lj-collections.com\/produit\/lot-100-cartes-pokemon-ultra-rares-japonaises-ex-v-vmax-vstar\/#primaryimage","url":"https:\/\/lj-collections.com\/wp-content\/uploads\/2025\/06\/20250404_204211.jpg","contentUrl":"https:\/\/lj-collections.com\/wp-content\/uploads\/2025\/06\/20250404_204211.jpg","width":1915,"height":2560},{"@type":"BreadcrumbList","@id":"https:\/\/lj-collections.com\/produit\/lot-100-cartes-pokemon-ultra-rares-japonaises-ex-v-vmax-vstar\/#breadcrumb","itemListElement":[{"@type":"ListItem","position":1,"name":"Accueil","item":"https:\/\/lj-collections.com\/"},{"@type":"ListItem","position":2,"name":"Boutique","item":"https:\/\/lj-collections.com\/boutique\/"},{"@type":"ListItem","position":3,"name":"Lot 100 Cartes Pokemon Ultra rares Japonaises EX, V, VMAX, VSTAR"}]},{"@type":"WebSite","@id":"https:\/\/lj-collections.com\/#website","url":"https:\/\/lj-collections.com\/","name":"LJ Collections","description":"Monnaies, billets et tr\u00e9sors d&#039;hier, disponibles aujourd&#039;hui \u00e0 Valence dans la Dr\u00f4me.","publisher":{"@id":"https:\/\/lj-collections.com\/#organization"},"potentialAction":[{"@type":"SearchAction","target":{"@type":"EntryPoint","urlTemplate":"https:\/\/lj-collections.com\/?s={search_term_string}"},"query-input":{"@type":"PropertyValueSpecification","valueRequired":true,"valueName":"search_term_string"}}],"inLanguage":"en-US"},{"@type":"Organization","@id":"https:\/\/lj-collections.com\/#organization","name":"LJcollections","alternateName":"LJcollections","url":"https:\/\/lj-collections.com\/","logo":{"@type":"ImageObject","inLanguage":"en-US","@id":"https:\/\/lj-collections.com\/#\/schema\/logo\/image\/","url":"https:\/\/lj-collections.com\/wp-content\/uploads\/2023\/09\/favicon-1.png","contentUrl":"https:\/\/lj-collections.com\/wp-content\/uploads\/2023\/09\/favicon-1.png","width":337,"height":267,"caption":"LJcollections"},"image":{"@id":"https:\/\/lj-collections.com\/#\/schema\/logo\/image\/"}}]}},"_links":{"self":[{"href":"https:\/\/lj-collections.com\/en\/wp-json\/wp\/v2\/product\/2965","targetHints":{"allow":["GET"]}}],"collection":[{"href":"https:\/\/lj-collections.com\/en\/wp-json\/wp\/v2\/product"}],"about":[{"href":"https:\/\/lj-collections.com\/en\/wp-json\/wp\/v2\/types\/product"}],"replies":[{"embeddable":true,"href":"https:\/\/lj-collections.com\/en\/wp-json\/wp\/v2\/comments?post=2965"}],"wp:featuredmedia":[{"embeddable":true,"href":"https:\/\/lj-collections.com\/en\/wp-json\/wp\/v2\/media\/2966"}],"wp:attachment":[{"href":"https:\/\/lj-collections.com\/en\/wp-json\/wp\/v2\/media?parent=2965"}],"wp:term":[{"taxonomy":"product_brand","embeddable":true,"href":"https:\/\/lj-collections.com\/en\/wp-json\/wp\/v2\/product_brand?post=2965"},{"taxonomy":"product_cat","embeddable":true,"href":"https:\/\/lj-collections.com\/en\/wp-json\/wp\/v2\/product_cat?post=2965"},{"taxonomy":"product_tag","embeddable":true,"href":"https:\/\/lj-collections.com\/en\/wp-json\/wp\/v2\/product_tag?post=2965"}],"curies":[{"name":"wp","href":"https:\/\/api.w.org\/{rel}","templated":true}]}}