{"id":2957,"date":"2025-06-06T18:42:27","date_gmt":"2025-06-06T18:42:27","guid":{"rendered":"https:\/\/lj-collections.com\/?post_type=product&#038;p=2957"},"modified":"2026-03-04T16:35:41","modified_gmt":"2026-03-04T16:35:41","slug":"display-sv10-glory-of-the-team-rocket-japonais","status":"publish","type":"product","link":"https:\/\/lj-collections.com\/en\/product\/display-sv10-glory-of-the-team-rocket-japonais\/","title":{"rendered":"Display SV10 Glory of the team rocket Japonais"},"content":{"rendered":"<p>Display SV10 Glory of the team rocket en Japonais<\/p>\n<p data-start=\"139\" data-end=\"419\">Red\u00e9couvrez l\u2019univers sombre de la Team Rocket avec ce display japonais exclusif ! 30 boosters de 5 cartes scell\u00e9s , avec des cartes rares et alternatives de Giovanni, Mewtwo et Sulfura \u00e0\u00a0 trouver. Set officiel de 130 cartes au total, 100% neuf. Exp\u00e9dition rapide depuis la France, sans frais de douane !<\/p>","protected":false},"excerpt":{"rendered":"Display SV10 Glory of the team rocket en Japonais Red\u00e9couvrez l\u2019univers sombre de la Team&hellip;","protected":false},"featured_media":2958,"comment_status":"open","ping_status":"closed","template":"","meta":{"_acf_changed":false},"product_brand":[],"product_cat":[1136,1161],"product_tag":[],"class_list":{"0":"post-2957","1":"product","2":"type-product","3":"status-publish","4":"has-post-thumbnail","6":"product_cat-pokemon-cards","7":"product_cat-displays-et-boosters","9":"first","10":"outofstock","11":"shipping-taxable","12":"purchasable","13":"product-type-variable"},"acf":[],"yoast_head":"<!-- This site is optimized with the Yoast SEO plugin v27.2 - https:\/\/yoast.com\/product\/yoast-seo-wordpress\/ -->\n<title>Display SV10 Glory of the team rocket Japonais - LJ Collections<\/title>\n<meta name=\"robots\" content=\"index, follow, max-snippet:-1, max-image-preview:large, max-video-preview:-1\" \/>\n<link rel=\"canonical\" href=\"https:\/\/lj-collections.com\/en\/product\/display-sv10-glory-of-the-team-rocket-japonais\/\" \/>\n<meta property=\"og:locale\" content=\"en_US\" \/>\n<meta property=\"og:type\" content=\"article\" \/>\n<meta property=\"og:title\" content=\"Display SV10 Glory of the team rocket Japonais - LJ Collections\" \/>\n<meta property=\"og:url\" content=\"https:\/\/lj-collections.com\/en\/product\/display-sv10-glory-of-the-team-rocket-japonais\/\" \/>\n<meta property=\"og:site_name\" content=\"LJ Collections\" \/>\n<meta property=\"article:modified_time\" content=\"2026-03-04T16:35:41+00:00\" \/>\n<meta property=\"og:image\" content=\"https:\/\/lj-collections.com\/wp-content\/uploads\/2025\/06\/SV10-THE-GLORY-OF-TEAM-ROCKET-POKEMON-BOOSTER-DISPLAY.png\" \/>\n\t<meta property=\"og:image:width\" content=\"435\" \/>\n\t<meta property=\"og:image:height\" content=\"512\" \/>\n\t<meta property=\"og:image:type\" content=\"image\/png\" \/>\n<meta name=\"twitter:card\" content=\"summary_large_image\" \/>\n<meta name=\"twitter:label1\" content=\"Est. reading time\" \/>\n\t<meta name=\"twitter:data1\" content=\"1 minute\" \/>\n<script type=\"application\/ld+json\" class=\"yoast-schema-graph\">{\"@context\":\"https:\/\/schema.org\",\"@graph\":[{\"@type\":\"WebPage\",\"@id\":\"https:\/\/lj-collections.com\/produit\/display-sv10-glory-of-the-team-rocket-japonais\/\",\"url\":\"https:\/\/lj-collections.com\/produit\/display-sv10-glory-of-the-team-rocket-japonais\/\",\"name\":\"Display SV10 Glory of the team rocket Japonais - LJ Collections\",\"isPartOf\":{\"@id\":\"https:\/\/lj-collections.com\/#website\"},\"primaryImageOfPage\":{\"@id\":\"https:\/\/lj-collections.com\/produit\/display-sv10-glory-of-the-team-rocket-japonais\/#primaryimage\"},\"image\":{\"@id\":\"https:\/\/lj-collections.com\/produit\/display-sv10-glory-of-the-team-rocket-japonais\/#primaryimage\"},\"thumbnailUrl\":\"https:\/\/lj-collections.com\/wp-content\/uploads\/2025\/06\/SV10-THE-GLORY-OF-TEAM-ROCKET-POKEMON-BOOSTER-DISPLAY.png\",\"datePublished\":\"2025-06-06T18:42:27+00:00\",\"dateModified\":\"2026-03-04T16:35:41+00:00\",\"breadcrumb\":{\"@id\":\"https:\/\/lj-collections.com\/produit\/display-sv10-glory-of-the-team-rocket-japonais\/#breadcrumb\"},\"inLanguage\":\"en-US\",\"potentialAction\":[{\"@type\":\"ReadAction\",\"target\":[\"https:\/\/lj-collections.com\/produit\/display-sv10-glory-of-the-team-rocket-japonais\/\"]}]},{\"@type\":\"ImageObject\",\"inLanguage\":\"en-US\",\"@id\":\"https:\/\/lj-collections.com\/produit\/display-sv10-glory-of-the-team-rocket-japonais\/#primaryimage\",\"url\":\"https:\/\/lj-collections.com\/wp-content\/uploads\/2025\/06\/SV10-THE-GLORY-OF-TEAM-ROCKET-POKEMON-BOOSTER-DISPLAY.png\",\"contentUrl\":\"https:\/\/lj-collections.com\/wp-content\/uploads\/2025\/06\/SV10-THE-GLORY-OF-TEAM-ROCKET-POKEMON-BOOSTER-DISPLAY.png\",\"width\":435,\"height\":512},{\"@type\":\"BreadcrumbList\",\"@id\":\"https:\/\/lj-collections.com\/produit\/display-sv10-glory-of-the-team-rocket-japonais\/#breadcrumb\",\"itemListElement\":[{\"@type\":\"ListItem\",\"position\":1,\"name\":\"Accueil\",\"item\":\"https:\/\/lj-collections.com\/\"},{\"@type\":\"ListItem\",\"position\":2,\"name\":\"Boutique\",\"item\":\"https:\/\/lj-collections.com\/boutique\/\"},{\"@type\":\"ListItem\",\"position\":3,\"name\":\"Display SV10 Glory of the team rocket Japonais\"}]},{\"@type\":\"WebSite\",\"@id\":\"https:\/\/lj-collections.com\/#website\",\"url\":\"https:\/\/lj-collections.com\/\",\"name\":\"LJ Collections\",\"description\":\"Monnaies, billets et tr\u00e9sors d&#039;hier, disponibles aujourd&#039;hui \u00e0 Valence dans la Dr\u00f4me.\",\"publisher\":{\"@id\":\"https:\/\/lj-collections.com\/#organization\"},\"potentialAction\":[{\"@type\":\"SearchAction\",\"target\":{\"@type\":\"EntryPoint\",\"urlTemplate\":\"https:\/\/lj-collections.com\/?s={search_term_string}\"},\"query-input\":{\"@type\":\"PropertyValueSpecification\",\"valueRequired\":true,\"valueName\":\"search_term_string\"}}],\"inLanguage\":\"en-US\"},{\"@type\":\"Organization\",\"@id\":\"https:\/\/lj-collections.com\/#organization\",\"name\":\"LJcollections\",\"alternateName\":\"LJcollections\",\"url\":\"https:\/\/lj-collections.com\/\",\"logo\":{\"@type\":\"ImageObject\",\"inLanguage\":\"en-US\",\"@id\":\"https:\/\/lj-collections.com\/#\/schema\/logo\/image\/\",\"url\":\"https:\/\/lj-collections.com\/wp-content\/uploads\/2023\/09\/favicon-1.png\",\"contentUrl\":\"https:\/\/lj-collections.com\/wp-content\/uploads\/2023\/09\/favicon-1.png\",\"width\":337,\"height\":267,\"caption\":\"LJcollections\"},\"image\":{\"@id\":\"https:\/\/lj-collections.com\/#\/schema\/logo\/image\/\"}}]}<\/script>\n<!-- \/ Yoast SEO plugin. -->","yoast_head_json":{"title":"Display SV10 Glory of the team rocket Japonais - LJ Collections","robots":{"index":"index","follow":"follow","max-snippet":"max-snippet:-1","max-image-preview":"max-image-preview:large","max-video-preview":"max-video-preview:-1"},"canonical":"https:\/\/lj-collections.com\/en\/product\/display-sv10-glory-of-the-team-rocket-japonais\/","og_locale":"en_US","og_type":"article","og_title":"Display SV10 Glory of the team rocket Japonais - LJ Collections","og_url":"https:\/\/lj-collections.com\/en\/product\/display-sv10-glory-of-the-team-rocket-japonais\/","og_site_name":"LJ Collections","article_modified_time":"2026-03-04T16:35:41+00:00","og_image":[{"width":435,"height":512,"url":"https:\/\/lj-collections.com\/wp-content\/uploads\/2025\/06\/SV10-THE-GLORY-OF-TEAM-ROCKET-POKEMON-BOOSTER-DISPLAY.png","type":"image\/png"}],"twitter_card":"summary_large_image","twitter_misc":{"Est. reading time":"1 minute"},"schema":{"@context":"https:\/\/schema.org","@graph":[{"@type":"WebPage","@id":"https:\/\/lj-collections.com\/produit\/display-sv10-glory-of-the-team-rocket-japonais\/","url":"https:\/\/lj-collections.com\/produit\/display-sv10-glory-of-the-team-rocket-japonais\/","name":"Display SV10 Glory of the team rocket Japonais - LJ Collections","isPartOf":{"@id":"https:\/\/lj-collections.com\/#website"},"primaryImageOfPage":{"@id":"https:\/\/lj-collections.com\/produit\/display-sv10-glory-of-the-team-rocket-japonais\/#primaryimage"},"image":{"@id":"https:\/\/lj-collections.com\/produit\/display-sv10-glory-of-the-team-rocket-japonais\/#primaryimage"},"thumbnailUrl":"https:\/\/lj-collections.com\/wp-content\/uploads\/2025\/06\/SV10-THE-GLORY-OF-TEAM-ROCKET-POKEMON-BOOSTER-DISPLAY.png","datePublished":"2025-06-06T18:42:27+00:00","dateModified":"2026-03-04T16:35:41+00:00","breadcrumb":{"@id":"https:\/\/lj-collections.com\/produit\/display-sv10-glory-of-the-team-rocket-japonais\/#breadcrumb"},"inLanguage":"en-US","potentialAction":[{"@type":"ReadAction","target":["https:\/\/lj-collections.com\/produit\/display-sv10-glory-of-the-team-rocket-japonais\/"]}]},{"@type":"ImageObject","inLanguage":"en-US","@id":"https:\/\/lj-collections.com\/produit\/display-sv10-glory-of-the-team-rocket-japonais\/#primaryimage","url":"https:\/\/lj-collections.com\/wp-content\/uploads\/2025\/06\/SV10-THE-GLORY-OF-TEAM-ROCKET-POKEMON-BOOSTER-DISPLAY.png","contentUrl":"https:\/\/lj-collections.com\/wp-content\/uploads\/2025\/06\/SV10-THE-GLORY-OF-TEAM-ROCKET-POKEMON-BOOSTER-DISPLAY.png","width":435,"height":512},{"@type":"BreadcrumbList","@id":"https:\/\/lj-collections.com\/produit\/display-sv10-glory-of-the-team-rocket-japonais\/#breadcrumb","itemListElement":[{"@type":"ListItem","position":1,"name":"Accueil","item":"https:\/\/lj-collections.com\/"},{"@type":"ListItem","position":2,"name":"Boutique","item":"https:\/\/lj-collections.com\/boutique\/"},{"@type":"ListItem","position":3,"name":"Display SV10 Glory of the team rocket Japonais"}]},{"@type":"WebSite","@id":"https:\/\/lj-collections.com\/#website","url":"https:\/\/lj-collections.com\/","name":"LJ Collections","description":"Monnaies, billets et tr\u00e9sors d&#039;hier, disponibles aujourd&#039;hui \u00e0 Valence dans la Dr\u00f4me.","publisher":{"@id":"https:\/\/lj-collections.com\/#organization"},"potentialAction":[{"@type":"SearchAction","target":{"@type":"EntryPoint","urlTemplate":"https:\/\/lj-collections.com\/?s={search_term_string}"},"query-input":{"@type":"PropertyValueSpecification","valueRequired":true,"valueName":"search_term_string"}}],"inLanguage":"en-US"},{"@type":"Organization","@id":"https:\/\/lj-collections.com\/#organization","name":"LJcollections","alternateName":"LJcollections","url":"https:\/\/lj-collections.com\/","logo":{"@type":"ImageObject","inLanguage":"en-US","@id":"https:\/\/lj-collections.com\/#\/schema\/logo\/image\/","url":"https:\/\/lj-collections.com\/wp-content\/uploads\/2023\/09\/favicon-1.png","contentUrl":"https:\/\/lj-collections.com\/wp-content\/uploads\/2023\/09\/favicon-1.png","width":337,"height":267,"caption":"LJcollections"},"image":{"@id":"https:\/\/lj-collections.com\/#\/schema\/logo\/image\/"}}]}},"_links":{"self":[{"href":"https:\/\/lj-collections.com\/en\/wp-json\/wp\/v2\/product\/2957","targetHints":{"allow":["GET"]}}],"collection":[{"href":"https:\/\/lj-collections.com\/en\/wp-json\/wp\/v2\/product"}],"about":[{"href":"https:\/\/lj-collections.com\/en\/wp-json\/wp\/v2\/types\/product"}],"replies":[{"embeddable":true,"href":"https:\/\/lj-collections.com\/en\/wp-json\/wp\/v2\/comments?post=2957"}],"wp:featuredmedia":[{"embeddable":true,"href":"https:\/\/lj-collections.com\/en\/wp-json\/wp\/v2\/media\/2958"}],"wp:attachment":[{"href":"https:\/\/lj-collections.com\/en\/wp-json\/wp\/v2\/media?parent=2957"}],"wp:term":[{"taxonomy":"product_brand","embeddable":true,"href":"https:\/\/lj-collections.com\/en\/wp-json\/wp\/v2\/product_brand?post=2957"},{"taxonomy":"product_cat","embeddable":true,"href":"https:\/\/lj-collections.com\/en\/wp-json\/wp\/v2\/product_cat?post=2957"},{"taxonomy":"product_tag","embeddable":true,"href":"https:\/\/lj-collections.com\/en\/wp-json\/wp\/v2\/product_tag?post=2957"}],"curies":[{"name":"wp","href":"https:\/\/api.w.org\/{rel}","templated":true}]}}