{"id":2729,"date":"2025-05-05T22:54:16","date_gmt":"2025-05-05T22:54:16","guid":{"rendered":"https:\/\/lj-collections.com\/?post_type=product&#038;p=2729"},"modified":"2026-01-30T11:49:36","modified_gmt":"2026-01-30T11:49:36","slug":"france-billet-1000-francs-marianne-1945-chiffres-gras-fay-vf-12","status":"publish","type":"product","link":"https:\/\/lj-collections.com\/en\/product\/france-billet-1000-francs-marianne-1945-chiffres-gras-fay-vf-12\/","title":{"rendered":"FRANCE &#8211; Billet 1000 Francs Marianne 1945 Chiffres gras Fay#\u202fVF.12"},"content":{"rendered":"<p>FRANCE &#8211; Billet 1000 Francs Marianne 1945 Chiffres gras Fay#\u202fVF.12<\/p>\n<div class=\"col-6 col-md-3 attr_name\"><strong>Ann\u00e9e: <\/strong>1945<\/div>\n<div class=\"col-6 col-md-3 attr_name\"><strong>Pays: <\/strong>FRANCE<\/div>\n<div class=\"col-6 col-md-3 attr_name\"><strong>Qualit\u00e9: <\/strong>SPL<\/div>\n<div class=\"col-6 col-md-3 attr_name\"><strong>Taille ( mm ): <\/strong>151 x 85<\/div>\n<div class=\"col-6 col-md-3 attr_name\"><strong>Valeur faciale:<\/strong>\u00a0 1000 Francs<\/div>\n<div><\/div>\n<div>\n<h3 class=\"\" data-start=\"316\" data-end=\"327\">Recto :<\/h3>\n<ul data-start=\"329\" data-end=\"885\">\n<li class=\"\" data-start=\"329\" data-end=\"436\">\n<p class=\"\" data-start=\"331\" data-end=\"436\"><strong data-start=\"331\" data-end=\"355\">Portrait de Marianne<\/strong> : <span class=\"relative -mx-px my-[-0.2rem] rounded px-px py-[0.2rem] transition-colors duration-100 ease-in-out\">Au centre, un m\u00e9daillon pr\u00e9sente le profil gauche de Marianne, all\u00e9gorie de la R\u00e9publique fran\u00e7aise, coiff\u00e9e du bonnet phrygien. Ce dessin est l&rsquo;\u0153uvre d&rsquo;Edmund Dulac.<\/span><\/p>\n<\/li>\n<li class=\"\" data-start=\"438\" data-end=\"544\">\n<p class=\"\" data-start=\"440\" data-end=\"544\"><strong data-start=\"440\" data-end=\"463\">Motifs g\u00e9om\u00e9triques<\/strong> : <span class=\"relative -mx-px my-[-0.2rem] rounded px-px py-[0.2rem] transition-colors duration-100 ease-in-out\">Autour du m\u00e9daillon, des motifs g\u00e9om\u00e9triques complexes symbolisent la stabilit\u00e9 et l&rsquo;ordre.<\/span><\/p>\n<\/li>\n<li class=\"\" data-start=\"546\" data-end=\"645\">\n<p class=\"\" data-start=\"548\" data-end=\"645\"><strong data-start=\"548\" data-end=\"564\">Inscriptions<\/strong> : <span class=\"relative -mx-px my-[-0.2rem] rounded px-px py-[0.2rem] transition-colors duration-100 ease-in-out\">\u00ab\u202fR\u00c9PUBLIQUE FRAN\u00c7AISE\u202f\u00bb en haut, \u00ab\u202fTR\u00c9SOR CENTRAL\u202f\u00bb en dessous, et \u00ab\u202fMILLE FRANCS\u202f\u00bb en bas.<\/span><\/p>\n<\/li>\n<li class=\"\" data-start=\"647\" data-end=\"746\">\n<p class=\"\" data-start=\"649\" data-end=\"746\"><strong data-start=\"649\" data-end=\"665\">Num\u00e9rotation<\/strong> : <span class=\"relative -mx-px my-[-0.2rem] rounded px-px py-[0.2rem] transition-colors duration-100 ease-in-out\">S\u00e9rie et num\u00e9ro imprim\u00e9s en caract\u00e8res gras, caract\u00e9ristique distinctive de ce type.<\/span><\/p>\n<\/li>\n<li class=\"\" data-start=\"748\" data-end=\"885\">\n<p class=\"\" data-start=\"750\" data-end=\"885\"><strong data-start=\"750\" data-end=\"764\">Signatures<\/strong> : <span class=\"relative -mx-px my-[-0.2rem] rounded px-px py-[0.2rem] transition-colors duration-100 ease-in-out\">Le Chef du Service Central du Tr\u00e9sor (Chamski) et le Contr\u00f4leur du Service des \u00c9missions (Andr\u00e9 Diethelm).<\/span><\/p>\n<\/li>\n<\/ul>\n<h3 class=\"\" data-start=\"892\" data-end=\"903\">Verso :<\/h3>\n<ul data-start=\"905\" data-end=\"1215\">\n<li class=\"\" data-start=\"905\" data-end=\"1011\">\n<p class=\"\" data-start=\"907\" data-end=\"1011\"><strong data-start=\"907\" data-end=\"930\">Motifs g\u00e9om\u00e9triques<\/strong> : <span class=\"relative -mx-px my-[-0.2rem] rounded px-px py-[0.2rem] transition-colors duration-100 ease-in-out\">Le verso pr\u00e9sente des motifs g\u00e9om\u00e9triques \u00e9labor\u00e9s, renfor\u00e7ant l&rsquo;esth\u00e9tique et la s\u00e9curit\u00e9 du billet.<\/span><\/p>\n<\/li>\n<li class=\"\" data-start=\"1013\" data-end=\"1112\">\n<p class=\"\" data-start=\"1015\" data-end=\"1112\"><strong data-start=\"1015\" data-end=\"1031\">Inscriptions<\/strong> : <span class=\"relative -mx-px my-[-0.2rem] rounded px-px py-[0.2rem] transition-colors duration-100 ease-in-out\">\u00ab\u202fLIBERT\u00c9 \u00c9GALIT\u00c9 FRATERNIT\u00c9\u202f\u00bb en haut, avec la valeur \u00ab\u202f1000 FRANCS\u202f\u00bb au centre.<\/span><\/p>\n<\/li>\n<li class=\"\" data-start=\"1114\" data-end=\"1215\">\n<p class=\"\" data-start=\"1116\" data-end=\"1215\"><strong data-start=\"1116\" data-end=\"1134\">Mention l\u00e9gale<\/strong> : <span class=\"relative -mx-px my-[-0.2rem] rounded px-px py-[0.2rem] transition-colors duration-100 ease-in-out\">L&rsquo;article 139 du Code p\u00e9nal est imprim\u00e9, stipulant les sanctions en cas de contrefa\u00e7on.<\/span><\/p>\n<\/li>\n<\/ul>\n<p><strong>Note<\/strong> : Petite tache au verso sur le bord en bas a gauche.<\/p>\n<\/div>\n","protected":false},"excerpt":{"rendered":"Recto : Portrait de Marianne : Au centre, un m\u00e9daillon pr\u00e9sente le profil gauche de&hellip;","protected":false},"featured_media":2696,"comment_status":"open","ping_status":"closed","template":"","meta":{"_acf_changed":false},"product_brand":[],"product_cat":[172,187],"product_tag":[],"class_list":{"0":"post-2729","1":"product","2":"type-product","3":"status-publish","4":"has-post-thumbnail","6":"product_cat-billets","7":"product_cat-billets-europe","8":"pa_annee-758","9":"pa_pays-france","10":"pa_qualite-spl","12":"first","13":"outofstock","14":"shipping-taxable","15":"purchasable","16":"product-type-simple"},"acf":[],"yoast_head":"<!-- This site is optimized with the Yoast SEO plugin v27.2 - https:\/\/yoast.com\/product\/yoast-seo-wordpress\/ -->\n<title>FRANCE - Billet 1000 Francs Marianne 1945 Chiffres gras Fay#\u202fVF.12 - LJ Collections<\/title>\n<meta name=\"robots\" content=\"index, follow, max-snippet:-1, max-image-preview:large, max-video-preview:-1\" \/>\n<link rel=\"canonical\" href=\"https:\/\/lj-collections.com\/en\/product\/france-billet-1000-francs-marianne-1945-chiffres-gras-fay-vf-12\/\" \/>\n<meta property=\"og:locale\" content=\"en_US\" \/>\n<meta property=\"og:type\" content=\"article\" \/>\n<meta property=\"og:title\" content=\"FRANCE - Billet 1000 Francs Marianne 1945 Chiffres gras Fay#\u202fVF.12 - LJ Collections\" \/>\n<meta property=\"og:url\" content=\"https:\/\/lj-collections.com\/en\/product\/france-billet-1000-francs-marianne-1945-chiffres-gras-fay-vf-12\/\" \/>\n<meta property=\"og:site_name\" content=\"LJ Collections\" \/>\n<meta property=\"article:modified_time\" content=\"2026-01-30T11:49:36+00:00\" \/>\n<meta property=\"og:image\" content=\"https:\/\/lj-collections.com\/wp-content\/uploads\/2025\/05\/20250505_222237-1024x1024.png\" \/>\n\t<meta property=\"og:image:width\" content=\"1024\" \/>\n\t<meta property=\"og:image:height\" content=\"1024\" \/>\n\t<meta property=\"og:image:type\" content=\"image\/png\" \/>\n<meta name=\"twitter:card\" content=\"summary_large_image\" \/>\n<meta name=\"twitter:label1\" content=\"Est. reading time\" \/>\n\t<meta name=\"twitter:data1\" content=\"2 minutes\" \/>\n<script type=\"application\/ld+json\" class=\"yoast-schema-graph\">{\"@context\":\"https:\/\/schema.org\",\"@graph\":[{\"@type\":\"WebPage\",\"@id\":\"https:\/\/lj-collections.com\/produit\/france-billet-1000-francs-marianne-1945-chiffres-gras-fay-vf-12\/\",\"url\":\"https:\/\/lj-collections.com\/produit\/france-billet-1000-francs-marianne-1945-chiffres-gras-fay-vf-12\/\",\"name\":\"FRANCE - Billet 1000 Francs Marianne 1945 Chiffres gras Fay#\u202fVF.12 - LJ Collections\",\"isPartOf\":{\"@id\":\"https:\/\/lj-collections.com\/#website\"},\"primaryImageOfPage\":{\"@id\":\"https:\/\/lj-collections.com\/produit\/france-billet-1000-francs-marianne-1945-chiffres-gras-fay-vf-12\/#primaryimage\"},\"image\":{\"@id\":\"https:\/\/lj-collections.com\/produit\/france-billet-1000-francs-marianne-1945-chiffres-gras-fay-vf-12\/#primaryimage\"},\"thumbnailUrl\":\"https:\/\/lj-collections.com\/wp-content\/uploads\/2025\/05\/20250505_222237.png\",\"datePublished\":\"2025-05-05T22:54:16+00:00\",\"dateModified\":\"2026-01-30T11:49:36+00:00\",\"breadcrumb\":{\"@id\":\"https:\/\/lj-collections.com\/produit\/france-billet-1000-francs-marianne-1945-chiffres-gras-fay-vf-12\/#breadcrumb\"},\"inLanguage\":\"en-US\",\"potentialAction\":[{\"@type\":\"ReadAction\",\"target\":[\"https:\/\/lj-collections.com\/produit\/france-billet-1000-francs-marianne-1945-chiffres-gras-fay-vf-12\/\"]}]},{\"@type\":\"ImageObject\",\"inLanguage\":\"en-US\",\"@id\":\"https:\/\/lj-collections.com\/produit\/france-billet-1000-francs-marianne-1945-chiffres-gras-fay-vf-12\/#primaryimage\",\"url\":\"https:\/\/lj-collections.com\/wp-content\/uploads\/2025\/05\/20250505_222237.png\",\"contentUrl\":\"https:\/\/lj-collections.com\/wp-content\/uploads\/2025\/05\/20250505_222237.png\",\"width\":2000,\"height\":2000},{\"@type\":\"BreadcrumbList\",\"@id\":\"https:\/\/lj-collections.com\/produit\/france-billet-1000-francs-marianne-1945-chiffres-gras-fay-vf-12\/#breadcrumb\",\"itemListElement\":[{\"@type\":\"ListItem\",\"position\":1,\"name\":\"Accueil\",\"item\":\"https:\/\/lj-collections.com\/\"},{\"@type\":\"ListItem\",\"position\":2,\"name\":\"Boutique\",\"item\":\"https:\/\/lj-collections.com\/boutique\/\"},{\"@type\":\"ListItem\",\"position\":3,\"name\":\"FRANCE &#8211; Billet 1000 Francs Marianne 1945 Chiffres gras Fay#\u202fVF.12\"}]},{\"@type\":\"WebSite\",\"@id\":\"https:\/\/lj-collections.com\/#website\",\"url\":\"https:\/\/lj-collections.com\/\",\"name\":\"LJ Collections\",\"description\":\"Monnaies, billets et tr\u00e9sors d&#039;hier, disponibles aujourd&#039;hui \u00e0 Valence dans la Dr\u00f4me.\",\"publisher\":{\"@id\":\"https:\/\/lj-collections.com\/#organization\"},\"potentialAction\":[{\"@type\":\"SearchAction\",\"target\":{\"@type\":\"EntryPoint\",\"urlTemplate\":\"https:\/\/lj-collections.com\/?s={search_term_string}\"},\"query-input\":{\"@type\":\"PropertyValueSpecification\",\"valueRequired\":true,\"valueName\":\"search_term_string\"}}],\"inLanguage\":\"en-US\"},{\"@type\":\"Organization\",\"@id\":\"https:\/\/lj-collections.com\/#organization\",\"name\":\"LJcollections\",\"alternateName\":\"LJcollections\",\"url\":\"https:\/\/lj-collections.com\/\",\"logo\":{\"@type\":\"ImageObject\",\"inLanguage\":\"en-US\",\"@id\":\"https:\/\/lj-collections.com\/#\/schema\/logo\/image\/\",\"url\":\"https:\/\/lj-collections.com\/wp-content\/uploads\/2023\/09\/favicon-1.png\",\"contentUrl\":\"https:\/\/lj-collections.com\/wp-content\/uploads\/2023\/09\/favicon-1.png\",\"width\":337,\"height\":267,\"caption\":\"LJcollections\"},\"image\":{\"@id\":\"https:\/\/lj-collections.com\/#\/schema\/logo\/image\/\"}}]}<\/script>\n<!-- \/ Yoast SEO plugin. -->","yoast_head_json":{"title":"FRANCE - Billet 1000 Francs Marianne 1945 Chiffres gras Fay#\u202fVF.12 - LJ Collections","robots":{"index":"index","follow":"follow","max-snippet":"max-snippet:-1","max-image-preview":"max-image-preview:large","max-video-preview":"max-video-preview:-1"},"canonical":"https:\/\/lj-collections.com\/en\/product\/france-billet-1000-francs-marianne-1945-chiffres-gras-fay-vf-12\/","og_locale":"en_US","og_type":"article","og_title":"FRANCE - Billet 1000 Francs Marianne 1945 Chiffres gras Fay#\u202fVF.12 - LJ Collections","og_url":"https:\/\/lj-collections.com\/en\/product\/france-billet-1000-francs-marianne-1945-chiffres-gras-fay-vf-12\/","og_site_name":"LJ Collections","article_modified_time":"2026-01-30T11:49:36+00:00","og_image":[{"width":1024,"height":1024,"url":"https:\/\/lj-collections.com\/wp-content\/uploads\/2025\/05\/20250505_222237-1024x1024.png","type":"image\/png"}],"twitter_card":"summary_large_image","twitter_misc":{"Est. reading time":"2 minutes"},"schema":{"@context":"https:\/\/schema.org","@graph":[{"@type":"WebPage","@id":"https:\/\/lj-collections.com\/produit\/france-billet-1000-francs-marianne-1945-chiffres-gras-fay-vf-12\/","url":"https:\/\/lj-collections.com\/produit\/france-billet-1000-francs-marianne-1945-chiffres-gras-fay-vf-12\/","name":"FRANCE - Billet 1000 Francs Marianne 1945 Chiffres gras Fay#\u202fVF.12 - LJ Collections","isPartOf":{"@id":"https:\/\/lj-collections.com\/#website"},"primaryImageOfPage":{"@id":"https:\/\/lj-collections.com\/produit\/france-billet-1000-francs-marianne-1945-chiffres-gras-fay-vf-12\/#primaryimage"},"image":{"@id":"https:\/\/lj-collections.com\/produit\/france-billet-1000-francs-marianne-1945-chiffres-gras-fay-vf-12\/#primaryimage"},"thumbnailUrl":"https:\/\/lj-collections.com\/wp-content\/uploads\/2025\/05\/20250505_222237.png","datePublished":"2025-05-05T22:54:16+00:00","dateModified":"2026-01-30T11:49:36+00:00","breadcrumb":{"@id":"https:\/\/lj-collections.com\/produit\/france-billet-1000-francs-marianne-1945-chiffres-gras-fay-vf-12\/#breadcrumb"},"inLanguage":"en-US","potentialAction":[{"@type":"ReadAction","target":["https:\/\/lj-collections.com\/produit\/france-billet-1000-francs-marianne-1945-chiffres-gras-fay-vf-12\/"]}]},{"@type":"ImageObject","inLanguage":"en-US","@id":"https:\/\/lj-collections.com\/produit\/france-billet-1000-francs-marianne-1945-chiffres-gras-fay-vf-12\/#primaryimage","url":"https:\/\/lj-collections.com\/wp-content\/uploads\/2025\/05\/20250505_222237.png","contentUrl":"https:\/\/lj-collections.com\/wp-content\/uploads\/2025\/05\/20250505_222237.png","width":2000,"height":2000},{"@type":"BreadcrumbList","@id":"https:\/\/lj-collections.com\/produit\/france-billet-1000-francs-marianne-1945-chiffres-gras-fay-vf-12\/#breadcrumb","itemListElement":[{"@type":"ListItem","position":1,"name":"Accueil","item":"https:\/\/lj-collections.com\/"},{"@type":"ListItem","position":2,"name":"Boutique","item":"https:\/\/lj-collections.com\/boutique\/"},{"@type":"ListItem","position":3,"name":"FRANCE &#8211; Billet 1000 Francs Marianne 1945 Chiffres gras Fay#\u202fVF.12"}]},{"@type":"WebSite","@id":"https:\/\/lj-collections.com\/#website","url":"https:\/\/lj-collections.com\/","name":"LJ Collections","description":"Monnaies, billets et tr\u00e9sors d&#039;hier, disponibles aujourd&#039;hui \u00e0 Valence dans la Dr\u00f4me.","publisher":{"@id":"https:\/\/lj-collections.com\/#organization"},"potentialAction":[{"@type":"SearchAction","target":{"@type":"EntryPoint","urlTemplate":"https:\/\/lj-collections.com\/?s={search_term_string}"},"query-input":{"@type":"PropertyValueSpecification","valueRequired":true,"valueName":"search_term_string"}}],"inLanguage":"en-US"},{"@type":"Organization","@id":"https:\/\/lj-collections.com\/#organization","name":"LJcollections","alternateName":"LJcollections","url":"https:\/\/lj-collections.com\/","logo":{"@type":"ImageObject","inLanguage":"en-US","@id":"https:\/\/lj-collections.com\/#\/schema\/logo\/image\/","url":"https:\/\/lj-collections.com\/wp-content\/uploads\/2023\/09\/favicon-1.png","contentUrl":"https:\/\/lj-collections.com\/wp-content\/uploads\/2023\/09\/favicon-1.png","width":337,"height":267,"caption":"LJcollections"},"image":{"@id":"https:\/\/lj-collections.com\/#\/schema\/logo\/image\/"}}]}},"_links":{"self":[{"href":"https:\/\/lj-collections.com\/en\/wp-json\/wp\/v2\/product\/2729","targetHints":{"allow":["GET"]}}],"collection":[{"href":"https:\/\/lj-collections.com\/en\/wp-json\/wp\/v2\/product"}],"about":[{"href":"https:\/\/lj-collections.com\/en\/wp-json\/wp\/v2\/types\/product"}],"replies":[{"embeddable":true,"href":"https:\/\/lj-collections.com\/en\/wp-json\/wp\/v2\/comments?post=2729"}],"wp:featuredmedia":[{"embeddable":true,"href":"https:\/\/lj-collections.com\/en\/wp-json\/wp\/v2\/media\/2696"}],"wp:attachment":[{"href":"https:\/\/lj-collections.com\/en\/wp-json\/wp\/v2\/media?parent=2729"}],"wp:term":[{"taxonomy":"product_brand","embeddable":true,"href":"https:\/\/lj-collections.com\/en\/wp-json\/wp\/v2\/product_brand?post=2729"},{"taxonomy":"product_cat","embeddable":true,"href":"https:\/\/lj-collections.com\/en\/wp-json\/wp\/v2\/product_cat?post=2729"},{"taxonomy":"product_tag","embeddable":true,"href":"https:\/\/lj-collections.com\/en\/wp-json\/wp\/v2\/product_tag?post=2729"}],"curies":[{"name":"wp","href":"https:\/\/api.w.org\/{rel}","templated":true}]}}