{"id":2723,"date":"2025-05-05T22:22:43","date_gmt":"2025-05-05T22:22:43","guid":{"rendered":"https:\/\/lj-collections.com\/?post_type=product&#038;p=2723"},"modified":"2025-05-05T22:25:17","modified_gmt":"2025-05-05T22:25:17","slug":"france-billet-50-centimes-tresorerie-aux-armees-type-1919-fay-vf-02","status":"publish","type":"product","link":"https:\/\/lj-collections.com\/en\/product\/france-billet-50-centimes-tresorerie-aux-armees-type-1919-fay-vf-02\/","title":{"rendered":"FRANCE &#8211; Billet 50 centimes Tr\u00e9sorerie aux Arm\u00e9es type 1919 Fay#\u202fVF.02"},"content":{"rendered":"<p>FRANCE &#8211; Billet 50 centimes Tr\u00e9sorerie aux Arm\u00e9es type 1919 Fay#\u202fVF.02<\/p>\n<div class=\"col-6 col-md-3 attr_name\"><strong>Ann\u00e9e: <\/strong>1919<\/div>\n<div class=\"col-6 col-md-3 attr_name\"><strong>Pays: <\/strong>FRANCE<\/div>\n<div class=\"col-6 col-md-3 attr_name\"><strong>Qualit\u00e9: <\/strong>SPL<\/div>\n<div class=\"col-6 col-md-3 attr_name\"><strong>Taille ( mm ):<\/strong> 100 \u00d7 65<\/div>\n<div class=\"col-6 col-md-3 attr_name\"><strong>Valeur faciale:<\/strong>\u00a0 50 Centimes<\/div>\n<div><\/div>\n<div>\n<h3 class=\"\" data-start=\"240\" data-end=\"251\">Recto :<\/h3>\n<ul data-start=\"252\" data-end=\"533\">\n<li class=\"\" data-start=\"252\" data-end=\"313\">\n<p class=\"\" data-start=\"254\" data-end=\"313\"><strong data-start=\"254\" data-end=\"275\">Sc\u00e8ne familiale :<\/strong> <span class=\"relative -mx-px my-[-0.2rem] rounded px-px py-[0.2rem] transition-colors duration-100 ease-in-out\">Un soldat fran\u00e7ais (\u00ab\u00a0poilu\u00a0\u00bb) revient du front, accueilli chaleureusement par sa famille. Sa fille a\u00een\u00e9e lui tend une couronne de laurier, symbole de victoire.<\/span><\/p>\n<\/li>\n<li class=\"\" data-start=\"314\" data-end=\"374\">\n<p class=\"\" data-start=\"316\" data-end=\"374\"><strong data-start=\"316\" data-end=\"334\">Inscriptions :<\/strong> <span class=\"relative -mx-px my-[-0.2rem] rounded px-px py-[0.2rem] transition-colors duration-100 ease-in-out\">\u00ab\u202fTR\u00c9SORERIE AUX ARM\u00c9ES\u202f\u00bb en haut, \u00ab\u202fCINQUANTE CENTIMES\u202f\u00bb au centre, et la mention du \u00ab\u202fPayeur G\u00e9n\u00e9ral aux Arm\u00e9es\u202f\u00bb en bas.<\/span><\/p>\n<\/li>\n<li class=\"\" data-start=\"375\" data-end=\"433\">\n<p class=\"\" data-start=\"377\" data-end=\"433\"><strong data-start=\"377\" data-end=\"393\">Signatures :<\/strong> <span class=\"relative -mx-px my-[-0.2rem] rounded px-px py-[0.2rem] transition-colors duration-100 ease-in-out\">Le billet porte la signature du Payeur G\u00e9n\u00e9ral aux Arm\u00e9es.<\/span><\/p>\n<\/li>\n<li class=\"\" data-start=\"434\" data-end=\"533\">\n<p class=\"\" data-start=\"436\" data-end=\"533\"><strong data-start=\"436\" data-end=\"454\">Num\u00e9rotation :<\/strong> <span class=\"relative -mx-px my-[-0.2rem] rounded px-px py-[0.2rem] transition-colors duration-100 ease-in-out\">S\u00e9rie et num\u00e9ro imprim\u00e9s en noir.<\/span><\/p>\n<\/li>\n<\/ul>\n<h3 class=\"\" data-start=\"535\" data-end=\"546\">Verso :<\/h3>\n<ul data-start=\"547\" data-end=\"708\">\n<li class=\"\" data-start=\"547\" data-end=\"608\">\n<p class=\"\" data-start=\"549\" data-end=\"608\"><strong data-start=\"549\" data-end=\"568\">Monogramme RF :<\/strong> <span class=\"relative -mx-px my-[-0.2rem] rounded px-px py-[0.2rem] transition-colors duration-100 ease-in-out\">Au centre, le monogramme \u00ab\u202fRF\u202f\u00bb (R\u00e9publique Fran\u00e7aise) est encadr\u00e9 par des textes pr\u00e9cisant les conditions de remboursement du billet.<\/span><\/p>\n<\/li>\n<li class=\"\" data-start=\"609\" data-end=\"708\">\n<p class=\"\" data-start=\"611\" data-end=\"708\"><strong data-start=\"611\" data-end=\"629\">Inscriptions :<\/strong> <span class=\"relative -mx-px my-[-0.2rem] rounded px-px py-[0.2rem] transition-colors duration-100 ease-in-out\">\u00ab\u202fR\u00c9PUBLIQUE FRAN\u00c7AISE\u202f\u00bb en haut, suivi des conditions de remboursement.<\/span><\/p>\n<\/li>\n<\/ul>\n<\/div>\n","protected":false},"excerpt":{"rendered":"Recto : Sc\u00e8ne familiale : Un soldat fran\u00e7ais (\u00ab\u00a0poilu\u00a0\u00bb) revient du front, accueilli chaleureusement par&hellip;","protected":false},"featured_media":2686,"comment_status":"open","ping_status":"closed","template":"","meta":{"_acf_changed":false},"product_brand":[],"product_cat":[172,187],"product_tag":[],"class_list":{"0":"post-2723","1":"product","2":"type-product","3":"status-publish","4":"has-post-thumbnail","6":"product_cat-billets","7":"product_cat-billets-europe","8":"pa_annee-369","9":"pa_pays-france","10":"pa_qualite-spl","12":"first","13":"instock","14":"shipping-taxable","15":"purchasable","16":"product-type-simple"},"acf":[],"yoast_head":"<!-- This site is optimized with the Yoast SEO plugin v27.2 - https:\/\/yoast.com\/product\/yoast-seo-wordpress\/ -->\n<title>FRANCE - Billet 50 centimes Tr\u00e9sorerie aux Arm\u00e9es type 1919 Fay#\u202fVF.02 - LJ Collections<\/title>\n<meta name=\"robots\" content=\"index, follow, max-snippet:-1, max-image-preview:large, max-video-preview:-1\" \/>\n<link rel=\"canonical\" href=\"https:\/\/lj-collections.com\/en\/product\/france-billet-50-centimes-tresorerie-aux-armees-type-1919-fay-vf-02\/\" \/>\n<meta property=\"og:locale\" content=\"en_US\" \/>\n<meta property=\"og:type\" content=\"article\" \/>\n<meta property=\"og:title\" content=\"FRANCE - Billet 50 centimes Tr\u00e9sorerie aux Arm\u00e9es type 1919 Fay#\u202fVF.02 - LJ Collections\" \/>\n<meta property=\"og:url\" content=\"https:\/\/lj-collections.com\/en\/product\/france-billet-50-centimes-tresorerie-aux-armees-type-1919-fay-vf-02\/\" \/>\n<meta property=\"og:site_name\" content=\"LJ Collections\" \/>\n<meta property=\"article:modified_time\" content=\"2025-05-05T22:25:17+00:00\" \/>\n<meta property=\"og:image\" content=\"https:\/\/lj-collections.com\/wp-content\/uploads\/2025\/05\/20250505_221739.png\" \/>\n\t<meta property=\"og:image:width\" content=\"2000\" \/>\n\t<meta property=\"og:image:height\" content=\"2000\" \/>\n\t<meta property=\"og:image:type\" content=\"image\/png\" \/>\n<meta name=\"twitter:card\" content=\"summary_large_image\" \/>\n<meta name=\"twitter:label1\" content=\"Est. reading time\" \/>\n\t<meta name=\"twitter:data1\" content=\"1 minute\" \/>\n<script type=\"application\/ld+json\" class=\"yoast-schema-graph\">{\"@context\":\"https:\/\/schema.org\",\"@graph\":[{\"@type\":\"WebPage\",\"@id\":\"https:\/\/lj-collections.com\/produit\/france-billet-50-centimes-tresorerie-aux-armees-type-1919-fay-vf-02\/\",\"url\":\"https:\/\/lj-collections.com\/produit\/france-billet-50-centimes-tresorerie-aux-armees-type-1919-fay-vf-02\/\",\"name\":\"FRANCE - Billet 50 centimes Tr\u00e9sorerie aux Arm\u00e9es type 1919 Fay#\u202fVF.02 - LJ Collections\",\"isPartOf\":{\"@id\":\"https:\/\/lj-collections.com\/#website\"},\"primaryImageOfPage\":{\"@id\":\"https:\/\/lj-collections.com\/produit\/france-billet-50-centimes-tresorerie-aux-armees-type-1919-fay-vf-02\/#primaryimage\"},\"image\":{\"@id\":\"https:\/\/lj-collections.com\/produit\/france-billet-50-centimes-tresorerie-aux-armees-type-1919-fay-vf-02\/#primaryimage\"},\"thumbnailUrl\":\"https:\/\/lj-collections.com\/wp-content\/uploads\/2025\/05\/20250505_221739.png\",\"datePublished\":\"2025-05-05T22:22:43+00:00\",\"dateModified\":\"2025-05-05T22:25:17+00:00\",\"breadcrumb\":{\"@id\":\"https:\/\/lj-collections.com\/produit\/france-billet-50-centimes-tresorerie-aux-armees-type-1919-fay-vf-02\/#breadcrumb\"},\"inLanguage\":\"en-US\",\"potentialAction\":[{\"@type\":\"ReadAction\",\"target\":[\"https:\/\/lj-collections.com\/produit\/france-billet-50-centimes-tresorerie-aux-armees-type-1919-fay-vf-02\/\"]}]},{\"@type\":\"ImageObject\",\"inLanguage\":\"en-US\",\"@id\":\"https:\/\/lj-collections.com\/produit\/france-billet-50-centimes-tresorerie-aux-armees-type-1919-fay-vf-02\/#primaryimage\",\"url\":\"https:\/\/lj-collections.com\/wp-content\/uploads\/2025\/05\/20250505_221739.png\",\"contentUrl\":\"https:\/\/lj-collections.com\/wp-content\/uploads\/2025\/05\/20250505_221739.png\",\"width\":2000,\"height\":2000},{\"@type\":\"BreadcrumbList\",\"@id\":\"https:\/\/lj-collections.com\/produit\/france-billet-50-centimes-tresorerie-aux-armees-type-1919-fay-vf-02\/#breadcrumb\",\"itemListElement\":[{\"@type\":\"ListItem\",\"position\":1,\"name\":\"Accueil\",\"item\":\"https:\/\/lj-collections.com\/\"},{\"@type\":\"ListItem\",\"position\":2,\"name\":\"Boutique\",\"item\":\"https:\/\/lj-collections.com\/boutique\/\"},{\"@type\":\"ListItem\",\"position\":3,\"name\":\"FRANCE &#8211; Billet 50 centimes Tr\u00e9sorerie aux Arm\u00e9es type 1919 Fay#\u202fVF.02\"}]},{\"@type\":\"WebSite\",\"@id\":\"https:\/\/lj-collections.com\/#website\",\"url\":\"https:\/\/lj-collections.com\/\",\"name\":\"LJ Collections\",\"description\":\"Monnaies, billets et tr\u00e9sors d&#039;hier, disponibles aujourd&#039;hui \u00e0 Valence dans la Dr\u00f4me.\",\"publisher\":{\"@id\":\"https:\/\/lj-collections.com\/#organization\"},\"potentialAction\":[{\"@type\":\"SearchAction\",\"target\":{\"@type\":\"EntryPoint\",\"urlTemplate\":\"https:\/\/lj-collections.com\/?s={search_term_string}\"},\"query-input\":{\"@type\":\"PropertyValueSpecification\",\"valueRequired\":true,\"valueName\":\"search_term_string\"}}],\"inLanguage\":\"en-US\"},{\"@type\":\"Organization\",\"@id\":\"https:\/\/lj-collections.com\/#organization\",\"name\":\"LJcollections\",\"alternateName\":\"LJcollections\",\"url\":\"https:\/\/lj-collections.com\/\",\"logo\":{\"@type\":\"ImageObject\",\"inLanguage\":\"en-US\",\"@id\":\"https:\/\/lj-collections.com\/#\/schema\/logo\/image\/\",\"url\":\"https:\/\/lj-collections.com\/wp-content\/uploads\/2023\/09\/favicon-1.png\",\"contentUrl\":\"https:\/\/lj-collections.com\/wp-content\/uploads\/2023\/09\/favicon-1.png\",\"width\":337,\"height\":267,\"caption\":\"LJcollections\"},\"image\":{\"@id\":\"https:\/\/lj-collections.com\/#\/schema\/logo\/image\/\"}}]}<\/script>\n<!-- \/ Yoast SEO plugin. -->","yoast_head_json":{"title":"FRANCE - Billet 50 centimes Tr\u00e9sorerie aux Arm\u00e9es type 1919 Fay#\u202fVF.02 - LJ Collections","robots":{"index":"index","follow":"follow","max-snippet":"max-snippet:-1","max-image-preview":"max-image-preview:large","max-video-preview":"max-video-preview:-1"},"canonical":"https:\/\/lj-collections.com\/en\/product\/france-billet-50-centimes-tresorerie-aux-armees-type-1919-fay-vf-02\/","og_locale":"en_US","og_type":"article","og_title":"FRANCE - Billet 50 centimes Tr\u00e9sorerie aux Arm\u00e9es type 1919 Fay#\u202fVF.02 - LJ Collections","og_url":"https:\/\/lj-collections.com\/en\/product\/france-billet-50-centimes-tresorerie-aux-armees-type-1919-fay-vf-02\/","og_site_name":"LJ Collections","article_modified_time":"2025-05-05T22:25:17+00:00","og_image":[{"width":2000,"height":2000,"url":"https:\/\/lj-collections.com\/wp-content\/uploads\/2025\/05\/20250505_221739.png","type":"image\/png"}],"twitter_card":"summary_large_image","twitter_misc":{"Est. reading time":"1 minute"},"schema":{"@context":"https:\/\/schema.org","@graph":[{"@type":"WebPage","@id":"https:\/\/lj-collections.com\/produit\/france-billet-50-centimes-tresorerie-aux-armees-type-1919-fay-vf-02\/","url":"https:\/\/lj-collections.com\/produit\/france-billet-50-centimes-tresorerie-aux-armees-type-1919-fay-vf-02\/","name":"FRANCE - Billet 50 centimes Tr\u00e9sorerie aux Arm\u00e9es type 1919 Fay#\u202fVF.02 - LJ Collections","isPartOf":{"@id":"https:\/\/lj-collections.com\/#website"},"primaryImageOfPage":{"@id":"https:\/\/lj-collections.com\/produit\/france-billet-50-centimes-tresorerie-aux-armees-type-1919-fay-vf-02\/#primaryimage"},"image":{"@id":"https:\/\/lj-collections.com\/produit\/france-billet-50-centimes-tresorerie-aux-armees-type-1919-fay-vf-02\/#primaryimage"},"thumbnailUrl":"https:\/\/lj-collections.com\/wp-content\/uploads\/2025\/05\/20250505_221739.png","datePublished":"2025-05-05T22:22:43+00:00","dateModified":"2025-05-05T22:25:17+00:00","breadcrumb":{"@id":"https:\/\/lj-collections.com\/produit\/france-billet-50-centimes-tresorerie-aux-armees-type-1919-fay-vf-02\/#breadcrumb"},"inLanguage":"en-US","potentialAction":[{"@type":"ReadAction","target":["https:\/\/lj-collections.com\/produit\/france-billet-50-centimes-tresorerie-aux-armees-type-1919-fay-vf-02\/"]}]},{"@type":"ImageObject","inLanguage":"en-US","@id":"https:\/\/lj-collections.com\/produit\/france-billet-50-centimes-tresorerie-aux-armees-type-1919-fay-vf-02\/#primaryimage","url":"https:\/\/lj-collections.com\/wp-content\/uploads\/2025\/05\/20250505_221739.png","contentUrl":"https:\/\/lj-collections.com\/wp-content\/uploads\/2025\/05\/20250505_221739.png","width":2000,"height":2000},{"@type":"BreadcrumbList","@id":"https:\/\/lj-collections.com\/produit\/france-billet-50-centimes-tresorerie-aux-armees-type-1919-fay-vf-02\/#breadcrumb","itemListElement":[{"@type":"ListItem","position":1,"name":"Accueil","item":"https:\/\/lj-collections.com\/"},{"@type":"ListItem","position":2,"name":"Boutique","item":"https:\/\/lj-collections.com\/boutique\/"},{"@type":"ListItem","position":3,"name":"FRANCE &#8211; Billet 50 centimes Tr\u00e9sorerie aux Arm\u00e9es type 1919 Fay#\u202fVF.02"}]},{"@type":"WebSite","@id":"https:\/\/lj-collections.com\/#website","url":"https:\/\/lj-collections.com\/","name":"LJ Collections","description":"Monnaies, billets et tr\u00e9sors d&#039;hier, disponibles aujourd&#039;hui \u00e0 Valence dans la Dr\u00f4me.","publisher":{"@id":"https:\/\/lj-collections.com\/#organization"},"potentialAction":[{"@type":"SearchAction","target":{"@type":"EntryPoint","urlTemplate":"https:\/\/lj-collections.com\/?s={search_term_string}"},"query-input":{"@type":"PropertyValueSpecification","valueRequired":true,"valueName":"search_term_string"}}],"inLanguage":"en-US"},{"@type":"Organization","@id":"https:\/\/lj-collections.com\/#organization","name":"LJcollections","alternateName":"LJcollections","url":"https:\/\/lj-collections.com\/","logo":{"@type":"ImageObject","inLanguage":"en-US","@id":"https:\/\/lj-collections.com\/#\/schema\/logo\/image\/","url":"https:\/\/lj-collections.com\/wp-content\/uploads\/2023\/09\/favicon-1.png","contentUrl":"https:\/\/lj-collections.com\/wp-content\/uploads\/2023\/09\/favicon-1.png","width":337,"height":267,"caption":"LJcollections"},"image":{"@id":"https:\/\/lj-collections.com\/#\/schema\/logo\/image\/"}}]}},"_links":{"self":[{"href":"https:\/\/lj-collections.com\/en\/wp-json\/wp\/v2\/product\/2723","targetHints":{"allow":["GET"]}}],"collection":[{"href":"https:\/\/lj-collections.com\/en\/wp-json\/wp\/v2\/product"}],"about":[{"href":"https:\/\/lj-collections.com\/en\/wp-json\/wp\/v2\/types\/product"}],"replies":[{"embeddable":true,"href":"https:\/\/lj-collections.com\/en\/wp-json\/wp\/v2\/comments?post=2723"}],"wp:featuredmedia":[{"embeddable":true,"href":"https:\/\/lj-collections.com\/en\/wp-json\/wp\/v2\/media\/2686"}],"wp:attachment":[{"href":"https:\/\/lj-collections.com\/en\/wp-json\/wp\/v2\/media?parent=2723"}],"wp:term":[{"taxonomy":"product_brand","embeddable":true,"href":"https:\/\/lj-collections.com\/en\/wp-json\/wp\/v2\/product_brand?post=2723"},{"taxonomy":"product_cat","embeddable":true,"href":"https:\/\/lj-collections.com\/en\/wp-json\/wp\/v2\/product_cat?post=2723"},{"taxonomy":"product_tag","embeddable":true,"href":"https:\/\/lj-collections.com\/en\/wp-json\/wp\/v2\/product_tag?post=2723"}],"curies":[{"name":"wp","href":"https:\/\/api.w.org\/{rel}","templated":true}]}}