{"id":2349,"date":"2025-03-17T22:28:50","date_gmt":"2025-03-17T22:28:50","guid":{"rendered":"https:\/\/lj-collections.com\/?post_type=product&#038;p=2349"},"modified":"2025-03-24T19:39:46","modified_gmt":"2025-03-24T19:39:46","slug":"france-ecu-dor-a-la-couronne-charles-vi-1385-1420","status":"publish","type":"product","link":"https:\/\/lj-collections.com\/en\/product\/france-ecu-dor-a-la-couronne-charles-vi-1385-1420\/","title":{"rendered":"FRANCE &#8211; Ecu d&rsquo;or \u00e0 la couronne Charles VI 1385 &#8211; 1420"},"content":{"rendered":"<p>FRANCE &#8211; Ecu d&rsquo;or \u00e0 la couronne Charles VI 1385 &#8211; 1420<\/p>\n<div class=\"col-6 col-md-3 attr_name\"><strong>Ann\u00e9e: <\/strong>1385 &#8211; 1420<\/div>\n<div class=\"col-6 col-md-3 attr_name\"><strong>Atelier: <\/strong>ND<\/div>\n<div class=\"col-6 col-md-3 attr_name\"><strong>Diam\u00e8tre (mm):<\/strong> 28<\/div>\n<div class=\"col-6 col-md-3 attr_name\"><strong>M\u00e9tal: <\/strong>Or<\/div>\n<div class=\"col-6 col-md-3 attr_name\"><strong>Pays: <\/strong>France<\/div>\n<div class=\"col-6 col-md-3 attr_name\"><strong>Poids: <\/strong>4.03<\/div>\n<div class=\"col-6 col-md-3 attr_name\"><strong>Qualit\u00e9:<\/strong> TTB<\/div>\n<div><\/div>\n<div>\n<p data-start=\"64\" data-end=\"396\">Cet \u00e9cu d&rsquo;or \u00e0 la couronne, frapp\u00e9 entre 1385 et 1420 sous le r\u00e8gne de Charles\u202fVI, est une pi\u00e8ce embl\u00e9matique de la numismatique m\u00e9di\u00e9vale fran\u00e7aise. Introduite en 1385, cette monnaie en or a remplac\u00e9 le franc \u00e0 cheval de son pr\u00e9d\u00e9cesseur, Charles\u202fV.<\/p>\n<p data-start=\"398\" data-end=\"411\"><strong data-start=\"398\" data-end=\"409\">Avers :<\/strong><\/p>\n<ul data-start=\"412\" data-end=\"648\">\n<li data-start=\"412\" data-end=\"550\"><strong data-start=\"414\" data-end=\"432\">\u00c9cu couronn\u00e9 :<\/strong> Un \u00e9cu aux armes de France (trois fleurs de lys) surmont\u00e9 d&rsquo;une couronne.\u200b<\/li>\n<li data-start=\"551\" data-end=\"648\"><strong data-start=\"553\" data-end=\"566\">L\u00e9gende :<\/strong> <span class=\"relative -mx-px my-[-0.2rem] rounded px-px py-[0.2rem]\">\u00ab\u202fKAROLVS DEI GRACIA FRANCORVM REX\u202f\u00bb (Charles, par la gr\u00e2ce de Dieu, roi des Francs).<\/span>\u200b<\/li>\n<\/ul>\n<p data-start=\"650\" data-end=\"664\"><strong data-start=\"650\" data-end=\"662\">Revers :<\/strong><\/p>\n<ul data-start=\"665\" data-end=\"773\">\n<li data-start=\"665\" data-end=\"773\"><strong data-start=\"667\" data-end=\"691\">Croix fleurdelis\u00e9e :<\/strong> <span class=\"relative -mx-px my-[-0.2rem] rounded px-px py-[0.2rem]\">Une croix fleurdelis\u00e9e, avec des fleurs de lys dans chaque quadrant, entour\u00e9e de la l\u00e9gende \u00ab\u202fXPC VINCIT XPC REGNAT XPC IMPERAT\u202f\u00bb (Le Christ vainc, Le Christ r\u00e8gne, Le Christ commande).<\/span><\/li>\n<\/ul>\n<p><strong>Note<\/strong> : Des traces de nettoyage sont visibles sur la monnaie<\/p>\n<\/div>\n","protected":false},"excerpt":{"rendered":"Cet \u00e9cu d&rsquo;or \u00e0 la couronne, frapp\u00e9 entre 1385 et 1420 sous le r\u00e8gne de&hellip;","protected":false},"featured_media":2347,"comment_status":"open","ping_status":"closed","template":"","meta":{"_acf_changed":false},"product_brand":[],"product_cat":[41,18,17],"product_tag":[],"class_list":{"0":"post-2349","1":"product","2":"type-product","3":"status-publish","4":"has-post-thumbnail","6":"product_cat-monnaies-europe","7":"product_cat-monnaies-francaises","8":"product_cat-monnaies","9":"pa_annee-1385-1420","10":"pa_atelier-nd","11":"pa_diametre-mm-347","12":"pa_metal-or","13":"pa_pays-france","14":"pa_personnage-charles-vi","15":"pa_poids-4-03","16":"pa_qualite-ttb","18":"first","19":"outofstock","20":"shipping-taxable","21":"purchasable","22":"product-type-simple"},"acf":[],"yoast_head":"<!-- This site is optimized with the Yoast SEO plugin v27.2 - https:\/\/yoast.com\/product\/yoast-seo-wordpress\/ -->\n<title>FRANCE - Ecu d&#039;or \u00e0 la couronne Charles VI 1385 - 1420 - LJ Collections<\/title>\n<meta name=\"robots\" content=\"index, follow, max-snippet:-1, max-image-preview:large, max-video-preview:-1\" \/>\n<link rel=\"canonical\" href=\"https:\/\/lj-collections.com\/en\/product\/france-ecu-dor-a-la-couronne-charles-vi-1385-1420\/\" \/>\n<meta property=\"og:locale\" content=\"en_US\" \/>\n<meta property=\"og:type\" content=\"article\" \/>\n<meta property=\"og:title\" content=\"FRANCE - Ecu d&#039;or \u00e0 la couronne Charles VI 1385 - 1420 - LJ Collections\" \/>\n<meta property=\"og:url\" content=\"https:\/\/lj-collections.com\/en\/product\/france-ecu-dor-a-la-couronne-charles-vi-1385-1420\/\" \/>\n<meta property=\"og:site_name\" content=\"LJ Collections\" \/>\n<meta property=\"article:modified_time\" content=\"2025-03-24T19:39:46+00:00\" \/>\n<meta property=\"og:image\" content=\"https:\/\/lj-collections.com\/wp-content\/uploads\/2025\/03\/20250317_231902-1024x1024.png\" \/>\n\t<meta property=\"og:image:width\" content=\"1024\" \/>\n\t<meta property=\"og:image:height\" content=\"1024\" \/>\n\t<meta property=\"og:image:type\" content=\"image\/png\" \/>\n<meta name=\"twitter:card\" content=\"summary_large_image\" \/>\n<meta name=\"twitter:label1\" content=\"Est. reading time\" \/>\n\t<meta name=\"twitter:data1\" content=\"1 minute\" \/>\n<script type=\"application\/ld+json\" class=\"yoast-schema-graph\">{\"@context\":\"https:\/\/schema.org\",\"@graph\":[{\"@type\":\"WebPage\",\"@id\":\"https:\/\/lj-collections.com\/produit\/france-ecu-dor-a-la-couronne-charles-vi-1385-1420\/\",\"url\":\"https:\/\/lj-collections.com\/produit\/france-ecu-dor-a-la-couronne-charles-vi-1385-1420\/\",\"name\":\"FRANCE - Ecu d'or \u00e0 la couronne Charles VI 1385 - 1420 - LJ Collections\",\"isPartOf\":{\"@id\":\"https:\/\/lj-collections.com\/#website\"},\"primaryImageOfPage\":{\"@id\":\"https:\/\/lj-collections.com\/produit\/france-ecu-dor-a-la-couronne-charles-vi-1385-1420\/#primaryimage\"},\"image\":{\"@id\":\"https:\/\/lj-collections.com\/produit\/france-ecu-dor-a-la-couronne-charles-vi-1385-1420\/#primaryimage\"},\"thumbnailUrl\":\"https:\/\/lj-collections.com\/wp-content\/uploads\/2025\/03\/20250317_231902.png\",\"datePublished\":\"2025-03-17T22:28:50+00:00\",\"dateModified\":\"2025-03-24T19:39:46+00:00\",\"breadcrumb\":{\"@id\":\"https:\/\/lj-collections.com\/produit\/france-ecu-dor-a-la-couronne-charles-vi-1385-1420\/#breadcrumb\"},\"inLanguage\":\"en-US\",\"potentialAction\":[{\"@type\":\"ReadAction\",\"target\":[\"https:\/\/lj-collections.com\/produit\/france-ecu-dor-a-la-couronne-charles-vi-1385-1420\/\"]}]},{\"@type\":\"ImageObject\",\"inLanguage\":\"en-US\",\"@id\":\"https:\/\/lj-collections.com\/produit\/france-ecu-dor-a-la-couronne-charles-vi-1385-1420\/#primaryimage\",\"url\":\"https:\/\/lj-collections.com\/wp-content\/uploads\/2025\/03\/20250317_231902.png\",\"contentUrl\":\"https:\/\/lj-collections.com\/wp-content\/uploads\/2025\/03\/20250317_231902.png\",\"width\":2000,\"height\":2000,\"caption\":\"Revers Ecu d'or Charles VI 1380 - 1422\"},{\"@type\":\"BreadcrumbList\",\"@id\":\"https:\/\/lj-collections.com\/produit\/france-ecu-dor-a-la-couronne-charles-vi-1385-1420\/#breadcrumb\",\"itemListElement\":[{\"@type\":\"ListItem\",\"position\":1,\"name\":\"Accueil\",\"item\":\"https:\/\/lj-collections.com\/\"},{\"@type\":\"ListItem\",\"position\":2,\"name\":\"Boutique\",\"item\":\"https:\/\/lj-collections.com\/boutique\/\"},{\"@type\":\"ListItem\",\"position\":3,\"name\":\"FRANCE &#8211; Ecu d&rsquo;or \u00e0 la couronne Charles VI 1385 &#8211; 1420\"}]},{\"@type\":\"WebSite\",\"@id\":\"https:\/\/lj-collections.com\/#website\",\"url\":\"https:\/\/lj-collections.com\/\",\"name\":\"LJ Collections\",\"description\":\"Monnaies, billets et tr\u00e9sors d&#039;hier, disponibles aujourd&#039;hui \u00e0 Valence dans la Dr\u00f4me.\",\"publisher\":{\"@id\":\"https:\/\/lj-collections.com\/#organization\"},\"potentialAction\":[{\"@type\":\"SearchAction\",\"target\":{\"@type\":\"EntryPoint\",\"urlTemplate\":\"https:\/\/lj-collections.com\/?s={search_term_string}\"},\"query-input\":{\"@type\":\"PropertyValueSpecification\",\"valueRequired\":true,\"valueName\":\"search_term_string\"}}],\"inLanguage\":\"en-US\"},{\"@type\":\"Organization\",\"@id\":\"https:\/\/lj-collections.com\/#organization\",\"name\":\"LJcollections\",\"alternateName\":\"LJcollections\",\"url\":\"https:\/\/lj-collections.com\/\",\"logo\":{\"@type\":\"ImageObject\",\"inLanguage\":\"en-US\",\"@id\":\"https:\/\/lj-collections.com\/#\/schema\/logo\/image\/\",\"url\":\"https:\/\/lj-collections.com\/wp-content\/uploads\/2023\/09\/favicon-1.png\",\"contentUrl\":\"https:\/\/lj-collections.com\/wp-content\/uploads\/2023\/09\/favicon-1.png\",\"width\":337,\"height\":267,\"caption\":\"LJcollections\"},\"image\":{\"@id\":\"https:\/\/lj-collections.com\/#\/schema\/logo\/image\/\"}}]}<\/script>\n<!-- \/ Yoast SEO plugin. -->","yoast_head_json":{"title":"FRANCE - Ecu d'or \u00e0 la couronne Charles VI 1385 - 1420 - LJ Collections","robots":{"index":"index","follow":"follow","max-snippet":"max-snippet:-1","max-image-preview":"max-image-preview:large","max-video-preview":"max-video-preview:-1"},"canonical":"https:\/\/lj-collections.com\/en\/product\/france-ecu-dor-a-la-couronne-charles-vi-1385-1420\/","og_locale":"en_US","og_type":"article","og_title":"FRANCE - Ecu d'or \u00e0 la couronne Charles VI 1385 - 1420 - LJ Collections","og_url":"https:\/\/lj-collections.com\/en\/product\/france-ecu-dor-a-la-couronne-charles-vi-1385-1420\/","og_site_name":"LJ Collections","article_modified_time":"2025-03-24T19:39:46+00:00","og_image":[{"width":1024,"height":1024,"url":"https:\/\/lj-collections.com\/wp-content\/uploads\/2025\/03\/20250317_231902-1024x1024.png","type":"image\/png"}],"twitter_card":"summary_large_image","twitter_misc":{"Est. reading time":"1 minute"},"schema":{"@context":"https:\/\/schema.org","@graph":[{"@type":"WebPage","@id":"https:\/\/lj-collections.com\/produit\/france-ecu-dor-a-la-couronne-charles-vi-1385-1420\/","url":"https:\/\/lj-collections.com\/produit\/france-ecu-dor-a-la-couronne-charles-vi-1385-1420\/","name":"FRANCE - Ecu d'or \u00e0 la couronne Charles VI 1385 - 1420 - LJ Collections","isPartOf":{"@id":"https:\/\/lj-collections.com\/#website"},"primaryImageOfPage":{"@id":"https:\/\/lj-collections.com\/produit\/france-ecu-dor-a-la-couronne-charles-vi-1385-1420\/#primaryimage"},"image":{"@id":"https:\/\/lj-collections.com\/produit\/france-ecu-dor-a-la-couronne-charles-vi-1385-1420\/#primaryimage"},"thumbnailUrl":"https:\/\/lj-collections.com\/wp-content\/uploads\/2025\/03\/20250317_231902.png","datePublished":"2025-03-17T22:28:50+00:00","dateModified":"2025-03-24T19:39:46+00:00","breadcrumb":{"@id":"https:\/\/lj-collections.com\/produit\/france-ecu-dor-a-la-couronne-charles-vi-1385-1420\/#breadcrumb"},"inLanguage":"en-US","potentialAction":[{"@type":"ReadAction","target":["https:\/\/lj-collections.com\/produit\/france-ecu-dor-a-la-couronne-charles-vi-1385-1420\/"]}]},{"@type":"ImageObject","inLanguage":"en-US","@id":"https:\/\/lj-collections.com\/produit\/france-ecu-dor-a-la-couronne-charles-vi-1385-1420\/#primaryimage","url":"https:\/\/lj-collections.com\/wp-content\/uploads\/2025\/03\/20250317_231902.png","contentUrl":"https:\/\/lj-collections.com\/wp-content\/uploads\/2025\/03\/20250317_231902.png","width":2000,"height":2000,"caption":"Revers Ecu d'or Charles VI 1380 - 1422"},{"@type":"BreadcrumbList","@id":"https:\/\/lj-collections.com\/produit\/france-ecu-dor-a-la-couronne-charles-vi-1385-1420\/#breadcrumb","itemListElement":[{"@type":"ListItem","position":1,"name":"Accueil","item":"https:\/\/lj-collections.com\/"},{"@type":"ListItem","position":2,"name":"Boutique","item":"https:\/\/lj-collections.com\/boutique\/"},{"@type":"ListItem","position":3,"name":"FRANCE &#8211; Ecu d&rsquo;or \u00e0 la couronne Charles VI 1385 &#8211; 1420"}]},{"@type":"WebSite","@id":"https:\/\/lj-collections.com\/#website","url":"https:\/\/lj-collections.com\/","name":"LJ Collections","description":"Monnaies, billets et tr\u00e9sors d&#039;hier, disponibles aujourd&#039;hui \u00e0 Valence dans la Dr\u00f4me.","publisher":{"@id":"https:\/\/lj-collections.com\/#organization"},"potentialAction":[{"@type":"SearchAction","target":{"@type":"EntryPoint","urlTemplate":"https:\/\/lj-collections.com\/?s={search_term_string}"},"query-input":{"@type":"PropertyValueSpecification","valueRequired":true,"valueName":"search_term_string"}}],"inLanguage":"en-US"},{"@type":"Organization","@id":"https:\/\/lj-collections.com\/#organization","name":"LJcollections","alternateName":"LJcollections","url":"https:\/\/lj-collections.com\/","logo":{"@type":"ImageObject","inLanguage":"en-US","@id":"https:\/\/lj-collections.com\/#\/schema\/logo\/image\/","url":"https:\/\/lj-collections.com\/wp-content\/uploads\/2023\/09\/favicon-1.png","contentUrl":"https:\/\/lj-collections.com\/wp-content\/uploads\/2023\/09\/favicon-1.png","width":337,"height":267,"caption":"LJcollections"},"image":{"@id":"https:\/\/lj-collections.com\/#\/schema\/logo\/image\/"}}]}},"_links":{"self":[{"href":"https:\/\/lj-collections.com\/en\/wp-json\/wp\/v2\/product\/2349","targetHints":{"allow":["GET"]}}],"collection":[{"href":"https:\/\/lj-collections.com\/en\/wp-json\/wp\/v2\/product"}],"about":[{"href":"https:\/\/lj-collections.com\/en\/wp-json\/wp\/v2\/types\/product"}],"replies":[{"embeddable":true,"href":"https:\/\/lj-collections.com\/en\/wp-json\/wp\/v2\/comments?post=2349"}],"wp:featuredmedia":[{"embeddable":true,"href":"https:\/\/lj-collections.com\/en\/wp-json\/wp\/v2\/media\/2347"}],"wp:attachment":[{"href":"https:\/\/lj-collections.com\/en\/wp-json\/wp\/v2\/media?parent=2349"}],"wp:term":[{"taxonomy":"product_brand","embeddable":true,"href":"https:\/\/lj-collections.com\/en\/wp-json\/wp\/v2\/product_brand?post=2349"},{"taxonomy":"product_cat","embeddable":true,"href":"https:\/\/lj-collections.com\/en\/wp-json\/wp\/v2\/product_cat?post=2349"},{"taxonomy":"product_tag","embeddable":true,"href":"https:\/\/lj-collections.com\/en\/wp-json\/wp\/v2\/product_tag?post=2349"}],"curies":[{"name":"wp","href":"https:\/\/api.w.org\/{rel}","templated":true}]}}