{"id":2308,"date":"2025-03-12T22:18:18","date_gmt":"2025-03-12T22:18:18","guid":{"rendered":"https:\/\/lj-collections.com\/?post_type=product&#038;p=2308"},"modified":"2025-03-14T06:19:07","modified_gmt":"2025-03-14T06:19:07","slug":"france-5-francs-1830-m-toulouse-louis-philippe","status":"publish","type":"product","link":"https:\/\/lj-collections.com\/en\/product\/france-5-francs-1830-m-toulouse-louis-philippe\/","title":{"rendered":"FRANCE &#8211; 5 francs 1830 M Toulouse Louis Philippe"},"content":{"rendered":"<div>FRANCE &#8211; 5 francs 1830 M Toulouse Louis Philippe<\/div>\n<div><\/div>\n<div>Note : Pi\u00e8ce rare , seulement 50312 expemplaires frapp\u00e9s . La monnaie a des traces de nettoyage.<\/div>\n<div><\/div>\n<div class=\"col-6 col-md-3 attr_name\"><strong>Year: <\/strong>1830<\/div>\n<div class=\"col-6 col-md-3 attr_name\"><strong>Mint: <\/strong>Toulouse<\/div>\n<div class=\"col-6 col-md-3 attr_name\"><strong>Diameter (mm): <\/strong>37<\/div>\n<div class=\"col-6 col-md-3 attr_name\"><strong>Metal: <\/strong>Silver<\/div>\n<div class=\"col-6 col-md-3 attr_name\"><strong>Country: <\/strong>France<\/div>\n<div class=\"col-6 col-md-3 attr_name\"><strong>Weight (grams): <\/strong>25<\/div>\n<div class=\"col-6 col-md-3 attr_name\"><strong>Condition: <\/strong>VF<\/div>","protected":false},"excerpt":{"rendered":"Avers : Portrait de Louis-Philippe Ier : T\u00eate nue du roi tourn\u00e9e vers la droite,&hellip;","protected":false},"featured_media":2278,"comment_status":"open","ping_status":"closed","template":"","meta":{"_acf_changed":false},"product_brand":[],"product_cat":[41,18,17],"product_tag":[],"class_list":{"0":"post-2308","1":"product","2":"type-product","3":"status-publish","4":"has-post-thumbnail","6":"product_cat-monnaies-europe","7":"product_cat-monnaies-francaises","8":"product_cat-monnaies","9":"pa_annee-545","10":"pa_atelier-toulouse","11":"pa_diametre-mm-571","12":"pa_metal-argent","13":"pa_pays-france","14":"pa_poids-863","15":"pa_qualite-tb","17":"first","18":"outofstock","19":"shipping-taxable","20":"purchasable","21":"product-type-simple"},"acf":[],"yoast_head":"<!-- This site is optimized with the Yoast SEO plugin v27.2 - https:\/\/yoast.com\/product\/yoast-seo-wordpress\/ -->\n<title>FRANCE - 5 francs 1830 M Toulouse Louis Philippe - LJ Collections<\/title>\n<meta name=\"robots\" content=\"index, follow, max-snippet:-1, max-image-preview:large, max-video-preview:-1\" \/>\n<link rel=\"canonical\" href=\"https:\/\/lj-collections.com\/en\/product\/france-5-francs-1830-m-toulouse-louis-philippe\/\" \/>\n<meta property=\"og:locale\" content=\"en_US\" \/>\n<meta property=\"og:type\" content=\"article\" \/>\n<meta property=\"og:title\" content=\"FRANCE - 5 francs 1830 M Toulouse Louis Philippe - LJ Collections\" \/>\n<meta property=\"og:url\" content=\"https:\/\/lj-collections.com\/en\/product\/france-5-francs-1830-m-toulouse-louis-philippe\/\" \/>\n<meta property=\"og:site_name\" content=\"LJ Collections\" \/>\n<meta property=\"article:modified_time\" content=\"2025-03-14T06:19:07+00:00\" \/>\n<meta property=\"og:image\" content=\"http:\/\/lj-collections.com\/wp-content\/uploads\/2025\/03\/20250311_222155-1024x1024.png\" \/>\n\t<meta property=\"og:image:width\" content=\"1024\" \/>\n\t<meta property=\"og:image:height\" content=\"1024\" \/>\n\t<meta property=\"og:image:type\" content=\"image\/png\" \/>\n<meta name=\"twitter:card\" content=\"summary_large_image\" \/>\n<meta name=\"twitter:label1\" content=\"Est. reading time\" \/>\n\t<meta name=\"twitter:data1\" content=\"1 minute\" \/>\n<script type=\"application\/ld+json\" class=\"yoast-schema-graph\">{\"@context\":\"https:\/\/schema.org\",\"@graph\":[{\"@type\":\"WebPage\",\"@id\":\"https:\/\/lj-collections.com\/produit\/france-5-francs-1830-m-toulouse-louis-philippe\/\",\"url\":\"https:\/\/lj-collections.com\/produit\/france-5-francs-1830-m-toulouse-louis-philippe\/\",\"name\":\"FRANCE - 5 francs 1830 M Toulouse Louis Philippe - LJ Collections\",\"isPartOf\":{\"@id\":\"https:\/\/lj-collections.com\/#website\"},\"primaryImageOfPage\":{\"@id\":\"https:\/\/lj-collections.com\/produit\/france-5-francs-1830-m-toulouse-louis-philippe\/#primaryimage\"},\"image\":{\"@id\":\"https:\/\/lj-collections.com\/produit\/france-5-francs-1830-m-toulouse-louis-philippe\/#primaryimage\"},\"thumbnailUrl\":\"https:\/\/lj-collections.com\/wp-content\/uploads\/2025\/03\/20250311_222155.png\",\"datePublished\":\"2025-03-12T22:18:18+00:00\",\"dateModified\":\"2025-03-14T06:19:07+00:00\",\"breadcrumb\":{\"@id\":\"https:\/\/lj-collections.com\/produit\/france-5-francs-1830-m-toulouse-louis-philippe\/#breadcrumb\"},\"inLanguage\":\"en-US\",\"potentialAction\":[{\"@type\":\"ReadAction\",\"target\":[\"https:\/\/lj-collections.com\/produit\/france-5-francs-1830-m-toulouse-louis-philippe\/\"]}]},{\"@type\":\"ImageObject\",\"inLanguage\":\"en-US\",\"@id\":\"https:\/\/lj-collections.com\/produit\/france-5-francs-1830-m-toulouse-louis-philippe\/#primaryimage\",\"url\":\"https:\/\/lj-collections.com\/wp-content\/uploads\/2025\/03\/20250311_222155.png\",\"contentUrl\":\"https:\/\/lj-collections.com\/wp-content\/uploads\/2025\/03\/20250311_222155.png\",\"width\":2000,\"height\":2000,\"caption\":\"Revers 5 francs 1830 M Toulouse Louis Philippe\"},{\"@type\":\"BreadcrumbList\",\"@id\":\"https:\/\/lj-collections.com\/produit\/france-5-francs-1830-m-toulouse-louis-philippe\/#breadcrumb\",\"itemListElement\":[{\"@type\":\"ListItem\",\"position\":1,\"name\":\"Accueil\",\"item\":\"https:\/\/lj-collections.com\/\"},{\"@type\":\"ListItem\",\"position\":2,\"name\":\"Boutique\",\"item\":\"https:\/\/lj-collections.com\/boutique\/\"},{\"@type\":\"ListItem\",\"position\":3,\"name\":\"FRANCE &#8211; 5 francs 1830 M Toulouse Louis Philippe\"}]},{\"@type\":\"WebSite\",\"@id\":\"https:\/\/lj-collections.com\/#website\",\"url\":\"https:\/\/lj-collections.com\/\",\"name\":\"LJ Collections\",\"description\":\"Monnaies, billets et tr\u00e9sors d&#039;hier, disponibles aujourd&#039;hui \u00e0 Valence dans la Dr\u00f4me.\",\"publisher\":{\"@id\":\"https:\/\/lj-collections.com\/#organization\"},\"potentialAction\":[{\"@type\":\"SearchAction\",\"target\":{\"@type\":\"EntryPoint\",\"urlTemplate\":\"https:\/\/lj-collections.com\/?s={search_term_string}\"},\"query-input\":{\"@type\":\"PropertyValueSpecification\",\"valueRequired\":true,\"valueName\":\"search_term_string\"}}],\"inLanguage\":\"en-US\"},{\"@type\":\"Organization\",\"@id\":\"https:\/\/lj-collections.com\/#organization\",\"name\":\"LJcollections\",\"alternateName\":\"LJcollections\",\"url\":\"https:\/\/lj-collections.com\/\",\"logo\":{\"@type\":\"ImageObject\",\"inLanguage\":\"en-US\",\"@id\":\"https:\/\/lj-collections.com\/#\/schema\/logo\/image\/\",\"url\":\"https:\/\/lj-collections.com\/wp-content\/uploads\/2023\/09\/favicon-1.png\",\"contentUrl\":\"https:\/\/lj-collections.com\/wp-content\/uploads\/2023\/09\/favicon-1.png\",\"width\":337,\"height\":267,\"caption\":\"LJcollections\"},\"image\":{\"@id\":\"https:\/\/lj-collections.com\/#\/schema\/logo\/image\/\"}}]}<\/script>\n<!-- \/ Yoast SEO plugin. -->","yoast_head_json":{"title":"FRANCE - 5 francs 1830 M Toulouse Louis Philippe - LJ Collections","robots":{"index":"index","follow":"follow","max-snippet":"max-snippet:-1","max-image-preview":"max-image-preview:large","max-video-preview":"max-video-preview:-1"},"canonical":"https:\/\/lj-collections.com\/en\/product\/france-5-francs-1830-m-toulouse-louis-philippe\/","og_locale":"en_US","og_type":"article","og_title":"FRANCE - 5 francs 1830 M Toulouse Louis Philippe - LJ Collections","og_url":"https:\/\/lj-collections.com\/en\/product\/france-5-francs-1830-m-toulouse-louis-philippe\/","og_site_name":"LJ Collections","article_modified_time":"2025-03-14T06:19:07+00:00","og_image":[{"width":1024,"height":1024,"url":"http:\/\/lj-collections.com\/wp-content\/uploads\/2025\/03\/20250311_222155-1024x1024.png","type":"image\/png"}],"twitter_card":"summary_large_image","twitter_misc":{"Est. reading time":"1 minute"},"schema":{"@context":"https:\/\/schema.org","@graph":[{"@type":"WebPage","@id":"https:\/\/lj-collections.com\/produit\/france-5-francs-1830-m-toulouse-louis-philippe\/","url":"https:\/\/lj-collections.com\/produit\/france-5-francs-1830-m-toulouse-louis-philippe\/","name":"FRANCE - 5 francs 1830 M Toulouse Louis Philippe - LJ Collections","isPartOf":{"@id":"https:\/\/lj-collections.com\/#website"},"primaryImageOfPage":{"@id":"https:\/\/lj-collections.com\/produit\/france-5-francs-1830-m-toulouse-louis-philippe\/#primaryimage"},"image":{"@id":"https:\/\/lj-collections.com\/produit\/france-5-francs-1830-m-toulouse-louis-philippe\/#primaryimage"},"thumbnailUrl":"https:\/\/lj-collections.com\/wp-content\/uploads\/2025\/03\/20250311_222155.png","datePublished":"2025-03-12T22:18:18+00:00","dateModified":"2025-03-14T06:19:07+00:00","breadcrumb":{"@id":"https:\/\/lj-collections.com\/produit\/france-5-francs-1830-m-toulouse-louis-philippe\/#breadcrumb"},"inLanguage":"en-US","potentialAction":[{"@type":"ReadAction","target":["https:\/\/lj-collections.com\/produit\/france-5-francs-1830-m-toulouse-louis-philippe\/"]}]},{"@type":"ImageObject","inLanguage":"en-US","@id":"https:\/\/lj-collections.com\/produit\/france-5-francs-1830-m-toulouse-louis-philippe\/#primaryimage","url":"https:\/\/lj-collections.com\/wp-content\/uploads\/2025\/03\/20250311_222155.png","contentUrl":"https:\/\/lj-collections.com\/wp-content\/uploads\/2025\/03\/20250311_222155.png","width":2000,"height":2000,"caption":"Revers 5 francs 1830 M Toulouse Louis Philippe"},{"@type":"BreadcrumbList","@id":"https:\/\/lj-collections.com\/produit\/france-5-francs-1830-m-toulouse-louis-philippe\/#breadcrumb","itemListElement":[{"@type":"ListItem","position":1,"name":"Accueil","item":"https:\/\/lj-collections.com\/"},{"@type":"ListItem","position":2,"name":"Boutique","item":"https:\/\/lj-collections.com\/boutique\/"},{"@type":"ListItem","position":3,"name":"FRANCE &#8211; 5 francs 1830 M Toulouse Louis Philippe"}]},{"@type":"WebSite","@id":"https:\/\/lj-collections.com\/#website","url":"https:\/\/lj-collections.com\/","name":"LJ Collections","description":"Monnaies, billets et tr\u00e9sors d&#039;hier, disponibles aujourd&#039;hui \u00e0 Valence dans la Dr\u00f4me.","publisher":{"@id":"https:\/\/lj-collections.com\/#organization"},"potentialAction":[{"@type":"SearchAction","target":{"@type":"EntryPoint","urlTemplate":"https:\/\/lj-collections.com\/?s={search_term_string}"},"query-input":{"@type":"PropertyValueSpecification","valueRequired":true,"valueName":"search_term_string"}}],"inLanguage":"en-US"},{"@type":"Organization","@id":"https:\/\/lj-collections.com\/#organization","name":"LJcollections","alternateName":"LJcollections","url":"https:\/\/lj-collections.com\/","logo":{"@type":"ImageObject","inLanguage":"en-US","@id":"https:\/\/lj-collections.com\/#\/schema\/logo\/image\/","url":"https:\/\/lj-collections.com\/wp-content\/uploads\/2023\/09\/favicon-1.png","contentUrl":"https:\/\/lj-collections.com\/wp-content\/uploads\/2023\/09\/favicon-1.png","width":337,"height":267,"caption":"LJcollections"},"image":{"@id":"https:\/\/lj-collections.com\/#\/schema\/logo\/image\/"}}]}},"_links":{"self":[{"href":"https:\/\/lj-collections.com\/en\/wp-json\/wp\/v2\/product\/2308","targetHints":{"allow":["GET"]}}],"collection":[{"href":"https:\/\/lj-collections.com\/en\/wp-json\/wp\/v2\/product"}],"about":[{"href":"https:\/\/lj-collections.com\/en\/wp-json\/wp\/v2\/types\/product"}],"replies":[{"embeddable":true,"href":"https:\/\/lj-collections.com\/en\/wp-json\/wp\/v2\/comments?post=2308"}],"wp:featuredmedia":[{"embeddable":true,"href":"https:\/\/lj-collections.com\/en\/wp-json\/wp\/v2\/media\/2278"}],"wp:attachment":[{"href":"https:\/\/lj-collections.com\/en\/wp-json\/wp\/v2\/media?parent=2308"}],"wp:term":[{"taxonomy":"product_brand","embeddable":true,"href":"https:\/\/lj-collections.com\/en\/wp-json\/wp\/v2\/product_brand?post=2308"},{"taxonomy":"product_cat","embeddable":true,"href":"https:\/\/lj-collections.com\/en\/wp-json\/wp\/v2\/product_cat?post=2308"},{"taxonomy":"product_tag","embeddable":true,"href":"https:\/\/lj-collections.com\/en\/wp-json\/wp\/v2\/product_tag?post=2308"}],"curies":[{"name":"wp","href":"https:\/\/api.w.org\/{rel}","templated":true}]}}