{"id":2213,"date":"2024-12-18T23:23:54","date_gmt":"2024-12-18T23:23:54","guid":{"rendered":"https:\/\/lj-collections.com\/?post_type=product&#038;p=2213"},"modified":"2025-02-22T13:20:21","modified_gmt":"2025-02-22T13:20:21","slug":"france-billet-50-francs-henri-iv-spl-07-04-1960-p-143-fay-58","status":"publish","type":"product","link":"https:\/\/lj-collections.com\/en\/product\/france-billet-50-francs-henri-iv-spl-07-04-1960-p-143-fay-58\/","title":{"rendered":"FRANCE &#8211; billet 50 francs Henri IV SPL 07-04-1960 P-143 \/ Fay-58"},"content":{"rendered":"<p>FRANCE &#8211; billet 50 francs Henri IV SPL 07-04-1960 P-143 \/ Fay-58<\/p>\n<div class=\"col-6 col-md-3 attr_name\"><strong>Year: <\/strong>1960<\/div>\n<div class=\"col-6 col-md-3 attr_name\"><strong>Country: <\/strong>France<\/div>\n<div><strong>Personnage<\/strong>: Henri IV<\/div>\n<div class=\"col-6 col-md-3 attr_name\"><strong>Condition: <\/strong>AU+<\/div>\n<div><strong>R\u00e9f\u00e9rences<\/strong> : P-143 , Fay-58<\/div>\n<div class=\"col-6 col-md-3 attr_name\"><strong>Size ( mm ):<\/strong> 160 \u00d7 85<\/div>\n<div class=\"col-6 col-md-3 attr_name\"><strong>Valeur faciale:<\/strong>\u00a0 50 Francs<\/div>\n<div><\/div>\n<div>\n<p><strong>Recto :<\/strong><\/p>\n<ul>\n<li><strong>Portrait d&rsquo;Henri IV<\/strong> : Le roi est repr\u00e9sent\u00e9 au centre, avec en arri\u00e8re-plan une vue du Pont-Neuf \u00e0 Paris, symbolisant son r\u00e8gne et ses contributions \u00e0 l&rsquo;urbanisme parisien.<\/li>\n<li><strong>\u00c9cussons<\/strong> : \u00c0 gauche, l&rsquo;\u00e9cusson de Paris ; \u00e0 droite, celui du B\u00e9arn, rappelant les origines et les titres du souverain.<\/li>\n<\/ul>\n<p><strong>Verso :<\/strong><\/p>\n<ul>\n<li><strong>Henri IV<\/strong> : Le roi est de nouveau illustr\u00e9 au centre.<\/li>\n<li><strong>Ch\u00e2teau de Pau<\/strong> : \u00c0 droite, une repr\u00e9sentation du ch\u00e2teau de Pau, lieu de naissance d&rsquo;Henri IV, avec les Pyr\u00e9n\u00e9es en arri\u00e8re-plan, \u00e9voquant son attachement au sud-ouest de la France.<\/li>\n<\/ul>\n<\/div>\n<div><strong>Note<\/strong> : Magnifique billet , un seul \u00e9pinglage .<\/div>","protected":false},"excerpt":{"rendered":"Recto : Portrait d&rsquo;Henri IV : Le roi est repr\u00e9sent\u00e9 au centre, avec en arri\u00e8re-plan&hellip;","protected":false},"featured_media":2182,"comment_status":"open","ping_status":"closed","template":"","meta":{"_acf_changed":false},"product_brand":[],"product_cat":[172,187],"product_tag":[],"class_list":{"0":"post-2213","1":"product","2":"type-product","3":"status-publish","4":"has-post-thumbnail","6":"product_cat-billets","7":"product_cat-billets-europe","8":"pa_annee-710","9":"pa_pays-france","10":"pa_personnage-henri-iv","11":"pa_qualite-spl","13":"first","14":"outofstock","15":"shipping-taxable","16":"purchasable","17":"product-type-simple"},"acf":[],"yoast_head":"<!-- This site is optimized with the Yoast SEO plugin v27.2 - https:\/\/yoast.com\/product\/yoast-seo-wordpress\/ -->\n<title>FRANCE - billet 50 francs Henri IV SPL 07-04-1960 P-143 \/ Fay-58 - LJ Collections<\/title>\n<meta name=\"robots\" content=\"index, follow, max-snippet:-1, max-image-preview:large, max-video-preview:-1\" \/>\n<link rel=\"canonical\" href=\"https:\/\/lj-collections.com\/en\/product\/france-billet-50-francs-henri-iv-spl-07-04-1960-p-143-fay-58\/\" \/>\n<meta property=\"og:locale\" content=\"en_US\" \/>\n<meta property=\"og:type\" content=\"article\" \/>\n<meta property=\"og:title\" content=\"FRANCE - billet 50 francs Henri IV SPL 07-04-1960 P-143 \/ Fay-58 - LJ Collections\" \/>\n<meta property=\"og:url\" content=\"https:\/\/lj-collections.com\/en\/product\/france-billet-50-francs-henri-iv-spl-07-04-1960-p-143-fay-58\/\" \/>\n<meta property=\"og:site_name\" content=\"LJ Collections\" \/>\n<meta property=\"article:modified_time\" content=\"2025-02-22T13:20:21+00:00\" \/>\n<meta property=\"og:image\" content=\"http:\/\/lj-collections.com\/wp-content\/uploads\/2024\/12\/Photoroom-20241216_233429-1-1024x1024.png\" \/>\n\t<meta property=\"og:image:width\" content=\"1024\" \/>\n\t<meta property=\"og:image:height\" content=\"1024\" \/>\n\t<meta property=\"og:image:type\" content=\"image\/png\" \/>\n<meta name=\"twitter:card\" content=\"summary_large_image\" \/>\n<meta name=\"twitter:label1\" content=\"Est. reading time\" \/>\n\t<meta name=\"twitter:data1\" content=\"1 minute\" \/>\n<script type=\"application\/ld+json\" class=\"yoast-schema-graph\">{\"@context\":\"https:\/\/schema.org\",\"@graph\":[{\"@type\":\"WebPage\",\"@id\":\"https:\/\/lj-collections.com\/produit\/france-billet-50-francs-henri-iv-spl-07-04-1960-p-143-fay-58\/\",\"url\":\"https:\/\/lj-collections.com\/produit\/france-billet-50-francs-henri-iv-spl-07-04-1960-p-143-fay-58\/\",\"name\":\"FRANCE - billet 50 francs Henri IV SPL 07-04-1960 P-143 \/ Fay-58 - LJ Collections\",\"isPartOf\":{\"@id\":\"https:\/\/lj-collections.com\/#website\"},\"primaryImageOfPage\":{\"@id\":\"https:\/\/lj-collections.com\/produit\/france-billet-50-francs-henri-iv-spl-07-04-1960-p-143-fay-58\/#primaryimage\"},\"image\":{\"@id\":\"https:\/\/lj-collections.com\/produit\/france-billet-50-francs-henri-iv-spl-07-04-1960-p-143-fay-58\/#primaryimage\"},\"thumbnailUrl\":\"https:\/\/lj-collections.com\/wp-content\/uploads\/2024\/12\/Photoroom-20241216_233429-1.png\",\"datePublished\":\"2024-12-18T23:23:54+00:00\",\"dateModified\":\"2025-02-22T13:20:21+00:00\",\"breadcrumb\":{\"@id\":\"https:\/\/lj-collections.com\/produit\/france-billet-50-francs-henri-iv-spl-07-04-1960-p-143-fay-58\/#breadcrumb\"},\"inLanguage\":\"en-US\",\"potentialAction\":[{\"@type\":\"ReadAction\",\"target\":[\"https:\/\/lj-collections.com\/produit\/france-billet-50-francs-henri-iv-spl-07-04-1960-p-143-fay-58\/\"]}]},{\"@type\":\"ImageObject\",\"inLanguage\":\"en-US\",\"@id\":\"https:\/\/lj-collections.com\/produit\/france-billet-50-francs-henri-iv-spl-07-04-1960-p-143-fay-58\/#primaryimage\",\"url\":\"https:\/\/lj-collections.com\/wp-content\/uploads\/2024\/12\/Photoroom-20241216_233429-1.png\",\"contentUrl\":\"https:\/\/lj-collections.com\/wp-content\/uploads\/2024\/12\/Photoroom-20241216_233429-1.png\",\"width\":2000,\"height\":2000,\"caption\":\"Recto billet 50 francs Henri IV 07-04-1960 P-143\"},{\"@type\":\"BreadcrumbList\",\"@id\":\"https:\/\/lj-collections.com\/produit\/france-billet-50-francs-henri-iv-spl-07-04-1960-p-143-fay-58\/#breadcrumb\",\"itemListElement\":[{\"@type\":\"ListItem\",\"position\":1,\"name\":\"Accueil\",\"item\":\"https:\/\/lj-collections.com\/\"},{\"@type\":\"ListItem\",\"position\":2,\"name\":\"Boutique\",\"item\":\"https:\/\/lj-collections.com\/boutique\/\"},{\"@type\":\"ListItem\",\"position\":3,\"name\":\"FRANCE &#8211; billet 50 francs Henri IV SPL 07-04-1960 P-143 \/ Fay-58\"}]},{\"@type\":\"WebSite\",\"@id\":\"https:\/\/lj-collections.com\/#website\",\"url\":\"https:\/\/lj-collections.com\/\",\"name\":\"LJ Collections\",\"description\":\"Monnaies, billets et tr\u00e9sors d&#039;hier, disponibles aujourd&#039;hui \u00e0 Valence dans la Dr\u00f4me.\",\"publisher\":{\"@id\":\"https:\/\/lj-collections.com\/#organization\"},\"potentialAction\":[{\"@type\":\"SearchAction\",\"target\":{\"@type\":\"EntryPoint\",\"urlTemplate\":\"https:\/\/lj-collections.com\/?s={search_term_string}\"},\"query-input\":{\"@type\":\"PropertyValueSpecification\",\"valueRequired\":true,\"valueName\":\"search_term_string\"}}],\"inLanguage\":\"en-US\"},{\"@type\":\"Organization\",\"@id\":\"https:\/\/lj-collections.com\/#organization\",\"name\":\"LJcollections\",\"alternateName\":\"LJcollections\",\"url\":\"https:\/\/lj-collections.com\/\",\"logo\":{\"@type\":\"ImageObject\",\"inLanguage\":\"en-US\",\"@id\":\"https:\/\/lj-collections.com\/#\/schema\/logo\/image\/\",\"url\":\"https:\/\/lj-collections.com\/wp-content\/uploads\/2023\/09\/favicon-1.png\",\"contentUrl\":\"https:\/\/lj-collections.com\/wp-content\/uploads\/2023\/09\/favicon-1.png\",\"width\":337,\"height\":267,\"caption\":\"LJcollections\"},\"image\":{\"@id\":\"https:\/\/lj-collections.com\/#\/schema\/logo\/image\/\"}}]}<\/script>\n<!-- \/ Yoast SEO plugin. -->","yoast_head_json":{"title":"FRANCE - billet 50 francs Henri IV SPL 07-04-1960 P-143 \/ Fay-58 - LJ Collections","robots":{"index":"index","follow":"follow","max-snippet":"max-snippet:-1","max-image-preview":"max-image-preview:large","max-video-preview":"max-video-preview:-1"},"canonical":"https:\/\/lj-collections.com\/en\/product\/france-billet-50-francs-henri-iv-spl-07-04-1960-p-143-fay-58\/","og_locale":"en_US","og_type":"article","og_title":"FRANCE - billet 50 francs Henri IV SPL 07-04-1960 P-143 \/ Fay-58 - LJ Collections","og_url":"https:\/\/lj-collections.com\/en\/product\/france-billet-50-francs-henri-iv-spl-07-04-1960-p-143-fay-58\/","og_site_name":"LJ Collections","article_modified_time":"2025-02-22T13:20:21+00:00","og_image":[{"width":1024,"height":1024,"url":"http:\/\/lj-collections.com\/wp-content\/uploads\/2024\/12\/Photoroom-20241216_233429-1-1024x1024.png","type":"image\/png"}],"twitter_card":"summary_large_image","twitter_misc":{"Est. reading time":"1 minute"},"schema":{"@context":"https:\/\/schema.org","@graph":[{"@type":"WebPage","@id":"https:\/\/lj-collections.com\/produit\/france-billet-50-francs-henri-iv-spl-07-04-1960-p-143-fay-58\/","url":"https:\/\/lj-collections.com\/produit\/france-billet-50-francs-henri-iv-spl-07-04-1960-p-143-fay-58\/","name":"FRANCE - billet 50 francs Henri IV SPL 07-04-1960 P-143 \/ Fay-58 - LJ Collections","isPartOf":{"@id":"https:\/\/lj-collections.com\/#website"},"primaryImageOfPage":{"@id":"https:\/\/lj-collections.com\/produit\/france-billet-50-francs-henri-iv-spl-07-04-1960-p-143-fay-58\/#primaryimage"},"image":{"@id":"https:\/\/lj-collections.com\/produit\/france-billet-50-francs-henri-iv-spl-07-04-1960-p-143-fay-58\/#primaryimage"},"thumbnailUrl":"https:\/\/lj-collections.com\/wp-content\/uploads\/2024\/12\/Photoroom-20241216_233429-1.png","datePublished":"2024-12-18T23:23:54+00:00","dateModified":"2025-02-22T13:20:21+00:00","breadcrumb":{"@id":"https:\/\/lj-collections.com\/produit\/france-billet-50-francs-henri-iv-spl-07-04-1960-p-143-fay-58\/#breadcrumb"},"inLanguage":"en-US","potentialAction":[{"@type":"ReadAction","target":["https:\/\/lj-collections.com\/produit\/france-billet-50-francs-henri-iv-spl-07-04-1960-p-143-fay-58\/"]}]},{"@type":"ImageObject","inLanguage":"en-US","@id":"https:\/\/lj-collections.com\/produit\/france-billet-50-francs-henri-iv-spl-07-04-1960-p-143-fay-58\/#primaryimage","url":"https:\/\/lj-collections.com\/wp-content\/uploads\/2024\/12\/Photoroom-20241216_233429-1.png","contentUrl":"https:\/\/lj-collections.com\/wp-content\/uploads\/2024\/12\/Photoroom-20241216_233429-1.png","width":2000,"height":2000,"caption":"Recto billet 50 francs Henri IV 07-04-1960 P-143"},{"@type":"BreadcrumbList","@id":"https:\/\/lj-collections.com\/produit\/france-billet-50-francs-henri-iv-spl-07-04-1960-p-143-fay-58\/#breadcrumb","itemListElement":[{"@type":"ListItem","position":1,"name":"Accueil","item":"https:\/\/lj-collections.com\/"},{"@type":"ListItem","position":2,"name":"Boutique","item":"https:\/\/lj-collections.com\/boutique\/"},{"@type":"ListItem","position":3,"name":"FRANCE &#8211; billet 50 francs Henri IV SPL 07-04-1960 P-143 \/ Fay-58"}]},{"@type":"WebSite","@id":"https:\/\/lj-collections.com\/#website","url":"https:\/\/lj-collections.com\/","name":"LJ Collections","description":"Monnaies, billets et tr\u00e9sors d&#039;hier, disponibles aujourd&#039;hui \u00e0 Valence dans la Dr\u00f4me.","publisher":{"@id":"https:\/\/lj-collections.com\/#organization"},"potentialAction":[{"@type":"SearchAction","target":{"@type":"EntryPoint","urlTemplate":"https:\/\/lj-collections.com\/?s={search_term_string}"},"query-input":{"@type":"PropertyValueSpecification","valueRequired":true,"valueName":"search_term_string"}}],"inLanguage":"en-US"},{"@type":"Organization","@id":"https:\/\/lj-collections.com\/#organization","name":"LJcollections","alternateName":"LJcollections","url":"https:\/\/lj-collections.com\/","logo":{"@type":"ImageObject","inLanguage":"en-US","@id":"https:\/\/lj-collections.com\/#\/schema\/logo\/image\/","url":"https:\/\/lj-collections.com\/wp-content\/uploads\/2023\/09\/favicon-1.png","contentUrl":"https:\/\/lj-collections.com\/wp-content\/uploads\/2023\/09\/favicon-1.png","width":337,"height":267,"caption":"LJcollections"},"image":{"@id":"https:\/\/lj-collections.com\/#\/schema\/logo\/image\/"}}]}},"_links":{"self":[{"href":"https:\/\/lj-collections.com\/en\/wp-json\/wp\/v2\/product\/2213","targetHints":{"allow":["GET"]}}],"collection":[{"href":"https:\/\/lj-collections.com\/en\/wp-json\/wp\/v2\/product"}],"about":[{"href":"https:\/\/lj-collections.com\/en\/wp-json\/wp\/v2\/types\/product"}],"replies":[{"embeddable":true,"href":"https:\/\/lj-collections.com\/en\/wp-json\/wp\/v2\/comments?post=2213"}],"wp:featuredmedia":[{"embeddable":true,"href":"https:\/\/lj-collections.com\/en\/wp-json\/wp\/v2\/media\/2182"}],"wp:attachment":[{"href":"https:\/\/lj-collections.com\/en\/wp-json\/wp\/v2\/media?parent=2213"}],"wp:term":[{"taxonomy":"product_brand","embeddable":true,"href":"https:\/\/lj-collections.com\/en\/wp-json\/wp\/v2\/product_brand?post=2213"},{"taxonomy":"product_cat","embeddable":true,"href":"https:\/\/lj-collections.com\/en\/wp-json\/wp\/v2\/product_cat?post=2213"},{"taxonomy":"product_tag","embeddable":true,"href":"https:\/\/lj-collections.com\/en\/wp-json\/wp\/v2\/product_tag?post=2213"}],"curies":[{"name":"wp","href":"https:\/\/api.w.org\/{rel}","templated":true}]}}