{"id":2204,"date":"2024-12-18T20:41:27","date_gmt":"2024-12-18T20:41:27","guid":{"rendered":"https:\/\/lj-collections.com\/?post_type=product&#038;p=2204"},"modified":"2024-12-28T22:58:09","modified_gmt":"2024-12-28T22:58:09","slug":"france-billet-300-francs-serveau-tb-1939-p-87-fay-29","status":"publish","type":"product","link":"https:\/\/lj-collections.com\/en\/product\/france-billet-300-francs-serveau-tb-1939-p-87-fay-29\/","title":{"rendered":"FRANCE &#8211; billet 300 Francs Serveau TB 1939 P-87 \/ Fay-29"},"content":{"rendered":"<div>FRANCE &#8211; billet 300 Francs Serveau TB 1939 P-87 \/ Fay-29<\/div>\n<div><\/div>\n<div class=\"col-6 col-md-3 attr_name\"><strong>Year: <\/strong>1939<\/div>\n<div class=\"col-6 col-md-3 attr_name\"><strong>Country: <\/strong>France<\/div>\n<div class=\"col-6 col-md-3 attr_name\"><strong>Condition: <\/strong>VF<\/div>\n<div><strong>R\u00e9f\u00e9rences<\/strong> : P-87 , Fay-29<\/div>\n<div class=\"col-6 col-md-3 attr_name\"><strong>Size ( mm ): <\/strong>138 x 88<\/div>\n<div class=\"col-6 col-md-3 attr_name\"><strong>Valeur faciale: <\/strong>300 francs<\/div>\n<div><\/div>\n<div>\n<p>Le billet de <strong>300 francs \u00ab\u00a0Cl\u00e9ment Serveau\u00a0\u00bb<\/strong>, \u00e9galement connu sous le nom de <strong>\u00ab\u00a0C\u00e9r\u00e8s\u00a0\u00bb<\/strong>, est une \u00e9mission notable de la Banque de France, caract\u00e9ris\u00e9e par sa valeur faciale inhabituelle et son design artistique.<\/p>\n<p><strong>Recto :<\/strong><\/p>\n<ul>\n<li><strong>Portrait de C\u00e9r\u00e8s<\/strong> : \u00c0 gauche, la d\u00e9esse romaine de l&rsquo;agriculture, couronn\u00e9e de feuilles de ch\u00eane et d&rsquo;olivier, symbolisant la prosp\u00e9rit\u00e9.<\/li>\n<li><strong>Inscriptions<\/strong> : \u00ab\u00a0BANQUE DE FRANCE\u00a0\u00bb en haut, \u00ab\u00a0TROIS CENTS FRANCS\u00a0\u00bb en bas, avec la valeur \u00ab\u00a0300\u00a0\u00bb dans le coin sup\u00e9rieur droit.<\/li>\n<\/ul>\n<p><strong>Verso :<\/strong><\/p>\n<ul>\n<li><strong>Effigie de Mercure<\/strong> : \u00c0 droite, le dieu romain du commerce et des voyages, reconnaissable \u00e0 son casque ail\u00e9.<\/li>\n<li><strong>Mention l\u00e9gale<\/strong> : L&rsquo;article 139 du Code p\u00e9nal, avertissant contre la contrefa\u00e7on des billets de banque.<\/li>\n<li><strong>Valeur faciale<\/strong> : \u00ab\u00a0300\u00a0\u00bb dans le coin inf\u00e9rieur gauche.<\/li>\n<\/ul>\n<p><strong>Note<\/strong> : Coupure d&rsquo;environ 1 centim\u00e8tre sur la marge en bas du billet.<\/p>\n<\/div>","protected":false},"excerpt":{"rendered":"Le billet de 300 francs \u00ab\u00a0Cl\u00e9ment Serveau\u00a0\u00bb, \u00e9galement connu sous le nom de \u00ab\u00a0C\u00e9r\u00e8s\u00a0\u00bb, est&hellip;","protected":false},"featured_media":2163,"comment_status":"open","ping_status":"closed","template":"","meta":{"_acf_changed":false},"product_brand":[],"product_cat":[1075,172,187],"product_tag":[],"class_list":{"0":"post-2204","1":"product","2":"type-product","3":"status-publish","4":"has-post-thumbnail","6":"product_cat-archives","7":"product_cat-billets","8":"product_cat-billets-europe","9":"pa_annee-232","10":"pa_pays-france","11":"pa_qualite-tb","13":"first","14":"outofstock","15":"shipping-taxable","16":"purchasable","17":"product-type-simple"},"acf":[],"yoast_head":"<!-- This site is optimized with the Yoast SEO plugin v27.2 - https:\/\/yoast.com\/product\/yoast-seo-wordpress\/ -->\n<title>FRANCE - billet 300 Francs Serveau TB 1939 P-87 \/ Fay-29 - LJ Collections<\/title>\n<meta name=\"robots\" content=\"index, follow, max-snippet:-1, max-image-preview:large, max-video-preview:-1\" \/>\n<link rel=\"canonical\" href=\"https:\/\/lj-collections.com\/en\/product\/france-billet-300-francs-serveau-tb-1939-p-87-fay-29\/\" \/>\n<meta property=\"og:locale\" content=\"en_US\" \/>\n<meta property=\"og:type\" content=\"article\" \/>\n<meta property=\"og:title\" content=\"FRANCE - billet 300 Francs Serveau TB 1939 P-87 \/ Fay-29 - LJ Collections\" \/>\n<meta property=\"og:url\" content=\"https:\/\/lj-collections.com\/en\/product\/france-billet-300-francs-serveau-tb-1939-p-87-fay-29\/\" \/>\n<meta property=\"og:site_name\" content=\"LJ Collections\" \/>\n<meta property=\"article:modified_time\" content=\"2024-12-28T22:58:09+00:00\" \/>\n<meta property=\"og:image\" content=\"http:\/\/lj-collections.com\/wp-content\/uploads\/2024\/12\/Photoroom-20241216_231357-1024x1024.png\" \/>\n\t<meta property=\"og:image:width\" content=\"1024\" \/>\n\t<meta property=\"og:image:height\" content=\"1024\" \/>\n\t<meta property=\"og:image:type\" content=\"image\/png\" \/>\n<meta name=\"twitter:card\" content=\"summary_large_image\" \/>\n<meta name=\"twitter:label1\" content=\"Est. reading time\" \/>\n\t<meta name=\"twitter:data1\" content=\"1 minute\" \/>\n<script type=\"application\/ld+json\" class=\"yoast-schema-graph\">{\"@context\":\"https:\/\/schema.org\",\"@graph\":[{\"@type\":\"WebPage\",\"@id\":\"https:\/\/lj-collections.com\/produit\/france-billet-300-francs-serveau-tb-1939-p-87-fay-29\/\",\"url\":\"https:\/\/lj-collections.com\/produit\/france-billet-300-francs-serveau-tb-1939-p-87-fay-29\/\",\"name\":\"FRANCE - billet 300 Francs Serveau TB 1939 P-87 \/ Fay-29 - LJ Collections\",\"isPartOf\":{\"@id\":\"https:\/\/lj-collections.com\/#website\"},\"primaryImageOfPage\":{\"@id\":\"https:\/\/lj-collections.com\/produit\/france-billet-300-francs-serveau-tb-1939-p-87-fay-29\/#primaryimage\"},\"image\":{\"@id\":\"https:\/\/lj-collections.com\/produit\/france-billet-300-francs-serveau-tb-1939-p-87-fay-29\/#primaryimage\"},\"thumbnailUrl\":\"https:\/\/lj-collections.com\/wp-content\/uploads\/2024\/12\/Photoroom-20241216_231357.png\",\"datePublished\":\"2024-12-18T20:41:27+00:00\",\"dateModified\":\"2024-12-28T22:58:09+00:00\",\"breadcrumb\":{\"@id\":\"https:\/\/lj-collections.com\/produit\/france-billet-300-francs-serveau-tb-1939-p-87-fay-29\/#breadcrumb\"},\"inLanguage\":\"en-US\",\"potentialAction\":[{\"@type\":\"ReadAction\",\"target\":[\"https:\/\/lj-collections.com\/produit\/france-billet-300-francs-serveau-tb-1939-p-87-fay-29\/\"]}]},{\"@type\":\"ImageObject\",\"inLanguage\":\"en-US\",\"@id\":\"https:\/\/lj-collections.com\/produit\/france-billet-300-francs-serveau-tb-1939-p-87-fay-29\/#primaryimage\",\"url\":\"https:\/\/lj-collections.com\/wp-content\/uploads\/2024\/12\/Photoroom-20241216_231357.png\",\"contentUrl\":\"https:\/\/lj-collections.com\/wp-content\/uploads\/2024\/12\/Photoroom-20241216_231357.png\",\"width\":2000,\"height\":2000,\"caption\":\"Recto billet 300 Francs Serveau 1939 P-87\"},{\"@type\":\"BreadcrumbList\",\"@id\":\"https:\/\/lj-collections.com\/produit\/france-billet-300-francs-serveau-tb-1939-p-87-fay-29\/#breadcrumb\",\"itemListElement\":[{\"@type\":\"ListItem\",\"position\":1,\"name\":\"Accueil\",\"item\":\"https:\/\/lj-collections.com\/\"},{\"@type\":\"ListItem\",\"position\":2,\"name\":\"Boutique\",\"item\":\"https:\/\/lj-collections.com\/boutique\/\"},{\"@type\":\"ListItem\",\"position\":3,\"name\":\"FRANCE &#8211; billet 300 Francs Serveau TB 1939 P-87 \/ Fay-29\"}]},{\"@type\":\"WebSite\",\"@id\":\"https:\/\/lj-collections.com\/#website\",\"url\":\"https:\/\/lj-collections.com\/\",\"name\":\"LJ Collections\",\"description\":\"Monnaies, billets et tr\u00e9sors d&#039;hier, disponibles aujourd&#039;hui \u00e0 Valence dans la Dr\u00f4me.\",\"publisher\":{\"@id\":\"https:\/\/lj-collections.com\/#organization\"},\"potentialAction\":[{\"@type\":\"SearchAction\",\"target\":{\"@type\":\"EntryPoint\",\"urlTemplate\":\"https:\/\/lj-collections.com\/?s={search_term_string}\"},\"query-input\":{\"@type\":\"PropertyValueSpecification\",\"valueRequired\":true,\"valueName\":\"search_term_string\"}}],\"inLanguage\":\"en-US\"},{\"@type\":\"Organization\",\"@id\":\"https:\/\/lj-collections.com\/#organization\",\"name\":\"LJcollections\",\"alternateName\":\"LJcollections\",\"url\":\"https:\/\/lj-collections.com\/\",\"logo\":{\"@type\":\"ImageObject\",\"inLanguage\":\"en-US\",\"@id\":\"https:\/\/lj-collections.com\/#\/schema\/logo\/image\/\",\"url\":\"https:\/\/lj-collections.com\/wp-content\/uploads\/2023\/09\/favicon-1.png\",\"contentUrl\":\"https:\/\/lj-collections.com\/wp-content\/uploads\/2023\/09\/favicon-1.png\",\"width\":337,\"height\":267,\"caption\":\"LJcollections\"},\"image\":{\"@id\":\"https:\/\/lj-collections.com\/#\/schema\/logo\/image\/\"}}]}<\/script>\n<!-- \/ Yoast SEO plugin. -->","yoast_head_json":{"title":"FRANCE - billet 300 Francs Serveau TB 1939 P-87 \/ Fay-29 - LJ Collections","robots":{"index":"index","follow":"follow","max-snippet":"max-snippet:-1","max-image-preview":"max-image-preview:large","max-video-preview":"max-video-preview:-1"},"canonical":"https:\/\/lj-collections.com\/en\/product\/france-billet-300-francs-serveau-tb-1939-p-87-fay-29\/","og_locale":"en_US","og_type":"article","og_title":"FRANCE - billet 300 Francs Serveau TB 1939 P-87 \/ Fay-29 - LJ Collections","og_url":"https:\/\/lj-collections.com\/en\/product\/france-billet-300-francs-serveau-tb-1939-p-87-fay-29\/","og_site_name":"LJ Collections","article_modified_time":"2024-12-28T22:58:09+00:00","og_image":[{"width":1024,"height":1024,"url":"http:\/\/lj-collections.com\/wp-content\/uploads\/2024\/12\/Photoroom-20241216_231357-1024x1024.png","type":"image\/png"}],"twitter_card":"summary_large_image","twitter_misc":{"Est. reading time":"1 minute"},"schema":{"@context":"https:\/\/schema.org","@graph":[{"@type":"WebPage","@id":"https:\/\/lj-collections.com\/produit\/france-billet-300-francs-serveau-tb-1939-p-87-fay-29\/","url":"https:\/\/lj-collections.com\/produit\/france-billet-300-francs-serveau-tb-1939-p-87-fay-29\/","name":"FRANCE - billet 300 Francs Serveau TB 1939 P-87 \/ Fay-29 - LJ Collections","isPartOf":{"@id":"https:\/\/lj-collections.com\/#website"},"primaryImageOfPage":{"@id":"https:\/\/lj-collections.com\/produit\/france-billet-300-francs-serveau-tb-1939-p-87-fay-29\/#primaryimage"},"image":{"@id":"https:\/\/lj-collections.com\/produit\/france-billet-300-francs-serveau-tb-1939-p-87-fay-29\/#primaryimage"},"thumbnailUrl":"https:\/\/lj-collections.com\/wp-content\/uploads\/2024\/12\/Photoroom-20241216_231357.png","datePublished":"2024-12-18T20:41:27+00:00","dateModified":"2024-12-28T22:58:09+00:00","breadcrumb":{"@id":"https:\/\/lj-collections.com\/produit\/france-billet-300-francs-serveau-tb-1939-p-87-fay-29\/#breadcrumb"},"inLanguage":"en-US","potentialAction":[{"@type":"ReadAction","target":["https:\/\/lj-collections.com\/produit\/france-billet-300-francs-serveau-tb-1939-p-87-fay-29\/"]}]},{"@type":"ImageObject","inLanguage":"en-US","@id":"https:\/\/lj-collections.com\/produit\/france-billet-300-francs-serveau-tb-1939-p-87-fay-29\/#primaryimage","url":"https:\/\/lj-collections.com\/wp-content\/uploads\/2024\/12\/Photoroom-20241216_231357.png","contentUrl":"https:\/\/lj-collections.com\/wp-content\/uploads\/2024\/12\/Photoroom-20241216_231357.png","width":2000,"height":2000,"caption":"Recto billet 300 Francs Serveau 1939 P-87"},{"@type":"BreadcrumbList","@id":"https:\/\/lj-collections.com\/produit\/france-billet-300-francs-serveau-tb-1939-p-87-fay-29\/#breadcrumb","itemListElement":[{"@type":"ListItem","position":1,"name":"Accueil","item":"https:\/\/lj-collections.com\/"},{"@type":"ListItem","position":2,"name":"Boutique","item":"https:\/\/lj-collections.com\/boutique\/"},{"@type":"ListItem","position":3,"name":"FRANCE &#8211; billet 300 Francs Serveau TB 1939 P-87 \/ Fay-29"}]},{"@type":"WebSite","@id":"https:\/\/lj-collections.com\/#website","url":"https:\/\/lj-collections.com\/","name":"LJ Collections","description":"Monnaies, billets et tr\u00e9sors d&#039;hier, disponibles aujourd&#039;hui \u00e0 Valence dans la Dr\u00f4me.","publisher":{"@id":"https:\/\/lj-collections.com\/#organization"},"potentialAction":[{"@type":"SearchAction","target":{"@type":"EntryPoint","urlTemplate":"https:\/\/lj-collections.com\/?s={search_term_string}"},"query-input":{"@type":"PropertyValueSpecification","valueRequired":true,"valueName":"search_term_string"}}],"inLanguage":"en-US"},{"@type":"Organization","@id":"https:\/\/lj-collections.com\/#organization","name":"LJcollections","alternateName":"LJcollections","url":"https:\/\/lj-collections.com\/","logo":{"@type":"ImageObject","inLanguage":"en-US","@id":"https:\/\/lj-collections.com\/#\/schema\/logo\/image\/","url":"https:\/\/lj-collections.com\/wp-content\/uploads\/2023\/09\/favicon-1.png","contentUrl":"https:\/\/lj-collections.com\/wp-content\/uploads\/2023\/09\/favicon-1.png","width":337,"height":267,"caption":"LJcollections"},"image":{"@id":"https:\/\/lj-collections.com\/#\/schema\/logo\/image\/"}}]}},"_links":{"self":[{"href":"https:\/\/lj-collections.com\/en\/wp-json\/wp\/v2\/product\/2204","targetHints":{"allow":["GET"]}}],"collection":[{"href":"https:\/\/lj-collections.com\/en\/wp-json\/wp\/v2\/product"}],"about":[{"href":"https:\/\/lj-collections.com\/en\/wp-json\/wp\/v2\/types\/product"}],"replies":[{"embeddable":true,"href":"https:\/\/lj-collections.com\/en\/wp-json\/wp\/v2\/comments?post=2204"}],"wp:featuredmedia":[{"embeddable":true,"href":"https:\/\/lj-collections.com\/en\/wp-json\/wp\/v2\/media\/2163"}],"wp:attachment":[{"href":"https:\/\/lj-collections.com\/en\/wp-json\/wp\/v2\/media?parent=2204"}],"wp:term":[{"taxonomy":"product_brand","embeddable":true,"href":"https:\/\/lj-collections.com\/en\/wp-json\/wp\/v2\/product_brand?post=2204"},{"taxonomy":"product_cat","embeddable":true,"href":"https:\/\/lj-collections.com\/en\/wp-json\/wp\/v2\/product_cat?post=2204"},{"taxonomy":"product_tag","embeddable":true,"href":"https:\/\/lj-collections.com\/en\/wp-json\/wp\/v2\/product_tag?post=2204"}],"curies":[{"name":"wp","href":"https:\/\/api.w.org\/{rel}","templated":true}]}}