{"id":2195,"date":"2024-12-17T22:28:05","date_gmt":"2024-12-17T22:28:05","guid":{"rendered":"https:\/\/lj-collections.com\/?post_type=product&#038;p=2195"},"modified":"2024-12-17T22:37:46","modified_gmt":"2024-12-17T22:37:46","slug":"france-billet-1000-francs-bleu-et-rose-24-12-1919-sup-p-67-fay-36","status":"publish","type":"product","link":"https:\/\/lj-collections.com\/en\/product\/france-billet-1000-francs-bleu-et-rose-24-12-1919-sup-p-67-fay-36\/","title":{"rendered":"FRANCE &#8211; billet 1000 francs bleu et rose 24-12-1919 SUP P-67 \/ Fay-36"},"content":{"rendered":"<p>FRANCE &#8211; billet 1000 francs bleu et rose 24-12-1919 SUP P-67 \/ Fay-36<\/p>\n<div class=\"col-6 col-md-3 attr_name\"><strong>Year: <\/strong>1919<\/div>\n<div class=\"col-6 col-md-3 attr_name\"><strong>Country: <\/strong>FRANCE<\/div>\n<div class=\"col-6 col-md-3 attr_name\"><strong>Condition: <\/strong>AU<\/div>\n<div><strong>R\u00e9f\u00e9rences<\/strong> : P-67 , Fay-36<\/div>\n<div class=\"col-6 col-md-3 attr_name\"><strong>Size ( mm ):<\/strong> 235 \u00d7 130<\/div>\n<div class=\"col-6 col-md-3 attr_name\"><strong>Valeur faciale:<\/strong>\u00a0 1000 Francs<\/div>\n<div><\/div>\n<div>\n<ul>\n<li><strong>Recto :<\/strong> Illustration centrale repr\u00e9sentant Hercule soutenant les all\u00e9gories des Arts et de la Science \u00e0 gauche, et du Commerce et de l\u2019Agriculture \u00e0 droite. En haut, deux figures f\u00e9minines ail\u00e9es tiennent un m\u00e9daillon avec un enfant appuy\u00e9 sur un lion. Aux extr\u00e9mit\u00e9s, des m\u00e9daillons roses de Mercure et C\u00e9r\u00e8s.<\/li>\n<li><strong>Verso :<\/strong> Deux all\u00e9gories assises : \u00e0 gauche, le Commerce et l\u2019Industrie ; \u00e0 droite, l\u2019Agriculture et la Science.<\/li>\n<\/ul>\n<\/div>\n<div><strong>Note<\/strong>: Pliures en croix l\u00e9g\u00e8res et quelques unes sur les bords , quelques \u00e9pinglages.<\/div>","protected":false},"excerpt":{"rendered":"Recto : Illustration centrale repr\u00e9sentant Hercule et Mercure, entour\u00e9s de motifs v\u00e9g\u00e9taux et d&rsquo;un caduc\u00e9e,&hellip;","protected":false},"featured_media":2147,"comment_status":"open","ping_status":"closed","template":"","meta":{"_acf_changed":false},"product_brand":[],"product_cat":[172,187],"product_tag":[],"class_list":{"0":"post-2195","1":"product","2":"type-product","3":"status-publish","4":"has-post-thumbnail","6":"product_cat-billets","7":"product_cat-billets-europe","8":"pa_annee-369","9":"pa_pays-france","10":"pa_qualite-sup","12":"first","13":"instock","14":"shipping-taxable","15":"purchasable","16":"product-type-simple"},"acf":[],"yoast_head":"<!-- This site is optimized with the Yoast SEO plugin v27.2 - https:\/\/yoast.com\/product\/yoast-seo-wordpress\/ -->\n<title>FRANCE - billet 1000 francs bleu et rose 24-12-1919 SUP P-67 \/ Fay-36 - LJ Collections<\/title>\n<meta name=\"robots\" content=\"index, follow, max-snippet:-1, max-image-preview:large, max-video-preview:-1\" \/>\n<link rel=\"canonical\" href=\"https:\/\/lj-collections.com\/en\/product\/france-billet-1000-francs-bleu-et-rose-24-12-1919-sup-p-67-fay-36\/\" \/>\n<meta property=\"og:locale\" content=\"en_US\" \/>\n<meta property=\"og:type\" content=\"article\" \/>\n<meta property=\"og:title\" content=\"FRANCE - billet 1000 francs bleu et rose 24-12-1919 SUP P-67 \/ Fay-36 - LJ Collections\" \/>\n<meta property=\"og:url\" content=\"https:\/\/lj-collections.com\/en\/product\/france-billet-1000-francs-bleu-et-rose-24-12-1919-sup-p-67-fay-36\/\" \/>\n<meta property=\"og:site_name\" content=\"LJ Collections\" \/>\n<meta property=\"article:modified_time\" content=\"2024-12-17T22:37:46+00:00\" \/>\n<meta property=\"og:image\" content=\"http:\/\/lj-collections.com\/wp-content\/uploads\/2024\/12\/Photoroom-20241216_225509-1024x1024.png\" \/>\n\t<meta property=\"og:image:width\" content=\"1024\" \/>\n\t<meta property=\"og:image:height\" content=\"1024\" \/>\n\t<meta property=\"og:image:type\" content=\"image\/png\" \/>\n<meta name=\"twitter:card\" content=\"summary_large_image\" \/>\n<meta name=\"twitter:label1\" content=\"Est. reading time\" \/>\n\t<meta name=\"twitter:data1\" content=\"1 minute\" \/>\n<script type=\"application\/ld+json\" class=\"yoast-schema-graph\">{\"@context\":\"https:\/\/schema.org\",\"@graph\":[{\"@type\":\"WebPage\",\"@id\":\"https:\/\/lj-collections.com\/produit\/france-billet-1000-francs-bleu-et-rose-24-12-1919-sup-p-67-fay-36\/\",\"url\":\"https:\/\/lj-collections.com\/produit\/france-billet-1000-francs-bleu-et-rose-24-12-1919-sup-p-67-fay-36\/\",\"name\":\"FRANCE - billet 1000 francs bleu et rose 24-12-1919 SUP P-67 \/ Fay-36 - LJ Collections\",\"isPartOf\":{\"@id\":\"https:\/\/lj-collections.com\/#website\"},\"primaryImageOfPage\":{\"@id\":\"https:\/\/lj-collections.com\/produit\/france-billet-1000-francs-bleu-et-rose-24-12-1919-sup-p-67-fay-36\/#primaryimage\"},\"image\":{\"@id\":\"https:\/\/lj-collections.com\/produit\/france-billet-1000-francs-bleu-et-rose-24-12-1919-sup-p-67-fay-36\/#primaryimage\"},\"thumbnailUrl\":\"https:\/\/lj-collections.com\/wp-content\/uploads\/2024\/12\/Photoroom-20241216_225509.png\",\"datePublished\":\"2024-12-17T22:28:05+00:00\",\"dateModified\":\"2024-12-17T22:37:46+00:00\",\"breadcrumb\":{\"@id\":\"https:\/\/lj-collections.com\/produit\/france-billet-1000-francs-bleu-et-rose-24-12-1919-sup-p-67-fay-36\/#breadcrumb\"},\"inLanguage\":\"en-US\",\"potentialAction\":[{\"@type\":\"ReadAction\",\"target\":[\"https:\/\/lj-collections.com\/produit\/france-billet-1000-francs-bleu-et-rose-24-12-1919-sup-p-67-fay-36\/\"]}]},{\"@type\":\"ImageObject\",\"inLanguage\":\"en-US\",\"@id\":\"https:\/\/lj-collections.com\/produit\/france-billet-1000-francs-bleu-et-rose-24-12-1919-sup-p-67-fay-36\/#primaryimage\",\"url\":\"https:\/\/lj-collections.com\/wp-content\/uploads\/2024\/12\/Photoroom-20241216_225509.png\",\"contentUrl\":\"https:\/\/lj-collections.com\/wp-content\/uploads\/2024\/12\/Photoroom-20241216_225509.png\",\"width\":2000,\"height\":2000,\"caption\":\"Recto billet 1000 francs bleu et rose 1917 SUP P-67\"},{\"@type\":\"BreadcrumbList\",\"@id\":\"https:\/\/lj-collections.com\/produit\/france-billet-1000-francs-bleu-et-rose-24-12-1919-sup-p-67-fay-36\/#breadcrumb\",\"itemListElement\":[{\"@type\":\"ListItem\",\"position\":1,\"name\":\"Accueil\",\"item\":\"https:\/\/lj-collections.com\/\"},{\"@type\":\"ListItem\",\"position\":2,\"name\":\"Boutique\",\"item\":\"https:\/\/lj-collections.com\/boutique\/\"},{\"@type\":\"ListItem\",\"position\":3,\"name\":\"FRANCE &#8211; billet 1000 francs bleu et rose 24-12-1919 SUP P-67 \/ Fay-36\"}]},{\"@type\":\"WebSite\",\"@id\":\"https:\/\/lj-collections.com\/#website\",\"url\":\"https:\/\/lj-collections.com\/\",\"name\":\"LJ Collections\",\"description\":\"Monnaies, billets et tr\u00e9sors d&#039;hier, disponibles aujourd&#039;hui \u00e0 Valence dans la Dr\u00f4me.\",\"publisher\":{\"@id\":\"https:\/\/lj-collections.com\/#organization\"},\"potentialAction\":[{\"@type\":\"SearchAction\",\"target\":{\"@type\":\"EntryPoint\",\"urlTemplate\":\"https:\/\/lj-collections.com\/?s={search_term_string}\"},\"query-input\":{\"@type\":\"PropertyValueSpecification\",\"valueRequired\":true,\"valueName\":\"search_term_string\"}}],\"inLanguage\":\"en-US\"},{\"@type\":\"Organization\",\"@id\":\"https:\/\/lj-collections.com\/#organization\",\"name\":\"LJcollections\",\"alternateName\":\"LJcollections\",\"url\":\"https:\/\/lj-collections.com\/\",\"logo\":{\"@type\":\"ImageObject\",\"inLanguage\":\"en-US\",\"@id\":\"https:\/\/lj-collections.com\/#\/schema\/logo\/image\/\",\"url\":\"https:\/\/lj-collections.com\/wp-content\/uploads\/2023\/09\/favicon-1.png\",\"contentUrl\":\"https:\/\/lj-collections.com\/wp-content\/uploads\/2023\/09\/favicon-1.png\",\"width\":337,\"height\":267,\"caption\":\"LJcollections\"},\"image\":{\"@id\":\"https:\/\/lj-collections.com\/#\/schema\/logo\/image\/\"}}]}<\/script>\n<!-- \/ Yoast SEO plugin. -->","yoast_head_json":{"title":"FRANCE - billet 1000 francs bleu et rose 24-12-1919 SUP P-67 \/ Fay-36 - LJ Collections","robots":{"index":"index","follow":"follow","max-snippet":"max-snippet:-1","max-image-preview":"max-image-preview:large","max-video-preview":"max-video-preview:-1"},"canonical":"https:\/\/lj-collections.com\/en\/product\/france-billet-1000-francs-bleu-et-rose-24-12-1919-sup-p-67-fay-36\/","og_locale":"en_US","og_type":"article","og_title":"FRANCE - billet 1000 francs bleu et rose 24-12-1919 SUP P-67 \/ Fay-36 - LJ Collections","og_url":"https:\/\/lj-collections.com\/en\/product\/france-billet-1000-francs-bleu-et-rose-24-12-1919-sup-p-67-fay-36\/","og_site_name":"LJ Collections","article_modified_time":"2024-12-17T22:37:46+00:00","og_image":[{"width":1024,"height":1024,"url":"http:\/\/lj-collections.com\/wp-content\/uploads\/2024\/12\/Photoroom-20241216_225509-1024x1024.png","type":"image\/png"}],"twitter_card":"summary_large_image","twitter_misc":{"Est. reading time":"1 minute"},"schema":{"@context":"https:\/\/schema.org","@graph":[{"@type":"WebPage","@id":"https:\/\/lj-collections.com\/produit\/france-billet-1000-francs-bleu-et-rose-24-12-1919-sup-p-67-fay-36\/","url":"https:\/\/lj-collections.com\/produit\/france-billet-1000-francs-bleu-et-rose-24-12-1919-sup-p-67-fay-36\/","name":"FRANCE - billet 1000 francs bleu et rose 24-12-1919 SUP P-67 \/ Fay-36 - LJ Collections","isPartOf":{"@id":"https:\/\/lj-collections.com\/#website"},"primaryImageOfPage":{"@id":"https:\/\/lj-collections.com\/produit\/france-billet-1000-francs-bleu-et-rose-24-12-1919-sup-p-67-fay-36\/#primaryimage"},"image":{"@id":"https:\/\/lj-collections.com\/produit\/france-billet-1000-francs-bleu-et-rose-24-12-1919-sup-p-67-fay-36\/#primaryimage"},"thumbnailUrl":"https:\/\/lj-collections.com\/wp-content\/uploads\/2024\/12\/Photoroom-20241216_225509.png","datePublished":"2024-12-17T22:28:05+00:00","dateModified":"2024-12-17T22:37:46+00:00","breadcrumb":{"@id":"https:\/\/lj-collections.com\/produit\/france-billet-1000-francs-bleu-et-rose-24-12-1919-sup-p-67-fay-36\/#breadcrumb"},"inLanguage":"en-US","potentialAction":[{"@type":"ReadAction","target":["https:\/\/lj-collections.com\/produit\/france-billet-1000-francs-bleu-et-rose-24-12-1919-sup-p-67-fay-36\/"]}]},{"@type":"ImageObject","inLanguage":"en-US","@id":"https:\/\/lj-collections.com\/produit\/france-billet-1000-francs-bleu-et-rose-24-12-1919-sup-p-67-fay-36\/#primaryimage","url":"https:\/\/lj-collections.com\/wp-content\/uploads\/2024\/12\/Photoroom-20241216_225509.png","contentUrl":"https:\/\/lj-collections.com\/wp-content\/uploads\/2024\/12\/Photoroom-20241216_225509.png","width":2000,"height":2000,"caption":"Recto billet 1000 francs bleu et rose 1917 SUP P-67"},{"@type":"BreadcrumbList","@id":"https:\/\/lj-collections.com\/produit\/france-billet-1000-francs-bleu-et-rose-24-12-1919-sup-p-67-fay-36\/#breadcrumb","itemListElement":[{"@type":"ListItem","position":1,"name":"Accueil","item":"https:\/\/lj-collections.com\/"},{"@type":"ListItem","position":2,"name":"Boutique","item":"https:\/\/lj-collections.com\/boutique\/"},{"@type":"ListItem","position":3,"name":"FRANCE &#8211; billet 1000 francs bleu et rose 24-12-1919 SUP P-67 \/ Fay-36"}]},{"@type":"WebSite","@id":"https:\/\/lj-collections.com\/#website","url":"https:\/\/lj-collections.com\/","name":"LJ Collections","description":"Monnaies, billets et tr\u00e9sors d&#039;hier, disponibles aujourd&#039;hui \u00e0 Valence dans la Dr\u00f4me.","publisher":{"@id":"https:\/\/lj-collections.com\/#organization"},"potentialAction":[{"@type":"SearchAction","target":{"@type":"EntryPoint","urlTemplate":"https:\/\/lj-collections.com\/?s={search_term_string}"},"query-input":{"@type":"PropertyValueSpecification","valueRequired":true,"valueName":"search_term_string"}}],"inLanguage":"en-US"},{"@type":"Organization","@id":"https:\/\/lj-collections.com\/#organization","name":"LJcollections","alternateName":"LJcollections","url":"https:\/\/lj-collections.com\/","logo":{"@type":"ImageObject","inLanguage":"en-US","@id":"https:\/\/lj-collections.com\/#\/schema\/logo\/image\/","url":"https:\/\/lj-collections.com\/wp-content\/uploads\/2023\/09\/favicon-1.png","contentUrl":"https:\/\/lj-collections.com\/wp-content\/uploads\/2023\/09\/favicon-1.png","width":337,"height":267,"caption":"LJcollections"},"image":{"@id":"https:\/\/lj-collections.com\/#\/schema\/logo\/image\/"}}]}},"_links":{"self":[{"href":"https:\/\/lj-collections.com\/en\/wp-json\/wp\/v2\/product\/2195","targetHints":{"allow":["GET"]}}],"collection":[{"href":"https:\/\/lj-collections.com\/en\/wp-json\/wp\/v2\/product"}],"about":[{"href":"https:\/\/lj-collections.com\/en\/wp-json\/wp\/v2\/types\/product"}],"replies":[{"embeddable":true,"href":"https:\/\/lj-collections.com\/en\/wp-json\/wp\/v2\/comments?post=2195"}],"wp:featuredmedia":[{"embeddable":true,"href":"https:\/\/lj-collections.com\/en\/wp-json\/wp\/v2\/media\/2147"}],"wp:attachment":[{"href":"https:\/\/lj-collections.com\/en\/wp-json\/wp\/v2\/media?parent=2195"}],"wp:term":[{"taxonomy":"product_brand","embeddable":true,"href":"https:\/\/lj-collections.com\/en\/wp-json\/wp\/v2\/product_brand?post=2195"},{"taxonomy":"product_cat","embeddable":true,"href":"https:\/\/lj-collections.com\/en\/wp-json\/wp\/v2\/product_cat?post=2195"},{"taxonomy":"product_tag","embeddable":true,"href":"https:\/\/lj-collections.com\/en\/wp-json\/wp\/v2\/product_tag?post=2195"}],"curies":[{"name":"wp","href":"https:\/\/api.w.org\/{rel}","templated":true}]}}