{"id":215,"date":"2023-10-05T20:12:19","date_gmt":"2023-10-05T20:12:19","guid":{"rendered":"https:\/\/lj-collections.com\/?post_type=product&#038;p=215"},"modified":"2023-12-10T16:05:38","modified_gmt":"2023-12-10T16:05:38","slug":"1-2-ecu-aux-palmes-1693-lille-flan-reforme","status":"publish","type":"product","link":"https:\/\/lj-collections.com\/en\/product\/1-2-ecu-aux-palmes-1693-lille-flan-reforme\/","title":{"rendered":"FRANCE &#8211; 1\/2 \u00e9cu aux palmes 1693 Lille Louis XIV"},"content":{"rendered":"<h3><strong>Avers<\/strong><\/h3>\n<p>Description : Buste de Louis XIV \u00e0 droite, cuirass\u00e9, avec la grande perruque.<\/p>\n<p>Inscription<strong>\u202f:<\/strong>\u00a0<span id=\"obverse_lettering\">LVD. XIIII. D. G FR. ET. NAV. REX.<\/span><\/p>\n<p>Traduction<strong>\u202f:<\/strong>\u00a0Louis XIV, par la gr\u00e2ce de Dieu, roi de France et de Navarre.<\/p>\n<p>&nbsp;<\/p>\n<h3>Revers<\/h3>\n<p>Description : \u00c9cu rond de France couronn\u00e9 entre deux palmes , marque d&rsquo;atelier sous l&rsquo;\u00e9cu ( W ).<\/p>\n<p>Inscription<strong>\u202f:<\/strong>\u00a0<span id=\"reverse_lettering\">SIT.NOMEM.DOMINI.BENEDICTVM. 1693<\/span><\/p>\n<p>Traduction<strong>\u202f:<\/strong>\u00a0B\u00e9ni soit le nom du Seigneur.<\/p>\n<p>&nbsp;<\/p>\n<p><b>Notes <\/b>: Demi \u00e9cu 1693 W Lille sur flan r\u00e9form\u00e9 , on peut voir des tr\u00e8s l\u00e9g\u00e8res traces de nettoyage .<\/p>","protected":false},"excerpt":{"rendered":"Avers Description : Buste de Louis XIV \u00e0 droite, cuirass\u00e9, avec la grande perruque. Inscription\u202f:\u00a0LVD.&hellip;","protected":false},"featured_media":187,"comment_status":"open","ping_status":"closed","template":"","meta":{"_acf_changed":false},"product_brand":[],"product_cat":[41,18,17],"product_tag":[],"class_list":{"0":"post-215","1":"product","2":"type-product","3":"status-publish","4":"has-post-thumbnail","6":"product_cat-monnaies-europe","7":"product_cat-monnaies-francaises","8":"product_cat-monnaies","9":"pa_annee-107","10":"pa_atelier-lille","11":"pa_diametre-mm-109","12":"pa_metal-argent","13":"pa_pays-france","14":"pa_personnage-louis-xiv","15":"pa_poids-13-37","16":"pa_qualite-ttb","18":"first","19":"outofstock","20":"shipping-taxable","21":"purchasable","22":"product-type-simple"},"acf":[],"yoast_head":"<!-- This site is optimized with the Yoast SEO plugin v27.2 - https:\/\/yoast.com\/product\/yoast-seo-wordpress\/ -->\n<title>FRANCE - 1\/2 \u00e9cu aux palmes 1693 Lille Louis XIV - LJ Collections<\/title>\n<meta name=\"robots\" content=\"index, follow, max-snippet:-1, max-image-preview:large, max-video-preview:-1\" \/>\n<link rel=\"canonical\" href=\"https:\/\/lj-collections.com\/en\/product\/1-2-ecu-aux-palmes-1693-lille-flan-reforme\/\" \/>\n<meta property=\"og:locale\" content=\"en_US\" \/>\n<meta property=\"og:type\" content=\"article\" \/>\n<meta property=\"og:title\" content=\"FRANCE - 1\/2 \u00e9cu aux palmes 1693 Lille Louis XIV - LJ Collections\" \/>\n<meta property=\"og:url\" content=\"https:\/\/lj-collections.com\/en\/product\/1-2-ecu-aux-palmes-1693-lille-flan-reforme\/\" \/>\n<meta property=\"og:site_name\" content=\"LJ Collections\" \/>\n<meta property=\"article:modified_time\" content=\"2023-12-10T16:05:38+00:00\" \/>\n<meta property=\"og:image\" content=\"https:\/\/lj-collections.com\/wp-content\/uploads\/2023\/10\/20231005_204049-scaled.jpg\" \/>\n\t<meta property=\"og:image:width\" content=\"2560\" \/>\n\t<meta property=\"og:image:height\" content=\"2560\" \/>\n\t<meta property=\"og:image:type\" content=\"image\/jpeg\" \/>\n<meta name=\"twitter:card\" content=\"summary_large_image\" \/>\n<meta name=\"twitter:label1\" content=\"Est. reading time\" \/>\n\t<meta name=\"twitter:data1\" content=\"1 minute\" \/>\n<script type=\"application\/ld+json\" class=\"yoast-schema-graph\">{\"@context\":\"https:\/\/schema.org\",\"@graph\":[{\"@type\":\"WebPage\",\"@id\":\"https:\/\/lj-collections.com\/produit\/1-2-ecu-aux-palmes-1693-lille-flan-reforme\/\",\"url\":\"https:\/\/lj-collections.com\/produit\/1-2-ecu-aux-palmes-1693-lille-flan-reforme\/\",\"name\":\"FRANCE - 1\/2 \u00e9cu aux palmes 1693 Lille Louis XIV - LJ Collections\",\"isPartOf\":{\"@id\":\"https:\/\/lj-collections.com\/#website\"},\"primaryImageOfPage\":{\"@id\":\"https:\/\/lj-collections.com\/produit\/1-2-ecu-aux-palmes-1693-lille-flan-reforme\/#primaryimage\"},\"image\":{\"@id\":\"https:\/\/lj-collections.com\/produit\/1-2-ecu-aux-palmes-1693-lille-flan-reforme\/#primaryimage\"},\"thumbnailUrl\":\"https:\/\/lj-collections.com\/wp-content\/uploads\/2023\/10\/20231005_204049-scaled.jpg\",\"datePublished\":\"2023-10-05T20:12:19+00:00\",\"dateModified\":\"2023-12-10T16:05:38+00:00\",\"breadcrumb\":{\"@id\":\"https:\/\/lj-collections.com\/produit\/1-2-ecu-aux-palmes-1693-lille-flan-reforme\/#breadcrumb\"},\"inLanguage\":\"en-US\",\"potentialAction\":[{\"@type\":\"ReadAction\",\"target\":[\"https:\/\/lj-collections.com\/produit\/1-2-ecu-aux-palmes-1693-lille-flan-reforme\/\"]}]},{\"@type\":\"ImageObject\",\"inLanguage\":\"en-US\",\"@id\":\"https:\/\/lj-collections.com\/produit\/1-2-ecu-aux-palmes-1693-lille-flan-reforme\/#primaryimage\",\"url\":\"https:\/\/lj-collections.com\/wp-content\/uploads\/2023\/10\/20231005_204049-scaled.jpg\",\"contentUrl\":\"https:\/\/lj-collections.com\/wp-content\/uploads\/2023\/10\/20231005_204049-scaled.jpg\",\"width\":2560,\"height\":2560,\"caption\":\"Revers 1\/2 \u00e9cu 1693 W Lille R\u00e9form\u00e9\"},{\"@type\":\"BreadcrumbList\",\"@id\":\"https:\/\/lj-collections.com\/produit\/1-2-ecu-aux-palmes-1693-lille-flan-reforme\/#breadcrumb\",\"itemListElement\":[{\"@type\":\"ListItem\",\"position\":1,\"name\":\"Accueil\",\"item\":\"https:\/\/lj-collections.com\/\"},{\"@type\":\"ListItem\",\"position\":2,\"name\":\"Boutique\",\"item\":\"https:\/\/lj-collections.com\/boutique\/\"},{\"@type\":\"ListItem\",\"position\":3,\"name\":\"FRANCE &#8211; 1\/2 \u00e9cu aux palmes 1693 Lille Louis XIV\"}]},{\"@type\":\"WebSite\",\"@id\":\"https:\/\/lj-collections.com\/#website\",\"url\":\"https:\/\/lj-collections.com\/\",\"name\":\"LJ Collections\",\"description\":\"Monnaies, billets et tr\u00e9sors d&#039;hier, disponibles aujourd&#039;hui \u00e0 Valence dans la Dr\u00f4me.\",\"publisher\":{\"@id\":\"https:\/\/lj-collections.com\/#organization\"},\"potentialAction\":[{\"@type\":\"SearchAction\",\"target\":{\"@type\":\"EntryPoint\",\"urlTemplate\":\"https:\/\/lj-collections.com\/?s={search_term_string}\"},\"query-input\":{\"@type\":\"PropertyValueSpecification\",\"valueRequired\":true,\"valueName\":\"search_term_string\"}}],\"inLanguage\":\"en-US\"},{\"@type\":\"Organization\",\"@id\":\"https:\/\/lj-collections.com\/#organization\",\"name\":\"LJcollections\",\"alternateName\":\"LJcollections\",\"url\":\"https:\/\/lj-collections.com\/\",\"logo\":{\"@type\":\"ImageObject\",\"inLanguage\":\"en-US\",\"@id\":\"https:\/\/lj-collections.com\/#\/schema\/logo\/image\/\",\"url\":\"https:\/\/lj-collections.com\/wp-content\/uploads\/2023\/09\/favicon-1.png\",\"contentUrl\":\"https:\/\/lj-collections.com\/wp-content\/uploads\/2023\/09\/favicon-1.png\",\"width\":337,\"height\":267,\"caption\":\"LJcollections\"},\"image\":{\"@id\":\"https:\/\/lj-collections.com\/#\/schema\/logo\/image\/\"}}]}<\/script>\n<!-- \/ Yoast SEO plugin. -->","yoast_head_json":{"title":"FRANCE - 1\/2 \u00e9cu aux palmes 1693 Lille Louis XIV - LJ Collections","robots":{"index":"index","follow":"follow","max-snippet":"max-snippet:-1","max-image-preview":"max-image-preview:large","max-video-preview":"max-video-preview:-1"},"canonical":"https:\/\/lj-collections.com\/en\/product\/1-2-ecu-aux-palmes-1693-lille-flan-reforme\/","og_locale":"en_US","og_type":"article","og_title":"FRANCE - 1\/2 \u00e9cu aux palmes 1693 Lille Louis XIV - LJ Collections","og_url":"https:\/\/lj-collections.com\/en\/product\/1-2-ecu-aux-palmes-1693-lille-flan-reforme\/","og_site_name":"LJ Collections","article_modified_time":"2023-12-10T16:05:38+00:00","og_image":[{"width":2560,"height":2560,"url":"https:\/\/lj-collections.com\/wp-content\/uploads\/2023\/10\/20231005_204049-scaled.jpg","type":"image\/jpeg"}],"twitter_card":"summary_large_image","twitter_misc":{"Est. reading time":"1 minute"},"schema":{"@context":"https:\/\/schema.org","@graph":[{"@type":"WebPage","@id":"https:\/\/lj-collections.com\/produit\/1-2-ecu-aux-palmes-1693-lille-flan-reforme\/","url":"https:\/\/lj-collections.com\/produit\/1-2-ecu-aux-palmes-1693-lille-flan-reforme\/","name":"FRANCE - 1\/2 \u00e9cu aux palmes 1693 Lille Louis XIV - LJ Collections","isPartOf":{"@id":"https:\/\/lj-collections.com\/#website"},"primaryImageOfPage":{"@id":"https:\/\/lj-collections.com\/produit\/1-2-ecu-aux-palmes-1693-lille-flan-reforme\/#primaryimage"},"image":{"@id":"https:\/\/lj-collections.com\/produit\/1-2-ecu-aux-palmes-1693-lille-flan-reforme\/#primaryimage"},"thumbnailUrl":"https:\/\/lj-collections.com\/wp-content\/uploads\/2023\/10\/20231005_204049-scaled.jpg","datePublished":"2023-10-05T20:12:19+00:00","dateModified":"2023-12-10T16:05:38+00:00","breadcrumb":{"@id":"https:\/\/lj-collections.com\/produit\/1-2-ecu-aux-palmes-1693-lille-flan-reforme\/#breadcrumb"},"inLanguage":"en-US","potentialAction":[{"@type":"ReadAction","target":["https:\/\/lj-collections.com\/produit\/1-2-ecu-aux-palmes-1693-lille-flan-reforme\/"]}]},{"@type":"ImageObject","inLanguage":"en-US","@id":"https:\/\/lj-collections.com\/produit\/1-2-ecu-aux-palmes-1693-lille-flan-reforme\/#primaryimage","url":"https:\/\/lj-collections.com\/wp-content\/uploads\/2023\/10\/20231005_204049-scaled.jpg","contentUrl":"https:\/\/lj-collections.com\/wp-content\/uploads\/2023\/10\/20231005_204049-scaled.jpg","width":2560,"height":2560,"caption":"Revers 1\/2 \u00e9cu 1693 W Lille R\u00e9form\u00e9"},{"@type":"BreadcrumbList","@id":"https:\/\/lj-collections.com\/produit\/1-2-ecu-aux-palmes-1693-lille-flan-reforme\/#breadcrumb","itemListElement":[{"@type":"ListItem","position":1,"name":"Accueil","item":"https:\/\/lj-collections.com\/"},{"@type":"ListItem","position":2,"name":"Boutique","item":"https:\/\/lj-collections.com\/boutique\/"},{"@type":"ListItem","position":3,"name":"FRANCE &#8211; 1\/2 \u00e9cu aux palmes 1693 Lille Louis XIV"}]},{"@type":"WebSite","@id":"https:\/\/lj-collections.com\/#website","url":"https:\/\/lj-collections.com\/","name":"LJ Collections","description":"Monnaies, billets et tr\u00e9sors d&#039;hier, disponibles aujourd&#039;hui \u00e0 Valence dans la Dr\u00f4me.","publisher":{"@id":"https:\/\/lj-collections.com\/#organization"},"potentialAction":[{"@type":"SearchAction","target":{"@type":"EntryPoint","urlTemplate":"https:\/\/lj-collections.com\/?s={search_term_string}"},"query-input":{"@type":"PropertyValueSpecification","valueRequired":true,"valueName":"search_term_string"}}],"inLanguage":"en-US"},{"@type":"Organization","@id":"https:\/\/lj-collections.com\/#organization","name":"LJcollections","alternateName":"LJcollections","url":"https:\/\/lj-collections.com\/","logo":{"@type":"ImageObject","inLanguage":"en-US","@id":"https:\/\/lj-collections.com\/#\/schema\/logo\/image\/","url":"https:\/\/lj-collections.com\/wp-content\/uploads\/2023\/09\/favicon-1.png","contentUrl":"https:\/\/lj-collections.com\/wp-content\/uploads\/2023\/09\/favicon-1.png","width":337,"height":267,"caption":"LJcollections"},"image":{"@id":"https:\/\/lj-collections.com\/#\/schema\/logo\/image\/"}}]}},"_links":{"self":[{"href":"https:\/\/lj-collections.com\/en\/wp-json\/wp\/v2\/product\/215","targetHints":{"allow":["GET"]}}],"collection":[{"href":"https:\/\/lj-collections.com\/en\/wp-json\/wp\/v2\/product"}],"about":[{"href":"https:\/\/lj-collections.com\/en\/wp-json\/wp\/v2\/types\/product"}],"replies":[{"embeddable":true,"href":"https:\/\/lj-collections.com\/en\/wp-json\/wp\/v2\/comments?post=215"}],"wp:featuredmedia":[{"embeddable":true,"href":"https:\/\/lj-collections.com\/en\/wp-json\/wp\/v2\/media\/187"}],"wp:attachment":[{"href":"https:\/\/lj-collections.com\/en\/wp-json\/wp\/v2\/media?parent=215"}],"wp:term":[{"taxonomy":"product_brand","embeddable":true,"href":"https:\/\/lj-collections.com\/en\/wp-json\/wp\/v2\/product_brand?post=215"},{"taxonomy":"product_cat","embeddable":true,"href":"https:\/\/lj-collections.com\/en\/wp-json\/wp\/v2\/product_cat?post=215"},{"taxonomy":"product_tag","embeddable":true,"href":"https:\/\/lj-collections.com\/en\/wp-json\/wp\/v2\/product_tag?post=215"}],"curies":[{"name":"wp","href":"https:\/\/api.w.org\/{rel}","templated":true}]}}