{"id":2117,"date":"2024-11-23T19:59:22","date_gmt":"2024-11-23T19:59:22","guid":{"rendered":"https:\/\/lj-collections.com\/?post_type=product&#038;p=2117"},"modified":"2024-12-28T22:58:12","modified_gmt":"2024-12-28T22:58:12","slug":"russie-piece-or-75-roubles-1897-nicolas-ii","status":"publish","type":"product","link":"https:\/\/lj-collections.com\/en\/product\/russie-piece-or-75-roubles-1897-nicolas-ii\/","title":{"rendered":"RUSSIE &#8211; Pi\u00e8ce or 7,5 roubles 1897 Nicolas II"},"content":{"rendered":"<div>RUSSIE &#8211; Pi\u00e8ce or 7,5 roubles 1897 Nicolas II<\/div>\n<div><\/div>\n<div class=\"col-6 col-md-3 attr_name\"><strong>Year: <\/strong>1897<\/div>\n<div class=\"col-6 col-md-3 attr_name\"><strong>Mint: <\/strong>Saint P\u00e9tersbourg<\/div>\n<div class=\"col-6 col-md-3 attr_name\"><strong>Diameter (mm): <\/strong>21.3<\/div>\n<div class=\"col-6 col-md-3 attr_name\"><strong>Metal: <\/strong>Or<\/div>\n<div class=\"col-6 col-md-3 attr_name\"><strong>Country: <\/strong>Russia<\/div>\n<div><strong>Personnage :<\/strong> Nicolas II<\/div>\n<div class=\"col-6 col-md-3 attr_name\"><strong>Weight (grams): <\/strong>6.44<\/div>\n<div class=\"col-6 col-md-3 attr_name\"><strong>Condition: <\/strong>XF<\/div>","protected":false},"excerpt":{"rendered":"Cette pi\u00e8ce de 7,5 roubles en or, frapp\u00e9e en 1897 \u00e0 l&rsquo;atelier de Saint-P\u00e9tersbourg sous&hellip;","protected":false},"featured_media":2111,"comment_status":"open","ping_status":"closed","template":"","meta":{"_acf_changed":false},"product_brand":[],"product_cat":[1075,41,17],"product_tag":[],"class_list":{"0":"post-2117","1":"product","2":"type-product","3":"status-publish","4":"has-post-thumbnail","6":"product_cat-archives","7":"product_cat-monnaies-europe","8":"product_cat-monnaies","9":"pa_annee-826","10":"pa_atelier-saint-petersbourg","11":"pa_diametre-mm-21-3","12":"pa_metal-or","13":"pa_pays-russie","14":"pa_personnage-nicolas-ii","15":"pa_poids-6-44","16":"pa_qualite-ttb","18":"first","19":"outofstock","20":"shipping-taxable","21":"purchasable","22":"product-type-simple"},"acf":[],"yoast_head":"<!-- This site is optimized with the Yoast SEO plugin v27.2 - https:\/\/yoast.com\/product\/yoast-seo-wordpress\/ -->\n<title>RUSSIE - Pi\u00e8ce or 7,5 roubles 1897 Nicolas II - LJ Collections<\/title>\n<meta name=\"robots\" content=\"index, follow, max-snippet:-1, max-image-preview:large, max-video-preview:-1\" \/>\n<link rel=\"canonical\" href=\"https:\/\/lj-collections.com\/en\/product\/russie-piece-or-75-roubles-1897-nicolas-ii\/\" \/>\n<meta property=\"og:locale\" content=\"en_US\" \/>\n<meta property=\"og:type\" content=\"article\" \/>\n<meta property=\"og:title\" content=\"RUSSIE - Pi\u00e8ce or 7,5 roubles 1897 Nicolas II - LJ Collections\" \/>\n<meta property=\"og:url\" content=\"https:\/\/lj-collections.com\/en\/product\/russie-piece-or-75-roubles-1897-nicolas-ii\/\" \/>\n<meta property=\"og:site_name\" content=\"LJ Collections\" \/>\n<meta property=\"article:modified_time\" content=\"2024-12-28T22:58:12+00:00\" \/>\n<meta property=\"og:image\" content=\"http:\/\/lj-collections.com\/wp-content\/uploads\/2024\/11\/Photoroom-20241123_154524-1024x1024.png\" \/>\n\t<meta property=\"og:image:width\" content=\"1024\" \/>\n\t<meta property=\"og:image:height\" content=\"1024\" \/>\n\t<meta property=\"og:image:type\" content=\"image\/png\" \/>\n<meta name=\"twitter:card\" content=\"summary_large_image\" \/>\n<meta name=\"twitter:label1\" content=\"Est. reading time\" \/>\n\t<meta name=\"twitter:data1\" content=\"1 minute\" \/>\n<script type=\"application\/ld+json\" class=\"yoast-schema-graph\">{\"@context\":\"https:\/\/schema.org\",\"@graph\":[{\"@type\":\"WebPage\",\"@id\":\"https:\/\/lj-collections.com\/produit\/russie-piece-or-75-roubles-1897-nicolas-ii\/\",\"url\":\"https:\/\/lj-collections.com\/produit\/russie-piece-or-75-roubles-1897-nicolas-ii\/\",\"name\":\"RUSSIE - Pi\u00e8ce or 7,5 roubles 1897 Nicolas II - LJ Collections\",\"isPartOf\":{\"@id\":\"https:\/\/lj-collections.com\/#website\"},\"primaryImageOfPage\":{\"@id\":\"https:\/\/lj-collections.com\/produit\/russie-piece-or-75-roubles-1897-nicolas-ii\/#primaryimage\"},\"image\":{\"@id\":\"https:\/\/lj-collections.com\/produit\/russie-piece-or-75-roubles-1897-nicolas-ii\/#primaryimage\"},\"thumbnailUrl\":\"https:\/\/lj-collections.com\/wp-content\/uploads\/2024\/11\/Photoroom-20241123_154524.png\",\"datePublished\":\"2024-11-23T19:59:22+00:00\",\"dateModified\":\"2024-12-28T22:58:12+00:00\",\"breadcrumb\":{\"@id\":\"https:\/\/lj-collections.com\/produit\/russie-piece-or-75-roubles-1897-nicolas-ii\/#breadcrumb\"},\"inLanguage\":\"en-US\",\"potentialAction\":[{\"@type\":\"ReadAction\",\"target\":[\"https:\/\/lj-collections.com\/produit\/russie-piece-or-75-roubles-1897-nicolas-ii\/\"]}]},{\"@type\":\"ImageObject\",\"inLanguage\":\"en-US\",\"@id\":\"https:\/\/lj-collections.com\/produit\/russie-piece-or-75-roubles-1897-nicolas-ii\/#primaryimage\",\"url\":\"https:\/\/lj-collections.com\/wp-content\/uploads\/2024\/11\/Photoroom-20241123_154524.png\",\"contentUrl\":\"https:\/\/lj-collections.com\/wp-content\/uploads\/2024\/11\/Photoroom-20241123_154524.png\",\"width\":2000,\"height\":2000,\"caption\":\"Avers pi\u00e8ce or 7.5 roubles 1897 Tsar Nicolas II\"},{\"@type\":\"BreadcrumbList\",\"@id\":\"https:\/\/lj-collections.com\/produit\/russie-piece-or-75-roubles-1897-nicolas-ii\/#breadcrumb\",\"itemListElement\":[{\"@type\":\"ListItem\",\"position\":1,\"name\":\"Accueil\",\"item\":\"https:\/\/lj-collections.com\/\"},{\"@type\":\"ListItem\",\"position\":2,\"name\":\"Boutique\",\"item\":\"https:\/\/lj-collections.com\/boutique\/\"},{\"@type\":\"ListItem\",\"position\":3,\"name\":\"RUSSIE &#8211; Pi\u00e8ce or 7,5 roubles 1897 Nicolas II\"}]},{\"@type\":\"WebSite\",\"@id\":\"https:\/\/lj-collections.com\/#website\",\"url\":\"https:\/\/lj-collections.com\/\",\"name\":\"LJ Collections\",\"description\":\"Monnaies, billets et tr\u00e9sors d&#039;hier, disponibles aujourd&#039;hui \u00e0 Valence dans la Dr\u00f4me.\",\"publisher\":{\"@id\":\"https:\/\/lj-collections.com\/#organization\"},\"potentialAction\":[{\"@type\":\"SearchAction\",\"target\":{\"@type\":\"EntryPoint\",\"urlTemplate\":\"https:\/\/lj-collections.com\/?s={search_term_string}\"},\"query-input\":{\"@type\":\"PropertyValueSpecification\",\"valueRequired\":true,\"valueName\":\"search_term_string\"}}],\"inLanguage\":\"en-US\"},{\"@type\":\"Organization\",\"@id\":\"https:\/\/lj-collections.com\/#organization\",\"name\":\"LJcollections\",\"alternateName\":\"LJcollections\",\"url\":\"https:\/\/lj-collections.com\/\",\"logo\":{\"@type\":\"ImageObject\",\"inLanguage\":\"en-US\",\"@id\":\"https:\/\/lj-collections.com\/#\/schema\/logo\/image\/\",\"url\":\"https:\/\/lj-collections.com\/wp-content\/uploads\/2023\/09\/favicon-1.png\",\"contentUrl\":\"https:\/\/lj-collections.com\/wp-content\/uploads\/2023\/09\/favicon-1.png\",\"width\":337,\"height\":267,\"caption\":\"LJcollections\"},\"image\":{\"@id\":\"https:\/\/lj-collections.com\/#\/schema\/logo\/image\/\"}}]}<\/script>\n<!-- \/ Yoast SEO plugin. -->","yoast_head_json":{"title":"RUSSIE - Pi\u00e8ce or 7,5 roubles 1897 Nicolas II - LJ Collections","robots":{"index":"index","follow":"follow","max-snippet":"max-snippet:-1","max-image-preview":"max-image-preview:large","max-video-preview":"max-video-preview:-1"},"canonical":"https:\/\/lj-collections.com\/en\/product\/russie-piece-or-75-roubles-1897-nicolas-ii\/","og_locale":"en_US","og_type":"article","og_title":"RUSSIE - Pi\u00e8ce or 7,5 roubles 1897 Nicolas II - LJ Collections","og_url":"https:\/\/lj-collections.com\/en\/product\/russie-piece-or-75-roubles-1897-nicolas-ii\/","og_site_name":"LJ Collections","article_modified_time":"2024-12-28T22:58:12+00:00","og_image":[{"width":1024,"height":1024,"url":"http:\/\/lj-collections.com\/wp-content\/uploads\/2024\/11\/Photoroom-20241123_154524-1024x1024.png","type":"image\/png"}],"twitter_card":"summary_large_image","twitter_misc":{"Est. reading time":"1 minute"},"schema":{"@context":"https:\/\/schema.org","@graph":[{"@type":"WebPage","@id":"https:\/\/lj-collections.com\/produit\/russie-piece-or-75-roubles-1897-nicolas-ii\/","url":"https:\/\/lj-collections.com\/produit\/russie-piece-or-75-roubles-1897-nicolas-ii\/","name":"RUSSIE - Pi\u00e8ce or 7,5 roubles 1897 Nicolas II - LJ Collections","isPartOf":{"@id":"https:\/\/lj-collections.com\/#website"},"primaryImageOfPage":{"@id":"https:\/\/lj-collections.com\/produit\/russie-piece-or-75-roubles-1897-nicolas-ii\/#primaryimage"},"image":{"@id":"https:\/\/lj-collections.com\/produit\/russie-piece-or-75-roubles-1897-nicolas-ii\/#primaryimage"},"thumbnailUrl":"https:\/\/lj-collections.com\/wp-content\/uploads\/2024\/11\/Photoroom-20241123_154524.png","datePublished":"2024-11-23T19:59:22+00:00","dateModified":"2024-12-28T22:58:12+00:00","breadcrumb":{"@id":"https:\/\/lj-collections.com\/produit\/russie-piece-or-75-roubles-1897-nicolas-ii\/#breadcrumb"},"inLanguage":"en-US","potentialAction":[{"@type":"ReadAction","target":["https:\/\/lj-collections.com\/produit\/russie-piece-or-75-roubles-1897-nicolas-ii\/"]}]},{"@type":"ImageObject","inLanguage":"en-US","@id":"https:\/\/lj-collections.com\/produit\/russie-piece-or-75-roubles-1897-nicolas-ii\/#primaryimage","url":"https:\/\/lj-collections.com\/wp-content\/uploads\/2024\/11\/Photoroom-20241123_154524.png","contentUrl":"https:\/\/lj-collections.com\/wp-content\/uploads\/2024\/11\/Photoroom-20241123_154524.png","width":2000,"height":2000,"caption":"Avers pi\u00e8ce or 7.5 roubles 1897 Tsar Nicolas II"},{"@type":"BreadcrumbList","@id":"https:\/\/lj-collections.com\/produit\/russie-piece-or-75-roubles-1897-nicolas-ii\/#breadcrumb","itemListElement":[{"@type":"ListItem","position":1,"name":"Accueil","item":"https:\/\/lj-collections.com\/"},{"@type":"ListItem","position":2,"name":"Boutique","item":"https:\/\/lj-collections.com\/boutique\/"},{"@type":"ListItem","position":3,"name":"RUSSIE &#8211; Pi\u00e8ce or 7,5 roubles 1897 Nicolas II"}]},{"@type":"WebSite","@id":"https:\/\/lj-collections.com\/#website","url":"https:\/\/lj-collections.com\/","name":"LJ Collections","description":"Monnaies, billets et tr\u00e9sors d&#039;hier, disponibles aujourd&#039;hui \u00e0 Valence dans la Dr\u00f4me.","publisher":{"@id":"https:\/\/lj-collections.com\/#organization"},"potentialAction":[{"@type":"SearchAction","target":{"@type":"EntryPoint","urlTemplate":"https:\/\/lj-collections.com\/?s={search_term_string}"},"query-input":{"@type":"PropertyValueSpecification","valueRequired":true,"valueName":"search_term_string"}}],"inLanguage":"en-US"},{"@type":"Organization","@id":"https:\/\/lj-collections.com\/#organization","name":"LJcollections","alternateName":"LJcollections","url":"https:\/\/lj-collections.com\/","logo":{"@type":"ImageObject","inLanguage":"en-US","@id":"https:\/\/lj-collections.com\/#\/schema\/logo\/image\/","url":"https:\/\/lj-collections.com\/wp-content\/uploads\/2023\/09\/favicon-1.png","contentUrl":"https:\/\/lj-collections.com\/wp-content\/uploads\/2023\/09\/favicon-1.png","width":337,"height":267,"caption":"LJcollections"},"image":{"@id":"https:\/\/lj-collections.com\/#\/schema\/logo\/image\/"}}]}},"_links":{"self":[{"href":"https:\/\/lj-collections.com\/en\/wp-json\/wp\/v2\/product\/2117","targetHints":{"allow":["GET"]}}],"collection":[{"href":"https:\/\/lj-collections.com\/en\/wp-json\/wp\/v2\/product"}],"about":[{"href":"https:\/\/lj-collections.com\/en\/wp-json\/wp\/v2\/types\/product"}],"replies":[{"embeddable":true,"href":"https:\/\/lj-collections.com\/en\/wp-json\/wp\/v2\/comments?post=2117"}],"wp:featuredmedia":[{"embeddable":true,"href":"https:\/\/lj-collections.com\/en\/wp-json\/wp\/v2\/media\/2111"}],"wp:attachment":[{"href":"https:\/\/lj-collections.com\/en\/wp-json\/wp\/v2\/media?parent=2117"}],"wp:term":[{"taxonomy":"product_brand","embeddable":true,"href":"https:\/\/lj-collections.com\/en\/wp-json\/wp\/v2\/product_brand?post=2117"},{"taxonomy":"product_cat","embeddable":true,"href":"https:\/\/lj-collections.com\/en\/wp-json\/wp\/v2\/product_cat?post=2117"},{"taxonomy":"product_tag","embeddable":true,"href":"https:\/\/lj-collections.com\/en\/wp-json\/wp\/v2\/product_tag?post=2117"}],"curies":[{"name":"wp","href":"https:\/\/api.w.org\/{rel}","templated":true}]}}