{"id":2103,"date":"2024-11-11T22:30:34","date_gmt":"2024-11-11T22:30:34","guid":{"rendered":"https:\/\/lj-collections.com\/?post_type=product&#038;p=2103"},"modified":"2025-09-28T22:49:48","modified_gmt":"2025-09-28T22:49:48","slug":"belgique-billet-100-francs-16-08-1920-alphabet-1258-k-124-p-078","status":"publish","type":"product","link":"https:\/\/lj-collections.com\/en\/product\/belgique-billet-100-francs-16-08-1920-alphabet-1258-k-124-p-078\/","title":{"rendered":"BELGIQUE &#8211; Billet 100 francs 16-08-1920 Alphabet 1258.K.124 P-078"},"content":{"rendered":"<div>BELGIQUE &#8211; Billet 100 francs 16-08-1920 Alphabet 1258.K.124 P-078<\/div>\n<div class=\"col-6 col-md-3 attr_name\"><strong>Year: <\/strong>1920<\/div>\n<div class=\"col-6 col-md-3 attr_name\"><strong>Country: <\/strong>Belgium<\/div>\n<div class=\"col-6 col-md-3 attr_name\"><strong>Condition: <\/strong>VF<\/div>\n<div class=\"col-6 col-md-3 attr_name\"><strong>Size ( mm ): <\/strong>180 \u00d7 103<\/div>\n<div class=\"col-6 col-md-3 attr_name\"><strong>Valeur faciale: <\/strong>100 Francs<\/div>\n<div><strong>Note<\/strong> : petite coupure sur le bord en bas du billet sur la pliure verticale au centre<\/div>","protected":false},"excerpt":{"rendered":"Billet de 100 francs, \u00e9mis le 16 ao\u00fbt 1920 par la Banque Nationale de Belgique.&hellip;","protected":false},"featured_media":2099,"comment_status":"open","ping_status":"closed","template":"","meta":{"_acf_changed":false},"product_brand":[],"product_cat":[172,187],"product_tag":[],"class_list":{"0":"post-2103","1":"product","2":"type-product","3":"status-publish","4":"has-post-thumbnail","6":"product_cat-billets","7":"product_cat-billets-europe","8":"pa_annee-361","9":"pa_pays-belgique","10":"pa_qualite-tb","12":"first","13":"outofstock","14":"shipping-taxable","15":"purchasable","16":"product-type-simple"},"acf":[],"yoast_head":"<!-- This site is optimized with the Yoast SEO plugin v27.2 - https:\/\/yoast.com\/product\/yoast-seo-wordpress\/ -->\n<title>BELGIQUE - Billet 100 francs 16-08-1920 Alphabet 1258.K.124 P-078 - LJ Collections<\/title>\n<meta name=\"robots\" content=\"index, follow, max-snippet:-1, max-image-preview:large, max-video-preview:-1\" \/>\n<link rel=\"canonical\" href=\"https:\/\/lj-collections.com\/en\/product\/belgique-billet-100-francs-16-08-1920-alphabet-1258-k-124-p-078\/\" \/>\n<meta property=\"og:locale\" content=\"en_US\" \/>\n<meta property=\"og:type\" content=\"article\" \/>\n<meta property=\"og:title\" content=\"BELGIQUE - Billet 100 francs 16-08-1920 Alphabet 1258.K.124 P-078 - LJ Collections\" \/>\n<meta property=\"og:url\" content=\"https:\/\/lj-collections.com\/en\/product\/belgique-billet-100-francs-16-08-1920-alphabet-1258-k-124-p-078\/\" \/>\n<meta property=\"og:site_name\" content=\"LJ Collections\" \/>\n<meta property=\"article:modified_time\" content=\"2025-09-28T22:49:48+00:00\" \/>\n<meta property=\"og:image\" content=\"http:\/\/lj-collections.com\/wp-content\/uploads\/2024\/11\/Photoroom-20241111_205248-1024x1024.png\" \/>\n\t<meta property=\"og:image:width\" content=\"1024\" \/>\n\t<meta property=\"og:image:height\" content=\"1024\" \/>\n\t<meta property=\"og:image:type\" content=\"image\/png\" \/>\n<meta name=\"twitter:card\" content=\"summary_large_image\" \/>\n<meta name=\"twitter:label1\" content=\"Est. reading time\" \/>\n\t<meta name=\"twitter:data1\" content=\"1 minute\" \/>\n<script type=\"application\/ld+json\" class=\"yoast-schema-graph\">{\"@context\":\"https:\/\/schema.org\",\"@graph\":[{\"@type\":\"WebPage\",\"@id\":\"https:\/\/lj-collections.com\/produit\/belgique-billet-100-francs-16-08-1920-alphabet-1258-k-124-p-078\/\",\"url\":\"https:\/\/lj-collections.com\/produit\/belgique-billet-100-francs-16-08-1920-alphabet-1258-k-124-p-078\/\",\"name\":\"BELGIQUE - Billet 100 francs 16-08-1920 Alphabet 1258.K.124 P-078 - LJ Collections\",\"isPartOf\":{\"@id\":\"https:\/\/lj-collections.com\/#website\"},\"primaryImageOfPage\":{\"@id\":\"https:\/\/lj-collections.com\/produit\/belgique-billet-100-francs-16-08-1920-alphabet-1258-k-124-p-078\/#primaryimage\"},\"image\":{\"@id\":\"https:\/\/lj-collections.com\/produit\/belgique-billet-100-francs-16-08-1920-alphabet-1258-k-124-p-078\/#primaryimage\"},\"thumbnailUrl\":\"https:\/\/lj-collections.com\/wp-content\/uploads\/2024\/11\/Photoroom-20241111_205248.png\",\"datePublished\":\"2024-11-11T22:30:34+00:00\",\"dateModified\":\"2025-09-28T22:49:48+00:00\",\"breadcrumb\":{\"@id\":\"https:\/\/lj-collections.com\/produit\/belgique-billet-100-francs-16-08-1920-alphabet-1258-k-124-p-078\/#breadcrumb\"},\"inLanguage\":\"en-US\",\"potentialAction\":[{\"@type\":\"ReadAction\",\"target\":[\"https:\/\/lj-collections.com\/produit\/belgique-billet-100-francs-16-08-1920-alphabet-1258-k-124-p-078\/\"]}]},{\"@type\":\"ImageObject\",\"inLanguage\":\"en-US\",\"@id\":\"https:\/\/lj-collections.com\/produit\/belgique-billet-100-francs-16-08-1920-alphabet-1258-k-124-p-078\/#primaryimage\",\"url\":\"https:\/\/lj-collections.com\/wp-content\/uploads\/2024\/11\/Photoroom-20241111_205248.png\",\"contentUrl\":\"https:\/\/lj-collections.com\/wp-content\/uploads\/2024\/11\/Photoroom-20241111_205248.png\",\"width\":2000,\"height\":2000,\"caption\":\"Recto 100 francs 16-08-1920 Belgique\"},{\"@type\":\"BreadcrumbList\",\"@id\":\"https:\/\/lj-collections.com\/produit\/belgique-billet-100-francs-16-08-1920-alphabet-1258-k-124-p-078\/#breadcrumb\",\"itemListElement\":[{\"@type\":\"ListItem\",\"position\":1,\"name\":\"Accueil\",\"item\":\"https:\/\/lj-collections.com\/\"},{\"@type\":\"ListItem\",\"position\":2,\"name\":\"Boutique\",\"item\":\"https:\/\/lj-collections.com\/boutique\/\"},{\"@type\":\"ListItem\",\"position\":3,\"name\":\"BELGIQUE &#8211; Billet 100 francs 16-08-1920 Alphabet 1258.K.124 P-078\"}]},{\"@type\":\"WebSite\",\"@id\":\"https:\/\/lj-collections.com\/#website\",\"url\":\"https:\/\/lj-collections.com\/\",\"name\":\"LJ Collections\",\"description\":\"Monnaies, billets et tr\u00e9sors d&#039;hier, disponibles aujourd&#039;hui \u00e0 Valence dans la Dr\u00f4me.\",\"publisher\":{\"@id\":\"https:\/\/lj-collections.com\/#organization\"},\"potentialAction\":[{\"@type\":\"SearchAction\",\"target\":{\"@type\":\"EntryPoint\",\"urlTemplate\":\"https:\/\/lj-collections.com\/?s={search_term_string}\"},\"query-input\":{\"@type\":\"PropertyValueSpecification\",\"valueRequired\":true,\"valueName\":\"search_term_string\"}}],\"inLanguage\":\"en-US\"},{\"@type\":\"Organization\",\"@id\":\"https:\/\/lj-collections.com\/#organization\",\"name\":\"LJcollections\",\"alternateName\":\"LJcollections\",\"url\":\"https:\/\/lj-collections.com\/\",\"logo\":{\"@type\":\"ImageObject\",\"inLanguage\":\"en-US\",\"@id\":\"https:\/\/lj-collections.com\/#\/schema\/logo\/image\/\",\"url\":\"https:\/\/lj-collections.com\/wp-content\/uploads\/2023\/09\/favicon-1.png\",\"contentUrl\":\"https:\/\/lj-collections.com\/wp-content\/uploads\/2023\/09\/favicon-1.png\",\"width\":337,\"height\":267,\"caption\":\"LJcollections\"},\"image\":{\"@id\":\"https:\/\/lj-collections.com\/#\/schema\/logo\/image\/\"}}]}<\/script>\n<!-- \/ Yoast SEO plugin. -->","yoast_head_json":{"title":"BELGIQUE - Billet 100 francs 16-08-1920 Alphabet 1258.K.124 P-078 - LJ Collections","robots":{"index":"index","follow":"follow","max-snippet":"max-snippet:-1","max-image-preview":"max-image-preview:large","max-video-preview":"max-video-preview:-1"},"canonical":"https:\/\/lj-collections.com\/en\/product\/belgique-billet-100-francs-16-08-1920-alphabet-1258-k-124-p-078\/","og_locale":"en_US","og_type":"article","og_title":"BELGIQUE - Billet 100 francs 16-08-1920 Alphabet 1258.K.124 P-078 - LJ Collections","og_url":"https:\/\/lj-collections.com\/en\/product\/belgique-billet-100-francs-16-08-1920-alphabet-1258-k-124-p-078\/","og_site_name":"LJ Collections","article_modified_time":"2025-09-28T22:49:48+00:00","og_image":[{"width":1024,"height":1024,"url":"http:\/\/lj-collections.com\/wp-content\/uploads\/2024\/11\/Photoroom-20241111_205248-1024x1024.png","type":"image\/png"}],"twitter_card":"summary_large_image","twitter_misc":{"Est. reading time":"1 minute"},"schema":{"@context":"https:\/\/schema.org","@graph":[{"@type":"WebPage","@id":"https:\/\/lj-collections.com\/produit\/belgique-billet-100-francs-16-08-1920-alphabet-1258-k-124-p-078\/","url":"https:\/\/lj-collections.com\/produit\/belgique-billet-100-francs-16-08-1920-alphabet-1258-k-124-p-078\/","name":"BELGIQUE - Billet 100 francs 16-08-1920 Alphabet 1258.K.124 P-078 - LJ Collections","isPartOf":{"@id":"https:\/\/lj-collections.com\/#website"},"primaryImageOfPage":{"@id":"https:\/\/lj-collections.com\/produit\/belgique-billet-100-francs-16-08-1920-alphabet-1258-k-124-p-078\/#primaryimage"},"image":{"@id":"https:\/\/lj-collections.com\/produit\/belgique-billet-100-francs-16-08-1920-alphabet-1258-k-124-p-078\/#primaryimage"},"thumbnailUrl":"https:\/\/lj-collections.com\/wp-content\/uploads\/2024\/11\/Photoroom-20241111_205248.png","datePublished":"2024-11-11T22:30:34+00:00","dateModified":"2025-09-28T22:49:48+00:00","breadcrumb":{"@id":"https:\/\/lj-collections.com\/produit\/belgique-billet-100-francs-16-08-1920-alphabet-1258-k-124-p-078\/#breadcrumb"},"inLanguage":"en-US","potentialAction":[{"@type":"ReadAction","target":["https:\/\/lj-collections.com\/produit\/belgique-billet-100-francs-16-08-1920-alphabet-1258-k-124-p-078\/"]}]},{"@type":"ImageObject","inLanguage":"en-US","@id":"https:\/\/lj-collections.com\/produit\/belgique-billet-100-francs-16-08-1920-alphabet-1258-k-124-p-078\/#primaryimage","url":"https:\/\/lj-collections.com\/wp-content\/uploads\/2024\/11\/Photoroom-20241111_205248.png","contentUrl":"https:\/\/lj-collections.com\/wp-content\/uploads\/2024\/11\/Photoroom-20241111_205248.png","width":2000,"height":2000,"caption":"Recto 100 francs 16-08-1920 Belgique"},{"@type":"BreadcrumbList","@id":"https:\/\/lj-collections.com\/produit\/belgique-billet-100-francs-16-08-1920-alphabet-1258-k-124-p-078\/#breadcrumb","itemListElement":[{"@type":"ListItem","position":1,"name":"Accueil","item":"https:\/\/lj-collections.com\/"},{"@type":"ListItem","position":2,"name":"Boutique","item":"https:\/\/lj-collections.com\/boutique\/"},{"@type":"ListItem","position":3,"name":"BELGIQUE &#8211; Billet 100 francs 16-08-1920 Alphabet 1258.K.124 P-078"}]},{"@type":"WebSite","@id":"https:\/\/lj-collections.com\/#website","url":"https:\/\/lj-collections.com\/","name":"LJ Collections","description":"Monnaies, billets et tr\u00e9sors d&#039;hier, disponibles aujourd&#039;hui \u00e0 Valence dans la Dr\u00f4me.","publisher":{"@id":"https:\/\/lj-collections.com\/#organization"},"potentialAction":[{"@type":"SearchAction","target":{"@type":"EntryPoint","urlTemplate":"https:\/\/lj-collections.com\/?s={search_term_string}"},"query-input":{"@type":"PropertyValueSpecification","valueRequired":true,"valueName":"search_term_string"}}],"inLanguage":"en-US"},{"@type":"Organization","@id":"https:\/\/lj-collections.com\/#organization","name":"LJcollections","alternateName":"LJcollections","url":"https:\/\/lj-collections.com\/","logo":{"@type":"ImageObject","inLanguage":"en-US","@id":"https:\/\/lj-collections.com\/#\/schema\/logo\/image\/","url":"https:\/\/lj-collections.com\/wp-content\/uploads\/2023\/09\/favicon-1.png","contentUrl":"https:\/\/lj-collections.com\/wp-content\/uploads\/2023\/09\/favicon-1.png","width":337,"height":267,"caption":"LJcollections"},"image":{"@id":"https:\/\/lj-collections.com\/#\/schema\/logo\/image\/"}}]}},"_links":{"self":[{"href":"https:\/\/lj-collections.com\/en\/wp-json\/wp\/v2\/product\/2103","targetHints":{"allow":["GET"]}}],"collection":[{"href":"https:\/\/lj-collections.com\/en\/wp-json\/wp\/v2\/product"}],"about":[{"href":"https:\/\/lj-collections.com\/en\/wp-json\/wp\/v2\/types\/product"}],"replies":[{"embeddable":true,"href":"https:\/\/lj-collections.com\/en\/wp-json\/wp\/v2\/comments?post=2103"}],"wp:featuredmedia":[{"embeddable":true,"href":"https:\/\/lj-collections.com\/en\/wp-json\/wp\/v2\/media\/2099"}],"wp:attachment":[{"href":"https:\/\/lj-collections.com\/en\/wp-json\/wp\/v2\/media?parent=2103"}],"wp:term":[{"taxonomy":"product_brand","embeddable":true,"href":"https:\/\/lj-collections.com\/en\/wp-json\/wp\/v2\/product_brand?post=2103"},{"taxonomy":"product_cat","embeddable":true,"href":"https:\/\/lj-collections.com\/en\/wp-json\/wp\/v2\/product_cat?post=2103"},{"taxonomy":"product_tag","embeddable":true,"href":"https:\/\/lj-collections.com\/en\/wp-json\/wp\/v2\/product_tag?post=2103"}],"curies":[{"name":"wp","href":"https:\/\/api.w.org\/{rel}","templated":true}]}}