{"id":2017,"date":"2024-09-13T09:26:30","date_gmt":"2024-09-13T09:26:30","guid":{"rendered":"https:\/\/lj-collections.com\/?post_type=product&#038;p=2017"},"modified":"2024-10-31T07:38:24","modified_gmt":"2024-10-31T07:38:24","slug":"france-100-francs-cezanne-copie","status":"publish","type":"product","link":"https:\/\/lj-collections.com\/en\/product\/france-100-francs-cezanne-copie\/","title":{"rendered":"FRANCE &#8211; 100 Francs C\u00e9zanne 1997 SPL petit num\u00e9ro A000004106"},"content":{"rendered":"<p>FRANCE &#8211; 100 Francs C\u00e9zanne 1997 SPL petit num\u00e9ro A000004106<\/p>\n<div class=\"col-6 col-md-3 attr_name\"><strong>Year: <\/strong>1997<\/div>\n<div class=\"col-6 col-md-3 attr_name\"><strong>Country: <\/strong>France<\/div>\n<div class=\"col-6 col-md-3 attr_name\"><strong>Condition: <\/strong>AU+<\/div>\n<div><strong>Personnage<\/strong>: C\u00e9zanne<\/div>\n<div class=\"col-6 col-md-3 attr_name\"><strong>Size ( mm ):<\/strong> 133 \u00d7 80<\/div>\n<div class=\"col-6 col-md-3 attr_name\"><strong>Valeur faciale:<\/strong>\u00a0 100 Francs<\/div>\n<div><\/div>\n<div><strong>Note<\/strong> : Attention , le billet n&rsquo;est pas UNC , il y a une trace de trombone sur le bord du billet , voir photo 3.<\/div>","protected":false},"excerpt":{"rendered":"Ce billet de 100 francs C\u00e9zanne de 1997, en qualit\u00e9 SPL, est une pi\u00e8ce rare&hellip;","protected":false},"featured_media":2012,"comment_status":"open","ping_status":"closed","template":"","meta":{"_acf_changed":false},"product_brand":[],"product_cat":[172,187],"product_tag":[],"class_list":{"0":"post-2017","1":"product","2":"type-product","3":"status-publish","4":"has-post-thumbnail","6":"product_cat-billets","7":"product_cat-billets-europe","8":"pa_annee-1057","9":"pa_pays-france","10":"pa_personnage-paul-cezanne","11":"pa_qualite-spl","13":"first","14":"instock","15":"shipping-taxable","16":"purchasable","17":"product-type-simple"},"acf":[],"yoast_head":"<!-- This site is optimized with the Yoast SEO plugin v27.2 - https:\/\/yoast.com\/product\/yoast-seo-wordpress\/ -->\n<title>FRANCE - 100 Francs C\u00e9zanne 1997 SPL petit num\u00e9ro A000004106 - LJ Collections<\/title>\n<meta name=\"robots\" content=\"index, follow, max-snippet:-1, max-image-preview:large, max-video-preview:-1\" \/>\n<link rel=\"canonical\" href=\"https:\/\/lj-collections.com\/en\/product\/france-100-francs-cezanne-copie\/\" \/>\n<meta property=\"og:locale\" content=\"en_US\" \/>\n<meta property=\"og:type\" content=\"article\" \/>\n<meta property=\"og:title\" content=\"FRANCE - 100 Francs C\u00e9zanne 1997 SPL petit num\u00e9ro A000004106 - LJ Collections\" \/>\n<meta property=\"og:url\" content=\"https:\/\/lj-collections.com\/en\/product\/france-100-francs-cezanne-copie\/\" \/>\n<meta property=\"og:site_name\" content=\"LJ Collections\" \/>\n<meta property=\"article:modified_time\" content=\"2024-10-31T07:38:24+00:00\" \/>\n<meta property=\"og:image\" content=\"http:\/\/lj-collections.com\/wp-content\/uploads\/2024\/09\/Clipped_image_20240912_214524-1024x1024.png\" \/>\n\t<meta property=\"og:image:width\" content=\"1024\" \/>\n\t<meta property=\"og:image:height\" content=\"1024\" \/>\n\t<meta property=\"og:image:type\" content=\"image\/png\" \/>\n<meta name=\"twitter:card\" content=\"summary_large_image\" \/>\n<meta name=\"twitter:label1\" content=\"Est. reading time\" \/>\n\t<meta name=\"twitter:data1\" content=\"1 minute\" \/>\n<script type=\"application\/ld+json\" class=\"yoast-schema-graph\">{\"@context\":\"https:\/\/schema.org\",\"@graph\":[{\"@type\":\"WebPage\",\"@id\":\"https:\/\/lj-collections.com\/produit\/france-100-francs-cezanne-copie\/\",\"url\":\"https:\/\/lj-collections.com\/produit\/france-100-francs-cezanne-copie\/\",\"name\":\"FRANCE - 100 Francs C\u00e9zanne 1997 SPL petit num\u00e9ro A000004106 - LJ Collections\",\"isPartOf\":{\"@id\":\"https:\/\/lj-collections.com\/#website\"},\"primaryImageOfPage\":{\"@id\":\"https:\/\/lj-collections.com\/produit\/france-100-francs-cezanne-copie\/#primaryimage\"},\"image\":{\"@id\":\"https:\/\/lj-collections.com\/produit\/france-100-francs-cezanne-copie\/#primaryimage\"},\"thumbnailUrl\":\"https:\/\/lj-collections.com\/wp-content\/uploads\/2024\/09\/Clipped_image_20240912_214524.png\",\"datePublished\":\"2024-09-13T09:26:30+00:00\",\"dateModified\":\"2024-10-31T07:38:24+00:00\",\"breadcrumb\":{\"@id\":\"https:\/\/lj-collections.com\/produit\/france-100-francs-cezanne-copie\/#breadcrumb\"},\"inLanguage\":\"en-US\",\"potentialAction\":[{\"@type\":\"ReadAction\",\"target\":[\"https:\/\/lj-collections.com\/produit\/france-100-francs-cezanne-copie\/\"]}]},{\"@type\":\"ImageObject\",\"inLanguage\":\"en-US\",\"@id\":\"https:\/\/lj-collections.com\/produit\/france-100-francs-cezanne-copie\/#primaryimage\",\"url\":\"https:\/\/lj-collections.com\/wp-content\/uploads\/2024\/09\/Clipped_image_20240912_214524.png\",\"contentUrl\":\"https:\/\/lj-collections.com\/wp-content\/uploads\/2024\/09\/Clipped_image_20240912_214524.png\",\"width\":3332,\"height\":3332,\"caption\":\"Recto 100 Francs C\u00e9zanne 1997 SPL A000004106\"},{\"@type\":\"BreadcrumbList\",\"@id\":\"https:\/\/lj-collections.com\/produit\/france-100-francs-cezanne-copie\/#breadcrumb\",\"itemListElement\":[{\"@type\":\"ListItem\",\"position\":1,\"name\":\"Accueil\",\"item\":\"https:\/\/lj-collections.com\/\"},{\"@type\":\"ListItem\",\"position\":2,\"name\":\"Boutique\",\"item\":\"https:\/\/lj-collections.com\/boutique\/\"},{\"@type\":\"ListItem\",\"position\":3,\"name\":\"FRANCE &#8211; 100 Francs C\u00e9zanne 1997 SPL petit num\u00e9ro A000004106\"}]},{\"@type\":\"WebSite\",\"@id\":\"https:\/\/lj-collections.com\/#website\",\"url\":\"https:\/\/lj-collections.com\/\",\"name\":\"LJ Collections\",\"description\":\"Monnaies, billets et tr\u00e9sors d&#039;hier, disponibles aujourd&#039;hui \u00e0 Valence dans la Dr\u00f4me.\",\"publisher\":{\"@id\":\"https:\/\/lj-collections.com\/#organization\"},\"potentialAction\":[{\"@type\":\"SearchAction\",\"target\":{\"@type\":\"EntryPoint\",\"urlTemplate\":\"https:\/\/lj-collections.com\/?s={search_term_string}\"},\"query-input\":{\"@type\":\"PropertyValueSpecification\",\"valueRequired\":true,\"valueName\":\"search_term_string\"}}],\"inLanguage\":\"en-US\"},{\"@type\":\"Organization\",\"@id\":\"https:\/\/lj-collections.com\/#organization\",\"name\":\"LJcollections\",\"alternateName\":\"LJcollections\",\"url\":\"https:\/\/lj-collections.com\/\",\"logo\":{\"@type\":\"ImageObject\",\"inLanguage\":\"en-US\",\"@id\":\"https:\/\/lj-collections.com\/#\/schema\/logo\/image\/\",\"url\":\"https:\/\/lj-collections.com\/wp-content\/uploads\/2023\/09\/favicon-1.png\",\"contentUrl\":\"https:\/\/lj-collections.com\/wp-content\/uploads\/2023\/09\/favicon-1.png\",\"width\":337,\"height\":267,\"caption\":\"LJcollections\"},\"image\":{\"@id\":\"https:\/\/lj-collections.com\/#\/schema\/logo\/image\/\"}}]}<\/script>\n<!-- \/ Yoast SEO plugin. -->","yoast_head_json":{"title":"FRANCE - 100 Francs C\u00e9zanne 1997 SPL petit num\u00e9ro A000004106 - LJ Collections","robots":{"index":"index","follow":"follow","max-snippet":"max-snippet:-1","max-image-preview":"max-image-preview:large","max-video-preview":"max-video-preview:-1"},"canonical":"https:\/\/lj-collections.com\/en\/product\/france-100-francs-cezanne-copie\/","og_locale":"en_US","og_type":"article","og_title":"FRANCE - 100 Francs C\u00e9zanne 1997 SPL petit num\u00e9ro A000004106 - LJ Collections","og_url":"https:\/\/lj-collections.com\/en\/product\/france-100-francs-cezanne-copie\/","og_site_name":"LJ Collections","article_modified_time":"2024-10-31T07:38:24+00:00","og_image":[{"width":1024,"height":1024,"url":"http:\/\/lj-collections.com\/wp-content\/uploads\/2024\/09\/Clipped_image_20240912_214524-1024x1024.png","type":"image\/png"}],"twitter_card":"summary_large_image","twitter_misc":{"Est. reading time":"1 minute"},"schema":{"@context":"https:\/\/schema.org","@graph":[{"@type":"WebPage","@id":"https:\/\/lj-collections.com\/produit\/france-100-francs-cezanne-copie\/","url":"https:\/\/lj-collections.com\/produit\/france-100-francs-cezanne-copie\/","name":"FRANCE - 100 Francs C\u00e9zanne 1997 SPL petit num\u00e9ro A000004106 - LJ Collections","isPartOf":{"@id":"https:\/\/lj-collections.com\/#website"},"primaryImageOfPage":{"@id":"https:\/\/lj-collections.com\/produit\/france-100-francs-cezanne-copie\/#primaryimage"},"image":{"@id":"https:\/\/lj-collections.com\/produit\/france-100-francs-cezanne-copie\/#primaryimage"},"thumbnailUrl":"https:\/\/lj-collections.com\/wp-content\/uploads\/2024\/09\/Clipped_image_20240912_214524.png","datePublished":"2024-09-13T09:26:30+00:00","dateModified":"2024-10-31T07:38:24+00:00","breadcrumb":{"@id":"https:\/\/lj-collections.com\/produit\/france-100-francs-cezanne-copie\/#breadcrumb"},"inLanguage":"en-US","potentialAction":[{"@type":"ReadAction","target":["https:\/\/lj-collections.com\/produit\/france-100-francs-cezanne-copie\/"]}]},{"@type":"ImageObject","inLanguage":"en-US","@id":"https:\/\/lj-collections.com\/produit\/france-100-francs-cezanne-copie\/#primaryimage","url":"https:\/\/lj-collections.com\/wp-content\/uploads\/2024\/09\/Clipped_image_20240912_214524.png","contentUrl":"https:\/\/lj-collections.com\/wp-content\/uploads\/2024\/09\/Clipped_image_20240912_214524.png","width":3332,"height":3332,"caption":"Recto 100 Francs C\u00e9zanne 1997 SPL A000004106"},{"@type":"BreadcrumbList","@id":"https:\/\/lj-collections.com\/produit\/france-100-francs-cezanne-copie\/#breadcrumb","itemListElement":[{"@type":"ListItem","position":1,"name":"Accueil","item":"https:\/\/lj-collections.com\/"},{"@type":"ListItem","position":2,"name":"Boutique","item":"https:\/\/lj-collections.com\/boutique\/"},{"@type":"ListItem","position":3,"name":"FRANCE &#8211; 100 Francs C\u00e9zanne 1997 SPL petit num\u00e9ro A000004106"}]},{"@type":"WebSite","@id":"https:\/\/lj-collections.com\/#website","url":"https:\/\/lj-collections.com\/","name":"LJ Collections","description":"Monnaies, billets et tr\u00e9sors d&#039;hier, disponibles aujourd&#039;hui \u00e0 Valence dans la Dr\u00f4me.","publisher":{"@id":"https:\/\/lj-collections.com\/#organization"},"potentialAction":[{"@type":"SearchAction","target":{"@type":"EntryPoint","urlTemplate":"https:\/\/lj-collections.com\/?s={search_term_string}"},"query-input":{"@type":"PropertyValueSpecification","valueRequired":true,"valueName":"search_term_string"}}],"inLanguage":"en-US"},{"@type":"Organization","@id":"https:\/\/lj-collections.com\/#organization","name":"LJcollections","alternateName":"LJcollections","url":"https:\/\/lj-collections.com\/","logo":{"@type":"ImageObject","inLanguage":"en-US","@id":"https:\/\/lj-collections.com\/#\/schema\/logo\/image\/","url":"https:\/\/lj-collections.com\/wp-content\/uploads\/2023\/09\/favicon-1.png","contentUrl":"https:\/\/lj-collections.com\/wp-content\/uploads\/2023\/09\/favicon-1.png","width":337,"height":267,"caption":"LJcollections"},"image":{"@id":"https:\/\/lj-collections.com\/#\/schema\/logo\/image\/"}}]}},"_links":{"self":[{"href":"https:\/\/lj-collections.com\/en\/wp-json\/wp\/v2\/product\/2017","targetHints":{"allow":["GET"]}}],"collection":[{"href":"https:\/\/lj-collections.com\/en\/wp-json\/wp\/v2\/product"}],"about":[{"href":"https:\/\/lj-collections.com\/en\/wp-json\/wp\/v2\/types\/product"}],"replies":[{"embeddable":true,"href":"https:\/\/lj-collections.com\/en\/wp-json\/wp\/v2\/comments?post=2017"}],"wp:featuredmedia":[{"embeddable":true,"href":"https:\/\/lj-collections.com\/en\/wp-json\/wp\/v2\/media\/2012"}],"wp:attachment":[{"href":"https:\/\/lj-collections.com\/en\/wp-json\/wp\/v2\/media?parent=2017"}],"wp:term":[{"taxonomy":"product_brand","embeddable":true,"href":"https:\/\/lj-collections.com\/en\/wp-json\/wp\/v2\/product_brand?post=2017"},{"taxonomy":"product_cat","embeddable":true,"href":"https:\/\/lj-collections.com\/en\/wp-json\/wp\/v2\/product_cat?post=2017"},{"taxonomy":"product_tag","embeddable":true,"href":"https:\/\/lj-collections.com\/en\/wp-json\/wp\/v2\/product_tag?post=2017"}],"curies":[{"name":"wp","href":"https:\/\/api.w.org\/{rel}","templated":true}]}}