{"id":2009,"date":"2024-09-11T18:21:19","date_gmt":"2024-09-11T18:21:19","guid":{"rendered":"https:\/\/lj-collections.com\/?post_type=product&#038;p=2009"},"modified":"2024-10-30T15:19:39","modified_gmt":"2024-10-30T15:19:39","slug":"mali-500-francs-1967-specimen-grade-pmg67-epq","status":"publish","type":"product","link":"https:\/\/lj-collections.com\/en\/product\/mali-500-francs-1967-specimen-grade-pmg67-epq\/","title":{"rendered":"MALI &#8211; 500 Francs 1967 Specimen grad\u00e9 PMG67 EPQ"},"content":{"rendered":"<p>MALI &#8211; 500 Francs 1967 Specimen grad\u00e9 PMG67 EPQ<\/p>\n<div class=\"col-6 col-md-3 attr_name\"><strong>Year: <\/strong>1967<\/div>\n<div class=\"col-6 col-md-3 attr_name\"><strong>Country: <\/strong>MALI<\/div>\n<div class=\"col-6 col-md-3 attr_name\"><strong>Condition: <\/strong>MS67<\/div>\n<div class=\"col-6 col-md-3 attr_name\"><strong>Size ( mm ):<\/strong> 140 \u00d7 90<\/div>\n<div class=\"col-6 col-md-3 attr_name\"><strong>Valeur faciale:<\/strong>\u00a0 500 Francs<\/div>","protected":false},"excerpt":{"rendered":"Ce billet de 500 francs du Mali \u00e9mis en 1967, un sp\u00e9cimen rare, a \u00e9t\u00e9&hellip;","protected":false},"featured_media":2010,"comment_status":"open","ping_status":"closed","template":"","meta":{"_acf_changed":false},"product_brand":[],"product_cat":[178,172],"product_tag":[],"class_list":{"0":"post-2009","1":"product","2":"type-product","3":"status-publish","4":"has-post-thumbnail","6":"product_cat-billets-afrique","7":"product_cat-billets","8":"pa_annee-601","9":"pa_pays-mali","10":"pa_qualite-ms67","12":"first","13":"instock","14":"shipping-taxable","15":"purchasable","16":"product-type-simple"},"acf":[],"yoast_head":"<!-- This site is optimized with the Yoast SEO plugin v27.2 - https:\/\/yoast.com\/product\/yoast-seo-wordpress\/ -->\n<title>MALI - 500 Francs 1967 Specimen grad\u00e9 PMG67 EPQ - LJ Collections<\/title>\n<meta name=\"robots\" content=\"index, follow, max-snippet:-1, max-image-preview:large, max-video-preview:-1\" \/>\n<link rel=\"canonical\" href=\"https:\/\/lj-collections.com\/en\/product\/mali-500-francs-1967-specimen-grade-pmg67-epq\/\" \/>\n<meta property=\"og:locale\" content=\"en_US\" \/>\n<meta property=\"og:type\" content=\"article\" \/>\n<meta property=\"og:title\" content=\"MALI - 500 Francs 1967 Specimen grad\u00e9 PMG67 EPQ - LJ Collections\" \/>\n<meta property=\"og:url\" content=\"https:\/\/lj-collections.com\/en\/product\/mali-500-francs-1967-specimen-grade-pmg67-epq\/\" \/>\n<meta property=\"og:site_name\" content=\"LJ Collections\" \/>\n<meta property=\"article:modified_time\" content=\"2024-10-30T15:19:39+00:00\" \/>\n<meta property=\"og:image\" content=\"http:\/\/lj-collections.com\/wp-content\/uploads\/2024\/09\/Clipped_image_20240911_203324-1024x1024.png\" \/>\n\t<meta property=\"og:image:width\" content=\"1024\" \/>\n\t<meta property=\"og:image:height\" content=\"1024\" \/>\n\t<meta property=\"og:image:type\" content=\"image\/png\" \/>\n<meta name=\"twitter:card\" content=\"summary_large_image\" \/>\n<meta name=\"twitter:label1\" content=\"Est. reading time\" \/>\n\t<meta name=\"twitter:data1\" content=\"1 minute\" \/>\n<script type=\"application\/ld+json\" class=\"yoast-schema-graph\">{\"@context\":\"https:\/\/schema.org\",\"@graph\":[{\"@type\":\"WebPage\",\"@id\":\"https:\/\/lj-collections.com\/produit\/mali-500-francs-1967-specimen-grade-pmg67-epq\/\",\"url\":\"https:\/\/lj-collections.com\/produit\/mali-500-francs-1967-specimen-grade-pmg67-epq\/\",\"name\":\"MALI - 500 Francs 1967 Specimen grad\u00e9 PMG67 EPQ - LJ Collections\",\"isPartOf\":{\"@id\":\"https:\/\/lj-collections.com\/#website\"},\"primaryImageOfPage\":{\"@id\":\"https:\/\/lj-collections.com\/produit\/mali-500-francs-1967-specimen-grade-pmg67-epq\/#primaryimage\"},\"image\":{\"@id\":\"https:\/\/lj-collections.com\/produit\/mali-500-francs-1967-specimen-grade-pmg67-epq\/#primaryimage\"},\"thumbnailUrl\":\"https:\/\/lj-collections.com\/wp-content\/uploads\/2024\/09\/Clipped_image_20240911_203324.png\",\"datePublished\":\"2024-09-11T18:21:19+00:00\",\"dateModified\":\"2024-10-30T15:19:39+00:00\",\"breadcrumb\":{\"@id\":\"https:\/\/lj-collections.com\/produit\/mali-500-francs-1967-specimen-grade-pmg67-epq\/#breadcrumb\"},\"inLanguage\":\"en-US\",\"potentialAction\":[{\"@type\":\"ReadAction\",\"target\":[\"https:\/\/lj-collections.com\/produit\/mali-500-francs-1967-specimen-grade-pmg67-epq\/\"]}]},{\"@type\":\"ImageObject\",\"inLanguage\":\"en-US\",\"@id\":\"https:\/\/lj-collections.com\/produit\/mali-500-francs-1967-specimen-grade-pmg67-epq\/#primaryimage\",\"url\":\"https:\/\/lj-collections.com\/wp-content\/uploads\/2024\/09\/Clipped_image_20240911_203324.png\",\"contentUrl\":\"https:\/\/lj-collections.com\/wp-content\/uploads\/2024\/09\/Clipped_image_20240911_203324.png\",\"width\":3788,\"height\":3788,\"caption\":\"Recto 500 francs Mali 1967 specimen PMG67 EPQ\"},{\"@type\":\"BreadcrumbList\",\"@id\":\"https:\/\/lj-collections.com\/produit\/mali-500-francs-1967-specimen-grade-pmg67-epq\/#breadcrumb\",\"itemListElement\":[{\"@type\":\"ListItem\",\"position\":1,\"name\":\"Accueil\",\"item\":\"https:\/\/lj-collections.com\/\"},{\"@type\":\"ListItem\",\"position\":2,\"name\":\"Boutique\",\"item\":\"https:\/\/lj-collections.com\/boutique\/\"},{\"@type\":\"ListItem\",\"position\":3,\"name\":\"MALI &#8211; 500 Francs 1967 Specimen grad\u00e9 PMG67 EPQ\"}]},{\"@type\":\"WebSite\",\"@id\":\"https:\/\/lj-collections.com\/#website\",\"url\":\"https:\/\/lj-collections.com\/\",\"name\":\"LJ Collections\",\"description\":\"Monnaies, billets et tr\u00e9sors d&#039;hier, disponibles aujourd&#039;hui \u00e0 Valence dans la Dr\u00f4me.\",\"publisher\":{\"@id\":\"https:\/\/lj-collections.com\/#organization\"},\"potentialAction\":[{\"@type\":\"SearchAction\",\"target\":{\"@type\":\"EntryPoint\",\"urlTemplate\":\"https:\/\/lj-collections.com\/?s={search_term_string}\"},\"query-input\":{\"@type\":\"PropertyValueSpecification\",\"valueRequired\":true,\"valueName\":\"search_term_string\"}}],\"inLanguage\":\"en-US\"},{\"@type\":\"Organization\",\"@id\":\"https:\/\/lj-collections.com\/#organization\",\"name\":\"LJcollections\",\"alternateName\":\"LJcollections\",\"url\":\"https:\/\/lj-collections.com\/\",\"logo\":{\"@type\":\"ImageObject\",\"inLanguage\":\"en-US\",\"@id\":\"https:\/\/lj-collections.com\/#\/schema\/logo\/image\/\",\"url\":\"https:\/\/lj-collections.com\/wp-content\/uploads\/2023\/09\/favicon-1.png\",\"contentUrl\":\"https:\/\/lj-collections.com\/wp-content\/uploads\/2023\/09\/favicon-1.png\",\"width\":337,\"height\":267,\"caption\":\"LJcollections\"},\"image\":{\"@id\":\"https:\/\/lj-collections.com\/#\/schema\/logo\/image\/\"}}]}<\/script>\n<!-- \/ Yoast SEO plugin. -->","yoast_head_json":{"title":"MALI - 500 Francs 1967 Specimen grad\u00e9 PMG67 EPQ - LJ Collections","robots":{"index":"index","follow":"follow","max-snippet":"max-snippet:-1","max-image-preview":"max-image-preview:large","max-video-preview":"max-video-preview:-1"},"canonical":"https:\/\/lj-collections.com\/en\/product\/mali-500-francs-1967-specimen-grade-pmg67-epq\/","og_locale":"en_US","og_type":"article","og_title":"MALI - 500 Francs 1967 Specimen grad\u00e9 PMG67 EPQ - LJ Collections","og_url":"https:\/\/lj-collections.com\/en\/product\/mali-500-francs-1967-specimen-grade-pmg67-epq\/","og_site_name":"LJ Collections","article_modified_time":"2024-10-30T15:19:39+00:00","og_image":[{"width":1024,"height":1024,"url":"http:\/\/lj-collections.com\/wp-content\/uploads\/2024\/09\/Clipped_image_20240911_203324-1024x1024.png","type":"image\/png"}],"twitter_card":"summary_large_image","twitter_misc":{"Est. reading time":"1 minute"},"schema":{"@context":"https:\/\/schema.org","@graph":[{"@type":"WebPage","@id":"https:\/\/lj-collections.com\/produit\/mali-500-francs-1967-specimen-grade-pmg67-epq\/","url":"https:\/\/lj-collections.com\/produit\/mali-500-francs-1967-specimen-grade-pmg67-epq\/","name":"MALI - 500 Francs 1967 Specimen grad\u00e9 PMG67 EPQ - LJ Collections","isPartOf":{"@id":"https:\/\/lj-collections.com\/#website"},"primaryImageOfPage":{"@id":"https:\/\/lj-collections.com\/produit\/mali-500-francs-1967-specimen-grade-pmg67-epq\/#primaryimage"},"image":{"@id":"https:\/\/lj-collections.com\/produit\/mali-500-francs-1967-specimen-grade-pmg67-epq\/#primaryimage"},"thumbnailUrl":"https:\/\/lj-collections.com\/wp-content\/uploads\/2024\/09\/Clipped_image_20240911_203324.png","datePublished":"2024-09-11T18:21:19+00:00","dateModified":"2024-10-30T15:19:39+00:00","breadcrumb":{"@id":"https:\/\/lj-collections.com\/produit\/mali-500-francs-1967-specimen-grade-pmg67-epq\/#breadcrumb"},"inLanguage":"en-US","potentialAction":[{"@type":"ReadAction","target":["https:\/\/lj-collections.com\/produit\/mali-500-francs-1967-specimen-grade-pmg67-epq\/"]}]},{"@type":"ImageObject","inLanguage":"en-US","@id":"https:\/\/lj-collections.com\/produit\/mali-500-francs-1967-specimen-grade-pmg67-epq\/#primaryimage","url":"https:\/\/lj-collections.com\/wp-content\/uploads\/2024\/09\/Clipped_image_20240911_203324.png","contentUrl":"https:\/\/lj-collections.com\/wp-content\/uploads\/2024\/09\/Clipped_image_20240911_203324.png","width":3788,"height":3788,"caption":"Recto 500 francs Mali 1967 specimen PMG67 EPQ"},{"@type":"BreadcrumbList","@id":"https:\/\/lj-collections.com\/produit\/mali-500-francs-1967-specimen-grade-pmg67-epq\/#breadcrumb","itemListElement":[{"@type":"ListItem","position":1,"name":"Accueil","item":"https:\/\/lj-collections.com\/"},{"@type":"ListItem","position":2,"name":"Boutique","item":"https:\/\/lj-collections.com\/boutique\/"},{"@type":"ListItem","position":3,"name":"MALI &#8211; 500 Francs 1967 Specimen grad\u00e9 PMG67 EPQ"}]},{"@type":"WebSite","@id":"https:\/\/lj-collections.com\/#website","url":"https:\/\/lj-collections.com\/","name":"LJ Collections","description":"Monnaies, billets et tr\u00e9sors d&#039;hier, disponibles aujourd&#039;hui \u00e0 Valence dans la Dr\u00f4me.","publisher":{"@id":"https:\/\/lj-collections.com\/#organization"},"potentialAction":[{"@type":"SearchAction","target":{"@type":"EntryPoint","urlTemplate":"https:\/\/lj-collections.com\/?s={search_term_string}"},"query-input":{"@type":"PropertyValueSpecification","valueRequired":true,"valueName":"search_term_string"}}],"inLanguage":"en-US"},{"@type":"Organization","@id":"https:\/\/lj-collections.com\/#organization","name":"LJcollections","alternateName":"LJcollections","url":"https:\/\/lj-collections.com\/","logo":{"@type":"ImageObject","inLanguage":"en-US","@id":"https:\/\/lj-collections.com\/#\/schema\/logo\/image\/","url":"https:\/\/lj-collections.com\/wp-content\/uploads\/2023\/09\/favicon-1.png","contentUrl":"https:\/\/lj-collections.com\/wp-content\/uploads\/2023\/09\/favicon-1.png","width":337,"height":267,"caption":"LJcollections"},"image":{"@id":"https:\/\/lj-collections.com\/#\/schema\/logo\/image\/"}}]}},"_links":{"self":[{"href":"https:\/\/lj-collections.com\/en\/wp-json\/wp\/v2\/product\/2009","targetHints":{"allow":["GET"]}}],"collection":[{"href":"https:\/\/lj-collections.com\/en\/wp-json\/wp\/v2\/product"}],"about":[{"href":"https:\/\/lj-collections.com\/en\/wp-json\/wp\/v2\/types\/product"}],"replies":[{"embeddable":true,"href":"https:\/\/lj-collections.com\/en\/wp-json\/wp\/v2\/comments?post=2009"}],"wp:featuredmedia":[{"embeddable":true,"href":"https:\/\/lj-collections.com\/en\/wp-json\/wp\/v2\/media\/2010"}],"wp:attachment":[{"href":"https:\/\/lj-collections.com\/en\/wp-json\/wp\/v2\/media?parent=2009"}],"wp:term":[{"taxonomy":"product_brand","embeddable":true,"href":"https:\/\/lj-collections.com\/en\/wp-json\/wp\/v2\/product_brand?post=2009"},{"taxonomy":"product_cat","embeddable":true,"href":"https:\/\/lj-collections.com\/en\/wp-json\/wp\/v2\/product_cat?post=2009"},{"taxonomy":"product_tag","embeddable":true,"href":"https:\/\/lj-collections.com\/en\/wp-json\/wp\/v2\/product_tag?post=2009"}],"curies":[{"name":"wp","href":"https:\/\/api.w.org\/{rel}","templated":true}]}}