{"id":2003,"date":"2024-09-07T18:49:18","date_gmt":"2024-09-07T18:49:18","guid":{"rendered":"https:\/\/lj-collections.com\/?post_type=product&#038;p=2003"},"modified":"2024-10-30T15:21:36","modified_gmt":"2024-10-30T15:21:36","slug":"syrie-serie-unc-de-7-billets-50-a-5000-pounds","status":"publish","type":"product","link":"https:\/\/lj-collections.com\/en\/product\/syrie-serie-unc-de-7-billets-50-a-5000-pounds\/","title":{"rendered":"SYRIE &#8211; S\u00e9rie UNC de 7 billets 50 \u00e0 5000 pounds"},"content":{"rendered":"<p>SYRIE &#8211; S\u00e9rie UNC de 7 billets 50 \u00e0 5000 pounds<\/p>\n<div class=\"col-6 col-md-3 attr_name\"><strong>Year: <\/strong>2013 &#8211; 2023<\/div>\n<div class=\"col-6 col-md-3 attr_name\"><strong>Country: <\/strong>Syrie<\/div>\n<div class=\"col-6 col-md-3 attr_name\"><strong>Condition: <\/strong>UNC<\/div>\n<div class=\"col-6 col-md-3 attr_name\"><strong>Valeur faciale:<\/strong>\u00a0 50 &#8211; 5000 pounds<\/div>\n<div><\/div>\n<div><strong>Note<\/strong>: S\u00e9rie compl\u00e8te de 7 billets de Syrie , de 50 \u00e0 5000 Pounds<\/div>","protected":false},"excerpt":{"rendered":"S\u00e9rie compl\u00e8te de 7 billets syriens \u00e9mis entre 2013 et 2023, de 50 \u00e0 5000&hellip;","protected":false},"featured_media":2001,"comment_status":"open","ping_status":"closed","template":"","meta":{"_acf_changed":false},"product_brand":[],"product_cat":[184,172],"product_tag":[],"class_list":{"0":"post-2003","1":"product","2":"type-product","3":"status-publish","4":"has-post-thumbnail","6":"product_cat-billets-asie","7":"product_cat-billets","8":"pa_annee-2013-2023","9":"pa_pays-syrie","10":"pa_qualite-unc","12":"first","13":"instock","14":"shipping-taxable","15":"purchasable","16":"product-type-simple"},"acf":[],"yoast_head":"<!-- This site is optimized with the Yoast SEO plugin v27.2 - https:\/\/yoast.com\/product\/yoast-seo-wordpress\/ -->\n<title>SYRIE - S\u00e9rie UNC de 7 billets 50 \u00e0 5000 pounds - LJ Collections<\/title>\n<meta name=\"robots\" content=\"index, follow, max-snippet:-1, max-image-preview:large, max-video-preview:-1\" \/>\n<link rel=\"canonical\" href=\"https:\/\/lj-collections.com\/en\/product\/syrie-serie-unc-de-7-billets-50-a-5000-pounds\/\" \/>\n<meta property=\"og:locale\" content=\"en_US\" \/>\n<meta property=\"og:type\" content=\"article\" \/>\n<meta property=\"og:title\" content=\"SYRIE - S\u00e9rie UNC de 7 billets 50 \u00e0 5000 pounds - LJ Collections\" \/>\n<meta property=\"og:url\" content=\"https:\/\/lj-collections.com\/en\/product\/syrie-serie-unc-de-7-billets-50-a-5000-pounds\/\" \/>\n<meta property=\"og:site_name\" content=\"LJ Collections\" \/>\n<meta property=\"article:modified_time\" content=\"2024-10-30T15:21:36+00:00\" \/>\n<meta property=\"og:image\" content=\"http:\/\/lj-collections.com\/wp-content\/uploads\/2024\/09\/Clipped_image_20240907_193842.png\" \/>\n\t<meta property=\"og:image:width\" content=\"1047\" \/>\n\t<meta property=\"og:image:height\" content=\"1047\" \/>\n\t<meta property=\"og:image:type\" content=\"image\/png\" \/>\n<meta name=\"twitter:card\" content=\"summary_large_image\" \/>\n<meta name=\"twitter:label1\" content=\"Est. reading time\" \/>\n\t<meta name=\"twitter:data1\" content=\"1 minute\" \/>\n<script type=\"application\/ld+json\" class=\"yoast-schema-graph\">{\"@context\":\"https:\/\/schema.org\",\"@graph\":[{\"@type\":\"WebPage\",\"@id\":\"https:\/\/lj-collections.com\/produit\/syrie-serie-unc-de-7-billets-50-a-5000-pounds\/\",\"url\":\"https:\/\/lj-collections.com\/produit\/syrie-serie-unc-de-7-billets-50-a-5000-pounds\/\",\"name\":\"SYRIE - S\u00e9rie UNC de 7 billets 50 \u00e0 5000 pounds - LJ Collections\",\"isPartOf\":{\"@id\":\"https:\/\/lj-collections.com\/#website\"},\"primaryImageOfPage\":{\"@id\":\"https:\/\/lj-collections.com\/produit\/syrie-serie-unc-de-7-billets-50-a-5000-pounds\/#primaryimage\"},\"image\":{\"@id\":\"https:\/\/lj-collections.com\/produit\/syrie-serie-unc-de-7-billets-50-a-5000-pounds\/#primaryimage\"},\"thumbnailUrl\":\"https:\/\/lj-collections.com\/wp-content\/uploads\/2024\/09\/Clipped_image_20240907_193842.png\",\"datePublished\":\"2024-09-07T18:49:18+00:00\",\"dateModified\":\"2024-10-30T15:21:36+00:00\",\"breadcrumb\":{\"@id\":\"https:\/\/lj-collections.com\/produit\/syrie-serie-unc-de-7-billets-50-a-5000-pounds\/#breadcrumb\"},\"inLanguage\":\"en-US\",\"potentialAction\":[{\"@type\":\"ReadAction\",\"target\":[\"https:\/\/lj-collections.com\/produit\/syrie-serie-unc-de-7-billets-50-a-5000-pounds\/\"]}]},{\"@type\":\"ImageObject\",\"inLanguage\":\"en-US\",\"@id\":\"https:\/\/lj-collections.com\/produit\/syrie-serie-unc-de-7-billets-50-a-5000-pounds\/#primaryimage\",\"url\":\"https:\/\/lj-collections.com\/wp-content\/uploads\/2024\/09\/Clipped_image_20240907_193842.png\",\"contentUrl\":\"https:\/\/lj-collections.com\/wp-content\/uploads\/2024\/09\/Clipped_image_20240907_193842.png\",\"width\":1047,\"height\":1047,\"caption\":\"Recto lot de 7 billets de Syrie 50 \u00e0 5000 Livres\"},{\"@type\":\"BreadcrumbList\",\"@id\":\"https:\/\/lj-collections.com\/produit\/syrie-serie-unc-de-7-billets-50-a-5000-pounds\/#breadcrumb\",\"itemListElement\":[{\"@type\":\"ListItem\",\"position\":1,\"name\":\"Accueil\",\"item\":\"https:\/\/lj-collections.com\/\"},{\"@type\":\"ListItem\",\"position\":2,\"name\":\"Boutique\",\"item\":\"https:\/\/lj-collections.com\/boutique\/\"},{\"@type\":\"ListItem\",\"position\":3,\"name\":\"SYRIE &#8211; S\u00e9rie UNC de 7 billets 50 \u00e0 5000 pounds\"}]},{\"@type\":\"WebSite\",\"@id\":\"https:\/\/lj-collections.com\/#website\",\"url\":\"https:\/\/lj-collections.com\/\",\"name\":\"LJ Collections\",\"description\":\"Monnaies, billets et tr\u00e9sors d&#039;hier, disponibles aujourd&#039;hui \u00e0 Valence dans la Dr\u00f4me.\",\"publisher\":{\"@id\":\"https:\/\/lj-collections.com\/#organization\"},\"potentialAction\":[{\"@type\":\"SearchAction\",\"target\":{\"@type\":\"EntryPoint\",\"urlTemplate\":\"https:\/\/lj-collections.com\/?s={search_term_string}\"},\"query-input\":{\"@type\":\"PropertyValueSpecification\",\"valueRequired\":true,\"valueName\":\"search_term_string\"}}],\"inLanguage\":\"en-US\"},{\"@type\":\"Organization\",\"@id\":\"https:\/\/lj-collections.com\/#organization\",\"name\":\"LJcollections\",\"alternateName\":\"LJcollections\",\"url\":\"https:\/\/lj-collections.com\/\",\"logo\":{\"@type\":\"ImageObject\",\"inLanguage\":\"en-US\",\"@id\":\"https:\/\/lj-collections.com\/#\/schema\/logo\/image\/\",\"url\":\"https:\/\/lj-collections.com\/wp-content\/uploads\/2023\/09\/favicon-1.png\",\"contentUrl\":\"https:\/\/lj-collections.com\/wp-content\/uploads\/2023\/09\/favicon-1.png\",\"width\":337,\"height\":267,\"caption\":\"LJcollections\"},\"image\":{\"@id\":\"https:\/\/lj-collections.com\/#\/schema\/logo\/image\/\"}}]}<\/script>\n<!-- \/ Yoast SEO plugin. -->","yoast_head_json":{"title":"SYRIE - S\u00e9rie UNC de 7 billets 50 \u00e0 5000 pounds - LJ Collections","robots":{"index":"index","follow":"follow","max-snippet":"max-snippet:-1","max-image-preview":"max-image-preview:large","max-video-preview":"max-video-preview:-1"},"canonical":"https:\/\/lj-collections.com\/en\/product\/syrie-serie-unc-de-7-billets-50-a-5000-pounds\/","og_locale":"en_US","og_type":"article","og_title":"SYRIE - S\u00e9rie UNC de 7 billets 50 \u00e0 5000 pounds - LJ Collections","og_url":"https:\/\/lj-collections.com\/en\/product\/syrie-serie-unc-de-7-billets-50-a-5000-pounds\/","og_site_name":"LJ Collections","article_modified_time":"2024-10-30T15:21:36+00:00","og_image":[{"width":1047,"height":1047,"url":"http:\/\/lj-collections.com\/wp-content\/uploads\/2024\/09\/Clipped_image_20240907_193842.png","type":"image\/png"}],"twitter_card":"summary_large_image","twitter_misc":{"Est. reading time":"1 minute"},"schema":{"@context":"https:\/\/schema.org","@graph":[{"@type":"WebPage","@id":"https:\/\/lj-collections.com\/produit\/syrie-serie-unc-de-7-billets-50-a-5000-pounds\/","url":"https:\/\/lj-collections.com\/produit\/syrie-serie-unc-de-7-billets-50-a-5000-pounds\/","name":"SYRIE - S\u00e9rie UNC de 7 billets 50 \u00e0 5000 pounds - LJ Collections","isPartOf":{"@id":"https:\/\/lj-collections.com\/#website"},"primaryImageOfPage":{"@id":"https:\/\/lj-collections.com\/produit\/syrie-serie-unc-de-7-billets-50-a-5000-pounds\/#primaryimage"},"image":{"@id":"https:\/\/lj-collections.com\/produit\/syrie-serie-unc-de-7-billets-50-a-5000-pounds\/#primaryimage"},"thumbnailUrl":"https:\/\/lj-collections.com\/wp-content\/uploads\/2024\/09\/Clipped_image_20240907_193842.png","datePublished":"2024-09-07T18:49:18+00:00","dateModified":"2024-10-30T15:21:36+00:00","breadcrumb":{"@id":"https:\/\/lj-collections.com\/produit\/syrie-serie-unc-de-7-billets-50-a-5000-pounds\/#breadcrumb"},"inLanguage":"en-US","potentialAction":[{"@type":"ReadAction","target":["https:\/\/lj-collections.com\/produit\/syrie-serie-unc-de-7-billets-50-a-5000-pounds\/"]}]},{"@type":"ImageObject","inLanguage":"en-US","@id":"https:\/\/lj-collections.com\/produit\/syrie-serie-unc-de-7-billets-50-a-5000-pounds\/#primaryimage","url":"https:\/\/lj-collections.com\/wp-content\/uploads\/2024\/09\/Clipped_image_20240907_193842.png","contentUrl":"https:\/\/lj-collections.com\/wp-content\/uploads\/2024\/09\/Clipped_image_20240907_193842.png","width":1047,"height":1047,"caption":"Recto lot de 7 billets de Syrie 50 \u00e0 5000 Livres"},{"@type":"BreadcrumbList","@id":"https:\/\/lj-collections.com\/produit\/syrie-serie-unc-de-7-billets-50-a-5000-pounds\/#breadcrumb","itemListElement":[{"@type":"ListItem","position":1,"name":"Accueil","item":"https:\/\/lj-collections.com\/"},{"@type":"ListItem","position":2,"name":"Boutique","item":"https:\/\/lj-collections.com\/boutique\/"},{"@type":"ListItem","position":3,"name":"SYRIE &#8211; S\u00e9rie UNC de 7 billets 50 \u00e0 5000 pounds"}]},{"@type":"WebSite","@id":"https:\/\/lj-collections.com\/#website","url":"https:\/\/lj-collections.com\/","name":"LJ Collections","description":"Monnaies, billets et tr\u00e9sors d&#039;hier, disponibles aujourd&#039;hui \u00e0 Valence dans la Dr\u00f4me.","publisher":{"@id":"https:\/\/lj-collections.com\/#organization"},"potentialAction":[{"@type":"SearchAction","target":{"@type":"EntryPoint","urlTemplate":"https:\/\/lj-collections.com\/?s={search_term_string}"},"query-input":{"@type":"PropertyValueSpecification","valueRequired":true,"valueName":"search_term_string"}}],"inLanguage":"en-US"},{"@type":"Organization","@id":"https:\/\/lj-collections.com\/#organization","name":"LJcollections","alternateName":"LJcollections","url":"https:\/\/lj-collections.com\/","logo":{"@type":"ImageObject","inLanguage":"en-US","@id":"https:\/\/lj-collections.com\/#\/schema\/logo\/image\/","url":"https:\/\/lj-collections.com\/wp-content\/uploads\/2023\/09\/favicon-1.png","contentUrl":"https:\/\/lj-collections.com\/wp-content\/uploads\/2023\/09\/favicon-1.png","width":337,"height":267,"caption":"LJcollections"},"image":{"@id":"https:\/\/lj-collections.com\/#\/schema\/logo\/image\/"}}]}},"_links":{"self":[{"href":"https:\/\/lj-collections.com\/en\/wp-json\/wp\/v2\/product\/2003","targetHints":{"allow":["GET"]}}],"collection":[{"href":"https:\/\/lj-collections.com\/en\/wp-json\/wp\/v2\/product"}],"about":[{"href":"https:\/\/lj-collections.com\/en\/wp-json\/wp\/v2\/types\/product"}],"replies":[{"embeddable":true,"href":"https:\/\/lj-collections.com\/en\/wp-json\/wp\/v2\/comments?post=2003"}],"wp:featuredmedia":[{"embeddable":true,"href":"https:\/\/lj-collections.com\/en\/wp-json\/wp\/v2\/media\/2001"}],"wp:attachment":[{"href":"https:\/\/lj-collections.com\/en\/wp-json\/wp\/v2\/media?parent=2003"}],"wp:term":[{"taxonomy":"product_brand","embeddable":true,"href":"https:\/\/lj-collections.com\/en\/wp-json\/wp\/v2\/product_brand?post=2003"},{"taxonomy":"product_cat","embeddable":true,"href":"https:\/\/lj-collections.com\/en\/wp-json\/wp\/v2\/product_cat?post=2003"},{"taxonomy":"product_tag","embeddable":true,"href":"https:\/\/lj-collections.com\/en\/wp-json\/wp\/v2\/product_tag?post=2003"}],"curies":[{"name":"wp","href":"https:\/\/api.w.org\/{rel}","templated":true}]}}