{"id":1871,"date":"2024-05-29T22:01:22","date_gmt":"2024-05-29T22:01:22","guid":{"rendered":"https:\/\/lj-collections.com\/?post_type=product&#038;p=1871"},"modified":"2024-12-28T22:58:27","modified_gmt":"2024-12-28T22:58:27","slug":"france-lot-14-pieces-2-centimes-1854-1857-et-1862","status":"publish","type":"product","link":"https:\/\/lj-collections.com\/en\/product\/france-lot-14-pieces-2-centimes-1854-1857-et-1862\/","title":{"rendered":"FRANCE &#8211; Lot 14 pi\u00e8ces 2 centimes 1854 , 1857 et 1862"},"content":{"rendered":"<p>FRANCE &#8211; Lot 14 pi\u00e8ces 2 centimes 1854 , 1857 et 1862<\/p>\n<div class=\"col-6 col-md-3 attr_name\"><strong>Year: <\/strong>1854 &#8211; 1862<\/div>\n<div><strong>Mint:<\/strong> Divers<\/div>\n<div class=\"col-6 col-md-3 attr_name\"><strong>Diameter (mm): <\/strong>20,2<\/div>\n<div class=\"col-6 col-md-3 attr_name\"><strong>Metal: <\/strong>Copper<\/div>\n<div class=\"col-6 col-md-3 attr_name\"><strong>Country: <\/strong>France<\/div>\n<div><strong>Personnage<\/strong>: Napol\u00e9on III<\/div>\n<div class=\"col-6 col-md-3 attr_name\"><strong>Weight (grams):<\/strong> 28.2<\/div>\n<div class=\"col-6 col-md-3 attr_name\"><strong>Condition:<\/strong> TB &#8211; SUP<\/div>\n<div><\/div>\n<div>Note : Lot de 14 pi\u00e8ces de 2 centimes napol\u00e9on III , le lot comprends :<\/div>\n<div>&#8211; 1 pi\u00e8ce 1854 D Lyon en \u00e9tat TB<\/div>\n<div>&#8211; 12 pi\u00e8ces 1857 W Lille , 5 en \u00e9tat TB et 7 en \u00e9tat TTB \u00e0 SUP<\/div>\n<div>&#8211; 1 pi\u00e8ce 1862 BB Strasbourg en \u00e9tat TTB<\/div>","protected":false},"excerpt":{"rendered":"Note : Lot de 14 pi\u00e8ces de 2 centimes napol\u00e9on III , le lot comprends&hellip;","protected":false},"featured_media":1857,"comment_status":"open","ping_status":"closed","template":"","meta":{"_acf_changed":false},"product_brand":[],"product_cat":[1075,41,18,17],"product_tag":[],"class_list":{"0":"post-1871","1":"product","2":"type-product","3":"status-publish","4":"has-post-thumbnail","6":"product_cat-archives","7":"product_cat-monnaies-europe","8":"product_cat-monnaies-francaises","9":"product_cat-monnaies","10":"pa_annee-1854-1862","11":"pa_atelier-divers","12":"pa_diametre-mm-20-2","13":"pa_metal-cuivre","14":"pa_pays-france","15":"pa_personnage-napoleon-iii","16":"pa_poids-28-2","18":"first","19":"outofstock","20":"shipping-taxable","21":"purchasable","22":"product-type-simple"},"acf":[],"yoast_head":"<!-- This site is optimized with the Yoast SEO plugin v27.2 - https:\/\/yoast.com\/product\/yoast-seo-wordpress\/ -->\n<title>FRANCE - Lot 14 pi\u00e8ces 2 centimes 1854 , 1857 et 1862 - LJ Collections<\/title>\n<meta name=\"robots\" content=\"index, follow, max-snippet:-1, max-image-preview:large, max-video-preview:-1\" \/>\n<link rel=\"canonical\" href=\"https:\/\/lj-collections.com\/en\/product\/france-lot-14-pieces-2-centimes-1854-1857-et-1862\/\" \/>\n<meta property=\"og:locale\" content=\"en_US\" \/>\n<meta property=\"og:type\" content=\"article\" \/>\n<meta property=\"og:title\" content=\"FRANCE - Lot 14 pi\u00e8ces 2 centimes 1854 , 1857 et 1862 - LJ Collections\" \/>\n<meta property=\"og:url\" content=\"https:\/\/lj-collections.com\/en\/product\/france-lot-14-pieces-2-centimes-1854-1857-et-1862\/\" \/>\n<meta property=\"og:site_name\" content=\"LJ Collections\" \/>\n<meta property=\"article:modified_time\" content=\"2024-12-28T22:58:27+00:00\" \/>\n<meta property=\"og:image\" content=\"http:\/\/lj-collections.com\/wp-content\/uploads\/2024\/05\/P1000906-1024x1024.png\" \/>\n\t<meta property=\"og:image:width\" content=\"1024\" \/>\n\t<meta property=\"og:image:height\" content=\"1024\" \/>\n\t<meta property=\"og:image:type\" content=\"image\/png\" \/>\n<meta name=\"twitter:card\" content=\"summary_large_image\" \/>\n<meta name=\"twitter:label1\" content=\"Est. reading time\" \/>\n\t<meta name=\"twitter:data1\" content=\"1 minute\" \/>\n<script type=\"application\/ld+json\" class=\"yoast-schema-graph\">{\"@context\":\"https:\/\/schema.org\",\"@graph\":[{\"@type\":\"WebPage\",\"@id\":\"https:\/\/lj-collections.com\/produit\/france-lot-14-pieces-2-centimes-1854-1857-et-1862\/\",\"url\":\"https:\/\/lj-collections.com\/produit\/france-lot-14-pieces-2-centimes-1854-1857-et-1862\/\",\"name\":\"FRANCE - Lot 14 pi\u00e8ces 2 centimes 1854 , 1857 et 1862 - LJ Collections\",\"isPartOf\":{\"@id\":\"https:\/\/lj-collections.com\/#website\"},\"primaryImageOfPage\":{\"@id\":\"https:\/\/lj-collections.com\/produit\/france-lot-14-pieces-2-centimes-1854-1857-et-1862\/#primaryimage\"},\"image\":{\"@id\":\"https:\/\/lj-collections.com\/produit\/france-lot-14-pieces-2-centimes-1854-1857-et-1862\/#primaryimage\"},\"thumbnailUrl\":\"https:\/\/lj-collections.com\/wp-content\/uploads\/2024\/05\/P1000906.png\",\"datePublished\":\"2024-05-29T22:01:22+00:00\",\"dateModified\":\"2024-12-28T22:58:27+00:00\",\"breadcrumb\":{\"@id\":\"https:\/\/lj-collections.com\/produit\/france-lot-14-pieces-2-centimes-1854-1857-et-1862\/#breadcrumb\"},\"inLanguage\":\"en-US\",\"potentialAction\":[{\"@type\":\"ReadAction\",\"target\":[\"https:\/\/lj-collections.com\/produit\/france-lot-14-pieces-2-centimes-1854-1857-et-1862\/\"]}]},{\"@type\":\"ImageObject\",\"inLanguage\":\"en-US\",\"@id\":\"https:\/\/lj-collections.com\/produit\/france-lot-14-pieces-2-centimes-1854-1857-et-1862\/#primaryimage\",\"url\":\"https:\/\/lj-collections.com\/wp-content\/uploads\/2024\/05\/P1000906.png\",\"contentUrl\":\"https:\/\/lj-collections.com\/wp-content\/uploads\/2024\/05\/P1000906.png\",\"width\":2992,\"height\":2992,\"caption\":\"Revers lot 2 centimes napol\u00e9on III 1854 - 1862\"},{\"@type\":\"BreadcrumbList\",\"@id\":\"https:\/\/lj-collections.com\/produit\/france-lot-14-pieces-2-centimes-1854-1857-et-1862\/#breadcrumb\",\"itemListElement\":[{\"@type\":\"ListItem\",\"position\":1,\"name\":\"Accueil\",\"item\":\"https:\/\/lj-collections.com\/\"},{\"@type\":\"ListItem\",\"position\":2,\"name\":\"Boutique\",\"item\":\"https:\/\/lj-collections.com\/boutique\/\"},{\"@type\":\"ListItem\",\"position\":3,\"name\":\"FRANCE &#8211; Lot 14 pi\u00e8ces 2 centimes 1854 , 1857 et 1862\"}]},{\"@type\":\"WebSite\",\"@id\":\"https:\/\/lj-collections.com\/#website\",\"url\":\"https:\/\/lj-collections.com\/\",\"name\":\"LJ Collections\",\"description\":\"Monnaies, billets et tr\u00e9sors d&#039;hier, disponibles aujourd&#039;hui \u00e0 Valence dans la Dr\u00f4me.\",\"publisher\":{\"@id\":\"https:\/\/lj-collections.com\/#organization\"},\"potentialAction\":[{\"@type\":\"SearchAction\",\"target\":{\"@type\":\"EntryPoint\",\"urlTemplate\":\"https:\/\/lj-collections.com\/?s={search_term_string}\"},\"query-input\":{\"@type\":\"PropertyValueSpecification\",\"valueRequired\":true,\"valueName\":\"search_term_string\"}}],\"inLanguage\":\"en-US\"},{\"@type\":\"Organization\",\"@id\":\"https:\/\/lj-collections.com\/#organization\",\"name\":\"LJcollections\",\"alternateName\":\"LJcollections\",\"url\":\"https:\/\/lj-collections.com\/\",\"logo\":{\"@type\":\"ImageObject\",\"inLanguage\":\"en-US\",\"@id\":\"https:\/\/lj-collections.com\/#\/schema\/logo\/image\/\",\"url\":\"https:\/\/lj-collections.com\/wp-content\/uploads\/2023\/09\/favicon-1.png\",\"contentUrl\":\"https:\/\/lj-collections.com\/wp-content\/uploads\/2023\/09\/favicon-1.png\",\"width\":337,\"height\":267,\"caption\":\"LJcollections\"},\"image\":{\"@id\":\"https:\/\/lj-collections.com\/#\/schema\/logo\/image\/\"}}]}<\/script>\n<!-- \/ Yoast SEO plugin. -->","yoast_head_json":{"title":"FRANCE - Lot 14 pi\u00e8ces 2 centimes 1854 , 1857 et 1862 - LJ Collections","robots":{"index":"index","follow":"follow","max-snippet":"max-snippet:-1","max-image-preview":"max-image-preview:large","max-video-preview":"max-video-preview:-1"},"canonical":"https:\/\/lj-collections.com\/en\/product\/france-lot-14-pieces-2-centimes-1854-1857-et-1862\/","og_locale":"en_US","og_type":"article","og_title":"FRANCE - Lot 14 pi\u00e8ces 2 centimes 1854 , 1857 et 1862 - LJ Collections","og_url":"https:\/\/lj-collections.com\/en\/product\/france-lot-14-pieces-2-centimes-1854-1857-et-1862\/","og_site_name":"LJ Collections","article_modified_time":"2024-12-28T22:58:27+00:00","og_image":[{"width":1024,"height":1024,"url":"http:\/\/lj-collections.com\/wp-content\/uploads\/2024\/05\/P1000906-1024x1024.png","type":"image\/png"}],"twitter_card":"summary_large_image","twitter_misc":{"Est. reading time":"1 minute"},"schema":{"@context":"https:\/\/schema.org","@graph":[{"@type":"WebPage","@id":"https:\/\/lj-collections.com\/produit\/france-lot-14-pieces-2-centimes-1854-1857-et-1862\/","url":"https:\/\/lj-collections.com\/produit\/france-lot-14-pieces-2-centimes-1854-1857-et-1862\/","name":"FRANCE - Lot 14 pi\u00e8ces 2 centimes 1854 , 1857 et 1862 - LJ Collections","isPartOf":{"@id":"https:\/\/lj-collections.com\/#website"},"primaryImageOfPage":{"@id":"https:\/\/lj-collections.com\/produit\/france-lot-14-pieces-2-centimes-1854-1857-et-1862\/#primaryimage"},"image":{"@id":"https:\/\/lj-collections.com\/produit\/france-lot-14-pieces-2-centimes-1854-1857-et-1862\/#primaryimage"},"thumbnailUrl":"https:\/\/lj-collections.com\/wp-content\/uploads\/2024\/05\/P1000906.png","datePublished":"2024-05-29T22:01:22+00:00","dateModified":"2024-12-28T22:58:27+00:00","breadcrumb":{"@id":"https:\/\/lj-collections.com\/produit\/france-lot-14-pieces-2-centimes-1854-1857-et-1862\/#breadcrumb"},"inLanguage":"en-US","potentialAction":[{"@type":"ReadAction","target":["https:\/\/lj-collections.com\/produit\/france-lot-14-pieces-2-centimes-1854-1857-et-1862\/"]}]},{"@type":"ImageObject","inLanguage":"en-US","@id":"https:\/\/lj-collections.com\/produit\/france-lot-14-pieces-2-centimes-1854-1857-et-1862\/#primaryimage","url":"https:\/\/lj-collections.com\/wp-content\/uploads\/2024\/05\/P1000906.png","contentUrl":"https:\/\/lj-collections.com\/wp-content\/uploads\/2024\/05\/P1000906.png","width":2992,"height":2992,"caption":"Revers lot 2 centimes napol\u00e9on III 1854 - 1862"},{"@type":"BreadcrumbList","@id":"https:\/\/lj-collections.com\/produit\/france-lot-14-pieces-2-centimes-1854-1857-et-1862\/#breadcrumb","itemListElement":[{"@type":"ListItem","position":1,"name":"Accueil","item":"https:\/\/lj-collections.com\/"},{"@type":"ListItem","position":2,"name":"Boutique","item":"https:\/\/lj-collections.com\/boutique\/"},{"@type":"ListItem","position":3,"name":"FRANCE &#8211; Lot 14 pi\u00e8ces 2 centimes 1854 , 1857 et 1862"}]},{"@type":"WebSite","@id":"https:\/\/lj-collections.com\/#website","url":"https:\/\/lj-collections.com\/","name":"LJ Collections","description":"Monnaies, billets et tr\u00e9sors d&#039;hier, disponibles aujourd&#039;hui \u00e0 Valence dans la Dr\u00f4me.","publisher":{"@id":"https:\/\/lj-collections.com\/#organization"},"potentialAction":[{"@type":"SearchAction","target":{"@type":"EntryPoint","urlTemplate":"https:\/\/lj-collections.com\/?s={search_term_string}"},"query-input":{"@type":"PropertyValueSpecification","valueRequired":true,"valueName":"search_term_string"}}],"inLanguage":"en-US"},{"@type":"Organization","@id":"https:\/\/lj-collections.com\/#organization","name":"LJcollections","alternateName":"LJcollections","url":"https:\/\/lj-collections.com\/","logo":{"@type":"ImageObject","inLanguage":"en-US","@id":"https:\/\/lj-collections.com\/#\/schema\/logo\/image\/","url":"https:\/\/lj-collections.com\/wp-content\/uploads\/2023\/09\/favicon-1.png","contentUrl":"https:\/\/lj-collections.com\/wp-content\/uploads\/2023\/09\/favicon-1.png","width":337,"height":267,"caption":"LJcollections"},"image":{"@id":"https:\/\/lj-collections.com\/#\/schema\/logo\/image\/"}}]}},"_links":{"self":[{"href":"https:\/\/lj-collections.com\/en\/wp-json\/wp\/v2\/product\/1871","targetHints":{"allow":["GET"]}}],"collection":[{"href":"https:\/\/lj-collections.com\/en\/wp-json\/wp\/v2\/product"}],"about":[{"href":"https:\/\/lj-collections.com\/en\/wp-json\/wp\/v2\/types\/product"}],"replies":[{"embeddable":true,"href":"https:\/\/lj-collections.com\/en\/wp-json\/wp\/v2\/comments?post=1871"}],"wp:featuredmedia":[{"embeddable":true,"href":"https:\/\/lj-collections.com\/en\/wp-json\/wp\/v2\/media\/1857"}],"wp:attachment":[{"href":"https:\/\/lj-collections.com\/en\/wp-json\/wp\/v2\/media?parent=1871"}],"wp:term":[{"taxonomy":"product_brand","embeddable":true,"href":"https:\/\/lj-collections.com\/en\/wp-json\/wp\/v2\/product_brand?post=1871"},{"taxonomy":"product_cat","embeddable":true,"href":"https:\/\/lj-collections.com\/en\/wp-json\/wp\/v2\/product_cat?post=1871"},{"taxonomy":"product_tag","embeddable":true,"href":"https:\/\/lj-collections.com\/en\/wp-json\/wp\/v2\/product_tag?post=1871"}],"curies":[{"name":"wp","href":"https:\/\/api.w.org\/{rel}","templated":true}]}}