{"id":1668,"date":"2024-04-06T12:43:22","date_gmt":"2024-04-06T12:43:22","guid":{"rendered":"https:\/\/lj-collections.com\/?post_type=product&#038;p=1668"},"modified":"2024-11-01T20:18:48","modified_gmt":"2024-11-01T20:18:48","slug":"belgique-liard-de-liege-1752","status":"publish","type":"product","link":"https:\/\/lj-collections.com\/en\/product\/belgique-liard-de-liege-1752\/","title":{"rendered":"BELGIQUE &#8211; liard de Li\u00e8ge 1752"},"content":{"rendered":"<p>BELGIQUE &#8211; liard de Li\u00e8ge 1752<\/p>\n<div class=\"col-6 col-md-3 attr_name\"><strong>Year: <\/strong>1752<\/div>\n<div><strong>Mint:<\/strong> Li\u00e8ge<\/div>\n<div class=\"col-6 col-md-3 attr_name\"><strong>Diameter (mm):<\/strong> 23<\/div>\n<div class=\"col-6 col-md-3 attr_name\"><strong>Metal: <\/strong>Bronze<\/div>\n<div class=\"col-6 col-md-3 attr_name\"><strong>Country: <\/strong>Principaut\u00e9 de Li\u00e8ge<\/div>\n<div class=\"col-6 col-md-3 attr_name\"><strong>Weight (grams): <\/strong>2.71<\/div>\n<div class=\"col-6 col-md-3 attr_name\"><strong>Condition:<\/strong> F<\/div>","protected":false},"excerpt":{"rendered":"Ce liard de 1752, frapp\u00e9 \u00e0 Li\u00e8ge sous le r\u00e8gne de Jean-Th\u00e9odore de Bavi\u00e8re, refl\u00e8te&hellip;","protected":false},"featured_media":1643,"comment_status":"open","ping_status":"closed","template":"","meta":{"_acf_changed":false},"product_brand":[],"product_cat":[41,17],"product_tag":[],"class_list":{"0":"post-1668","1":"product","2":"type-product","3":"status-publish","4":"has-post-thumbnail","6":"product_cat-monnaies-europe","7":"product_cat-monnaies","8":"pa_annee-886","9":"pa_atelier-liege","10":"pa_diametre-mm-588","11":"pa_metal-cuivre","12":"pa_pays-belgique","13":"pa_poids-2-71","14":"pa_qualite-b","16":"first","17":"instock","18":"shipping-taxable","19":"purchasable","20":"product-type-simple"},"acf":[],"yoast_head":"<!-- This site is optimized with the Yoast SEO plugin v27.2 - https:\/\/yoast.com\/product\/yoast-seo-wordpress\/ -->\n<title>BELGIQUE - liard de Li\u00e8ge 1752 - LJ Collections<\/title>\n<meta name=\"robots\" content=\"index, follow, max-snippet:-1, max-image-preview:large, max-video-preview:-1\" \/>\n<link rel=\"canonical\" href=\"https:\/\/lj-collections.com\/en\/product\/belgique-liard-de-liege-1752\/\" \/>\n<meta property=\"og:locale\" content=\"en_US\" \/>\n<meta property=\"og:type\" content=\"article\" \/>\n<meta property=\"og:title\" content=\"BELGIQUE - liard de Li\u00e8ge 1752 - LJ Collections\" \/>\n<meta property=\"og:url\" content=\"https:\/\/lj-collections.com\/en\/product\/belgique-liard-de-liege-1752\/\" \/>\n<meta property=\"og:site_name\" content=\"LJ Collections\" \/>\n<meta property=\"article:modified_time\" content=\"2024-11-01T20:18:48+00:00\" \/>\n<meta property=\"og:image\" content=\"http:\/\/lj-collections.com\/wp-content\/uploads\/2024\/04\/P1000746-1024x1024.png\" \/>\n\t<meta property=\"og:image:width\" content=\"1024\" \/>\n\t<meta property=\"og:image:height\" content=\"1024\" \/>\n\t<meta property=\"og:image:type\" content=\"image\/png\" \/>\n<meta name=\"twitter:card\" content=\"summary_large_image\" \/>\n<meta name=\"twitter:label1\" content=\"Est. reading time\" \/>\n\t<meta name=\"twitter:data1\" content=\"1 minute\" \/>\n<script type=\"application\/ld+json\" class=\"yoast-schema-graph\">{\"@context\":\"https:\/\/schema.org\",\"@graph\":[{\"@type\":\"WebPage\",\"@id\":\"https:\/\/lj-collections.com\/produit\/belgique-liard-de-liege-1752\/\",\"url\":\"https:\/\/lj-collections.com\/produit\/belgique-liard-de-liege-1752\/\",\"name\":\"BELGIQUE - liard de Li\u00e8ge 1752 - LJ Collections\",\"isPartOf\":{\"@id\":\"https:\/\/lj-collections.com\/#website\"},\"primaryImageOfPage\":{\"@id\":\"https:\/\/lj-collections.com\/produit\/belgique-liard-de-liege-1752\/#primaryimage\"},\"image\":{\"@id\":\"https:\/\/lj-collections.com\/produit\/belgique-liard-de-liege-1752\/#primaryimage\"},\"thumbnailUrl\":\"https:\/\/lj-collections.com\/wp-content\/uploads\/2024\/04\/P1000746.png\",\"datePublished\":\"2024-04-06T12:43:22+00:00\",\"dateModified\":\"2024-11-01T20:18:48+00:00\",\"breadcrumb\":{\"@id\":\"https:\/\/lj-collections.com\/produit\/belgique-liard-de-liege-1752\/#breadcrumb\"},\"inLanguage\":\"en-US\",\"potentialAction\":[{\"@type\":\"ReadAction\",\"target\":[\"https:\/\/lj-collections.com\/produit\/belgique-liard-de-liege-1752\/\"]}]},{\"@type\":\"ImageObject\",\"inLanguage\":\"en-US\",\"@id\":\"https:\/\/lj-collections.com\/produit\/belgique-liard-de-liege-1752\/#primaryimage\",\"url\":\"https:\/\/lj-collections.com\/wp-content\/uploads\/2024\/04\/P1000746.png\",\"contentUrl\":\"https:\/\/lj-collections.com\/wp-content\/uploads\/2024\/04\/P1000746.png\",\"width\":2992,\"height\":2992,\"caption\":\"Revers liard de Li\u00e8ge 1752 \u00e9tat B\"},{\"@type\":\"BreadcrumbList\",\"@id\":\"https:\/\/lj-collections.com\/produit\/belgique-liard-de-liege-1752\/#breadcrumb\",\"itemListElement\":[{\"@type\":\"ListItem\",\"position\":1,\"name\":\"Accueil\",\"item\":\"https:\/\/lj-collections.com\/\"},{\"@type\":\"ListItem\",\"position\":2,\"name\":\"Boutique\",\"item\":\"https:\/\/lj-collections.com\/boutique\/\"},{\"@type\":\"ListItem\",\"position\":3,\"name\":\"BELGIQUE &#8211; liard de Li\u00e8ge 1752\"}]},{\"@type\":\"WebSite\",\"@id\":\"https:\/\/lj-collections.com\/#website\",\"url\":\"https:\/\/lj-collections.com\/\",\"name\":\"LJ Collections\",\"description\":\"Monnaies, billets et tr\u00e9sors d&#039;hier, disponibles aujourd&#039;hui \u00e0 Valence dans la Dr\u00f4me.\",\"publisher\":{\"@id\":\"https:\/\/lj-collections.com\/#organization\"},\"potentialAction\":[{\"@type\":\"SearchAction\",\"target\":{\"@type\":\"EntryPoint\",\"urlTemplate\":\"https:\/\/lj-collections.com\/?s={search_term_string}\"},\"query-input\":{\"@type\":\"PropertyValueSpecification\",\"valueRequired\":true,\"valueName\":\"search_term_string\"}}],\"inLanguage\":\"en-US\"},{\"@type\":\"Organization\",\"@id\":\"https:\/\/lj-collections.com\/#organization\",\"name\":\"LJcollections\",\"alternateName\":\"LJcollections\",\"url\":\"https:\/\/lj-collections.com\/\",\"logo\":{\"@type\":\"ImageObject\",\"inLanguage\":\"en-US\",\"@id\":\"https:\/\/lj-collections.com\/#\/schema\/logo\/image\/\",\"url\":\"https:\/\/lj-collections.com\/wp-content\/uploads\/2023\/09\/favicon-1.png\",\"contentUrl\":\"https:\/\/lj-collections.com\/wp-content\/uploads\/2023\/09\/favicon-1.png\",\"width\":337,\"height\":267,\"caption\":\"LJcollections\"},\"image\":{\"@id\":\"https:\/\/lj-collections.com\/#\/schema\/logo\/image\/\"}}]}<\/script>\n<!-- \/ Yoast SEO plugin. -->","yoast_head_json":{"title":"BELGIQUE - liard de Li\u00e8ge 1752 - LJ Collections","robots":{"index":"index","follow":"follow","max-snippet":"max-snippet:-1","max-image-preview":"max-image-preview:large","max-video-preview":"max-video-preview:-1"},"canonical":"https:\/\/lj-collections.com\/en\/product\/belgique-liard-de-liege-1752\/","og_locale":"en_US","og_type":"article","og_title":"BELGIQUE - liard de Li\u00e8ge 1752 - LJ Collections","og_url":"https:\/\/lj-collections.com\/en\/product\/belgique-liard-de-liege-1752\/","og_site_name":"LJ Collections","article_modified_time":"2024-11-01T20:18:48+00:00","og_image":[{"width":1024,"height":1024,"url":"http:\/\/lj-collections.com\/wp-content\/uploads\/2024\/04\/P1000746-1024x1024.png","type":"image\/png"}],"twitter_card":"summary_large_image","twitter_misc":{"Est. reading time":"1 minute"},"schema":{"@context":"https:\/\/schema.org","@graph":[{"@type":"WebPage","@id":"https:\/\/lj-collections.com\/produit\/belgique-liard-de-liege-1752\/","url":"https:\/\/lj-collections.com\/produit\/belgique-liard-de-liege-1752\/","name":"BELGIQUE - liard de Li\u00e8ge 1752 - LJ Collections","isPartOf":{"@id":"https:\/\/lj-collections.com\/#website"},"primaryImageOfPage":{"@id":"https:\/\/lj-collections.com\/produit\/belgique-liard-de-liege-1752\/#primaryimage"},"image":{"@id":"https:\/\/lj-collections.com\/produit\/belgique-liard-de-liege-1752\/#primaryimage"},"thumbnailUrl":"https:\/\/lj-collections.com\/wp-content\/uploads\/2024\/04\/P1000746.png","datePublished":"2024-04-06T12:43:22+00:00","dateModified":"2024-11-01T20:18:48+00:00","breadcrumb":{"@id":"https:\/\/lj-collections.com\/produit\/belgique-liard-de-liege-1752\/#breadcrumb"},"inLanguage":"en-US","potentialAction":[{"@type":"ReadAction","target":["https:\/\/lj-collections.com\/produit\/belgique-liard-de-liege-1752\/"]}]},{"@type":"ImageObject","inLanguage":"en-US","@id":"https:\/\/lj-collections.com\/produit\/belgique-liard-de-liege-1752\/#primaryimage","url":"https:\/\/lj-collections.com\/wp-content\/uploads\/2024\/04\/P1000746.png","contentUrl":"https:\/\/lj-collections.com\/wp-content\/uploads\/2024\/04\/P1000746.png","width":2992,"height":2992,"caption":"Revers liard de Li\u00e8ge 1752 \u00e9tat B"},{"@type":"BreadcrumbList","@id":"https:\/\/lj-collections.com\/produit\/belgique-liard-de-liege-1752\/#breadcrumb","itemListElement":[{"@type":"ListItem","position":1,"name":"Accueil","item":"https:\/\/lj-collections.com\/"},{"@type":"ListItem","position":2,"name":"Boutique","item":"https:\/\/lj-collections.com\/boutique\/"},{"@type":"ListItem","position":3,"name":"BELGIQUE &#8211; liard de Li\u00e8ge 1752"}]},{"@type":"WebSite","@id":"https:\/\/lj-collections.com\/#website","url":"https:\/\/lj-collections.com\/","name":"LJ Collections","description":"Monnaies, billets et tr\u00e9sors d&#039;hier, disponibles aujourd&#039;hui \u00e0 Valence dans la Dr\u00f4me.","publisher":{"@id":"https:\/\/lj-collections.com\/#organization"},"potentialAction":[{"@type":"SearchAction","target":{"@type":"EntryPoint","urlTemplate":"https:\/\/lj-collections.com\/?s={search_term_string}"},"query-input":{"@type":"PropertyValueSpecification","valueRequired":true,"valueName":"search_term_string"}}],"inLanguage":"en-US"},{"@type":"Organization","@id":"https:\/\/lj-collections.com\/#organization","name":"LJcollections","alternateName":"LJcollections","url":"https:\/\/lj-collections.com\/","logo":{"@type":"ImageObject","inLanguage":"en-US","@id":"https:\/\/lj-collections.com\/#\/schema\/logo\/image\/","url":"https:\/\/lj-collections.com\/wp-content\/uploads\/2023\/09\/favicon-1.png","contentUrl":"https:\/\/lj-collections.com\/wp-content\/uploads\/2023\/09\/favicon-1.png","width":337,"height":267,"caption":"LJcollections"},"image":{"@id":"https:\/\/lj-collections.com\/#\/schema\/logo\/image\/"}}]}},"_links":{"self":[{"href":"https:\/\/lj-collections.com\/en\/wp-json\/wp\/v2\/product\/1668","targetHints":{"allow":["GET"]}}],"collection":[{"href":"https:\/\/lj-collections.com\/en\/wp-json\/wp\/v2\/product"}],"about":[{"href":"https:\/\/lj-collections.com\/en\/wp-json\/wp\/v2\/types\/product"}],"replies":[{"embeddable":true,"href":"https:\/\/lj-collections.com\/en\/wp-json\/wp\/v2\/comments?post=1668"}],"wp:featuredmedia":[{"embeddable":true,"href":"https:\/\/lj-collections.com\/en\/wp-json\/wp\/v2\/media\/1643"}],"wp:attachment":[{"href":"https:\/\/lj-collections.com\/en\/wp-json\/wp\/v2\/media?parent=1668"}],"wp:term":[{"taxonomy":"product_brand","embeddable":true,"href":"https:\/\/lj-collections.com\/en\/wp-json\/wp\/v2\/product_brand?post=1668"},{"taxonomy":"product_cat","embeddable":true,"href":"https:\/\/lj-collections.com\/en\/wp-json\/wp\/v2\/product_cat?post=1668"},{"taxonomy":"product_tag","embeddable":true,"href":"https:\/\/lj-collections.com\/en\/wp-json\/wp\/v2\/product_tag?post=1668"}],"curies":[{"name":"wp","href":"https:\/\/api.w.org\/{rel}","templated":true}]}}