{"id":1495,"date":"2024-02-21T18:10:45","date_gmt":"2024-02-21T18:10:45","guid":{"rendered":"https:\/\/lj-collections.com\/?post_type=product&#038;p=1495"},"modified":"2026-04-06T13:19:25","modified_gmt":"2026-04-06T13:19:25","slug":"france-200-francs-gustave-eiffel","status":"publish","type":"product","link":"https:\/\/lj-collections.com\/en\/product\/france-200-francs-gustave-eiffel\/","title":{"rendered":"FRANCE &#8211; 200 Francs Gustave Eiffel"},"content":{"rendered":"<p>FRANCE &#8211; 200 Francs Gustave Eiffel<\/p>\n<div class=\"col-6 col-md-3 attr_name\"><strong>Year: <\/strong>1995 &#8211; 1999<\/div>\n<div class=\"col-6 col-md-3 attr_name\"><strong>Country: <\/strong>France<\/div>\n<div class=\"col-6 col-md-3 attr_name\"><strong>Condition: <\/strong>XF<\/div>\n<div><strong>Personnage<\/strong>: Gustave Eiffel<\/div>\n<div class=\"col-6 col-md-3 attr_name\"><strong>Size ( mm ):<\/strong> 143 \u00d7 80<\/div>\n<div class=\"col-6 col-md-3 attr_name\">\n<p><strong>Valeur faciale:<\/strong>\u00a0 200 Francs<\/p>\n<p>Note : Photo non contractuelle, vous recevrez un billet en \u00e9tat TTB ou sup\u00e9rieur, avec un num\u00e9ro de s\u00e9rie al\u00e9atoire.<\/p>\n<\/div>","protected":false},"excerpt":{"rendered":"FRANCE &#8211; 200 Francs Gustave Eiffel Ann\u00e9e: 1995 &#8211; 1999 Pays: France Qualit\u00e9: TTB Personnage:&hellip;","protected":false},"featured_media":1493,"comment_status":"open","ping_status":"closed","template":"","meta":{"_acf_changed":false},"product_brand":[],"product_cat":[1075,172,187],"product_tag":[],"class_list":{"0":"post-1495","1":"product","2":"type-product","3":"status-publish","4":"has-post-thumbnail","6":"product_cat-archives","7":"product_cat-billets","8":"product_cat-billets-europe","9":"pa_annee-1995-1999","10":"pa_pays-france","11":"pa_personnage-gustave-eiffel","12":"pa_qualite-ttb","14":"first","15":"instock","16":"shipping-taxable","17":"purchasable","18":"product-type-simple"},"acf":[],"yoast_head":"<!-- This site is optimized with the Yoast SEO plugin v27.2 - https:\/\/yoast.com\/product\/yoast-seo-wordpress\/ -->\n<title>FRANCE - 200 Francs Gustave Eiffel - LJ Collections<\/title>\n<meta name=\"robots\" content=\"index, follow, max-snippet:-1, max-image-preview:large, max-video-preview:-1\" \/>\n<link rel=\"canonical\" href=\"https:\/\/lj-collections.com\/en\/product\/france-200-francs-gustave-eiffel\/\" \/>\n<meta property=\"og:locale\" content=\"en_US\" \/>\n<meta property=\"og:type\" content=\"article\" \/>\n<meta property=\"og:title\" content=\"FRANCE - 200 Francs Gustave Eiffel - LJ Collections\" \/>\n<meta property=\"og:url\" content=\"https:\/\/lj-collections.com\/en\/product\/france-200-francs-gustave-eiffel\/\" \/>\n<meta property=\"og:site_name\" content=\"LJ Collections\" \/>\n<meta property=\"article:modified_time\" content=\"2026-04-06T13:19:25+00:00\" \/>\n<meta property=\"og:image\" content=\"https:\/\/lj-collections.com\/wp-content\/uploads\/2024\/02\/20240221_190334-1024x1024.png\" \/>\n\t<meta property=\"og:image:width\" content=\"1024\" \/>\n\t<meta property=\"og:image:height\" content=\"1024\" \/>\n\t<meta property=\"og:image:type\" content=\"image\/png\" \/>\n<meta name=\"twitter:card\" content=\"summary_large_image\" \/>\n<meta name=\"twitter:label1\" content=\"Est. reading time\" \/>\n\t<meta name=\"twitter:data1\" content=\"1 minute\" \/>\n<script type=\"application\/ld+json\" class=\"yoast-schema-graph\">{\"@context\":\"https:\/\/schema.org\",\"@graph\":[{\"@type\":\"WebPage\",\"@id\":\"https:\/\/lj-collections.com\/produit\/france-200-francs-gustave-eiffel\/\",\"url\":\"https:\/\/lj-collections.com\/produit\/france-200-francs-gustave-eiffel\/\",\"name\":\"FRANCE - 200 Francs Gustave Eiffel - LJ Collections\",\"isPartOf\":{\"@id\":\"https:\/\/lj-collections.com\/#website\"},\"primaryImageOfPage\":{\"@id\":\"https:\/\/lj-collections.com\/produit\/france-200-francs-gustave-eiffel\/#primaryimage\"},\"image\":{\"@id\":\"https:\/\/lj-collections.com\/produit\/france-200-francs-gustave-eiffel\/#primaryimage\"},\"thumbnailUrl\":\"https:\/\/lj-collections.com\/wp-content\/uploads\/2024\/02\/20240221_190334.png\",\"datePublished\":\"2024-02-21T18:10:45+00:00\",\"dateModified\":\"2026-04-06T13:19:25+00:00\",\"breadcrumb\":{\"@id\":\"https:\/\/lj-collections.com\/produit\/france-200-francs-gustave-eiffel\/#breadcrumb\"},\"inLanguage\":\"en-US\",\"potentialAction\":[{\"@type\":\"ReadAction\",\"target\":[\"https:\/\/lj-collections.com\/produit\/france-200-francs-gustave-eiffel\/\"]}]},{\"@type\":\"ImageObject\",\"inLanguage\":\"en-US\",\"@id\":\"https:\/\/lj-collections.com\/produit\/france-200-francs-gustave-eiffel\/#primaryimage\",\"url\":\"https:\/\/lj-collections.com\/wp-content\/uploads\/2024\/02\/20240221_190334.png\",\"contentUrl\":\"https:\/\/lj-collections.com\/wp-content\/uploads\/2024\/02\/20240221_190334.png\",\"width\":2992,\"height\":2992,\"caption\":\"Recto 200 francs Eiffel\"},{\"@type\":\"BreadcrumbList\",\"@id\":\"https:\/\/lj-collections.com\/produit\/france-200-francs-gustave-eiffel\/#breadcrumb\",\"itemListElement\":[{\"@type\":\"ListItem\",\"position\":1,\"name\":\"Accueil\",\"item\":\"https:\/\/lj-collections.com\/\"},{\"@type\":\"ListItem\",\"position\":2,\"name\":\"Boutique\",\"item\":\"https:\/\/lj-collections.com\/boutique\/\"},{\"@type\":\"ListItem\",\"position\":3,\"name\":\"FRANCE &#8211; 200 Francs Gustave Eiffel\"}]},{\"@type\":\"WebSite\",\"@id\":\"https:\/\/lj-collections.com\/#website\",\"url\":\"https:\/\/lj-collections.com\/\",\"name\":\"LJ Collections\",\"description\":\"Monnaies, billets et tr\u00e9sors d&#039;hier, disponibles aujourd&#039;hui \u00e0 Valence dans la Dr\u00f4me.\",\"publisher\":{\"@id\":\"https:\/\/lj-collections.com\/#organization\"},\"potentialAction\":[{\"@type\":\"SearchAction\",\"target\":{\"@type\":\"EntryPoint\",\"urlTemplate\":\"https:\/\/lj-collections.com\/?s={search_term_string}\"},\"query-input\":{\"@type\":\"PropertyValueSpecification\",\"valueRequired\":true,\"valueName\":\"search_term_string\"}}],\"inLanguage\":\"en-US\"},{\"@type\":\"Organization\",\"@id\":\"https:\/\/lj-collections.com\/#organization\",\"name\":\"LJcollections\",\"alternateName\":\"LJcollections\",\"url\":\"https:\/\/lj-collections.com\/\",\"logo\":{\"@type\":\"ImageObject\",\"inLanguage\":\"en-US\",\"@id\":\"https:\/\/lj-collections.com\/#\/schema\/logo\/image\/\",\"url\":\"https:\/\/lj-collections.com\/wp-content\/uploads\/2023\/09\/favicon-1.png\",\"contentUrl\":\"https:\/\/lj-collections.com\/wp-content\/uploads\/2023\/09\/favicon-1.png\",\"width\":337,\"height\":267,\"caption\":\"LJcollections\"},\"image\":{\"@id\":\"https:\/\/lj-collections.com\/#\/schema\/logo\/image\/\"}}]}<\/script>\n<!-- \/ Yoast SEO plugin. -->","yoast_head_json":{"title":"FRANCE - 200 Francs Gustave Eiffel - LJ Collections","robots":{"index":"index","follow":"follow","max-snippet":"max-snippet:-1","max-image-preview":"max-image-preview:large","max-video-preview":"max-video-preview:-1"},"canonical":"https:\/\/lj-collections.com\/en\/product\/france-200-francs-gustave-eiffel\/","og_locale":"en_US","og_type":"article","og_title":"FRANCE - 200 Francs Gustave Eiffel - LJ Collections","og_url":"https:\/\/lj-collections.com\/en\/product\/france-200-francs-gustave-eiffel\/","og_site_name":"LJ Collections","article_modified_time":"2026-04-06T13:19:25+00:00","og_image":[{"width":1024,"height":1024,"url":"https:\/\/lj-collections.com\/wp-content\/uploads\/2024\/02\/20240221_190334-1024x1024.png","type":"image\/png"}],"twitter_card":"summary_large_image","twitter_misc":{"Est. reading time":"1 minute"},"schema":{"@context":"https:\/\/schema.org","@graph":[{"@type":"WebPage","@id":"https:\/\/lj-collections.com\/produit\/france-200-francs-gustave-eiffel\/","url":"https:\/\/lj-collections.com\/produit\/france-200-francs-gustave-eiffel\/","name":"FRANCE - 200 Francs Gustave Eiffel - LJ Collections","isPartOf":{"@id":"https:\/\/lj-collections.com\/#website"},"primaryImageOfPage":{"@id":"https:\/\/lj-collections.com\/produit\/france-200-francs-gustave-eiffel\/#primaryimage"},"image":{"@id":"https:\/\/lj-collections.com\/produit\/france-200-francs-gustave-eiffel\/#primaryimage"},"thumbnailUrl":"https:\/\/lj-collections.com\/wp-content\/uploads\/2024\/02\/20240221_190334.png","datePublished":"2024-02-21T18:10:45+00:00","dateModified":"2026-04-06T13:19:25+00:00","breadcrumb":{"@id":"https:\/\/lj-collections.com\/produit\/france-200-francs-gustave-eiffel\/#breadcrumb"},"inLanguage":"en-US","potentialAction":[{"@type":"ReadAction","target":["https:\/\/lj-collections.com\/produit\/france-200-francs-gustave-eiffel\/"]}]},{"@type":"ImageObject","inLanguage":"en-US","@id":"https:\/\/lj-collections.com\/produit\/france-200-francs-gustave-eiffel\/#primaryimage","url":"https:\/\/lj-collections.com\/wp-content\/uploads\/2024\/02\/20240221_190334.png","contentUrl":"https:\/\/lj-collections.com\/wp-content\/uploads\/2024\/02\/20240221_190334.png","width":2992,"height":2992,"caption":"Recto 200 francs Eiffel"},{"@type":"BreadcrumbList","@id":"https:\/\/lj-collections.com\/produit\/france-200-francs-gustave-eiffel\/#breadcrumb","itemListElement":[{"@type":"ListItem","position":1,"name":"Accueil","item":"https:\/\/lj-collections.com\/"},{"@type":"ListItem","position":2,"name":"Boutique","item":"https:\/\/lj-collections.com\/boutique\/"},{"@type":"ListItem","position":3,"name":"FRANCE &#8211; 200 Francs Gustave Eiffel"}]},{"@type":"WebSite","@id":"https:\/\/lj-collections.com\/#website","url":"https:\/\/lj-collections.com\/","name":"LJ Collections","description":"Monnaies, billets et tr\u00e9sors d&#039;hier, disponibles aujourd&#039;hui \u00e0 Valence dans la Dr\u00f4me.","publisher":{"@id":"https:\/\/lj-collections.com\/#organization"},"potentialAction":[{"@type":"SearchAction","target":{"@type":"EntryPoint","urlTemplate":"https:\/\/lj-collections.com\/?s={search_term_string}"},"query-input":{"@type":"PropertyValueSpecification","valueRequired":true,"valueName":"search_term_string"}}],"inLanguage":"en-US"},{"@type":"Organization","@id":"https:\/\/lj-collections.com\/#organization","name":"LJcollections","alternateName":"LJcollections","url":"https:\/\/lj-collections.com\/","logo":{"@type":"ImageObject","inLanguage":"en-US","@id":"https:\/\/lj-collections.com\/#\/schema\/logo\/image\/","url":"https:\/\/lj-collections.com\/wp-content\/uploads\/2023\/09\/favicon-1.png","contentUrl":"https:\/\/lj-collections.com\/wp-content\/uploads\/2023\/09\/favicon-1.png","width":337,"height":267,"caption":"LJcollections"},"image":{"@id":"https:\/\/lj-collections.com\/#\/schema\/logo\/image\/"}}]}},"_links":{"self":[{"href":"https:\/\/lj-collections.com\/en\/wp-json\/wp\/v2\/product\/1495","targetHints":{"allow":["GET"]}}],"collection":[{"href":"https:\/\/lj-collections.com\/en\/wp-json\/wp\/v2\/product"}],"about":[{"href":"https:\/\/lj-collections.com\/en\/wp-json\/wp\/v2\/types\/product"}],"replies":[{"embeddable":true,"href":"https:\/\/lj-collections.com\/en\/wp-json\/wp\/v2\/comments?post=1495"}],"wp:featuredmedia":[{"embeddable":true,"href":"https:\/\/lj-collections.com\/en\/wp-json\/wp\/v2\/media\/1493"}],"wp:attachment":[{"href":"https:\/\/lj-collections.com\/en\/wp-json\/wp\/v2\/media?parent=1495"}],"wp:term":[{"taxonomy":"product_brand","embeddable":true,"href":"https:\/\/lj-collections.com\/en\/wp-json\/wp\/v2\/product_brand?post=1495"},{"taxonomy":"product_cat","embeddable":true,"href":"https:\/\/lj-collections.com\/en\/wp-json\/wp\/v2\/product_cat?post=1495"},{"taxonomy":"product_tag","embeddable":true,"href":"https:\/\/lj-collections.com\/en\/wp-json\/wp\/v2\/product_tag?post=1495"}],"curies":[{"name":"wp","href":"https:\/\/api.w.org\/{rel}","templated":true}]}}