{"id":1460,"date":"2024-01-22T21:52:39","date_gmt":"2024-01-22T21:52:39","guid":{"rendered":"https:\/\/lj-collections.com\/?post_type=product&#038;p=1460"},"modified":"2024-12-28T22:55:52","modified_gmt":"2024-12-28T22:55:52","slug":"france-5-francs-1813-rome-napoleon-ier-rare-16922-frappees","status":"publish","type":"product","link":"https:\/\/lj-collections.com\/en\/product\/france-5-francs-1813-rome-napoleon-ier-rare-16922-frappees\/","title":{"rendered":"FRANCE &#8211; 5 Francs 1813 Rome Napol\u00e9on Ier Rare 16922 Frapp\u00e9es"},"content":{"rendered":"<p>FRANCE &#8211; 5 Francs 1813 Rome Napol\u00e9on Ier Rare 16922 Frapp\u00e9es<\/p>\n<div class=\"col-6 col-md-3 attr_name\"><strong>Year: <\/strong>1813<\/div>\n<div class=\"col-6 col-md-3 attr_name\"><strong>Atelier<\/strong>: Rome<\/div>\n<div class=\"col-6 col-md-3 attr_name\"><strong>Diameter (mm):<\/strong> 37<\/div>\n<div class=\"col-6 col-md-3 attr_name\"><strong>Metal: <\/strong>Silver<\/div>\n<div class=\"col-6 col-md-3 attr_name\"><strong>Country: <\/strong>France<\/div>\n<div><strong>Character:<\/strong> Napol\u00e9on Ier<\/div>\n<div class=\"col-6 col-md-3 attr_name\"><strong>Weight (grams): <\/strong>24.32<\/div>\n<div class=\"col-6 col-md-3 attr_name\"><strong>Condition:<\/strong> VF<\/div>\n<div><\/div>\n<div>\n<p><strong>Avers<\/strong> :<\/p>\n<p>Description : T\u00eate laur\u00e9e de Napol\u00e9on Ier vers la droite<\/p>\n<p>Inscription : NAPOLEON EMPEREUR<\/p>\n<p>&nbsp;<\/p>\n<p><strong>Revers<\/strong> :<\/p>\n<p>Description : Valeur faciale \u00e0 l&rsquo;int\u00e9rieur d&rsquo;une couronne de laurier<\/p>\n<p>Inscription : EMPIRE FRAN\u00c7AIS. 5 FRANCS . 1813 . R<\/p>\n<p>&nbsp;<\/p>\n<\/div>\n<p>Tr\u00e8s belle et rare pi\u00e8ce de 5 Francs 1813 Frapp\u00e9e \u00e0 Rome en seulement 16922 exemplaires . On peut noter la pr\u00e9sence d&rsquo;un trou sur le mill\u00e9sime ainsi que des rayures importantes des deux c\u00f4t\u00e9s de la pi\u00e8ce. La monnaie pr\u00e9sente \u00e9galement des traces de nettoyage ancien.<\/p>","protected":false},"excerpt":{"rendered":"Tr\u00e8s belle et rare pi\u00e8ce de 5 Francs 1813 Frapp\u00e9e \u00e0 Rome en seulement 16922&hellip;","protected":false},"featured_media":1438,"comment_status":"open","ping_status":"closed","template":"","meta":{"_acf_changed":false},"product_brand":[],"product_cat":[1075,41,18,17],"product_tag":[],"class_list":{"0":"post-1460","1":"product","2":"type-product","3":"status-publish","4":"has-post-thumbnail","6":"product_cat-archives","7":"product_cat-monnaies-europe","8":"product_cat-monnaies-francaises","9":"product_cat-monnaies","10":"pa_annee-163","11":"pa_atelier-rome","12":"pa_diametre-mm-571","13":"pa_metal-argent","14":"pa_pays-france","15":"pa_personnage-napoleon-i","16":"pa_poids-24-32","17":"pa_qualite-tb","19":"first","20":"outofstock","21":"shipping-taxable","22":"purchasable","23":"product-type-simple"},"acf":[],"yoast_head":"<!-- This site is optimized with the Yoast SEO plugin v27.2 - https:\/\/yoast.com\/product\/yoast-seo-wordpress\/ -->\n<title>FRANCE - 5 Francs 1813 Rome Napol\u00e9on Ier Rare 16922 Frapp\u00e9es - LJ Collections<\/title>\n<meta name=\"robots\" content=\"index, follow, max-snippet:-1, max-image-preview:large, max-video-preview:-1\" \/>\n<link rel=\"canonical\" href=\"https:\/\/lj-collections.com\/en\/product\/france-5-francs-1813-rome-napoleon-ier-rare-16922-frappees\/\" \/>\n<meta property=\"og:locale\" content=\"en_US\" \/>\n<meta property=\"og:type\" content=\"article\" \/>\n<meta property=\"og:title\" content=\"FRANCE - 5 Francs 1813 Rome Napol\u00e9on Ier Rare 16922 Frapp\u00e9es - LJ Collections\" \/>\n<meta property=\"og:url\" content=\"https:\/\/lj-collections.com\/en\/product\/france-5-francs-1813-rome-napoleon-ier-rare-16922-frappees\/\" \/>\n<meta property=\"og:site_name\" content=\"LJ Collections\" \/>\n<meta property=\"article:modified_time\" content=\"2024-12-28T22:55:52+00:00\" \/>\n<meta property=\"og:image\" content=\"http:\/\/lj-collections.com\/wp-content\/uploads\/2024\/01\/P1000627-1024x1024.png\" \/>\n\t<meta property=\"og:image:width\" content=\"1024\" \/>\n\t<meta property=\"og:image:height\" content=\"1024\" \/>\n\t<meta property=\"og:image:type\" content=\"image\/png\" \/>\n<meta name=\"twitter:card\" content=\"summary_large_image\" \/>\n<meta name=\"twitter:label1\" content=\"Est. reading time\" \/>\n\t<meta name=\"twitter:data1\" content=\"1 minute\" \/>\n<script type=\"application\/ld+json\" class=\"yoast-schema-graph\">{\"@context\":\"https:\/\/schema.org\",\"@graph\":[{\"@type\":\"WebPage\",\"@id\":\"https:\/\/lj-collections.com\/produit\/france-5-francs-1813-rome-napoleon-ier-rare-16922-frappees\/\",\"url\":\"https:\/\/lj-collections.com\/produit\/france-5-francs-1813-rome-napoleon-ier-rare-16922-frappees\/\",\"name\":\"FRANCE - 5 Francs 1813 Rome Napol\u00e9on Ier Rare 16922 Frapp\u00e9es - LJ Collections\",\"isPartOf\":{\"@id\":\"https:\/\/lj-collections.com\/#website\"},\"primaryImageOfPage\":{\"@id\":\"https:\/\/lj-collections.com\/produit\/france-5-francs-1813-rome-napoleon-ier-rare-16922-frappees\/#primaryimage\"},\"image\":{\"@id\":\"https:\/\/lj-collections.com\/produit\/france-5-francs-1813-rome-napoleon-ier-rare-16922-frappees\/#primaryimage\"},\"thumbnailUrl\":\"https:\/\/lj-collections.com\/wp-content\/uploads\/2024\/01\/P1000627.png\",\"datePublished\":\"2024-01-22T21:52:39+00:00\",\"dateModified\":\"2024-12-28T22:55:52+00:00\",\"breadcrumb\":{\"@id\":\"https:\/\/lj-collections.com\/produit\/france-5-francs-1813-rome-napoleon-ier-rare-16922-frappees\/#breadcrumb\"},\"inLanguage\":\"en-US\",\"potentialAction\":[{\"@type\":\"ReadAction\",\"target\":[\"https:\/\/lj-collections.com\/produit\/france-5-francs-1813-rome-napoleon-ier-rare-16922-frappees\/\"]}]},{\"@type\":\"ImageObject\",\"inLanguage\":\"en-US\",\"@id\":\"https:\/\/lj-collections.com\/produit\/france-5-francs-1813-rome-napoleon-ier-rare-16922-frappees\/#primaryimage\",\"url\":\"https:\/\/lj-collections.com\/wp-content\/uploads\/2024\/01\/P1000627.png\",\"contentUrl\":\"https:\/\/lj-collections.com\/wp-content\/uploads\/2024\/01\/P1000627.png\",\"width\":2992,\"height\":2992,\"caption\":\"Revers 5 francs 1813 Rome Napol\u00e9on Ier\"},{\"@type\":\"BreadcrumbList\",\"@id\":\"https:\/\/lj-collections.com\/produit\/france-5-francs-1813-rome-napoleon-ier-rare-16922-frappees\/#breadcrumb\",\"itemListElement\":[{\"@type\":\"ListItem\",\"position\":1,\"name\":\"Accueil\",\"item\":\"https:\/\/lj-collections.com\/\"},{\"@type\":\"ListItem\",\"position\":2,\"name\":\"Boutique\",\"item\":\"https:\/\/lj-collections.com\/boutique\/\"},{\"@type\":\"ListItem\",\"position\":3,\"name\":\"FRANCE &#8211; 5 Francs 1813 Rome Napol\u00e9on Ier Rare 16922 Frapp\u00e9es\"}]},{\"@type\":\"WebSite\",\"@id\":\"https:\/\/lj-collections.com\/#website\",\"url\":\"https:\/\/lj-collections.com\/\",\"name\":\"LJ Collections\",\"description\":\"Monnaies, billets et tr\u00e9sors d&#039;hier, disponibles aujourd&#039;hui \u00e0 Valence dans la Dr\u00f4me.\",\"publisher\":{\"@id\":\"https:\/\/lj-collections.com\/#organization\"},\"potentialAction\":[{\"@type\":\"SearchAction\",\"target\":{\"@type\":\"EntryPoint\",\"urlTemplate\":\"https:\/\/lj-collections.com\/?s={search_term_string}\"},\"query-input\":{\"@type\":\"PropertyValueSpecification\",\"valueRequired\":true,\"valueName\":\"search_term_string\"}}],\"inLanguage\":\"en-US\"},{\"@type\":\"Organization\",\"@id\":\"https:\/\/lj-collections.com\/#organization\",\"name\":\"LJcollections\",\"alternateName\":\"LJcollections\",\"url\":\"https:\/\/lj-collections.com\/\",\"logo\":{\"@type\":\"ImageObject\",\"inLanguage\":\"en-US\",\"@id\":\"https:\/\/lj-collections.com\/#\/schema\/logo\/image\/\",\"url\":\"https:\/\/lj-collections.com\/wp-content\/uploads\/2023\/09\/favicon-1.png\",\"contentUrl\":\"https:\/\/lj-collections.com\/wp-content\/uploads\/2023\/09\/favicon-1.png\",\"width\":337,\"height\":267,\"caption\":\"LJcollections\"},\"image\":{\"@id\":\"https:\/\/lj-collections.com\/#\/schema\/logo\/image\/\"}}]}<\/script>\n<!-- \/ Yoast SEO plugin. -->","yoast_head_json":{"title":"FRANCE - 5 Francs 1813 Rome Napol\u00e9on Ier Rare 16922 Frapp\u00e9es - LJ Collections","robots":{"index":"index","follow":"follow","max-snippet":"max-snippet:-1","max-image-preview":"max-image-preview:large","max-video-preview":"max-video-preview:-1"},"canonical":"https:\/\/lj-collections.com\/en\/product\/france-5-francs-1813-rome-napoleon-ier-rare-16922-frappees\/","og_locale":"en_US","og_type":"article","og_title":"FRANCE - 5 Francs 1813 Rome Napol\u00e9on Ier Rare 16922 Frapp\u00e9es - LJ Collections","og_url":"https:\/\/lj-collections.com\/en\/product\/france-5-francs-1813-rome-napoleon-ier-rare-16922-frappees\/","og_site_name":"LJ Collections","article_modified_time":"2024-12-28T22:55:52+00:00","og_image":[{"width":1024,"height":1024,"url":"http:\/\/lj-collections.com\/wp-content\/uploads\/2024\/01\/P1000627-1024x1024.png","type":"image\/png"}],"twitter_card":"summary_large_image","twitter_misc":{"Est. reading time":"1 minute"},"schema":{"@context":"https:\/\/schema.org","@graph":[{"@type":"WebPage","@id":"https:\/\/lj-collections.com\/produit\/france-5-francs-1813-rome-napoleon-ier-rare-16922-frappees\/","url":"https:\/\/lj-collections.com\/produit\/france-5-francs-1813-rome-napoleon-ier-rare-16922-frappees\/","name":"FRANCE - 5 Francs 1813 Rome Napol\u00e9on Ier Rare 16922 Frapp\u00e9es - LJ Collections","isPartOf":{"@id":"https:\/\/lj-collections.com\/#website"},"primaryImageOfPage":{"@id":"https:\/\/lj-collections.com\/produit\/france-5-francs-1813-rome-napoleon-ier-rare-16922-frappees\/#primaryimage"},"image":{"@id":"https:\/\/lj-collections.com\/produit\/france-5-francs-1813-rome-napoleon-ier-rare-16922-frappees\/#primaryimage"},"thumbnailUrl":"https:\/\/lj-collections.com\/wp-content\/uploads\/2024\/01\/P1000627.png","datePublished":"2024-01-22T21:52:39+00:00","dateModified":"2024-12-28T22:55:52+00:00","breadcrumb":{"@id":"https:\/\/lj-collections.com\/produit\/france-5-francs-1813-rome-napoleon-ier-rare-16922-frappees\/#breadcrumb"},"inLanguage":"en-US","potentialAction":[{"@type":"ReadAction","target":["https:\/\/lj-collections.com\/produit\/france-5-francs-1813-rome-napoleon-ier-rare-16922-frappees\/"]}]},{"@type":"ImageObject","inLanguage":"en-US","@id":"https:\/\/lj-collections.com\/produit\/france-5-francs-1813-rome-napoleon-ier-rare-16922-frappees\/#primaryimage","url":"https:\/\/lj-collections.com\/wp-content\/uploads\/2024\/01\/P1000627.png","contentUrl":"https:\/\/lj-collections.com\/wp-content\/uploads\/2024\/01\/P1000627.png","width":2992,"height":2992,"caption":"Revers 5 francs 1813 Rome Napol\u00e9on Ier"},{"@type":"BreadcrumbList","@id":"https:\/\/lj-collections.com\/produit\/france-5-francs-1813-rome-napoleon-ier-rare-16922-frappees\/#breadcrumb","itemListElement":[{"@type":"ListItem","position":1,"name":"Accueil","item":"https:\/\/lj-collections.com\/"},{"@type":"ListItem","position":2,"name":"Boutique","item":"https:\/\/lj-collections.com\/boutique\/"},{"@type":"ListItem","position":3,"name":"FRANCE &#8211; 5 Francs 1813 Rome Napol\u00e9on Ier Rare 16922 Frapp\u00e9es"}]},{"@type":"WebSite","@id":"https:\/\/lj-collections.com\/#website","url":"https:\/\/lj-collections.com\/","name":"LJ Collections","description":"Monnaies, billets et tr\u00e9sors d&#039;hier, disponibles aujourd&#039;hui \u00e0 Valence dans la Dr\u00f4me.","publisher":{"@id":"https:\/\/lj-collections.com\/#organization"},"potentialAction":[{"@type":"SearchAction","target":{"@type":"EntryPoint","urlTemplate":"https:\/\/lj-collections.com\/?s={search_term_string}"},"query-input":{"@type":"PropertyValueSpecification","valueRequired":true,"valueName":"search_term_string"}}],"inLanguage":"en-US"},{"@type":"Organization","@id":"https:\/\/lj-collections.com\/#organization","name":"LJcollections","alternateName":"LJcollections","url":"https:\/\/lj-collections.com\/","logo":{"@type":"ImageObject","inLanguage":"en-US","@id":"https:\/\/lj-collections.com\/#\/schema\/logo\/image\/","url":"https:\/\/lj-collections.com\/wp-content\/uploads\/2023\/09\/favicon-1.png","contentUrl":"https:\/\/lj-collections.com\/wp-content\/uploads\/2023\/09\/favicon-1.png","width":337,"height":267,"caption":"LJcollections"},"image":{"@id":"https:\/\/lj-collections.com\/#\/schema\/logo\/image\/"}}]}},"_links":{"self":[{"href":"https:\/\/lj-collections.com\/en\/wp-json\/wp\/v2\/product\/1460","targetHints":{"allow":["GET"]}}],"collection":[{"href":"https:\/\/lj-collections.com\/en\/wp-json\/wp\/v2\/product"}],"about":[{"href":"https:\/\/lj-collections.com\/en\/wp-json\/wp\/v2\/types\/product"}],"replies":[{"embeddable":true,"href":"https:\/\/lj-collections.com\/en\/wp-json\/wp\/v2\/comments?post=1460"}],"wp:featuredmedia":[{"embeddable":true,"href":"https:\/\/lj-collections.com\/en\/wp-json\/wp\/v2\/media\/1438"}],"wp:attachment":[{"href":"https:\/\/lj-collections.com\/en\/wp-json\/wp\/v2\/media?parent=1460"}],"wp:term":[{"taxonomy":"product_brand","embeddable":true,"href":"https:\/\/lj-collections.com\/en\/wp-json\/wp\/v2\/product_brand?post=1460"},{"taxonomy":"product_cat","embeddable":true,"href":"https:\/\/lj-collections.com\/en\/wp-json\/wp\/v2\/product_cat?post=1460"},{"taxonomy":"product_tag","embeddable":true,"href":"https:\/\/lj-collections.com\/en\/wp-json\/wp\/v2\/product_tag?post=1460"}],"curies":[{"name":"wp","href":"https:\/\/api.w.org\/{rel}","templated":true}]}}