{"id":128,"date":"2023-09-29T11:47:25","date_gmt":"2023-09-29T11:47:25","guid":{"rendered":"https:\/\/lj-collections.com\/?post_type=product&#038;p=128"},"modified":"2024-04-25T19:34:51","modified_gmt":"2024-04-25T19:34:51","slug":"ecu-1772-bayonne","status":"publish","type":"product","link":"https:\/\/lj-collections.com\/en\/product\/ecu-1772-bayonne\/","title":{"rendered":"FRANCE &#8211; \u00c9cu 1772 Bayonne Louis XV"},"content":{"rendered":"<p>\u00c9cu argent 1772 Bayonne Louis XV<\/p>\n<p><strong>Avers<\/strong> :<\/p>\n<p>Description :\u00a0 T\u00eate de Louis XV vers la gauche<\/p>\n<p>Inscription : LUD\u00b7XV\u00b7D\u00b7G\u00b7FR\u00b7ET NAV\u00b7REX\u00b7<\/p>\n<p>Traduction : Louis XV par la gr\u00e2ce de Dieu roi de France et de Navarre<\/p>\n<p>&nbsp;<\/p>\n<p><strong>Revers<\/strong> :<\/p>\n<p>Description : \u00c9cu de France sous une couronne et entour\u00e9 de rameaux d&rsquo;oliviers<\/p>\n<p>Inscription : SIT NOMEN DOMINI BENEDICTUM<\/p>\n<p>Traduction : B\u00e9ni soit le nom du seigneur<\/p>","protected":false},"excerpt":{"rendered":"Avers : Description :\u00a0 T\u00eate de Louis XV vers la gauche Inscription : LUD\u00b7XV\u00b7D\u00b7G\u00b7FR\u00b7ET NAV\u00b7REX\u00b7&hellip;","protected":false},"featured_media":112,"comment_status":"open","ping_status":"closed","template":"","meta":{"_acf_changed":false},"product_brand":[],"product_cat":[41,18,17],"product_tag":[],"class_list":{"0":"post-128","1":"product","2":"type-product","3":"status-publish","4":"has-post-thumbnail","6":"product_cat-monnaies-europe","7":"product_cat-monnaies-francaises","8":"product_cat-monnaies","9":"pa_annee-69","10":"pa_atelier-bayonne","11":"pa_diametre-mm-48","12":"pa_metal-argent","13":"pa_pays-france","14":"pa_personnage-louis-xv","15":"pa_poids-29-27","16":"pa_qualite-b","18":"first","19":"outofstock","20":"shipping-taxable","21":"purchasable","22":"product-type-simple"},"acf":[],"yoast_head":"<!-- This site is optimized with the Yoast SEO plugin v27.2 - https:\/\/yoast.com\/product\/yoast-seo-wordpress\/ -->\n<title>FRANCE - \u00c9cu 1772 Bayonne Louis XV - LJ Collections<\/title>\n<meta name=\"robots\" content=\"index, follow, max-snippet:-1, max-image-preview:large, max-video-preview:-1\" \/>\n<link rel=\"canonical\" href=\"https:\/\/lj-collections.com\/en\/product\/ecu-1772-bayonne\/\" \/>\n<meta property=\"og:locale\" content=\"en_US\" \/>\n<meta property=\"og:type\" content=\"article\" \/>\n<meta property=\"og:title\" content=\"FRANCE - \u00c9cu 1772 Bayonne Louis XV - LJ Collections\" \/>\n<meta property=\"og:url\" content=\"https:\/\/lj-collections.com\/en\/product\/ecu-1772-bayonne\/\" \/>\n<meta property=\"og:site_name\" content=\"LJ Collections\" \/>\n<meta property=\"article:modified_time\" content=\"2024-04-25T19:34:51+00:00\" \/>\n<meta property=\"og:image\" content=\"https:\/\/lj-collections.com\/wp-content\/uploads\/2023\/09\/20230927_004117-scaled.jpg\" \/>\n\t<meta property=\"og:image:width\" content=\"2560\" \/>\n\t<meta property=\"og:image:height\" content=\"2560\" \/>\n\t<meta property=\"og:image:type\" content=\"image\/jpeg\" \/>\n<meta name=\"twitter:card\" content=\"summary_large_image\" \/>\n<meta name=\"twitter:label1\" content=\"Est. reading time\" \/>\n\t<meta name=\"twitter:data1\" content=\"1 minute\" \/>\n<script type=\"application\/ld+json\" class=\"yoast-schema-graph\">{\"@context\":\"https:\/\/schema.org\",\"@graph\":[{\"@type\":\"WebPage\",\"@id\":\"https:\/\/lj-collections.com\/produit\/ecu-1772-bayonne\/\",\"url\":\"https:\/\/lj-collections.com\/produit\/ecu-1772-bayonne\/\",\"name\":\"FRANCE - \u00c9cu 1772 Bayonne Louis XV - LJ Collections\",\"isPartOf\":{\"@id\":\"https:\/\/lj-collections.com\/#website\"},\"primaryImageOfPage\":{\"@id\":\"https:\/\/lj-collections.com\/produit\/ecu-1772-bayonne\/#primaryimage\"},\"image\":{\"@id\":\"https:\/\/lj-collections.com\/produit\/ecu-1772-bayonne\/#primaryimage\"},\"thumbnailUrl\":\"https:\/\/lj-collections.com\/wp-content\/uploads\/2023\/09\/20230927_004117-scaled.jpg\",\"datePublished\":\"2023-09-29T11:47:25+00:00\",\"dateModified\":\"2024-04-25T19:34:51+00:00\",\"breadcrumb\":{\"@id\":\"https:\/\/lj-collections.com\/produit\/ecu-1772-bayonne\/#breadcrumb\"},\"inLanguage\":\"en-US\",\"potentialAction\":[{\"@type\":\"ReadAction\",\"target\":[\"https:\/\/lj-collections.com\/produit\/ecu-1772-bayonne\/\"]}]},{\"@type\":\"ImageObject\",\"inLanguage\":\"en-US\",\"@id\":\"https:\/\/lj-collections.com\/produit\/ecu-1772-bayonne\/#primaryimage\",\"url\":\"https:\/\/lj-collections.com\/wp-content\/uploads\/2023\/09\/20230927_004117-scaled.jpg\",\"contentUrl\":\"https:\/\/lj-collections.com\/wp-content\/uploads\/2023\/09\/20230927_004117-scaled.jpg\",\"width\":2560,\"height\":2560,\"caption\":\"\u00c9cu de B\u00e9arn \u00e0 la vieille t\u00eate 1772 L BAYONNE - Louis XV - revers\"},{\"@type\":\"BreadcrumbList\",\"@id\":\"https:\/\/lj-collections.com\/produit\/ecu-1772-bayonne\/#breadcrumb\",\"itemListElement\":[{\"@type\":\"ListItem\",\"position\":1,\"name\":\"Accueil\",\"item\":\"https:\/\/lj-collections.com\/\"},{\"@type\":\"ListItem\",\"position\":2,\"name\":\"Boutique\",\"item\":\"https:\/\/lj-collections.com\/boutique\/\"},{\"@type\":\"ListItem\",\"position\":3,\"name\":\"FRANCE &#8211; \u00c9cu 1772 Bayonne Louis XV\"}]},{\"@type\":\"WebSite\",\"@id\":\"https:\/\/lj-collections.com\/#website\",\"url\":\"https:\/\/lj-collections.com\/\",\"name\":\"LJ Collections\",\"description\":\"Monnaies, billets et tr\u00e9sors d&#039;hier, disponibles aujourd&#039;hui \u00e0 Valence dans la Dr\u00f4me.\",\"publisher\":{\"@id\":\"https:\/\/lj-collections.com\/#organization\"},\"potentialAction\":[{\"@type\":\"SearchAction\",\"target\":{\"@type\":\"EntryPoint\",\"urlTemplate\":\"https:\/\/lj-collections.com\/?s={search_term_string}\"},\"query-input\":{\"@type\":\"PropertyValueSpecification\",\"valueRequired\":true,\"valueName\":\"search_term_string\"}}],\"inLanguage\":\"en-US\"},{\"@type\":\"Organization\",\"@id\":\"https:\/\/lj-collections.com\/#organization\",\"name\":\"LJcollections\",\"alternateName\":\"LJcollections\",\"url\":\"https:\/\/lj-collections.com\/\",\"logo\":{\"@type\":\"ImageObject\",\"inLanguage\":\"en-US\",\"@id\":\"https:\/\/lj-collections.com\/#\/schema\/logo\/image\/\",\"url\":\"https:\/\/lj-collections.com\/wp-content\/uploads\/2023\/09\/favicon-1.png\",\"contentUrl\":\"https:\/\/lj-collections.com\/wp-content\/uploads\/2023\/09\/favicon-1.png\",\"width\":337,\"height\":267,\"caption\":\"LJcollections\"},\"image\":{\"@id\":\"https:\/\/lj-collections.com\/#\/schema\/logo\/image\/\"}}]}<\/script>\n<!-- \/ Yoast SEO plugin. -->","yoast_head_json":{"title":"FRANCE - \u00c9cu 1772 Bayonne Louis XV - LJ Collections","robots":{"index":"index","follow":"follow","max-snippet":"max-snippet:-1","max-image-preview":"max-image-preview:large","max-video-preview":"max-video-preview:-1"},"canonical":"https:\/\/lj-collections.com\/en\/product\/ecu-1772-bayonne\/","og_locale":"en_US","og_type":"article","og_title":"FRANCE - \u00c9cu 1772 Bayonne Louis XV - LJ Collections","og_url":"https:\/\/lj-collections.com\/en\/product\/ecu-1772-bayonne\/","og_site_name":"LJ Collections","article_modified_time":"2024-04-25T19:34:51+00:00","og_image":[{"width":2560,"height":2560,"url":"https:\/\/lj-collections.com\/wp-content\/uploads\/2023\/09\/20230927_004117-scaled.jpg","type":"image\/jpeg"}],"twitter_card":"summary_large_image","twitter_misc":{"Est. reading time":"1 minute"},"schema":{"@context":"https:\/\/schema.org","@graph":[{"@type":"WebPage","@id":"https:\/\/lj-collections.com\/produit\/ecu-1772-bayonne\/","url":"https:\/\/lj-collections.com\/produit\/ecu-1772-bayonne\/","name":"FRANCE - \u00c9cu 1772 Bayonne Louis XV - LJ Collections","isPartOf":{"@id":"https:\/\/lj-collections.com\/#website"},"primaryImageOfPage":{"@id":"https:\/\/lj-collections.com\/produit\/ecu-1772-bayonne\/#primaryimage"},"image":{"@id":"https:\/\/lj-collections.com\/produit\/ecu-1772-bayonne\/#primaryimage"},"thumbnailUrl":"https:\/\/lj-collections.com\/wp-content\/uploads\/2023\/09\/20230927_004117-scaled.jpg","datePublished":"2023-09-29T11:47:25+00:00","dateModified":"2024-04-25T19:34:51+00:00","breadcrumb":{"@id":"https:\/\/lj-collections.com\/produit\/ecu-1772-bayonne\/#breadcrumb"},"inLanguage":"en-US","potentialAction":[{"@type":"ReadAction","target":["https:\/\/lj-collections.com\/produit\/ecu-1772-bayonne\/"]}]},{"@type":"ImageObject","inLanguage":"en-US","@id":"https:\/\/lj-collections.com\/produit\/ecu-1772-bayonne\/#primaryimage","url":"https:\/\/lj-collections.com\/wp-content\/uploads\/2023\/09\/20230927_004117-scaled.jpg","contentUrl":"https:\/\/lj-collections.com\/wp-content\/uploads\/2023\/09\/20230927_004117-scaled.jpg","width":2560,"height":2560,"caption":"\u00c9cu de B\u00e9arn \u00e0 la vieille t\u00eate 1772 L BAYONNE - Louis XV - revers"},{"@type":"BreadcrumbList","@id":"https:\/\/lj-collections.com\/produit\/ecu-1772-bayonne\/#breadcrumb","itemListElement":[{"@type":"ListItem","position":1,"name":"Accueil","item":"https:\/\/lj-collections.com\/"},{"@type":"ListItem","position":2,"name":"Boutique","item":"https:\/\/lj-collections.com\/boutique\/"},{"@type":"ListItem","position":3,"name":"FRANCE &#8211; \u00c9cu 1772 Bayonne Louis XV"}]},{"@type":"WebSite","@id":"https:\/\/lj-collections.com\/#website","url":"https:\/\/lj-collections.com\/","name":"LJ Collections","description":"Monnaies, billets et tr\u00e9sors d&#039;hier, disponibles aujourd&#039;hui \u00e0 Valence dans la Dr\u00f4me.","publisher":{"@id":"https:\/\/lj-collections.com\/#organization"},"potentialAction":[{"@type":"SearchAction","target":{"@type":"EntryPoint","urlTemplate":"https:\/\/lj-collections.com\/?s={search_term_string}"},"query-input":{"@type":"PropertyValueSpecification","valueRequired":true,"valueName":"search_term_string"}}],"inLanguage":"en-US"},{"@type":"Organization","@id":"https:\/\/lj-collections.com\/#organization","name":"LJcollections","alternateName":"LJcollections","url":"https:\/\/lj-collections.com\/","logo":{"@type":"ImageObject","inLanguage":"en-US","@id":"https:\/\/lj-collections.com\/#\/schema\/logo\/image\/","url":"https:\/\/lj-collections.com\/wp-content\/uploads\/2023\/09\/favicon-1.png","contentUrl":"https:\/\/lj-collections.com\/wp-content\/uploads\/2023\/09\/favicon-1.png","width":337,"height":267,"caption":"LJcollections"},"image":{"@id":"https:\/\/lj-collections.com\/#\/schema\/logo\/image\/"}}]}},"_links":{"self":[{"href":"https:\/\/lj-collections.com\/en\/wp-json\/wp\/v2\/product\/128","targetHints":{"allow":["GET"]}}],"collection":[{"href":"https:\/\/lj-collections.com\/en\/wp-json\/wp\/v2\/product"}],"about":[{"href":"https:\/\/lj-collections.com\/en\/wp-json\/wp\/v2\/types\/product"}],"replies":[{"embeddable":true,"href":"https:\/\/lj-collections.com\/en\/wp-json\/wp\/v2\/comments?post=128"}],"wp:featuredmedia":[{"embeddable":true,"href":"https:\/\/lj-collections.com\/en\/wp-json\/wp\/v2\/media\/112"}],"wp:attachment":[{"href":"https:\/\/lj-collections.com\/en\/wp-json\/wp\/v2\/media?parent=128"}],"wp:term":[{"taxonomy":"product_brand","embeddable":true,"href":"https:\/\/lj-collections.com\/en\/wp-json\/wp\/v2\/product_brand?post=128"},{"taxonomy":"product_cat","embeddable":true,"href":"https:\/\/lj-collections.com\/en\/wp-json\/wp\/v2\/product_cat?post=128"},{"taxonomy":"product_tag","embeddable":true,"href":"https:\/\/lj-collections.com\/en\/wp-json\/wp\/v2\/product_tag?post=128"}],"curies":[{"name":"wp","href":"https:\/\/api.w.org\/{rel}","templated":true}]}}