{"id":1212,"date":"2023-12-12T20:50:44","date_gmt":"2023-12-12T20:50:44","guid":{"rendered":"https:\/\/lj-collections.com\/?post_type=product&#038;p=1212"},"modified":"2025-03-28T07:41:38","modified_gmt":"2025-03-28T07:41:38","slug":"belgique-20-francs-1949","status":"publish","type":"product","link":"https:\/\/lj-collections.com\/en\/product\/belgique-20-francs-1949\/","title":{"rendered":"BELGIQUE &#8211; 20 Francs 1949"},"content":{"rendered":"<p>BELGIQUE &#8211; 20 Francs 1949<\/p>\n<div class=\"col-6 col-md-3 attr_name\"><strong>Year: <\/strong>1949<\/div>\n<div><strong>Atelier<\/strong>: Bruxelles<\/div>\n<div class=\"col-6 col-md-3 attr_name\"><strong>Diameter (mm):<\/strong> 27<\/div>\n<div class=\"col-6 col-md-3 attr_name\"><strong>Metal: <\/strong>Silver<\/div>\n<div class=\"col-6 col-md-3 attr_name\"><strong>Country: <\/strong>Belgium<\/div>\n<div><strong>Character:<\/strong> Leopold III<\/div>\n<div class=\"col-6 col-md-3 attr_name\"><strong>Weight (grams): <\/strong>8.10<\/div>\n<div class=\"col-6 col-md-3 attr_name\"><strong>Condition:<\/strong> XF<\/div>","protected":false},"excerpt":{"rendered":"Cette pi\u00e8ce de 20 francs en argent, frapp\u00e9e en 1949 \u00e0 Bruxelles sous le r\u00e8gne&hellip;","protected":false},"featured_media":1198,"comment_status":"open","ping_status":"closed","template":"","meta":{"_acf_changed":false},"product_brand":[],"product_cat":[41,17],"product_tag":[],"class_list":{"0":"post-1212","1":"product","2":"type-product","3":"status-publish","4":"has-post-thumbnail","6":"product_cat-monnaies-europe","7":"product_cat-monnaies","8":"pa_annee-686","9":"pa_atelier-bruxelles","10":"pa_diametre-mm-615","11":"pa_metal-argent","12":"pa_pays-belgique","13":"pa_personnage-leopold-iii","14":"pa_poids-8-10","15":"pa_qualite-ttb","17":"first","18":"outofstock","19":"shipping-taxable","20":"purchasable","21":"product-type-simple"},"acf":[],"yoast_head":"<!-- This site is optimized with the Yoast SEO plugin v27.2 - https:\/\/yoast.com\/product\/yoast-seo-wordpress\/ -->\n<title>BELGIQUE - 20 Francs 1949 - LJ Collections<\/title>\n<meta name=\"robots\" content=\"index, follow, max-snippet:-1, max-image-preview:large, max-video-preview:-1\" \/>\n<link rel=\"canonical\" href=\"https:\/\/lj-collections.com\/en\/product\/belgique-20-francs-1949\/\" \/>\n<meta property=\"og:locale\" content=\"en_US\" \/>\n<meta property=\"og:type\" content=\"article\" \/>\n<meta property=\"og:title\" content=\"BELGIQUE - 20 Francs 1949 - LJ Collections\" \/>\n<meta property=\"og:url\" content=\"https:\/\/lj-collections.com\/en\/product\/belgique-20-francs-1949\/\" \/>\n<meta property=\"og:site_name\" content=\"LJ Collections\" \/>\n<meta property=\"article:modified_time\" content=\"2025-03-28T07:41:38+00:00\" \/>\n<meta property=\"og:image\" content=\"http:\/\/lj-collections.com\/wp-content\/uploads\/2023\/12\/P1000506-1024x1024.png\" \/>\n\t<meta property=\"og:image:width\" content=\"1024\" \/>\n\t<meta property=\"og:image:height\" content=\"1024\" \/>\n\t<meta property=\"og:image:type\" content=\"image\/png\" \/>\n<meta name=\"twitter:card\" content=\"summary_large_image\" \/>\n<meta name=\"twitter:label1\" content=\"Est. reading time\" \/>\n\t<meta name=\"twitter:data1\" content=\"1 minute\" \/>\n<script type=\"application\/ld+json\" class=\"yoast-schema-graph\">{\"@context\":\"https:\/\/schema.org\",\"@graph\":[{\"@type\":\"WebPage\",\"@id\":\"https:\/\/lj-collections.com\/produit\/belgique-20-francs-1949\/\",\"url\":\"https:\/\/lj-collections.com\/produit\/belgique-20-francs-1949\/\",\"name\":\"BELGIQUE - 20 Francs 1949 - LJ Collections\",\"isPartOf\":{\"@id\":\"https:\/\/lj-collections.com\/#website\"},\"primaryImageOfPage\":{\"@id\":\"https:\/\/lj-collections.com\/produit\/belgique-20-francs-1949\/#primaryimage\"},\"image\":{\"@id\":\"https:\/\/lj-collections.com\/produit\/belgique-20-francs-1949\/#primaryimage\"},\"thumbnailUrl\":\"https:\/\/lj-collections.com\/wp-content\/uploads\/2023\/12\/P1000506.png\",\"datePublished\":\"2023-12-12T20:50:44+00:00\",\"dateModified\":\"2025-03-28T07:41:38+00:00\",\"breadcrumb\":{\"@id\":\"https:\/\/lj-collections.com\/produit\/belgique-20-francs-1949\/#breadcrumb\"},\"inLanguage\":\"en-US\",\"potentialAction\":[{\"@type\":\"ReadAction\",\"target\":[\"https:\/\/lj-collections.com\/produit\/belgique-20-francs-1949\/\"]}]},{\"@type\":\"ImageObject\",\"inLanguage\":\"en-US\",\"@id\":\"https:\/\/lj-collections.com\/produit\/belgique-20-francs-1949\/#primaryimage\",\"url\":\"https:\/\/lj-collections.com\/wp-content\/uploads\/2023\/12\/P1000506.png\",\"contentUrl\":\"https:\/\/lj-collections.com\/wp-content\/uploads\/2023\/12\/P1000506.png\",\"width\":2992,\"height\":2992,\"caption\":\"Revers 20 francs Belgique 1949\"},{\"@type\":\"BreadcrumbList\",\"@id\":\"https:\/\/lj-collections.com\/produit\/belgique-20-francs-1949\/#breadcrumb\",\"itemListElement\":[{\"@type\":\"ListItem\",\"position\":1,\"name\":\"Accueil\",\"item\":\"https:\/\/lj-collections.com\/\"},{\"@type\":\"ListItem\",\"position\":2,\"name\":\"Boutique\",\"item\":\"https:\/\/lj-collections.com\/boutique\/\"},{\"@type\":\"ListItem\",\"position\":3,\"name\":\"BELGIQUE &#8211; 20 Francs 1949\"}]},{\"@type\":\"WebSite\",\"@id\":\"https:\/\/lj-collections.com\/#website\",\"url\":\"https:\/\/lj-collections.com\/\",\"name\":\"LJ Collections\",\"description\":\"Monnaies, billets et tr\u00e9sors d&#039;hier, disponibles aujourd&#039;hui \u00e0 Valence dans la Dr\u00f4me.\",\"publisher\":{\"@id\":\"https:\/\/lj-collections.com\/#organization\"},\"potentialAction\":[{\"@type\":\"SearchAction\",\"target\":{\"@type\":\"EntryPoint\",\"urlTemplate\":\"https:\/\/lj-collections.com\/?s={search_term_string}\"},\"query-input\":{\"@type\":\"PropertyValueSpecification\",\"valueRequired\":true,\"valueName\":\"search_term_string\"}}],\"inLanguage\":\"en-US\"},{\"@type\":\"Organization\",\"@id\":\"https:\/\/lj-collections.com\/#organization\",\"name\":\"LJcollections\",\"alternateName\":\"LJcollections\",\"url\":\"https:\/\/lj-collections.com\/\",\"logo\":{\"@type\":\"ImageObject\",\"inLanguage\":\"en-US\",\"@id\":\"https:\/\/lj-collections.com\/#\/schema\/logo\/image\/\",\"url\":\"https:\/\/lj-collections.com\/wp-content\/uploads\/2023\/09\/favicon-1.png\",\"contentUrl\":\"https:\/\/lj-collections.com\/wp-content\/uploads\/2023\/09\/favicon-1.png\",\"width\":337,\"height\":267,\"caption\":\"LJcollections\"},\"image\":{\"@id\":\"https:\/\/lj-collections.com\/#\/schema\/logo\/image\/\"}}]}<\/script>\n<!-- \/ Yoast SEO plugin. -->","yoast_head_json":{"title":"BELGIQUE - 20 Francs 1949 - LJ Collections","robots":{"index":"index","follow":"follow","max-snippet":"max-snippet:-1","max-image-preview":"max-image-preview:large","max-video-preview":"max-video-preview:-1"},"canonical":"https:\/\/lj-collections.com\/en\/product\/belgique-20-francs-1949\/","og_locale":"en_US","og_type":"article","og_title":"BELGIQUE - 20 Francs 1949 - LJ Collections","og_url":"https:\/\/lj-collections.com\/en\/product\/belgique-20-francs-1949\/","og_site_name":"LJ Collections","article_modified_time":"2025-03-28T07:41:38+00:00","og_image":[{"width":1024,"height":1024,"url":"http:\/\/lj-collections.com\/wp-content\/uploads\/2023\/12\/P1000506-1024x1024.png","type":"image\/png"}],"twitter_card":"summary_large_image","twitter_misc":{"Est. reading time":"1 minute"},"schema":{"@context":"https:\/\/schema.org","@graph":[{"@type":"WebPage","@id":"https:\/\/lj-collections.com\/produit\/belgique-20-francs-1949\/","url":"https:\/\/lj-collections.com\/produit\/belgique-20-francs-1949\/","name":"BELGIQUE - 20 Francs 1949 - LJ Collections","isPartOf":{"@id":"https:\/\/lj-collections.com\/#website"},"primaryImageOfPage":{"@id":"https:\/\/lj-collections.com\/produit\/belgique-20-francs-1949\/#primaryimage"},"image":{"@id":"https:\/\/lj-collections.com\/produit\/belgique-20-francs-1949\/#primaryimage"},"thumbnailUrl":"https:\/\/lj-collections.com\/wp-content\/uploads\/2023\/12\/P1000506.png","datePublished":"2023-12-12T20:50:44+00:00","dateModified":"2025-03-28T07:41:38+00:00","breadcrumb":{"@id":"https:\/\/lj-collections.com\/produit\/belgique-20-francs-1949\/#breadcrumb"},"inLanguage":"en-US","potentialAction":[{"@type":"ReadAction","target":["https:\/\/lj-collections.com\/produit\/belgique-20-francs-1949\/"]}]},{"@type":"ImageObject","inLanguage":"en-US","@id":"https:\/\/lj-collections.com\/produit\/belgique-20-francs-1949\/#primaryimage","url":"https:\/\/lj-collections.com\/wp-content\/uploads\/2023\/12\/P1000506.png","contentUrl":"https:\/\/lj-collections.com\/wp-content\/uploads\/2023\/12\/P1000506.png","width":2992,"height":2992,"caption":"Revers 20 francs Belgique 1949"},{"@type":"BreadcrumbList","@id":"https:\/\/lj-collections.com\/produit\/belgique-20-francs-1949\/#breadcrumb","itemListElement":[{"@type":"ListItem","position":1,"name":"Accueil","item":"https:\/\/lj-collections.com\/"},{"@type":"ListItem","position":2,"name":"Boutique","item":"https:\/\/lj-collections.com\/boutique\/"},{"@type":"ListItem","position":3,"name":"BELGIQUE &#8211; 20 Francs 1949"}]},{"@type":"WebSite","@id":"https:\/\/lj-collections.com\/#website","url":"https:\/\/lj-collections.com\/","name":"LJ Collections","description":"Monnaies, billets et tr\u00e9sors d&#039;hier, disponibles aujourd&#039;hui \u00e0 Valence dans la Dr\u00f4me.","publisher":{"@id":"https:\/\/lj-collections.com\/#organization"},"potentialAction":[{"@type":"SearchAction","target":{"@type":"EntryPoint","urlTemplate":"https:\/\/lj-collections.com\/?s={search_term_string}"},"query-input":{"@type":"PropertyValueSpecification","valueRequired":true,"valueName":"search_term_string"}}],"inLanguage":"en-US"},{"@type":"Organization","@id":"https:\/\/lj-collections.com\/#organization","name":"LJcollections","alternateName":"LJcollections","url":"https:\/\/lj-collections.com\/","logo":{"@type":"ImageObject","inLanguage":"en-US","@id":"https:\/\/lj-collections.com\/#\/schema\/logo\/image\/","url":"https:\/\/lj-collections.com\/wp-content\/uploads\/2023\/09\/favicon-1.png","contentUrl":"https:\/\/lj-collections.com\/wp-content\/uploads\/2023\/09\/favicon-1.png","width":337,"height":267,"caption":"LJcollections"},"image":{"@id":"https:\/\/lj-collections.com\/#\/schema\/logo\/image\/"}}]}},"_links":{"self":[{"href":"https:\/\/lj-collections.com\/en\/wp-json\/wp\/v2\/product\/1212","targetHints":{"allow":["GET"]}}],"collection":[{"href":"https:\/\/lj-collections.com\/en\/wp-json\/wp\/v2\/product"}],"about":[{"href":"https:\/\/lj-collections.com\/en\/wp-json\/wp\/v2\/types\/product"}],"replies":[{"embeddable":true,"href":"https:\/\/lj-collections.com\/en\/wp-json\/wp\/v2\/comments?post=1212"}],"wp:featuredmedia":[{"embeddable":true,"href":"https:\/\/lj-collections.com\/en\/wp-json\/wp\/v2\/media\/1198"}],"wp:attachment":[{"href":"https:\/\/lj-collections.com\/en\/wp-json\/wp\/v2\/media?parent=1212"}],"wp:term":[{"taxonomy":"product_brand","embeddable":true,"href":"https:\/\/lj-collections.com\/en\/wp-json\/wp\/v2\/product_brand?post=1212"},{"taxonomy":"product_cat","embeddable":true,"href":"https:\/\/lj-collections.com\/en\/wp-json\/wp\/v2\/product_cat?post=1212"},{"taxonomy":"product_tag","embeddable":true,"href":"https:\/\/lj-collections.com\/en\/wp-json\/wp\/v2\/product_tag?post=1212"}],"curies":[{"name":"wp","href":"https:\/\/api.w.org\/{rel}","templated":true}]}}