{"id":1075,"date":"2023-11-16T22:05:05","date_gmt":"2023-11-16T22:05:05","guid":{"rendered":"https:\/\/lj-collections.com\/?post_type=product&#038;p=1075"},"modified":"2024-12-17T19:49:39","modified_gmt":"2024-12-17T19:49:39","slug":"tunisie-1-franc-1916","status":"publish","type":"product","link":"https:\/\/lj-collections.com\/en\/product\/tunisie-1-franc-1916\/","title":{"rendered":"TUNISIE &#8211; 1 Franc 1916"},"content":{"rendered":"<p>TUNISIE &#8211; 1 Franc 1916<\/p>\n<div class=\"col-6 col-md-3 attr_name\"><strong>Year: <\/strong>1916<\/div>\n<div class=\"col-6 col-md-3 attr_name\"><strong>Mint: <\/strong>Paris<\/div>\n<div class=\"col-6 col-md-3 attr_name\"><strong>Diameter (mm): <\/strong>23<\/div>\n<div class=\"col-6 col-md-3 attr_name\"><strong>Metal: <\/strong>Silver<\/div>\n<div class=\"col-6 col-md-3 attr_name\"><strong>Country: <\/strong>Tunisia<\/div>\n<div class=\"col-6 col-md-3 attr_name\"><strong>Weight (grams): <\/strong>5<\/div>\n<div class=\"col-6 col-md-3 attr_name\"><strong>Condition: <\/strong>AU<\/div>","protected":false},"excerpt":{"rendered":"TUNISIE &#8211; 1 Franc 1916 Ann\u00e9e: 1916 Atelier: Paris Diam\u00e8tre (mm): 23 M\u00e9tal: Argent Pays:&hellip;","protected":false},"featured_media":1076,"comment_status":"open","ping_status":"closed","template":"","meta":{"_acf_changed":false},"product_brand":[],"product_cat":[44,17],"product_tag":[],"class_list":{"0":"post-1075","1":"product","2":"type-product","3":"status-publish","4":"has-post-thumbnail","6":"product_cat-monnaies-afrique","7":"product_cat-monnaies","8":"pa_annee-587","9":"pa_atelier-paris","10":"pa_diametre-mm-588","11":"pa_metal-argent","12":"pa_pays-tunisie","13":"pa_poids-589","14":"pa_qualite-sup","16":"first","17":"outofstock","18":"shipping-taxable","19":"purchasable","20":"product-type-simple"},"acf":[],"yoast_head":"<!-- This site is optimized with the Yoast SEO plugin v27.2 - https:\/\/yoast.com\/product\/yoast-seo-wordpress\/ -->\n<title>TUNISIE - 1 Franc 1916 - LJ Collections<\/title>\n<meta name=\"robots\" content=\"index, follow, max-snippet:-1, max-image-preview:large, max-video-preview:-1\" \/>\n<link rel=\"canonical\" href=\"https:\/\/lj-collections.com\/en\/product\/tunisie-1-franc-1916\/\" \/>\n<meta property=\"og:locale\" content=\"en_US\" \/>\n<meta property=\"og:type\" content=\"article\" \/>\n<meta property=\"og:title\" content=\"TUNISIE - 1 Franc 1916 - LJ Collections\" \/>\n<meta property=\"og:url\" content=\"https:\/\/lj-collections.com\/en\/product\/tunisie-1-franc-1916\/\" \/>\n<meta property=\"og:site_name\" content=\"LJ Collections\" \/>\n<meta property=\"article:modified_time\" content=\"2024-12-17T19:49:39+00:00\" \/>\n<meta property=\"og:image\" content=\"http:\/\/lj-collections.com\/wp-content\/uploads\/2023\/11\/P1000420-1024x1024.png\" \/>\n\t<meta property=\"og:image:width\" content=\"1024\" \/>\n\t<meta property=\"og:image:height\" content=\"1024\" \/>\n\t<meta property=\"og:image:type\" content=\"image\/png\" \/>\n<meta name=\"twitter:card\" content=\"summary_large_image\" \/>\n<meta name=\"twitter:label1\" content=\"Est. reading time\" \/>\n\t<meta name=\"twitter:data1\" content=\"1 minute\" \/>\n<script type=\"application\/ld+json\" class=\"yoast-schema-graph\">{\"@context\":\"https:\/\/schema.org\",\"@graph\":[{\"@type\":\"WebPage\",\"@id\":\"https:\/\/lj-collections.com\/produit\/tunisie-1-franc-1916\/\",\"url\":\"https:\/\/lj-collections.com\/produit\/tunisie-1-franc-1916\/\",\"name\":\"TUNISIE - 1 Franc 1916 - LJ Collections\",\"isPartOf\":{\"@id\":\"https:\/\/lj-collections.com\/#website\"},\"primaryImageOfPage\":{\"@id\":\"https:\/\/lj-collections.com\/produit\/tunisie-1-franc-1916\/#primaryimage\"},\"image\":{\"@id\":\"https:\/\/lj-collections.com\/produit\/tunisie-1-franc-1916\/#primaryimage\"},\"thumbnailUrl\":\"https:\/\/lj-collections.com\/wp-content\/uploads\/2023\/11\/P1000420.png\",\"datePublished\":\"2023-11-16T22:05:05+00:00\",\"dateModified\":\"2024-12-17T19:49:39+00:00\",\"breadcrumb\":{\"@id\":\"https:\/\/lj-collections.com\/produit\/tunisie-1-franc-1916\/#breadcrumb\"},\"inLanguage\":\"en-US\",\"potentialAction\":[{\"@type\":\"ReadAction\",\"target\":[\"https:\/\/lj-collections.com\/produit\/tunisie-1-franc-1916\/\"]}]},{\"@type\":\"ImageObject\",\"inLanguage\":\"en-US\",\"@id\":\"https:\/\/lj-collections.com\/produit\/tunisie-1-franc-1916\/#primaryimage\",\"url\":\"https:\/\/lj-collections.com\/wp-content\/uploads\/2023\/11\/P1000420.png\",\"contentUrl\":\"https:\/\/lj-collections.com\/wp-content\/uploads\/2023\/11\/P1000420.png\",\"width\":2992,\"height\":2992,\"caption\":\"Revers 1 franc 1916 Tunisie\"},{\"@type\":\"BreadcrumbList\",\"@id\":\"https:\/\/lj-collections.com\/produit\/tunisie-1-franc-1916\/#breadcrumb\",\"itemListElement\":[{\"@type\":\"ListItem\",\"position\":1,\"name\":\"Accueil\",\"item\":\"https:\/\/lj-collections.com\/\"},{\"@type\":\"ListItem\",\"position\":2,\"name\":\"Boutique\",\"item\":\"https:\/\/lj-collections.com\/boutique\/\"},{\"@type\":\"ListItem\",\"position\":3,\"name\":\"TUNISIE &#8211; 1 Franc 1916\"}]},{\"@type\":\"WebSite\",\"@id\":\"https:\/\/lj-collections.com\/#website\",\"url\":\"https:\/\/lj-collections.com\/\",\"name\":\"LJ Collections\",\"description\":\"Monnaies, billets et tr\u00e9sors d&#039;hier, disponibles aujourd&#039;hui \u00e0 Valence dans la Dr\u00f4me.\",\"publisher\":{\"@id\":\"https:\/\/lj-collections.com\/#organization\"},\"potentialAction\":[{\"@type\":\"SearchAction\",\"target\":{\"@type\":\"EntryPoint\",\"urlTemplate\":\"https:\/\/lj-collections.com\/?s={search_term_string}\"},\"query-input\":{\"@type\":\"PropertyValueSpecification\",\"valueRequired\":true,\"valueName\":\"search_term_string\"}}],\"inLanguage\":\"en-US\"},{\"@type\":\"Organization\",\"@id\":\"https:\/\/lj-collections.com\/#organization\",\"name\":\"LJcollections\",\"alternateName\":\"LJcollections\",\"url\":\"https:\/\/lj-collections.com\/\",\"logo\":{\"@type\":\"ImageObject\",\"inLanguage\":\"en-US\",\"@id\":\"https:\/\/lj-collections.com\/#\/schema\/logo\/image\/\",\"url\":\"https:\/\/lj-collections.com\/wp-content\/uploads\/2023\/09\/favicon-1.png\",\"contentUrl\":\"https:\/\/lj-collections.com\/wp-content\/uploads\/2023\/09\/favicon-1.png\",\"width\":337,\"height\":267,\"caption\":\"LJcollections\"},\"image\":{\"@id\":\"https:\/\/lj-collections.com\/#\/schema\/logo\/image\/\"}}]}<\/script>\n<!-- \/ Yoast SEO plugin. -->","yoast_head_json":{"title":"TUNISIE - 1 Franc 1916 - LJ Collections","robots":{"index":"index","follow":"follow","max-snippet":"max-snippet:-1","max-image-preview":"max-image-preview:large","max-video-preview":"max-video-preview:-1"},"canonical":"https:\/\/lj-collections.com\/en\/product\/tunisie-1-franc-1916\/","og_locale":"en_US","og_type":"article","og_title":"TUNISIE - 1 Franc 1916 - LJ Collections","og_url":"https:\/\/lj-collections.com\/en\/product\/tunisie-1-franc-1916\/","og_site_name":"LJ Collections","article_modified_time":"2024-12-17T19:49:39+00:00","og_image":[{"width":1024,"height":1024,"url":"http:\/\/lj-collections.com\/wp-content\/uploads\/2023\/11\/P1000420-1024x1024.png","type":"image\/png"}],"twitter_card":"summary_large_image","twitter_misc":{"Est. reading time":"1 minute"},"schema":{"@context":"https:\/\/schema.org","@graph":[{"@type":"WebPage","@id":"https:\/\/lj-collections.com\/produit\/tunisie-1-franc-1916\/","url":"https:\/\/lj-collections.com\/produit\/tunisie-1-franc-1916\/","name":"TUNISIE - 1 Franc 1916 - LJ Collections","isPartOf":{"@id":"https:\/\/lj-collections.com\/#website"},"primaryImageOfPage":{"@id":"https:\/\/lj-collections.com\/produit\/tunisie-1-franc-1916\/#primaryimage"},"image":{"@id":"https:\/\/lj-collections.com\/produit\/tunisie-1-franc-1916\/#primaryimage"},"thumbnailUrl":"https:\/\/lj-collections.com\/wp-content\/uploads\/2023\/11\/P1000420.png","datePublished":"2023-11-16T22:05:05+00:00","dateModified":"2024-12-17T19:49:39+00:00","breadcrumb":{"@id":"https:\/\/lj-collections.com\/produit\/tunisie-1-franc-1916\/#breadcrumb"},"inLanguage":"en-US","potentialAction":[{"@type":"ReadAction","target":["https:\/\/lj-collections.com\/produit\/tunisie-1-franc-1916\/"]}]},{"@type":"ImageObject","inLanguage":"en-US","@id":"https:\/\/lj-collections.com\/produit\/tunisie-1-franc-1916\/#primaryimage","url":"https:\/\/lj-collections.com\/wp-content\/uploads\/2023\/11\/P1000420.png","contentUrl":"https:\/\/lj-collections.com\/wp-content\/uploads\/2023\/11\/P1000420.png","width":2992,"height":2992,"caption":"Revers 1 franc 1916 Tunisie"},{"@type":"BreadcrumbList","@id":"https:\/\/lj-collections.com\/produit\/tunisie-1-franc-1916\/#breadcrumb","itemListElement":[{"@type":"ListItem","position":1,"name":"Accueil","item":"https:\/\/lj-collections.com\/"},{"@type":"ListItem","position":2,"name":"Boutique","item":"https:\/\/lj-collections.com\/boutique\/"},{"@type":"ListItem","position":3,"name":"TUNISIE &#8211; 1 Franc 1916"}]},{"@type":"WebSite","@id":"https:\/\/lj-collections.com\/#website","url":"https:\/\/lj-collections.com\/","name":"LJ Collections","description":"Monnaies, billets et tr\u00e9sors d&#039;hier, disponibles aujourd&#039;hui \u00e0 Valence dans la Dr\u00f4me.","publisher":{"@id":"https:\/\/lj-collections.com\/#organization"},"potentialAction":[{"@type":"SearchAction","target":{"@type":"EntryPoint","urlTemplate":"https:\/\/lj-collections.com\/?s={search_term_string}"},"query-input":{"@type":"PropertyValueSpecification","valueRequired":true,"valueName":"search_term_string"}}],"inLanguage":"en-US"},{"@type":"Organization","@id":"https:\/\/lj-collections.com\/#organization","name":"LJcollections","alternateName":"LJcollections","url":"https:\/\/lj-collections.com\/","logo":{"@type":"ImageObject","inLanguage":"en-US","@id":"https:\/\/lj-collections.com\/#\/schema\/logo\/image\/","url":"https:\/\/lj-collections.com\/wp-content\/uploads\/2023\/09\/favicon-1.png","contentUrl":"https:\/\/lj-collections.com\/wp-content\/uploads\/2023\/09\/favicon-1.png","width":337,"height":267,"caption":"LJcollections"},"image":{"@id":"https:\/\/lj-collections.com\/#\/schema\/logo\/image\/"}}]}},"_links":{"self":[{"href":"https:\/\/lj-collections.com\/en\/wp-json\/wp\/v2\/product\/1075","targetHints":{"allow":["GET"]}}],"collection":[{"href":"https:\/\/lj-collections.com\/en\/wp-json\/wp\/v2\/product"}],"about":[{"href":"https:\/\/lj-collections.com\/en\/wp-json\/wp\/v2\/types\/product"}],"replies":[{"embeddable":true,"href":"https:\/\/lj-collections.com\/en\/wp-json\/wp\/v2\/comments?post=1075"}],"wp:featuredmedia":[{"embeddable":true,"href":"https:\/\/lj-collections.com\/en\/wp-json\/wp\/v2\/media\/1076"}],"wp:attachment":[{"href":"https:\/\/lj-collections.com\/en\/wp-json\/wp\/v2\/media?parent=1075"}],"wp:term":[{"taxonomy":"product_brand","embeddable":true,"href":"https:\/\/lj-collections.com\/en\/wp-json\/wp\/v2\/product_brand?post=1075"},{"taxonomy":"product_cat","embeddable":true,"href":"https:\/\/lj-collections.com\/en\/wp-json\/wp\/v2\/product_cat?post=1075"},{"taxonomy":"product_tag","embeddable":true,"href":"https:\/\/lj-collections.com\/en\/wp-json\/wp\/v2\/product_tag?post=1075"}],"curies":[{"name":"wp","href":"https:\/\/api.w.org\/{rel}","templated":true}]}}