{"id":71,"date":"2023-09-22T14:04:56","date_gmt":"2023-09-22T14:04:56","guid":{"rendered":"https:\/\/lj-collections.com\/?page_id=71"},"modified":"2023-10-06T09:35:18","modified_gmt":"2023-10-06T09:35:18","slug":"mentions_legales","status":"publish","type":"page","link":"https:\/\/lj-collections.com\/en\/mentions_legales\/","title":{"rendered":"Mentions l\u00e9gales"},"content":{"rendered":"<p class=\"has-large-font-size\"><strong>Mentions l\u00e9gales<\/strong><\/p>\n\n\n\n<p>Responsable des contenus<\/p>\n\n\n\n<p>LJ COLLECTIONS est en charge de la mise \u00e0 jour des contenus dynamiques et la r\u00e9daction des contenus statiques.<br>LJ COLLECTIONS (SASU)<br>17 rue de verdun<br>26500 Bourg les valence<br>Soci\u00e9t\u00e9 par actions simplifi\u00e9e au capital de 200 \u20ac<br>RCS Romans : 979374147<br>n\u00b0 TVA : FR19979374147<\/p>\n\n\n\n<p>Cr\u00e9ateur et H\u00e9bergeur<\/p>\n\n\n\n<p>Ce site a \u00e9t\u00e9 cr\u00e9\u00e9 par la soci\u00e9t\u00e9 LJ COLLECTIONS<br>Dont le si\u00e8ge social est situ\u00e9 17 rue de verdun 26500 Bourg les valence, France<br>N\u00b0 de RCS Romans : 979374147<br>Pour toutes questions techniques veuillez contacter contact@lj-collections.com<\/p>\n\n\n\n<p>Donn\u00e9es personnelles<\/p>\n\n\n\n<p>Les donn\u00e9es personnelles collect\u00e9es sont uniquement destin\u00e9es \u00e0 un usage interne pour mieux vous servir. En aucun cas ces donn\u00e9es ne seront c\u00e9d\u00e9es ou vendues \u00e0 des tiers.<br>Vous disposez d&rsquo;un droit d&rsquo;acc\u00e8s, de modification, de rectification et de suppression des donn\u00e9es qui vous concernent.<\/p>\n\n\n\n<p>Liens externes<\/p>\n\n\n\n<p>Nous n&rsquo;assumons aucune responsabilit\u00e9 quant aux informations publi\u00e9es sur les sites dont nous pouvons vous communiquer les adresses. Les liens avec des sites ext\u00e9rieurs ne sont fournis qu&rsquo;\u00e0 titre informatif et n&rsquo;impliquent aucune caution quant \u00e0 leur contenu.<\/p>\n\n\n\n<p>Propri\u00e9t\u00e9 intellectuelle<\/p>\n\n\n\n<p>LJ COLLECTIONS est prot\u00e9g\u00e9 par les dispositions du Code de la propri\u00e9t\u00e9 intellectuelle, notamment par celles de ses dispositions relatives \u00e0 la propri\u00e9t\u00e9 litt\u00e9raire et artistique, aux droits d&rsquo;auteur et \u00e0 la protection des bases de donn\u00e9es.<br>Ces droits sont la propri\u00e9t\u00e9 exclusive de LJ COLLECTIONS. Le Code de la propri\u00e9t\u00e9 intellectuelle n&rsquo;autorise aux termes de l&rsquo;article L.122-5, d&rsquo;une part, que les copies ou reproductions strictement r\u00e9serv\u00e9es \u00e0 l&rsquo;usage priv\u00e9 du copiste et non destin\u00e9es \u00e0 une utilisation collective et, d&rsquo;autre part, que les analyses et les courtes citations dans un but d&rsquo;exemple et d&rsquo;illustration.<br>De m\u00eame, l&rsquo;article L.342-3 du Code de la propri\u00e9t\u00e9 intellectuelle n&rsquo;autorise que l&rsquo;extraction ou la r\u00e9utilisation d&rsquo;une partie non substantielle du contenu d&rsquo;une base de donn\u00e9es mise \u00e0 la disposition du public par son titulaire.<br>Par cons\u00e9quent, toute repr\u00e9sentation ou reproduction non autoris\u00e9e des cr\u00e9ations de LJ COLLECTIONS, par quelque moyen que ce soit, est strictement interdite sous peine de poursuites judiciaires. Le contrevenant s&rsquo;expose \u00e0 des sanctions civiles et p\u00e9nales et notamment aux peines pr\u00e9vues aux articles L.335-2 et L.343-1 du Code de la propri\u00e9t\u00e9 intellectuelle.<\/p>\n\n\n\n<p>Contact<\/p>\n\n\n\n<p>Pour toute demande ou question merci de vous adresser \u00e0 LJ COLLECTIONS, 17 rue de verdun 26500 Bourg les valence ou \u00e0 contact@lj-collections.com<\/p>","protected":false},"excerpt":{"rendered":"Mentions l\u00e9gales Responsable des contenus LJ COLLECTIONS est en charge de la mise \u00e0 jour&hellip;","protected":false},"author":1,"featured_media":0,"parent":0,"menu_order":0,"comment_status":"closed","ping_status":"closed","template":"","meta":{"_acf_changed":false,"footnotes":""},"class_list":["post-71","page","type-page","status-publish","hentry"],"acf":[],"yoast_head":"<!-- This site is optimized with the Yoast SEO plugin v27.2 - https:\/\/yoast.com\/product\/yoast-seo-wordpress\/ -->\n<title>Mentions l\u00e9gales - LJ Collections<\/title>\n<meta name=\"robots\" content=\"index, follow, max-snippet:-1, max-image-preview:large, max-video-preview:-1\" \/>\n<link rel=\"canonical\" href=\"https:\/\/lj-collections.com\/en\/mentions_legales\/\" \/>\n<meta property=\"og:locale\" content=\"en_US\" \/>\n<meta property=\"og:type\" content=\"article\" \/>\n<meta property=\"og:title\" content=\"Mentions l\u00e9gales - LJ Collections\" \/>\n<meta property=\"og:description\" content=\"Mentions l\u00e9gales Responsable des contenus LJ COLLECTIONS est en charge de la mise \u00e0 jour des contenus dynamiques et la r\u00e9daction des contenus statiques.LJ COLLECTIONS (SASU)17 rue de verdun26500 Bourg les valenceSoci\u00e9t\u00e9 par actions simplifi\u00e9e au capital de 200 \u20acRCS Romans : 979374147n\u00b0 TVA : FR19979374147 Cr\u00e9ateur et H\u00e9bergeur Ce site a \u00e9t\u00e9 cr\u00e9\u00e9 par [&hellip;]\" \/>\n<meta property=\"og:url\" content=\"https:\/\/lj-collections.com\/en\/mentions_legales\/\" \/>\n<meta property=\"og:site_name\" content=\"LJ Collections\" \/>\n<meta property=\"article:modified_time\" content=\"2023-10-06T09:35:18+00:00\" \/>\n<meta name=\"twitter:card\" content=\"summary_large_image\" \/>\n<meta name=\"twitter:label1\" content=\"Est. reading time\" \/>\n\t<meta name=\"twitter:data1\" content=\"2 minutes\" \/>\n<script type=\"application\/ld+json\" class=\"yoast-schema-graph\">{\"@context\":\"https:\/\/schema.org\",\"@graph\":[{\"@type\":\"WebPage\",\"@id\":\"https:\/\/lj-collections.com\/mentions_legales\/\",\"url\":\"https:\/\/lj-collections.com\/mentions_legales\/\",\"name\":\"Mentions l\u00e9gales - LJ Collections\",\"isPartOf\":{\"@id\":\"https:\/\/lj-collections.com\/#website\"},\"datePublished\":\"2023-09-22T14:04:56+00:00\",\"dateModified\":\"2023-10-06T09:35:18+00:00\",\"breadcrumb\":{\"@id\":\"https:\/\/lj-collections.com\/mentions_legales\/#breadcrumb\"},\"inLanguage\":\"en-US\",\"potentialAction\":[{\"@type\":\"ReadAction\",\"target\":[\"https:\/\/lj-collections.com\/mentions_legales\/\"]}]},{\"@type\":\"BreadcrumbList\",\"@id\":\"https:\/\/lj-collections.com\/mentions_legales\/#breadcrumb\",\"itemListElement\":[{\"@type\":\"ListItem\",\"position\":1,\"name\":\"Accueil\",\"item\":\"https:\/\/lj-collections.com\/\"},{\"@type\":\"ListItem\",\"position\":2,\"name\":\"Mentions l\u00e9gales\"}]},{\"@type\":\"WebSite\",\"@id\":\"https:\/\/lj-collections.com\/#website\",\"url\":\"https:\/\/lj-collections.com\/\",\"name\":\"LJ Collections\",\"description\":\"Monnaies, billets et tr\u00e9sors d&#039;hier, disponibles aujourd&#039;hui \u00e0 Valence dans la Dr\u00f4me.\",\"publisher\":{\"@id\":\"https:\/\/lj-collections.com\/#organization\"},\"potentialAction\":[{\"@type\":\"SearchAction\",\"target\":{\"@type\":\"EntryPoint\",\"urlTemplate\":\"https:\/\/lj-collections.com\/?s={search_term_string}\"},\"query-input\":{\"@type\":\"PropertyValueSpecification\",\"valueRequired\":true,\"valueName\":\"search_term_string\"}}],\"inLanguage\":\"en-US\"},{\"@type\":\"Organization\",\"@id\":\"https:\/\/lj-collections.com\/#organization\",\"name\":\"LJcollections\",\"alternateName\":\"LJcollections\",\"url\":\"https:\/\/lj-collections.com\/\",\"logo\":{\"@type\":\"ImageObject\",\"inLanguage\":\"en-US\",\"@id\":\"https:\/\/lj-collections.com\/#\/schema\/logo\/image\/\",\"url\":\"https:\/\/lj-collections.com\/wp-content\/uploads\/2023\/09\/favicon-1.png\",\"contentUrl\":\"https:\/\/lj-collections.com\/wp-content\/uploads\/2023\/09\/favicon-1.png\",\"width\":337,\"height\":267,\"caption\":\"LJcollections\"},\"image\":{\"@id\":\"https:\/\/lj-collections.com\/#\/schema\/logo\/image\/\"}}]}<\/script>\n<!-- \/ Yoast SEO plugin. -->","yoast_head_json":{"title":"Mentions l\u00e9gales - LJ Collections","robots":{"index":"index","follow":"follow","max-snippet":"max-snippet:-1","max-image-preview":"max-image-preview:large","max-video-preview":"max-video-preview:-1"},"canonical":"https:\/\/lj-collections.com\/en\/mentions_legales\/","og_locale":"en_US","og_type":"article","og_title":"Mentions l\u00e9gales - LJ Collections","og_description":"Mentions l\u00e9gales Responsable des contenus LJ COLLECTIONS est en charge de la mise \u00e0 jour des contenus dynamiques et la r\u00e9daction des contenus statiques.LJ COLLECTIONS (SASU)17 rue de verdun26500 Bourg les valenceSoci\u00e9t\u00e9 par actions simplifi\u00e9e au capital de 200 \u20acRCS Romans : 979374147n\u00b0 TVA : FR19979374147 Cr\u00e9ateur et H\u00e9bergeur Ce site a \u00e9t\u00e9 cr\u00e9\u00e9 par [&hellip;]","og_url":"https:\/\/lj-collections.com\/en\/mentions_legales\/","og_site_name":"LJ Collections","article_modified_time":"2023-10-06T09:35:18+00:00","twitter_card":"summary_large_image","twitter_misc":{"Est. reading time":"2 minutes"},"schema":{"@context":"https:\/\/schema.org","@graph":[{"@type":"WebPage","@id":"https:\/\/lj-collections.com\/mentions_legales\/","url":"https:\/\/lj-collections.com\/mentions_legales\/","name":"Mentions l\u00e9gales - LJ Collections","isPartOf":{"@id":"https:\/\/lj-collections.com\/#website"},"datePublished":"2023-09-22T14:04:56+00:00","dateModified":"2023-10-06T09:35:18+00:00","breadcrumb":{"@id":"https:\/\/lj-collections.com\/mentions_legales\/#breadcrumb"},"inLanguage":"en-US","potentialAction":[{"@type":"ReadAction","target":["https:\/\/lj-collections.com\/mentions_legales\/"]}]},{"@type":"BreadcrumbList","@id":"https:\/\/lj-collections.com\/mentions_legales\/#breadcrumb","itemListElement":[{"@type":"ListItem","position":1,"name":"Accueil","item":"https:\/\/lj-collections.com\/"},{"@type":"ListItem","position":2,"name":"Mentions l\u00e9gales"}]},{"@type":"WebSite","@id":"https:\/\/lj-collections.com\/#website","url":"https:\/\/lj-collections.com\/","name":"LJ Collections","description":"Monnaies, billets et tr\u00e9sors d&#039;hier, disponibles aujourd&#039;hui \u00e0 Valence dans la Dr\u00f4me.","publisher":{"@id":"https:\/\/lj-collections.com\/#organization"},"potentialAction":[{"@type":"SearchAction","target":{"@type":"EntryPoint","urlTemplate":"https:\/\/lj-collections.com\/?s={search_term_string}"},"query-input":{"@type":"PropertyValueSpecification","valueRequired":true,"valueName":"search_term_string"}}],"inLanguage":"en-US"},{"@type":"Organization","@id":"https:\/\/lj-collections.com\/#organization","name":"LJcollections","alternateName":"LJcollections","url":"https:\/\/lj-collections.com\/","logo":{"@type":"ImageObject","inLanguage":"en-US","@id":"https:\/\/lj-collections.com\/#\/schema\/logo\/image\/","url":"https:\/\/lj-collections.com\/wp-content\/uploads\/2023\/09\/favicon-1.png","contentUrl":"https:\/\/lj-collections.com\/wp-content\/uploads\/2023\/09\/favicon-1.png","width":337,"height":267,"caption":"LJcollections"},"image":{"@id":"https:\/\/lj-collections.com\/#\/schema\/logo\/image\/"}}]}},"_links":{"self":[{"href":"https:\/\/lj-collections.com\/en\/wp-json\/wp\/v2\/pages\/71","targetHints":{"allow":["GET"]}}],"collection":[{"href":"https:\/\/lj-collections.com\/en\/wp-json\/wp\/v2\/pages"}],"about":[{"href":"https:\/\/lj-collections.com\/en\/wp-json\/wp\/v2\/types\/page"}],"author":[{"embeddable":true,"href":"https:\/\/lj-collections.com\/en\/wp-json\/wp\/v2\/users\/1"}],"replies":[{"embeddable":true,"href":"https:\/\/lj-collections.com\/en\/wp-json\/wp\/v2\/comments?post=71"}],"version-history":[{"count":5,"href":"https:\/\/lj-collections.com\/en\/wp-json\/wp\/v2\/pages\/71\/revisions"}],"predecessor-version":[{"id":219,"href":"https:\/\/lj-collections.com\/en\/wp-json\/wp\/v2\/pages\/71\/revisions\/219"}],"wp:attachment":[{"href":"https:\/\/lj-collections.com\/en\/wp-json\/wp\/v2\/media?parent=71"}],"curies":[{"name":"wp","href":"https:\/\/api.w.org\/{rel}","templated":true}]}}