{"id":69,"date":"2023-09-22T12:17:42","date_gmt":"2023-09-22T12:17:42","guid":{"rendered":"https:\/\/lj-collections.com\/?page_id=69"},"modified":"2025-04-13T19:41:54","modified_gmt":"2025-04-13T19:41:54","slug":"vous-voulez-vendre","status":"publish","type":"page","link":"https:\/\/lj-collections.com\/en\/vous-voulez-vendre\/","title":{"rendered":"Sell to us"},"content":{"rendered":"<p>Bienvenue sur notre page d\u00e9di\u00e9e \u00e0 la vente de vos objets de collection !<\/p>\n\n\n\n<p> Avant de commencer, nous devons vous informer que, pour le moment, nous achetons uniquement \u00e0 notre boutique au 50 Rue Bouffier , 26000 Valence .<\/p>\n\n\n\n<p>Pour faciliter la transaction un rendez vous n&rsquo;est pas indispensable mais vivement conseill\u00e9 .<\/p>\n\n\n\n<p><br>Pour une estimation gratuite , veuillez remplir le formulaire ci-dessous.<\/p>\n\n\n\n<p>Feel free to ask questions if you need more information about the selling process or if you encounter any issues with the form. We are here to assist you in getting the most out of your collection.<\/p>\n\n\n<div class=\"forminator-ui forminator-custom-form forminator-custom-form-68 forminator-design--default  forminator_ajax\" data-forminator-render=\"0\" data-form=\"forminator-module-68\" data-uid=\"69fb45ae54e51\"><br\/><\/div><form\n\t\t\t\tid=\"forminator-module-68\"\n\t\t\t\tclass=\"forminator-ui forminator-custom-form forminator-custom-form-68 forminator-design--default  forminator_ajax\"\n\t\t\t\tmethod=\"post\"\n\t\t\t\tdata-forminator-render=\"0\"\n\t\t\t\tdata-form-id=\"68\"\n\t\t\t\tenctype=\"multipart\/form-data\" data-color-option=\"default\" data-design=\"default\" data-grid=\"open\" style=\"display: none;\"\n\t\t\t\tdata-uid=\"69fb45ae54e51\" action=\"\"\n\t\t\t><div role=\"alert\" aria-live=\"polite\" class=\"forminator-response-message forminator-error\" aria-hidden=\"true\"><\/div><div class=\"forminator-row\"><div id=\"name-1\" class=\"forminator-field-name forminator-col forminator-col-6\"><div class=\"forminator-field\"><label for=\"forminator-field-name-1_69fb45ae54e51\" id=\"forminator-field-name-1_69fb45ae54e51-label\" class=\"forminator-label\">First name <span class=\"forminator-required\">*<\/span><\/label><input type=\"text\" name=\"name-1\" value=\"\" placeholder=\"First name\" id=\"forminator-field-name-1_69fb45ae54e51\" class=\"forminator-input forminator-name--field\" aria-required=\"true\" autocomplete=\"name\" \/><\/div><\/div><div id=\"name-2\" class=\"forminator-field-name forminator-col forminator-col-6\"><div class=\"forminator-field\"><label for=\"forminator-field-name-2_69fb45ae54e51\" id=\"forminator-field-name-2_69fb45ae54e51-label\" class=\"forminator-label\">Last name <span class=\"forminator-required\">*<\/span><\/label><input type=\"text\" name=\"name-2\" value=\"\" placeholder=\"Last name\" id=\"forminator-field-name-2_69fb45ae54e51\" class=\"forminator-input forminator-name--field\" aria-required=\"true\" autocomplete=\"name\" \/><\/div><\/div><\/div><div class=\"forminator-row\"><div id=\"email-1\" class=\"forminator-field-email forminator-col forminator-col-6\"><div class=\"forminator-field\"><label for=\"forminator-field-email-1_69fb45ae54e51\" id=\"forminator-field-email-1_69fb45ae54e51-label\" class=\"forminator-label\">Email adress <span class=\"forminator-required\">*<\/span><\/label><input type=\"email\" name=\"email-1\" value=\"\" placeholder=\"Email adress\" id=\"forminator-field-email-1_69fb45ae54e51\" class=\"forminator-input forminator-email--field\" data-required=\"true\" aria-required=\"true\" autocomplete=\"email\" \/><\/div><\/div><div id=\"phone-1\" class=\"forminator-field-phone forminator-col forminator-col-6\"><div class=\"forminator-field\"><label for=\"forminator-field-phone-1_69fb45ae54e51\" id=\"forminator-field-phone-1_69fb45ae54e51-label\" class=\"forminator-label\">Phone number<\/label><input type=\"text\" name=\"phone-1\" value=\"\" placeholder=\"Phone number\" id=\"forminator-field-phone-1_69fb45ae54e51\" class=\"forminator-input forminator-field--phone\" data-required=\"\" aria-required=\"false\" autocomplete=\"off\" data-validation=\"1\" \/><\/div><\/div><\/div><div class=\"forminator-row\"><div id=\"upload-1\" class=\"forminator-field-upload forminator-col forminator-col-12\"><div class=\"forminator-field\"><label for=\"forminator-field-upload-1_69fb45ae54e51\" id=\"forminator-field-upload-1_69fb45ae54e51-label\" class=\"forminator-label\">Photos of your items <span class=\"forminator-required\">*<\/span><\/label><div class=\"forminator-multi-upload\" data-element=\"upload-1_69fb45ae54e51\"><input type=\"file\" name=\"upload-1[]\" id=\"forminator-field-upload-1_69fb45ae54e51\" class=\"forminator-input-file-required do-validate forminator-field-upload-1_69fb45ae54e51-68\" multiple=\"multiple\" data-method=\"ajax\" data-size=\"8000000\" data-size-message=\"Maximum file size allowed is 8 MB. \"><div class=\"forminator-multi-upload-message\" aria-hidden=\"true\"><span class=\"forminator-icon-upload\" aria-hidden=\"true\"><\/span><p>Drag and Drop (or) <a class=\"forminator-upload-file--forminator-field-upload-1_69fb45ae54e51\" href=\"#\" onclick=\"return false;\">Choose Files<\/a><\/p><\/div><\/div><ul class=\"forminator-uploaded-files upload-container-upload-1_69fb45ae54e51\"><\/ul><\/div><\/div><\/div><div class=\"forminator-row\"><div id=\"textarea-1\" class=\"forminator-field-textarea forminator-col forminator-col-12\"><div class=\"forminator-field\"><label for=\"forminator-field-textarea-1_69fb45ae54e51\" id=\"forminator-field-textarea-1_69fb45ae54e51-label\" class=\"forminator-label\">Message <span class=\"forminator-required\">*<\/span><\/label><textarea name=\"textarea-1\" placeholder=\"Please describe your items\" id=\"forminator-field-textarea-1_69fb45ae54e51\" class=\"forminator-textarea\" rows=\"6\" style=\"min-height:140px;\" ><\/textarea><\/div><\/div><\/div><div class=\"forminator-row\" style=\"margin: 0;\"><div id=\"captcha-1\" class=\"forminator-field-captcha  forminator-col-12\"><div class=\"forminator-captcha-left forminator-g-recaptcha recaptcha-invisible\" data-theme=\"light\" data-badge=\"bottomright\" data-sitekey=\"6Lcp1x0pAAAAAE4rbkGCB3lxCz16haiLL6N7cwMK\" data-size=\"invisible\"><\/div> <\/div><\/div><input type=\"hidden\" name=\"referer_url\" value=\"\" \/><div class=\"forminator-row forminator-row-last\"><div class=\"forminator-col\"><div class=\"forminator-field\"><button class=\"forminator-button forminator-button-submit\">Send<\/button><\/div><\/div><\/div><input type=\"hidden\" id=\"forminator_nonce\" name=\"forminator_nonce\" value=\"4ae0049756\" \/><input type=\"hidden\" name=\"_wp_http_referer\" value=\"\/en\/wp-json\/wp\/v2\/pages\/69\" \/><input type=\"hidden\" name=\"form_id\" value=\"68\"><input type=\"hidden\" name=\"page_id\" value=\"69\"><input type=\"hidden\" name=\"form_type\" value=\"default\"><input type=\"hidden\" name=\"current_url\" value=\"https:\/\/lj-collections.com\/en\/vous-voulez-vendre\/\"><input type=\"hidden\" name=\"render_id\" value=\"0\"><input type=\"hidden\" name=\"forminator-multifile-hidden\" class=\"forminator-multifile-hidden\"><input type=\"hidden\" name=\"action\" value=\"forminator_submit_form_custom-forms\"><input type=\"hidden\" name=\"trp-form-language\" value=\"en\"\/><\/form>","protected":false},"excerpt":{"rendered":"Bienvenue sur notre page d\u00e9di\u00e9e \u00e0 la vente de vos objets de collection ! Avant&hellip;","protected":false},"author":1,"featured_media":0,"parent":0,"menu_order":0,"comment_status":"closed","ping_status":"closed","template":"","meta":{"_acf_changed":false,"footnotes":""},"class_list":["post-69","page","type-page","status-publish","hentry"],"acf":[],"yoast_head":"<!-- This site is optimized with the Yoast SEO plugin v27.2 - https:\/\/yoast.com\/product\/yoast-seo-wordpress\/ -->\n<title>Vous voulez vendre ? - LJ Collections<\/title>\n<meta name=\"description\" content=\"Vous souhaitez vendre des monnaies anciennes , billets , actions ou bons au porteur ? contactez nous pour une estimation gratuite .\" \/>\n<meta name=\"robots\" content=\"index, follow, max-snippet:-1, max-image-preview:large, max-video-preview:-1\" \/>\n<link rel=\"canonical\" href=\"https:\/\/lj-collections.com\/en\/vous-voulez-vendre\/\" \/>\n<meta property=\"og:locale\" content=\"en_US\" \/>\n<meta property=\"og:type\" content=\"article\" \/>\n<meta property=\"og:title\" content=\"Vous voulez vendre ? - LJ Collections\" \/>\n<meta property=\"og:description\" content=\"Vous souhaitez vendre des monnaies anciennes , billets , actions ou bons au porteur ? contactez nous pour une estimation gratuite .\" \/>\n<meta property=\"og:url\" content=\"https:\/\/lj-collections.com\/en\/vous-voulez-vendre\/\" \/>\n<meta property=\"og:site_name\" content=\"LJ Collections\" \/>\n<meta property=\"article:modified_time\" content=\"2025-04-13T19:41:54+00:00\" \/>\n<meta name=\"twitter:card\" content=\"summary_large_image\" \/>\n<meta name=\"twitter:label1\" content=\"Est. reading time\" \/>\n\t<meta name=\"twitter:data1\" content=\"1 minute\" \/>\n<script type=\"application\/ld+json\" class=\"yoast-schema-graph\">{\"@context\":\"https:\/\/schema.org\",\"@graph\":[{\"@type\":\"WebPage\",\"@id\":\"https:\/\/lj-collections.com\/vous-voulez-vendre\/\",\"url\":\"https:\/\/lj-collections.com\/vous-voulez-vendre\/\",\"name\":\"Vous voulez vendre ? - LJ Collections\",\"isPartOf\":{\"@id\":\"https:\/\/lj-collections.com\/#website\"},\"datePublished\":\"2023-09-22T12:17:42+00:00\",\"dateModified\":\"2025-04-13T19:41:54+00:00\",\"description\":\"Vous souhaitez vendre des monnaies anciennes , billets , actions ou bons au porteur ? contactez nous pour une estimation gratuite .\",\"breadcrumb\":{\"@id\":\"https:\/\/lj-collections.com\/vous-voulez-vendre\/#breadcrumb\"},\"inLanguage\":\"en-US\",\"potentialAction\":[{\"@type\":\"ReadAction\",\"target\":[\"https:\/\/lj-collections.com\/vous-voulez-vendre\/\"]}]},{\"@type\":\"BreadcrumbList\",\"@id\":\"https:\/\/lj-collections.com\/vous-voulez-vendre\/#breadcrumb\",\"itemListElement\":[{\"@type\":\"ListItem\",\"position\":1,\"name\":\"Accueil\",\"item\":\"https:\/\/lj-collections.com\/\"},{\"@type\":\"ListItem\",\"position\":2,\"name\":\"Vous voulez vendre ?\"}]},{\"@type\":\"WebSite\",\"@id\":\"https:\/\/lj-collections.com\/#website\",\"url\":\"https:\/\/lj-collections.com\/\",\"name\":\"LJ Collections\",\"description\":\"Monnaies, billets et tr\u00e9sors d&#039;hier, disponibles aujourd&#039;hui \u00e0 Valence dans la Dr\u00f4me.\",\"publisher\":{\"@id\":\"https:\/\/lj-collections.com\/#organization\"},\"potentialAction\":[{\"@type\":\"SearchAction\",\"target\":{\"@type\":\"EntryPoint\",\"urlTemplate\":\"https:\/\/lj-collections.com\/?s={search_term_string}\"},\"query-input\":{\"@type\":\"PropertyValueSpecification\",\"valueRequired\":true,\"valueName\":\"search_term_string\"}}],\"inLanguage\":\"en-US\"},{\"@type\":\"Organization\",\"@id\":\"https:\/\/lj-collections.com\/#organization\",\"name\":\"LJcollections\",\"alternateName\":\"LJcollections\",\"url\":\"https:\/\/lj-collections.com\/\",\"logo\":{\"@type\":\"ImageObject\",\"inLanguage\":\"en-US\",\"@id\":\"https:\/\/lj-collections.com\/#\/schema\/logo\/image\/\",\"url\":\"https:\/\/lj-collections.com\/wp-content\/uploads\/2023\/09\/favicon-1.png\",\"contentUrl\":\"https:\/\/lj-collections.com\/wp-content\/uploads\/2023\/09\/favicon-1.png\",\"width\":337,\"height\":267,\"caption\":\"LJcollections\"},\"image\":{\"@id\":\"https:\/\/lj-collections.com\/#\/schema\/logo\/image\/\"}}]}<\/script>\n<!-- \/ Yoast SEO plugin. -->","yoast_head_json":{"title":"Vous voulez vendre ? - LJ Collections","description":"Vous souhaitez vendre des monnaies anciennes , billets , actions ou bons au porteur ? contactez nous pour une estimation gratuite .","robots":{"index":"index","follow":"follow","max-snippet":"max-snippet:-1","max-image-preview":"max-image-preview:large","max-video-preview":"max-video-preview:-1"},"canonical":"https:\/\/lj-collections.com\/en\/vous-voulez-vendre\/","og_locale":"en_US","og_type":"article","og_title":"Vous voulez vendre ? - LJ Collections","og_description":"Vous souhaitez vendre des monnaies anciennes , billets , actions ou bons au porteur ? contactez nous pour une estimation gratuite .","og_url":"https:\/\/lj-collections.com\/en\/vous-voulez-vendre\/","og_site_name":"LJ Collections","article_modified_time":"2025-04-13T19:41:54+00:00","twitter_card":"summary_large_image","twitter_misc":{"Est. reading time":"1 minute"},"schema":{"@context":"https:\/\/schema.org","@graph":[{"@type":"WebPage","@id":"https:\/\/lj-collections.com\/vous-voulez-vendre\/","url":"https:\/\/lj-collections.com\/vous-voulez-vendre\/","name":"Vous voulez vendre ? - LJ Collections","isPartOf":{"@id":"https:\/\/lj-collections.com\/#website"},"datePublished":"2023-09-22T12:17:42+00:00","dateModified":"2025-04-13T19:41:54+00:00","description":"Vous souhaitez vendre des monnaies anciennes , billets , actions ou bons au porteur ? contactez nous pour une estimation gratuite .","breadcrumb":{"@id":"https:\/\/lj-collections.com\/vous-voulez-vendre\/#breadcrumb"},"inLanguage":"en-US","potentialAction":[{"@type":"ReadAction","target":["https:\/\/lj-collections.com\/vous-voulez-vendre\/"]}]},{"@type":"BreadcrumbList","@id":"https:\/\/lj-collections.com\/vous-voulez-vendre\/#breadcrumb","itemListElement":[{"@type":"ListItem","position":1,"name":"Accueil","item":"https:\/\/lj-collections.com\/"},{"@type":"ListItem","position":2,"name":"Vous voulez vendre ?"}]},{"@type":"WebSite","@id":"https:\/\/lj-collections.com\/#website","url":"https:\/\/lj-collections.com\/","name":"LJ Collections","description":"Monnaies, billets et tr\u00e9sors d&#039;hier, disponibles aujourd&#039;hui \u00e0 Valence dans la Dr\u00f4me.","publisher":{"@id":"https:\/\/lj-collections.com\/#organization"},"potentialAction":[{"@type":"SearchAction","target":{"@type":"EntryPoint","urlTemplate":"https:\/\/lj-collections.com\/?s={search_term_string}"},"query-input":{"@type":"PropertyValueSpecification","valueRequired":true,"valueName":"search_term_string"}}],"inLanguage":"en-US"},{"@type":"Organization","@id":"https:\/\/lj-collections.com\/#organization","name":"LJcollections","alternateName":"LJcollections","url":"https:\/\/lj-collections.com\/","logo":{"@type":"ImageObject","inLanguage":"en-US","@id":"https:\/\/lj-collections.com\/#\/schema\/logo\/image\/","url":"https:\/\/lj-collections.com\/wp-content\/uploads\/2023\/09\/favicon-1.png","contentUrl":"https:\/\/lj-collections.com\/wp-content\/uploads\/2023\/09\/favicon-1.png","width":337,"height":267,"caption":"LJcollections"},"image":{"@id":"https:\/\/lj-collections.com\/#\/schema\/logo\/image\/"}}]}},"_links":{"self":[{"href":"https:\/\/lj-collections.com\/en\/wp-json\/wp\/v2\/pages\/69","targetHints":{"allow":["GET"]}}],"collection":[{"href":"https:\/\/lj-collections.com\/en\/wp-json\/wp\/v2\/pages"}],"about":[{"href":"https:\/\/lj-collections.com\/en\/wp-json\/wp\/v2\/types\/page"}],"author":[{"embeddable":true,"href":"https:\/\/lj-collections.com\/en\/wp-json\/wp\/v2\/users\/1"}],"replies":[{"embeddable":true,"href":"https:\/\/lj-collections.com\/en\/wp-json\/wp\/v2\/comments?post=69"}],"version-history":[{"count":3,"href":"https:\/\/lj-collections.com\/en\/wp-json\/wp\/v2\/pages\/69\/revisions"}],"predecessor-version":[{"id":2366,"href":"https:\/\/lj-collections.com\/en\/wp-json\/wp\/v2\/pages\/69\/revisions\/2366"}],"wp:attachment":[{"href":"https:\/\/lj-collections.com\/en\/wp-json\/wp\/v2\/media?parent=69"}],"curies":[{"name":"wp","href":"https:\/\/api.w.org\/{rel}","templated":true}]}}