{"id":10,"date":"2023-09-22T14:35:59","date_gmt":"2023-09-22T14:35:59","guid":{"rendered":"https:\/\/lj-collections.com\/?page_id=10"},"modified":"2023-09-22T21:28:07","modified_gmt":"2023-09-22T21:28:07","slug":"refund_returns","status":"publish","type":"page","link":"https:\/\/lj-collections.com\/en\/refund_returns\/","title":{"rendered":"Conditions G\u00e9n\u00e9rales de Vente"},"content":{"rendered":"<p class=\"has-large-font-size\"><strong>Conditions G\u00e9n\u00e9rales de Vente<\/strong><\/p>\n\n\n\n<p><strong>1. Identit\u00e9 du Vendeur<\/strong><br>LJ COLLECTIONS (SAS)<br>17 rue de Verdun<br>26500 Bourg-les-Valence<br>Soci\u00e9t\u00e9 par actions simplifi\u00e9e au capital de 200 \u20ac<br>RCS Romans : 979374147<br>Num\u00e9ro de TVA : FR19979374147<\/p>\n\n\n\n<p><strong>2. Modalit\u00e9s de Paiement<\/strong><br>Nous acceptons les paiements par carte de cr\u00e9dit et virement bancaire. Les d\u00e9tails de paiement seront fournis lors de la finalisation de la commande.<\/p>\n\n\n\n<p><strong>3. Livraison<\/strong><br>Les articles sont exp\u00e9di\u00e9s par lettre suivie ou en valeur d\u00e9clar\u00e9e. Les d\u00e9lais de livraison en France sont estim\u00e9s entre 2 et 3 jours ouvr\u00e9s, tandis que pour le reste du monde, il faut compter de 7 \u00e0 10 jours ouvr\u00e9s.<\/p>\n\n\n\n<p><strong>4. Droit de R\u00e9tractation<\/strong><br>Nos clients b\u00e9n\u00e9ficient d&rsquo;un droit de r\u00e9tractation de 14 jours \u00e0 compter de la r\u00e9ception de leur commande. Pour exercer ce droit, les articles doivent \u00eatre retourn\u00e9s dans leur emballage d&rsquo;origine et dans le m\u00eame \u00e9tat qu&rsquo;\u00e0 l&rsquo;achat. Les frais de retour sont \u00e0 la charge de l&rsquo;acheteur.<\/p>\n\n\n\n<p><strong>5. Garantie d&rsquo;Authenticit\u00e9<\/strong><br>Tous les produits vendus par LJ COLLECTIONS sont garantis authentiques. Nous n&rsquo;offrons que des articles authentiques, et toutes les copies ou reproductions sont clairement d\u00e9sign\u00e9es comme telles.<\/p>\n\n\n\n<p><strong>6. Mentions L\u00e9gales<\/strong><br>Pour des informations compl\u00e9mentaires sur notre entreprise, veuillez vous r\u00e9f\u00e9rer \u00e0 nos mentions l\u00e9gales disponibles sur notre site web.<\/p>\n\n\n\n<p>Ces conditions g\u00e9n\u00e9rales de vente sont susceptibles d&rsquo;\u00eatre mises \u00e0 jour. Nous vous encourageons \u00e0 les consulter r\u00e9guli\u00e8rement.<\/p>","protected":false},"excerpt":{"rendered":"Conditions G\u00e9n\u00e9rales de Vente 1. Identit\u00e9 du VendeurLJ COLLECTIONS (SAS)17 rue de Verdun26500 Bourg-les-ValenceSoci\u00e9t\u00e9 par&hellip;","protected":false},"author":1,"featured_media":0,"parent":0,"menu_order":0,"comment_status":"closed","ping_status":"closed","template":"","meta":{"_acf_changed":false,"footnotes":""},"class_list":["post-10","page","type-page","status-publish","hentry"],"acf":[],"yoast_head":"<!-- This site is optimized with the Yoast SEO plugin v27.2 - https:\/\/yoast.com\/product\/yoast-seo-wordpress\/ -->\n<title>Conditions G\u00e9n\u00e9rales de Vente - LJ Collections<\/title>\n<meta name=\"robots\" content=\"index, follow, max-snippet:-1, max-image-preview:large, max-video-preview:-1\" \/>\n<link rel=\"canonical\" href=\"https:\/\/lj-collections.com\/en\/refund_returns\/\" \/>\n<meta property=\"og:locale\" content=\"en_US\" \/>\n<meta property=\"og:type\" content=\"article\" \/>\n<meta property=\"og:title\" content=\"Conditions G\u00e9n\u00e9rales de Vente - LJ Collections\" \/>\n<meta property=\"og:description\" content=\"Conditions G\u00e9n\u00e9rales de Vente 1. Identit\u00e9 du VendeurLJ COLLECTIONS (SAS)17 rue de Verdun26500 Bourg-les-ValenceSoci\u00e9t\u00e9 par actions simplifi\u00e9e au capital de 200 \u20acRCS Romans : 979374147Num\u00e9ro de TVA : FR19979374147 2. Modalit\u00e9s de PaiementNous acceptons les paiements par carte de cr\u00e9dit et virement bancaire. Les d\u00e9tails de paiement seront fournis lors de la finalisation de la [&hellip;]\" \/>\n<meta property=\"og:url\" content=\"https:\/\/lj-collections.com\/en\/refund_returns\/\" \/>\n<meta property=\"og:site_name\" content=\"LJ Collections\" \/>\n<meta property=\"article:modified_time\" content=\"2023-09-22T21:28:07+00:00\" \/>\n<meta name=\"twitter:card\" content=\"summary_large_image\" \/>\n<meta name=\"twitter:label1\" content=\"Est. reading time\" \/>\n\t<meta name=\"twitter:data1\" content=\"1 minute\" \/>\n<script type=\"application\/ld+json\" class=\"yoast-schema-graph\">{\"@context\":\"https:\/\/schema.org\",\"@graph\":[{\"@type\":\"WebPage\",\"@id\":\"https:\/\/lj-collections.com\/refund_returns\/\",\"url\":\"https:\/\/lj-collections.com\/refund_returns\/\",\"name\":\"Conditions G\u00e9n\u00e9rales de Vente - LJ Collections\",\"isPartOf\":{\"@id\":\"https:\/\/lj-collections.com\/#website\"},\"datePublished\":\"2023-09-22T14:35:59+00:00\",\"dateModified\":\"2023-09-22T21:28:07+00:00\",\"breadcrumb\":{\"@id\":\"https:\/\/lj-collections.com\/refund_returns\/#breadcrumb\"},\"inLanguage\":\"en-US\",\"potentialAction\":[{\"@type\":\"ReadAction\",\"target\":[\"https:\/\/lj-collections.com\/refund_returns\/\"]}]},{\"@type\":\"BreadcrumbList\",\"@id\":\"https:\/\/lj-collections.com\/refund_returns\/#breadcrumb\",\"itemListElement\":[{\"@type\":\"ListItem\",\"position\":1,\"name\":\"Accueil\",\"item\":\"https:\/\/lj-collections.com\/\"},{\"@type\":\"ListItem\",\"position\":2,\"name\":\"Conditions G\u00e9n\u00e9rales de Vente\"}]},{\"@type\":\"WebSite\",\"@id\":\"https:\/\/lj-collections.com\/#website\",\"url\":\"https:\/\/lj-collections.com\/\",\"name\":\"LJ Collections\",\"description\":\"Monnaies, billets et tr\u00e9sors d&#039;hier, disponibles aujourd&#039;hui \u00e0 Valence dans la Dr\u00f4me.\",\"publisher\":{\"@id\":\"https:\/\/lj-collections.com\/#organization\"},\"potentialAction\":[{\"@type\":\"SearchAction\",\"target\":{\"@type\":\"EntryPoint\",\"urlTemplate\":\"https:\/\/lj-collections.com\/?s={search_term_string}\"},\"query-input\":{\"@type\":\"PropertyValueSpecification\",\"valueRequired\":true,\"valueName\":\"search_term_string\"}}],\"inLanguage\":\"en-US\"},{\"@type\":\"Organization\",\"@id\":\"https:\/\/lj-collections.com\/#organization\",\"name\":\"LJcollections\",\"alternateName\":\"LJcollections\",\"url\":\"https:\/\/lj-collections.com\/\",\"logo\":{\"@type\":\"ImageObject\",\"inLanguage\":\"en-US\",\"@id\":\"https:\/\/lj-collections.com\/#\/schema\/logo\/image\/\",\"url\":\"https:\/\/lj-collections.com\/wp-content\/uploads\/2023\/09\/favicon-1.png\",\"contentUrl\":\"https:\/\/lj-collections.com\/wp-content\/uploads\/2023\/09\/favicon-1.png\",\"width\":337,\"height\":267,\"caption\":\"LJcollections\"},\"image\":{\"@id\":\"https:\/\/lj-collections.com\/#\/schema\/logo\/image\/\"}}]}<\/script>\n<!-- \/ Yoast SEO plugin. -->","yoast_head_json":{"title":"Conditions G\u00e9n\u00e9rales de Vente - LJ Collections","robots":{"index":"index","follow":"follow","max-snippet":"max-snippet:-1","max-image-preview":"max-image-preview:large","max-video-preview":"max-video-preview:-1"},"canonical":"https:\/\/lj-collections.com\/en\/refund_returns\/","og_locale":"en_US","og_type":"article","og_title":"Conditions G\u00e9n\u00e9rales de Vente - LJ Collections","og_description":"Conditions G\u00e9n\u00e9rales de Vente 1. Identit\u00e9 du VendeurLJ COLLECTIONS (SAS)17 rue de Verdun26500 Bourg-les-ValenceSoci\u00e9t\u00e9 par actions simplifi\u00e9e au capital de 200 \u20acRCS Romans : 979374147Num\u00e9ro de TVA : FR19979374147 2. Modalit\u00e9s de PaiementNous acceptons les paiements par carte de cr\u00e9dit et virement bancaire. Les d\u00e9tails de paiement seront fournis lors de la finalisation de la [&hellip;]","og_url":"https:\/\/lj-collections.com\/en\/refund_returns\/","og_site_name":"LJ Collections","article_modified_time":"2023-09-22T21:28:07+00:00","twitter_card":"summary_large_image","twitter_misc":{"Est. reading time":"1 minute"},"schema":{"@context":"https:\/\/schema.org","@graph":[{"@type":"WebPage","@id":"https:\/\/lj-collections.com\/refund_returns\/","url":"https:\/\/lj-collections.com\/refund_returns\/","name":"Conditions G\u00e9n\u00e9rales de Vente - LJ Collections","isPartOf":{"@id":"https:\/\/lj-collections.com\/#website"},"datePublished":"2023-09-22T14:35:59+00:00","dateModified":"2023-09-22T21:28:07+00:00","breadcrumb":{"@id":"https:\/\/lj-collections.com\/refund_returns\/#breadcrumb"},"inLanguage":"en-US","potentialAction":[{"@type":"ReadAction","target":["https:\/\/lj-collections.com\/refund_returns\/"]}]},{"@type":"BreadcrumbList","@id":"https:\/\/lj-collections.com\/refund_returns\/#breadcrumb","itemListElement":[{"@type":"ListItem","position":1,"name":"Accueil","item":"https:\/\/lj-collections.com\/"},{"@type":"ListItem","position":2,"name":"Conditions G\u00e9n\u00e9rales de Vente"}]},{"@type":"WebSite","@id":"https:\/\/lj-collections.com\/#website","url":"https:\/\/lj-collections.com\/","name":"LJ Collections","description":"Monnaies, billets et tr\u00e9sors d&#039;hier, disponibles aujourd&#039;hui \u00e0 Valence dans la Dr\u00f4me.","publisher":{"@id":"https:\/\/lj-collections.com\/#organization"},"potentialAction":[{"@type":"SearchAction","target":{"@type":"EntryPoint","urlTemplate":"https:\/\/lj-collections.com\/?s={search_term_string}"},"query-input":{"@type":"PropertyValueSpecification","valueRequired":true,"valueName":"search_term_string"}}],"inLanguage":"en-US"},{"@type":"Organization","@id":"https:\/\/lj-collections.com\/#organization","name":"LJcollections","alternateName":"LJcollections","url":"https:\/\/lj-collections.com\/","logo":{"@type":"ImageObject","inLanguage":"en-US","@id":"https:\/\/lj-collections.com\/#\/schema\/logo\/image\/","url":"https:\/\/lj-collections.com\/wp-content\/uploads\/2023\/09\/favicon-1.png","contentUrl":"https:\/\/lj-collections.com\/wp-content\/uploads\/2023\/09\/favicon-1.png","width":337,"height":267,"caption":"LJcollections"},"image":{"@id":"https:\/\/lj-collections.com\/#\/schema\/logo\/image\/"}}]}},"_links":{"self":[{"href":"https:\/\/lj-collections.com\/en\/wp-json\/wp\/v2\/pages\/10","targetHints":{"allow":["GET"]}}],"collection":[{"href":"https:\/\/lj-collections.com\/en\/wp-json\/wp\/v2\/pages"}],"about":[{"href":"https:\/\/lj-collections.com\/en\/wp-json\/wp\/v2\/types\/page"}],"author":[{"embeddable":true,"href":"https:\/\/lj-collections.com\/en\/wp-json\/wp\/v2\/users\/1"}],"replies":[{"embeddable":true,"href":"https:\/\/lj-collections.com\/en\/wp-json\/wp\/v2\/comments?post=10"}],"version-history":[{"count":3,"href":"https:\/\/lj-collections.com\/en\/wp-json\/wp\/v2\/pages\/10\/revisions"}],"predecessor-version":[{"id":76,"href":"https:\/\/lj-collections.com\/en\/wp-json\/wp\/v2\/pages\/10\/revisions\/76"}],"wp:attachment":[{"href":"https:\/\/lj-collections.com\/en\/wp-json\/wp\/v2\/media?parent=10"}],"curies":[{"name":"wp","href":"https:\/\/api.w.org\/{rel}","templated":true}]}}